{"id":139995,"date":"2024-10-04T09:31:35","date_gmt":"2024-10-04T07:31:35","guid":{"rendered":"https:\/\/up.lublin.pl\/digital\/?page_id=139995"},"modified":"2024-10-08T13:15:12","modified_gmt":"2024-10-08T11:15:12","slug":"icsa-2024-pp-21","status":"publish","type":"page","link":"https:\/\/up.lublin.pl\/digital\/conferences\/icsa2024\/icsa-2024-pp-21\/","title":{"rendered":"ICSA 2024, PP.21"},"content":{"rendered":"\t\t<div data-elementor-type=\"wp-page\" data-elementor-id=\"139995\" class=\"elementor elementor-139995\" data-elementor-settings=\"[]\">\n\t\t\t\t\t\t\t<div class=\"elementor-section-wrap\">\n\t\t\t\t\t\t\t<section class=\"elementor-section elementor-top-section elementor-element elementor-element-114e1097 elementor-section-boxed elementor-section-height-default elementor-section-height-default\" data-id=\"114e1097\" data-element_type=\"section\">\n\t\t\t\t\t\t<div class=\"elementor-container elementor-column-gap-default\">\n\t\t\t\t\t<div class=\"elementor-column elementor-col-100 elementor-top-column elementor-element elementor-element-24bf32c0\" data-id=\"24bf32c0\" data-element_type=\"column\">\n\t\t\t<div class=\"elementor-widget-wrap elementor-element-populated\">\n\t\t\t\t\t\t\t\t<div class=\"elementor-element elementor-element-3d173e60 elementor-widget elementor-widget-m2j\" data-id=\"3d173e60\" data-element_type=\"widget\" data-widget_type=\"m2j.default\">\n\t\t\t\t<div class=\"elementor-widget-container\">\n\t\t\t<section class=\"mn-m2-h\">\n    <div class=\"mn-image-container mn-container\">\n                    <img src=\"https:\/\/up.lublin.pl\/digital\/wp-content\/uploads\/sites\/10\/2024\/09\/icsa-banner_web.jpg\" alt=\"\">\n                        <\/div>\n    <div class=\"mn-grid mn-content\">\n            <\/div>\n<\/section>\n\t\t<\/div>\n\t\t\t\t<\/div>\n\t\t\t\t\t<\/div>\n\t\t<\/div>\n\t\t\t\t\t\t\t<\/div>\n\t\t<\/section>\n\t\t\t\t<section class=\"elementor-section elementor-top-section elementor-element elementor-element-4487ad12 elementor-section-boxed elementor-section-height-default elementor-section-height-default\" data-id=\"4487ad12\" data-element_type=\"section\">\n\t\t\t\t\t\t<div class=\"elementor-container elementor-column-gap-default\">\n\t\t\t\t\t<div class=\"elementor-column elementor-col-100 elementor-top-column elementor-element elementor-element-5e5980b8\" data-id=\"5e5980b8\" data-element_type=\"column\">\n\t\t\t<div class=\"elementor-widget-wrap elementor-element-populated\">\n\t\t\t\t\t\t\t\t<div class=\"elementor-element elementor-element-1af31eb9 elementor-widget elementor-widget-m5c\" data-id=\"1af31eb9\" data-element_type=\"widget\" data-widget_type=\"m5c.default\">\n\t\t\t\t<div class=\"elementor-widget-container\">\n\t\t\t<section class=\"mn-m5-c mn-m5-d2 mn-bg-white\">\n\t<div class=\"mn-grid\">\n\t\t\t\t<div class=\"mn-content mn-grid-9\">\n\t\t\t                <div class=\"mn-content-block active\">\n\t                                                        <div class=\"block-text\">\n\t                                        <h2><span style=\"color: #333333\"><strong><span style=\"font-size: 14pt\">1st International Conference of Soil and Agriculture:<\/span><br \/><\/strong><span style=\"font-size: 18pt\">TOWARDS SOIL SUSTAINABILITY<\/span><strong><br \/><span style=\"font-size: 10pt\">11\u201313 June 2024 \u2022 Lublin\u2013Na\u0142\u0119cz\u00f3w, Poland<\/span><\/strong><\/span><\/h2>\n<hr \/>\n<p><a href=\"https:\/\/doi.org\/10.24326\/ICSA1.PP.21\"><span style=\"font-size: 10pt\">https:\/\/doi.org\/10.24326\/ICSA1.PP.21<\/span><\/a><br \/><span style=\"font-size: 10pt\">Published online: 4 October 2024<\/span><\/p>\n<h2><span style=\"color: #333333\"><strong><span style=\"font-size: 12pt\"><span style=\"font-size: 18pt\">Organic soils and other soils rich in organic matter <br \/>in the Masurian Lakes Biosphere Reserve (NE Poland)<\/span><br \/><\/span><\/strong><span style=\"font-size: 12pt;color: #000000\">Andrzej \u0141achacz*, Magdalena Doma\u0144ska, Barbara Kalisz, Pawe\u0142 Sowi\u0144ski<\/span><\/span><\/h2>\n<p><span style=\"font-size: 10pt\">Department of Soil Science and Microbiology, University of Warmia and Mazury in Olsztyn, Plac \u0141\u00f3dzki 3, <br \/>10\u2013727 Olsztyn, Poland<br \/><\/span><span style=\"font-size: 8pt\">* Corresponding author: andrzej.lachacz@uwm.edu.pl\u00a0<\/span><\/p>\n<p><strong>Abstract<br \/><\/strong>The Masurian Lake Biosphere Reserve was created in 2017 by way of renomination of the previous Lake \u0141uknajno Biosphere Reserve, existing since 1977. After enlargement, the reserve covers 58 693.71 ha, including 6 786.90 ha of the core area. Currently, beside Lake \u0141uknajno, it covers a&nbsp;significant part of the Masurian Landscape Park. The study covers immediate surroundings of \u0141uknajno lake. The soil cover here has been largely affected by the water regime, i.e. ground water level. Eleven soil profiles were described, and the following analyses were carried out in the collected samples: soil texture (in mineral soil materials), CaCO<sub>3<\/sub> content, soil reaction, organic carbon and total nitrogen content, specific and bulk density, and organic carbon stock. According to the Polish Soil Classification (2019), 6 soil profiles were classified within the order of organic soils (4 soil profiles as peat soils, one as murshic soil and one as gyttja soil). Soils occurring farther from the contemporary border of the \u0141uknajno lake were classified as: mineral-peaty gleysol, gleyic chernozemic colluvial soil, humic regosol, typical semimurshic soil and typical postmurshic soil. According to the WRB classification (2022), 5 profiles were classified as Histosols (Drainic Sapric Histosols, Murshic Fibric Histosols, Murshic Sapric Histosols, Rheic Histosols) and 6 soil profiles (adjacent to organic soils) as: Calcaric Regosols, Eutric Solinovic Arenosols, Eutric Gleysols, Eutric Arenosols, and Haplic Umbrisols. The properties of soils were related to the high content of calcium carbonate which had been leached from the catchment area and accumulated in the basin of Lake \u0141uknajno in the form of thick layers of calcareous gyttja. Currently, the basin of the lake is almost completely filled with gyttja, and on the surface the chara meadows have developed. For the soils studied, high organic carbon stock was characteristic, and ranged from 74.4 to 111.9 kg C<sub>org<\/sub> per m<sup>2<\/sup> for the depth of up to 150 cm in organic soils. The soils adjacent to organic ones in the landscape also had significant organic carbon stock (17.4\u201332.1 kg\/m<sup>2<\/sup>) which was associated with semihydrogenic water conditions.<\/p>\n<p><strong>Keywords:\u00a0<\/strong>peat soils, gyttja soils, soil classification, organic carbon stock, \u0141uknajno lake<\/p>\n<p><span style=\"font-size: 10pt\"><strong>How to cite<br \/><\/strong><\/span><span style=\"font-size: 10pt\">\u0141achacz A., Doma\u0144ska M., Kalisz B., Sowi\u0144ski P., 2024. Organic soils and other soils rich in organic matter in the Masurian Lakes Biosphere Reserve (NE Poland). <\/span><span style=\"font-size: 10pt\">1st International Conference of Soil and Agriculture: Towards Soil Sustainability. https:\/\/doi.org\/10.24326\/ICSA1.PP.21<\/span><\/p>\n                                        <\/div>\n\t\t\t\t\t\t                                <\/div>\n\t\t\t\t                <div class=\"mn-content-block\">\n\t                                <\/div>\n\t\t\t\t                <div class=\"mn-content-block\">\n\t                                <\/div>\n\t\t\t\t                <div class=\"mn-content-block\">\n\t                                <\/div>\n\t\t\t\t                <div class=\"mn-content-block\">\n\t                                <\/div>\n\t\t\t\t                <div class=\"mn-content-block\">\n\t                                <\/div>\n\t\t\t\t                <div class=\"mn-content-block\">\n\t                                <\/div>\n\t\t\t\t                <div class=\"mn-content-block\">\n\t                                <\/div>\n\t\t\t\t                <div class=\"mn-content-block\">\n\t                                <\/div>\n\t\t\t\t                <div class=\"mn-content-block\">\n\t                                <\/div>\n\t\t\t\t                <div class=\"mn-content-block\">\n\t                                <\/div>\n\t\t\t\t                <div class=\"mn-content-block\">\n\t                                <\/div>\n\t\t\t\t                <div class=\"mn-content-block\">\n\t                                <\/div>\n\t\t\t\t                <div class=\"mn-content-block\">\n\t                                <\/div>\n\t\t\t\t                <div class=\"mn-content-block\">\n\t                                <\/div>\n\t\t\t\t                <div class=\"mn-content-block\">\n\t                                <\/div>\n\t\t\t\t                <div class=\"mn-content-block\">\n\t                                <\/div>\n\t\t\t\t                <div class=\"mn-content-block\">\n\t                                <\/div>\n\t\t\t\t                <div class=\"mn-content-block\">\n\t                                <\/div>\n\t\t\t\t                <div class=\"mn-content-block\">\n\t                                <\/div>\n\t\t\t\t\t\t<\/div>\n\t<\/div>\n<\/section>\n\t\t<\/div>\n\t\t\t\t<\/div>\n\t\t\t\t\t<\/div>\n\t\t<\/div>\n\t\t\t\t\t\t\t<\/div>\n\t\t<\/section>\n\t\t\t\t\t\t<\/div>\n\t\t\t\t\t<\/div>\n\t\t","protected":false},"excerpt":{"rendered":"<p>1st International Conference of Soil and Agriculture:TOWARDS SOIL SUSTAINABILITY11\u201313 June 2024 \u2022 Lublin\u2013Na\u0142\u0119cz\u00f3w, Poland https:\/\/doi.org\/10.24326\/ICSA1.PP.21Published online: 4 October 2024 Organic soils and other soils rich in organic matter in the Masurian Lakes Biosphere Reserve (NE Poland)Andrzej \u0141achacz*, Magdalena Doma\u0144ska, Barbara Kalisz, Pawe\u0142 Sowi\u0144ski Department of Soil Science and Microbiology, University of Warmia and Mazury in [&hellip;]<\/p>\n","protected":false},"author":196,"featured_media":0,"parent":139572,"menu_order":0,"comment_status":"closed","ping_status":"closed","template":"elementor_header_footer","meta":{"_monsterinsights_skip_tracking":false,"_monsterinsights_sitenote_active":false,"_monsterinsights_sitenote_note":"","_monsterinsights_sitenote_category":0},"_links":{"self":[{"href":"https:\/\/up.lublin.pl\/digital\/wp-json\/wp\/v2\/pages\/139995"}],"collection":[{"href":"https:\/\/up.lublin.pl\/digital\/wp-json\/wp\/v2\/pages"}],"about":[{"href":"https:\/\/up.lublin.pl\/digital\/wp-json\/wp\/v2\/types\/page"}],"author":[{"embeddable":true,"href":"https:\/\/up.lublin.pl\/digital\/wp-json\/wp\/v2\/users\/196"}],"replies":[{"embeddable":true,"href":"https:\/\/up.lublin.pl\/digital\/wp-json\/wp\/v2\/comments?post=139995"}],"version-history":[{"count":13,"href":"https:\/\/up.lublin.pl\/digital\/wp-json\/wp\/v2\/pages\/139995\/revisions"}],"predecessor-version":[{"id":140671,"href":"https:\/\/up.lublin.pl\/digital\/wp-json\/wp\/v2\/pages\/139995\/revisions\/140671"}],"up":[{"embeddable":true,"href":"https:\/\/up.lublin.pl\/digital\/wp-json\/wp\/v2\/pages\/139572"}],"wp:attachment":[{"href":"https:\/\/up.lublin.pl\/digital\/wp-json\/wp\/v2\/media?parent=139995"}],"curies":[{"name":"wp","href":"https:\/\/api.w.org\/{rel}","templated":true}]}}