{"id":139978,"date":"2024-10-04T09:27:42","date_gmt":"2024-10-04T07:27:42","guid":{"rendered":"https:\/\/up.lublin.pl\/digital\/?page_id=139978"},"modified":"2024-10-08T13:13:21","modified_gmt":"2024-10-08T11:13:21","slug":"icsa-2024-pp-20","status":"publish","type":"page","link":"https:\/\/up.lublin.pl\/digital\/conferences\/icsa2024\/icsa-2024-pp-20\/","title":{"rendered":"ICSA 2024, PP.20"},"content":{"rendered":"\t\t<div data-elementor-type=\"wp-page\" data-elementor-id=\"139978\" class=\"elementor elementor-139978\" data-elementor-settings=\"[]\">\n\t\t\t\t\t\t\t<div class=\"elementor-section-wrap\">\n\t\t\t\t\t\t\t<section class=\"elementor-section elementor-top-section elementor-element elementor-element-4a603034 elementor-section-boxed elementor-section-height-default elementor-section-height-default\" data-id=\"4a603034\" data-element_type=\"section\">\n\t\t\t\t\t\t<div class=\"elementor-container elementor-column-gap-default\">\n\t\t\t\t\t<div class=\"elementor-column elementor-col-100 elementor-top-column elementor-element elementor-element-1595b344\" data-id=\"1595b344\" data-element_type=\"column\">\n\t\t\t<div class=\"elementor-widget-wrap elementor-element-populated\">\n\t\t\t\t\t\t\t\t<div class=\"elementor-element elementor-element-64d15960 elementor-widget elementor-widget-m2j\" data-id=\"64d15960\" data-element_type=\"widget\" data-widget_type=\"m2j.default\">\n\t\t\t\t<div class=\"elementor-widget-container\">\n\t\t\t<section class=\"mn-m2-h\">\n    <div class=\"mn-image-container mn-container\">\n                    <img src=\"https:\/\/up.lublin.pl\/digital\/wp-content\/uploads\/sites\/10\/2024\/09\/icsa-banner_web.jpg\" alt=\"\">\n                        <\/div>\n    <div class=\"mn-grid mn-content\">\n            <\/div>\n<\/section>\n\t\t<\/div>\n\t\t\t\t<\/div>\n\t\t\t\t\t<\/div>\n\t\t<\/div>\n\t\t\t\t\t\t\t<\/div>\n\t\t<\/section>\n\t\t\t\t<section class=\"elementor-section elementor-top-section elementor-element elementor-element-1a07cffd elementor-section-boxed elementor-section-height-default elementor-section-height-default\" data-id=\"1a07cffd\" data-element_type=\"section\">\n\t\t\t\t\t\t<div class=\"elementor-container elementor-column-gap-default\">\n\t\t\t\t\t<div class=\"elementor-column elementor-col-100 elementor-top-column elementor-element elementor-element-217cfc48\" data-id=\"217cfc48\" data-element_type=\"column\">\n\t\t\t<div class=\"elementor-widget-wrap elementor-element-populated\">\n\t\t\t\t\t\t\t\t<div class=\"elementor-element elementor-element-4ddfd2ff elementor-widget elementor-widget-m5c\" data-id=\"4ddfd2ff\" data-element_type=\"widget\" data-widget_type=\"m5c.default\">\n\t\t\t\t<div class=\"elementor-widget-container\">\n\t\t\t<section class=\"mn-m5-c mn-m5-d2 mn-bg-white\">\n\t<div class=\"mn-grid\">\n\t\t\t\t<div class=\"mn-content mn-grid-9\">\n\t\t\t                <div class=\"mn-content-block active\">\n\t                                                        <div class=\"block-text\">\n\t                                        <h2><span style=\"color: #333333\"><strong><span style=\"font-size: 14pt\">1st International Conference of Soil and Agriculture:<\/span><br \/><\/strong><span style=\"font-size: 18pt\">TOWARDS SOIL SUSTAINABILITY<\/span><strong><br \/><span style=\"font-size: 10pt\">11\u201313 June 2024 \u2022 Lublin\u2013Na\u0142\u0119cz\u00f3w, Poland<\/span><\/strong><\/span><\/h2>\n<hr \/>\n<p><a href=\"https:\/\/doi.org\/10.24326\/ICSA1.PP.20\"><span style=\"font-size: 10pt\">https:\/\/doi.org\/10.24326\/ICSA1.PP.20<\/span><\/a><br \/><span style=\"font-size: 10pt\">Published online: 4 October 2024<\/span><\/p>\n<h2><span style=\"color: #333333\"><span style=\"font-size: 12pt\"><strong><span style=\"font-size: 18pt\">Organic carbon in Mollisols of the world \u2013 a&nbsp;review<\/span><br \/><\/strong><span style=\"color: #000000\">Beata \u0141abaz<sup>1<\/sup>*, Alfred E. Hartemink<sup>2<\/sup>, Yakun Zhang<sup>2<\/sup>, Annalisa Stevenson<sup>2<\/sup>, Cezary Kaba\u0142a<sup>1<\/sup><\/span><\/span><\/span><\/h2>\n<p><span style=\"font-size: 10pt\"><sup>1<\/sup> Institute of Soil Science, Plant Nutrition and Environmental Protection, Wroclaw University of Environmental and Life Sciences, Grunwaldzka 53, 55-093 Wroc\u0142aw, Poland<\/span><br \/><span style=\"font-size: 10pt\"><sup>2<\/sup> FD Hole Soils Lab, Department of Soil Science, University of Wisconsin-Madison, 1525 Observatory Drive, Madison, WI 53706, USA<br \/><\/span><span style=\"font-size: 8pt\">* Corresponding author: beata.labaz@upwr.edu.pl<\/span><\/p>\n<p><strong>Abstract<\/strong><br \/>Mollisols are considered one of the most fertile soils in the world. The high yields of cereals, root crops and vegetables have caused them to be a&nbsp;so-called symbol of soil fertility or the granary of the world. This SOC-rich and fertile soils are currently threatened with severe degradation or even complete disappearance in many countries worldwide. This study reviews scientific literature that included SOC data in Mollisols. The three objectives were to review: (i) the diversity of Mollisols in terms of A&nbsp;horizon thickness, soil pH, clay content, SOC concentrations and SOC pools; (ii) the influence of climatic factors (soil temperature and moisture regimes), land use (cropland, grassland, forest) and soil texture on the SOC concentration and SOC pools; and (iii) to determine key environmental factors that are responsible for SOC storage in Mollisols. The mean thickness of the humus A&nbsp;horizon in Mollisols worldwide is 50 cm, the mean SOC concentration in the 0\u201330 cm soil layer is 2.3% and 1.9% in the 0\u201350 cm layer. SOC pool is 84 and 132 t\/ha for the 0\u201330 and 0\u201350 cm layer, respectively, and the mean clay fraction is 21% in the 0\u201350 cm soil layer. Mollisols in Poland have the same mean A&nbsp;horizon thickness as the global mean thickness, 50 cm, but are distinguished by a&nbsp;lower SOC concentration: 1.8% and 1.5% in the 0\u201330 and 0\u201350 cm horizons respectively, the lower than global mean SOC pool of 74 and 106 t\/ha in the 0\u201330 and 0\u201350 cm horizons, and the lower mean clay fraction content, 17%. Globally, the highest SOC concentrations and resources are found in the Mollisols of Eastern Europe (including Ukraine and the European part of Russia) and Asia, while the lowest SOC pools are recorded in South American soils. Mollisols in Western and Central Europe and North America are similar in terms of SOC resources. Soil moisture and temperature regimes determine SOC accumulation in Mollisols. The highest SOC accumulation occurs in areas with an aquic moisture regime, as well as with an aridic moisture regime and a&nbsp;simultaneous frigid temperature regime. Important environmental factors that influence SOC accumulation in Mollisols are soil texture and soil temperature regimes and A&nbsp;horizon thickness.<\/p>\n<p><strong>Keywords:\u00a0<\/strong>Mollisols, SOC concentrations, SOC pools, A&nbsp;horizon thickness, distribution of Mollisols<\/p>\n<p><span style=\"font-size: 10pt\"><strong>How to cite<br \/><\/strong>\u0141abaz B., Hartemink A.E., Zhang Y., Stevenson A., Kaba\u0142a C., 2024. Organic carbon in Mollisols of the world \u2013 a&nbsp;review. 1st International Conference of Soil and Agriculture: Towards Soil Sustainability. https:\/\/doi.org\/10.24326\/ICSA1.PP.20<\/span><\/p>\n                                        <\/div>\n\t\t\t\t\t\t                                <\/div>\n\t\t\t\t                <div class=\"mn-content-block\">\n\t                                <\/div>\n\t\t\t\t                <div class=\"mn-content-block\">\n\t                                <\/div>\n\t\t\t\t                <div class=\"mn-content-block\">\n\t                                <\/div>\n\t\t\t\t                <div class=\"mn-content-block\">\n\t                                <\/div>\n\t\t\t\t                <div class=\"mn-content-block\">\n\t                                <\/div>\n\t\t\t\t                <div class=\"mn-content-block\">\n\t                                <\/div>\n\t\t\t\t                <div class=\"mn-content-block\">\n\t                                <\/div>\n\t\t\t\t                <div class=\"mn-content-block\">\n\t                                <\/div>\n\t\t\t\t                <div class=\"mn-content-block\">\n\t                                <\/div>\n\t\t\t\t                <div class=\"mn-content-block\">\n\t                                <\/div>\n\t\t\t\t                <div class=\"mn-content-block\">\n\t                                <\/div>\n\t\t\t\t                <div class=\"mn-content-block\">\n\t                                <\/div>\n\t\t\t\t                <div class=\"mn-content-block\">\n\t                                <\/div>\n\t\t\t\t                <div class=\"mn-content-block\">\n\t                                <\/div>\n\t\t\t\t                <div class=\"mn-content-block\">\n\t                                <\/div>\n\t\t\t\t                <div class=\"mn-content-block\">\n\t                                <\/div>\n\t\t\t\t                <div class=\"mn-content-block\">\n\t                                <\/div>\n\t\t\t\t                <div class=\"mn-content-block\">\n\t                                <\/div>\n\t\t\t\t                <div class=\"mn-content-block\">\n\t                                <\/div>\n\t\t\t\t\t\t<\/div>\n\t<\/div>\n<\/section>\n\t\t<\/div>\n\t\t\t\t<\/div>\n\t\t\t\t\t<\/div>\n\t\t<\/div>\n\t\t\t\t\t\t\t<\/div>\n\t\t<\/section>\n\t\t\t\t\t\t<\/div>\n\t\t\t\t\t<\/div>\n\t\t","protected":false},"excerpt":{"rendered":"<p>1st International Conference of Soil and Agriculture:TOWARDS SOIL SUSTAINABILITY11\u201313 June 2024 \u2022 Lublin\u2013Na\u0142\u0119cz\u00f3w, Poland https:\/\/doi.org\/10.24326\/ICSA1.PP.20Published online: 4 October 2024 Organic carbon in Mollisols of the world \u2013 a&nbsp;reviewBeata \u0141abaz1*, Alfred E. Hartemink2, Yakun Zhang2, Annalisa Stevenson2, Cezary Kaba\u0142a1 1 Institute of Soil Science, Plant Nutrition and Environmental Protection, Wroclaw University of Environmental and Life Sciences, [&hellip;]<\/p>\n","protected":false},"author":196,"featured_media":0,"parent":139572,"menu_order":0,"comment_status":"closed","ping_status":"closed","template":"elementor_header_footer","meta":{"_monsterinsights_skip_tracking":false,"_monsterinsights_sitenote_active":false,"_monsterinsights_sitenote_note":"","_monsterinsights_sitenote_category":0},"_links":{"self":[{"href":"https:\/\/up.lublin.pl\/digital\/wp-json\/wp\/v2\/pages\/139978"}],"collection":[{"href":"https:\/\/up.lublin.pl\/digital\/wp-json\/wp\/v2\/pages"}],"about":[{"href":"https:\/\/up.lublin.pl\/digital\/wp-json\/wp\/v2\/types\/page"}],"author":[{"embeddable":true,"href":"https:\/\/up.lublin.pl\/digital\/wp-json\/wp\/v2\/users\/196"}],"replies":[{"embeddable":true,"href":"https:\/\/up.lublin.pl\/digital\/wp-json\/wp\/v2\/comments?post=139978"}],"version-history":[{"count":19,"href":"https:\/\/up.lublin.pl\/digital\/wp-json\/wp\/v2\/pages\/139978\/revisions"}],"predecessor-version":[{"id":140668,"href":"https:\/\/up.lublin.pl\/digital\/wp-json\/wp\/v2\/pages\/139978\/revisions\/140668"}],"up":[{"embeddable":true,"href":"https:\/\/up.lublin.pl\/digital\/wp-json\/wp\/v2\/pages\/139572"}],"wp:attachment":[{"href":"https:\/\/up.lublin.pl\/digital\/wp-json\/wp\/v2\/media?parent=139978"}],"curies":[{"name":"wp","href":"https:\/\/api.w.org\/{rel}","templated":true}]}}