{"id":139970,"date":"2024-10-04T09:24:25","date_gmt":"2024-10-04T07:24:25","guid":{"rendered":"https:\/\/up.lublin.pl\/digital\/?page_id=139970"},"modified":"2024-10-08T13:11:32","modified_gmt":"2024-10-08T11:11:32","slug":"icsa-2024-pp-19","status":"publish","type":"page","link":"https:\/\/up.lublin.pl\/digital\/conferences\/icsa2024\/icsa-2024-pp-19\/","title":{"rendered":"ICSA 2024, PP.19"},"content":{"rendered":"\t\t<div data-elementor-type=\"wp-page\" data-elementor-id=\"139970\" class=\"elementor elementor-139970\" data-elementor-settings=\"[]\">\n\t\t\t\t\t\t\t<div class=\"elementor-section-wrap\">\n\t\t\t\t\t\t\t<section class=\"elementor-section elementor-top-section elementor-element elementor-element-2a7f4ad2 elementor-section-boxed elementor-section-height-default elementor-section-height-default\" data-id=\"2a7f4ad2\" data-element_type=\"section\">\n\t\t\t\t\t\t<div class=\"elementor-container elementor-column-gap-default\">\n\t\t\t\t\t<div class=\"elementor-column elementor-col-100 elementor-top-column elementor-element elementor-element-2bfdbaaf\" data-id=\"2bfdbaaf\" data-element_type=\"column\">\n\t\t\t<div class=\"elementor-widget-wrap elementor-element-populated\">\n\t\t\t\t\t\t\t\t<div class=\"elementor-element elementor-element-4036653c elementor-widget elementor-widget-m2j\" data-id=\"4036653c\" data-element_type=\"widget\" data-widget_type=\"m2j.default\">\n\t\t\t\t<div class=\"elementor-widget-container\">\n\t\t\t<section class=\"mn-m2-h\">\n    <div class=\"mn-image-container mn-container\">\n                    <img src=\"https:\/\/up.lublin.pl\/digital\/wp-content\/uploads\/sites\/10\/2024\/09\/icsa-banner_web.jpg\" alt=\"\">\n                        <\/div>\n    <div class=\"mn-grid mn-content\">\n            <\/div>\n<\/section>\n\t\t<\/div>\n\t\t\t\t<\/div>\n\t\t\t\t\t<\/div>\n\t\t<\/div>\n\t\t\t\t\t\t\t<\/div>\n\t\t<\/section>\n\t\t\t\t<section class=\"elementor-section elementor-top-section elementor-element elementor-element-2a175cb6 elementor-section-boxed elementor-section-height-default elementor-section-height-default\" data-id=\"2a175cb6\" data-element_type=\"section\">\n\t\t\t\t\t\t<div class=\"elementor-container elementor-column-gap-default\">\n\t\t\t\t\t<div class=\"elementor-column elementor-col-100 elementor-top-column elementor-element elementor-element-234d6bdb\" data-id=\"234d6bdb\" data-element_type=\"column\">\n\t\t\t<div class=\"elementor-widget-wrap elementor-element-populated\">\n\t\t\t\t\t\t\t\t<div class=\"elementor-element elementor-element-773ee14e elementor-widget elementor-widget-m5c\" data-id=\"773ee14e\" data-element_type=\"widget\" data-widget_type=\"m5c.default\">\n\t\t\t\t<div class=\"elementor-widget-container\">\n\t\t\t<section class=\"mn-m5-c mn-m5-d2 mn-bg-white\">\n\t<div class=\"mn-grid\">\n\t\t\t\t<div class=\"mn-content mn-grid-9\">\n\t\t\t                <div class=\"mn-content-block active\">\n\t                                                        <div class=\"block-text\">\n\t                                        <h2><span style=\"color: #333333\"><strong><span style=\"font-size: 14pt\">1st International Conference of Soil and Agriculture:<\/span><br \/><\/strong><span style=\"font-size: 18pt\">TOWARDS SOIL SUSTAINABILITY<\/span><strong><br \/><span style=\"font-size: 10pt\">11\u201313 June 2024 \u2022 Lublin\u2013Na\u0142\u0119cz\u00f3w, Poland<\/span><\/strong><\/span><\/h2>\n<hr \/>\n<p><a href=\"https:\/\/doi.org\/10.24326\/ICSA1.PP.19\"><span style=\"font-size: 10pt\">https:\/\/doi.org\/10.24326\/ICSA1.PP.19<\/span><\/a><br \/><span style=\"font-size: 10pt\">Published online: 4 October 2024<\/span><\/p>\n<h2><span style=\"font-size: 18pt;color: #333333\"><strong>How does a&nbsp;low oxygen environment impact the tomato fruit cell walls?<br \/><\/strong><span style=\"font-size: 12pt;color: #000000\">Nataliia Kutyrieva-Nowak<sup>1<\/sup>*, Agata Leszczuk<sup>1<\/sup>, Artur Nowak<sup>2<\/sup>, <br \/>Artur Nosalewicz<sup>1<\/sup>, Artur Zdunek<sup>1<\/sup><\/span><\/span><\/h2>\n<p><span style=\"font-size: 10pt\"><sup>1<\/sup> Institute of Agrophysics, Polish Academy of Sciences, Do\u015bwiadczalna 4, 20-290 Lublin, Poland<br \/><\/span><span style=\"font-size: 10pt\"><sup>2<\/sup> Department of Industrial and Environmental Microbiology, Institute of Biological Sciences, Maria Curie-Sk\u0142odowska University, Akademicka 19, 20-033 Lublin, Poland<br \/><\/span><span style=\"font-size: 8pt\">* Corresponding author: n.kutyrieva@ipan.lublin.pl<\/span><\/p>\n<p><strong>Abstract<\/strong><br \/>The concentration of oxygen is a&nbsp;key factor in the storage of fruit in a&nbsp;controlled atmosphere. During the decrease oxygen concentration signalling pathways and adaptive responses are activated, such as reducing the metabolic rate to limited oxygen consumption and morphological changes to enhance oxygen intake. The optimal storage concentration of oxygen for fruits is 1.5\u20133%. Oxygen concentrations lower than 1% cause tissue damage by increasing ethylene production (https:\/\/doi.org\/10.1111\/j.1469-8137.2010.03562.x). Therefore, it is essential to closely monitor and control oxygen levels to ensure optimal ripening and storage conditions. This work aimed to identify the cell wall components which are involved in the fruit response on changes in the oxygen level. The research material was tomato <em>Solanum lycopersicum<\/em> cv. \u2018Moneymaker\u2019 fruit at two ripening stages (Breaker and Red Ripe). The fruit were stored under different oxygen conditions (anoxia 0%, hypoxia 5%, and normoxia 21%) for 24 h&nbsp;and 72 h. Microscopic and molecular studies were performed according to our previous technical protocols (https:\/\/doi.org\/10.1186\/s13007-023-01100-3). The first analysis, involving the evaluation of morphological changes, did not reveal significant modifications in fruit tissues after 24 h&nbsp;of oxygen stress. Longer storage under stressful conditions causes cracks in fruit skin. Microscopic analyses with immunofluorescence labelling showed differences between the control samples and samples stored under low oxygen conditions. The most significant modifications were in the disturbed distributions of arabinogalactan protein (AGP) and homogalacturonan (HG). Fruit at the Breaker stage were less susceptible to anoxia and hypoxia conditions than at the Red Ripe fruit stage. Quantitative analyses of extensin, AGPs, rhamnogalacturonan-I, unesterified HG and esterified HG content were compatible with microscopic results. The first symptoms of response were noted after 24 hours, but only after 72 hours more crucial deviations were visible. Storage under anoxia and hypoxia conditions reduced the content of unesterified HG and increased the content of esterified HG. Fruit storage in 5% oxygen concentration also influenced the presence of AGPs at both ripening stages. Compared to fruit from the control experiment, those after 24h and 72h exposures contained a&nbsp;lower amount of AGPs. The results indicate the impact of low oxygen concentrations on fruit molecular structure. The 5% oxygen concentration slows down the ripening process and 0% oxygen accelerates the changes taking place during ripening.<br \/>The authors gratefully acknowledge financial support by the National Science Center Poland (NCN, 2020\/39\/D\/NZ9\/00232).<\/p>\n<p><strong>Keywords: <\/strong>cell wall, fruit, hypoxia, anoxia, ripening process<\/p>\n<p><span style=\"font-size: 10pt\"><strong>How to cite<br \/><\/strong>Kutyrieva-Nowak N., Leszczuk A., Nowak A., Nosalewicz A., Zdunek A., 2024. How does a&nbsp;low oxygen environment impact the tomato fruit cell walls?. 1st International Conference of Soil and Agriculture: Towards Soil Sustainability. https:\/\/doi.org\/10.24326\/ICSA1.PP.19<\/span><\/p>\n                                        <\/div>\n\t\t\t\t\t\t                                <\/div>\n\t\t\t\t                <div class=\"mn-content-block\">\n\t                                <\/div>\n\t\t\t\t                <div class=\"mn-content-block\">\n\t                                <\/div>\n\t\t\t\t                <div class=\"mn-content-block\">\n\t                                <\/div>\n\t\t\t\t                <div class=\"mn-content-block\">\n\t                                <\/div>\n\t\t\t\t                <div class=\"mn-content-block\">\n\t                                <\/div>\n\t\t\t\t                <div class=\"mn-content-block\">\n\t                                <\/div>\n\t\t\t\t                <div class=\"mn-content-block\">\n\t                                <\/div>\n\t\t\t\t                <div class=\"mn-content-block\">\n\t                                <\/div>\n\t\t\t\t                <div class=\"mn-content-block\">\n\t                                <\/div>\n\t\t\t\t                <div class=\"mn-content-block\">\n\t                                <\/div>\n\t\t\t\t                <div class=\"mn-content-block\">\n\t                                <\/div>\n\t\t\t\t                <div class=\"mn-content-block\">\n\t                                <\/div>\n\t\t\t\t                <div class=\"mn-content-block\">\n\t                                <\/div>\n\t\t\t\t                <div class=\"mn-content-block\">\n\t                                <\/div>\n\t\t\t\t                <div class=\"mn-content-block\">\n\t                                <\/div>\n\t\t\t\t                <div class=\"mn-content-block\">\n\t                                <\/div>\n\t\t\t\t                <div class=\"mn-content-block\">\n\t                                <\/div>\n\t\t\t\t                <div class=\"mn-content-block\">\n\t                                <\/div>\n\t\t\t\t                <div class=\"mn-content-block\">\n\t                                <\/div>\n\t\t\t\t\t\t<\/div>\n\t<\/div>\n<\/section>\n\t\t<\/div>\n\t\t\t\t<\/div>\n\t\t\t\t\t<\/div>\n\t\t<\/div>\n\t\t\t\t\t\t\t<\/div>\n\t\t<\/section>\n\t\t\t\t\t\t<\/div>\n\t\t\t\t\t<\/div>\n\t\t","protected":false},"excerpt":{"rendered":"<p>1st International Conference of Soil and Agriculture:TOWARDS SOIL SUSTAINABILITY11\u201313 June 2024 \u2022 Lublin\u2013Na\u0142\u0119cz\u00f3w, Poland https:\/\/doi.org\/10.24326\/ICSA1.PP.19Published online: 4 October 2024 How does a&nbsp;low oxygen environment impact the tomato fruit cell walls?Nataliia Kutyrieva-Nowak1*, Agata Leszczuk1, Artur Nowak2, Artur Nosalewicz1, Artur Zdunek1 1 Institute of Agrophysics, Polish Academy of Sciences, Do\u015bwiadczalna 4, 20-290 Lublin, Poland2 Department of Industrial [&hellip;]<\/p>\n","protected":false},"author":196,"featured_media":0,"parent":139572,"menu_order":0,"comment_status":"closed","ping_status":"closed","template":"elementor_header_footer","meta":{"_monsterinsights_skip_tracking":false,"_monsterinsights_sitenote_active":false,"_monsterinsights_sitenote_note":"","_monsterinsights_sitenote_category":0},"_links":{"self":[{"href":"https:\/\/up.lublin.pl\/digital\/wp-json\/wp\/v2\/pages\/139970"}],"collection":[{"href":"https:\/\/up.lublin.pl\/digital\/wp-json\/wp\/v2\/pages"}],"about":[{"href":"https:\/\/up.lublin.pl\/digital\/wp-json\/wp\/v2\/types\/page"}],"author":[{"embeddable":true,"href":"https:\/\/up.lublin.pl\/digital\/wp-json\/wp\/v2\/users\/196"}],"replies":[{"embeddable":true,"href":"https:\/\/up.lublin.pl\/digital\/wp-json\/wp\/v2\/comments?post=139970"}],"version-history":[{"count":10,"href":"https:\/\/up.lublin.pl\/digital\/wp-json\/wp\/v2\/pages\/139970\/revisions"}],"predecessor-version":[{"id":140665,"href":"https:\/\/up.lublin.pl\/digital\/wp-json\/wp\/v2\/pages\/139970\/revisions\/140665"}],"up":[{"embeddable":true,"href":"https:\/\/up.lublin.pl\/digital\/wp-json\/wp\/v2\/pages\/139572"}],"wp:attachment":[{"href":"https:\/\/up.lublin.pl\/digital\/wp-json\/wp\/v2\/media?parent=139970"}],"curies":[{"name":"wp","href":"https:\/\/api.w.org\/{rel}","templated":true}]}}