{"id":139956,"date":"2024-10-04T09:19:21","date_gmt":"2024-10-04T07:19:21","guid":{"rendered":"https:\/\/up.lublin.pl\/digital\/?page_id=139956"},"modified":"2024-10-08T13:09:55","modified_gmt":"2024-10-08T11:09:55","slug":"icsa-2024-pp-18","status":"publish","type":"page","link":"https:\/\/up.lublin.pl\/digital\/conferences\/icsa2024\/icsa-2024-pp-18\/","title":{"rendered":"ICSA 2024, PP.18"},"content":{"rendered":"\t\t<div data-elementor-type=\"wp-page\" data-elementor-id=\"139956\" class=\"elementor elementor-139956\" data-elementor-settings=\"[]\">\n\t\t\t\t\t\t\t<div class=\"elementor-section-wrap\">\n\t\t\t\t\t\t\t<section class=\"elementor-section elementor-top-section elementor-element elementor-element-70e8cbbc elementor-section-boxed elementor-section-height-default elementor-section-height-default\" data-id=\"70e8cbbc\" data-element_type=\"section\">\n\t\t\t\t\t\t<div class=\"elementor-container elementor-column-gap-default\">\n\t\t\t\t\t<div class=\"elementor-column elementor-col-100 elementor-top-column elementor-element elementor-element-65b75783\" data-id=\"65b75783\" data-element_type=\"column\">\n\t\t\t<div class=\"elementor-widget-wrap elementor-element-populated\">\n\t\t\t\t\t\t\t\t<div class=\"elementor-element elementor-element-649fde8b elementor-widget elementor-widget-m2j\" data-id=\"649fde8b\" data-element_type=\"widget\" data-widget_type=\"m2j.default\">\n\t\t\t\t<div class=\"elementor-widget-container\">\n\t\t\t<section class=\"mn-m2-h\">\n    <div class=\"mn-image-container mn-container\">\n                    <img src=\"https:\/\/up.lublin.pl\/digital\/wp-content\/uploads\/sites\/10\/2024\/09\/icsa-banner_web.jpg\" alt=\"\">\n                        <\/div>\n    <div class=\"mn-grid mn-content\">\n            <\/div>\n<\/section>\n\t\t<\/div>\n\t\t\t\t<\/div>\n\t\t\t\t\t<\/div>\n\t\t<\/div>\n\t\t\t\t\t\t\t<\/div>\n\t\t<\/section>\n\t\t\t\t<section class=\"elementor-section elementor-top-section elementor-element elementor-element-244d59e2 elementor-section-boxed elementor-section-height-default elementor-section-height-default\" data-id=\"244d59e2\" data-element_type=\"section\">\n\t\t\t\t\t\t<div class=\"elementor-container elementor-column-gap-default\">\n\t\t\t\t\t<div class=\"elementor-column elementor-col-100 elementor-top-column elementor-element elementor-element-736994e4\" data-id=\"736994e4\" data-element_type=\"column\">\n\t\t\t<div class=\"elementor-widget-wrap elementor-element-populated\">\n\t\t\t\t\t\t\t\t<div class=\"elementor-element elementor-element-7b832df7 elementor-widget elementor-widget-m5c\" data-id=\"7b832df7\" data-element_type=\"widget\" data-widget_type=\"m5c.default\">\n\t\t\t\t<div class=\"elementor-widget-container\">\n\t\t\t<section class=\"mn-m5-c mn-m5-d2 mn-bg-white\">\n\t<div class=\"mn-grid\">\n\t\t\t\t<div class=\"mn-content mn-grid-9\">\n\t\t\t                <div class=\"mn-content-block active\">\n\t                                                        <div class=\"block-text\">\n\t                                        <h2><span style=\"color: #333333\"><strong><span style=\"font-size: 14pt\">1st International Conference of Soil and Agriculture:<\/span><br \/><\/strong><span style=\"font-size: 18pt\">TOWARDS SOIL SUSTAINABILITY<\/span><strong><br \/><span style=\"font-size: 10pt\">11\u201313 June 2024 \u2022 Lublin\u2013Na\u0142\u0119cz\u00f3w, Poland<\/span><\/strong><\/span><\/h2>\n<hr \/>\n<p><a href=\"https:\/\/doi.org\/10.24326\/ICSA1.PP.18\"><span style=\"font-size: 10pt\">https:\/\/doi.org\/10.24326\/ICSA1.PP.18<\/span><\/a><br \/><span style=\"font-size: 10pt\">Published online: 4 October 2024<\/span><\/p>\n<h2><span style=\"color: #333333\"><span style=\"font-size: 12pt\"><strong><span style=\"font-size: 18pt\">Assessment of the impact of the dose and temperature of biochar production from sewage sludge on the nutrient content in sandy soil and in chernozem<\/span><br \/><\/strong><span style=\"color: #000000\">Justyna Kujawska*<\/span><\/span><\/span><\/h2>\n<p><span style=\"font-size: 10pt\">Faculty of Environmental Engineering, Lublin University of Technology, Nadbystrzycka 40B, 20-618 Lublin, Poland<br \/><\/span><span style=\"font-size: 8pt\">* Corresponding author: j.kujawska@pollub.pl<\/span><\/p>\n<p><strong>Abstract<br \/><\/strong>The sustainable management of sewage sludge and the enhancement of soil fertility are crucial challenges in environmental and agricultural sciences. Biochar, a&nbsp;carbon-rich product derived from the pyrolysis of organic materials, has been identified as a&nbsp;promising amendment that can improve soil properties and increase crop productivity. However, the effects of biochar&#8217;s physicochemical properties, which vary with production temperature and application dosage, on different soil types remain inadequately explored. This study aims to fill this gap by assessing how different doses and temperatures of biochar production from sewage sludge affect the nutrient content in sandy soil and chernozem. We hypothesized that higher production temperatures and optimal biochar dosages would enhance nutrient retention and availability in these soils. To test this hypothesis, biochar was produced from sewage sludge at four pyrolysis temperatures (400\u00b0C, 500\u00b0C, 600\u00b0C, 800\u00b0C) and incorporated into the soils at dosages of 5, 10, 20, 40 t\/ha by weight. The research was conducted in laboratory conditions in a&nbsp;phytotron with constant humidity and temperature conditions. The experiment was conducted for 6 weeks, with measurements taken once a&nbsp;week. The key soil parameters measured included pH, electrical conductivity, organic carbon and nitrogen (N) content, and nutrients: phosphorus, potassium, magnesium, calcium. Results demonstrated that higher pyrolysis temperature and a&nbsp;higher dose of biochar usually lead to improvement of some soil quality indicators, such as organic carbon content, pH, EC and the content of nutrients such as phosphorus and nitrogen. The study concludes that there is no one \u201coptimal\u201d dose and temperature, because it depends on the specific needs of soil and crops. As for these results, a&nbsp;dose of 40 t\/ha at 400\u00b0C for chernozem soil seems to be very effective in terms of increasing TOC, pH, EC, P-PO<sub>4<\/sub> and N%, which suggests that this may be an optimal dose for this type soil. For sand soil, doses and temperatures that increase pH and EC without excessive increasing one ingredient, may be more desirable. This research provides a&nbsp;practical framework for the application of biochar in agriculture, promoting its role in sustainable soil management and environmental conservation.<br \/>This research was funded in whole or in part by National Science Centre, Poland, Miniatura 7 (DEC-2023\/07\/X\/ST10\/00655). For the purpose of Open Access, the author has applied a&nbsp;CC-BY public copyright licence to any Author Accepted Manuscript (AAM) version arising from this submission.<\/p>\n<p><strong>Keywords:\u00a0<\/strong>biochar, sewage sludge, soil nutrient enhancement, soil fertility, waste management<\/p>\n<p><span style=\"font-size: 10pt\"><strong>How to cite<br \/><\/strong>Kujawska J., 2024. Assessment of the impact of the dose and temperature of biochar production from sewage sludge on the nutrient content in sandy soil and in chernozem. 1st International Conference of Soil and Agriculture: Towards Soil Sustainability. https:\/\/doi.org\/10.24326\/ICSA1.PP.18<\/span><\/p>\n                                        <\/div>\n\t\t\t\t\t\t                                <\/div>\n\t\t\t\t                <div class=\"mn-content-block\">\n\t                                <\/div>\n\t\t\t\t                <div class=\"mn-content-block\">\n\t                                <\/div>\n\t\t\t\t                <div class=\"mn-content-block\">\n\t                                <\/div>\n\t\t\t\t                <div class=\"mn-content-block\">\n\t                                <\/div>\n\t\t\t\t                <div class=\"mn-content-block\">\n\t                                <\/div>\n\t\t\t\t                <div class=\"mn-content-block\">\n\t                                <\/div>\n\t\t\t\t                <div class=\"mn-content-block\">\n\t                                <\/div>\n\t\t\t\t                <div class=\"mn-content-block\">\n\t                                <\/div>\n\t\t\t\t                <div class=\"mn-content-block\">\n\t                                <\/div>\n\t\t\t\t                <div class=\"mn-content-block\">\n\t                                <\/div>\n\t\t\t\t                <div class=\"mn-content-block\">\n\t                                <\/div>\n\t\t\t\t                <div class=\"mn-content-block\">\n\t                                <\/div>\n\t\t\t\t                <div class=\"mn-content-block\">\n\t                                <\/div>\n\t\t\t\t                <div class=\"mn-content-block\">\n\t                                <\/div>\n\t\t\t\t                <div class=\"mn-content-block\">\n\t                                <\/div>\n\t\t\t\t                <div class=\"mn-content-block\">\n\t                                <\/div>\n\t\t\t\t                <div class=\"mn-content-block\">\n\t                                <\/div>\n\t\t\t\t                <div class=\"mn-content-block\">\n\t                                <\/div>\n\t\t\t\t                <div class=\"mn-content-block\">\n\t                                <\/div>\n\t\t\t\t\t\t<\/div>\n\t<\/div>\n<\/section>\n\t\t<\/div>\n\t\t\t\t<\/div>\n\t\t\t\t\t<\/div>\n\t\t<\/div>\n\t\t\t\t\t\t\t<\/div>\n\t\t<\/section>\n\t\t\t\t\t\t<\/div>\n\t\t\t\t\t<\/div>\n\t\t","protected":false},"excerpt":{"rendered":"<p>1st International Conference of Soil and Agriculture:TOWARDS SOIL SUSTAINABILITY11\u201313 June 2024 \u2022 Lublin\u2013Na\u0142\u0119cz\u00f3w, Poland https:\/\/doi.org\/10.24326\/ICSA1.PP.18Published online: 4 October 2024 Assessment of the impact of the dose and temperature of biochar production from sewage sludge on the nutrient content in sandy soil and in chernozemJustyna Kujawska* Faculty of Environmental Engineering, Lublin University of Technology, Nadbystrzycka 40B, [&hellip;]<\/p>\n","protected":false},"author":196,"featured_media":0,"parent":139572,"menu_order":0,"comment_status":"closed","ping_status":"closed","template":"elementor_header_footer","meta":{"_monsterinsights_skip_tracking":false,"_monsterinsights_sitenote_active":false,"_monsterinsights_sitenote_note":"","_monsterinsights_sitenote_category":0},"_links":{"self":[{"href":"https:\/\/up.lublin.pl\/digital\/wp-json\/wp\/v2\/pages\/139956"}],"collection":[{"href":"https:\/\/up.lublin.pl\/digital\/wp-json\/wp\/v2\/pages"}],"about":[{"href":"https:\/\/up.lublin.pl\/digital\/wp-json\/wp\/v2\/types\/page"}],"author":[{"embeddable":true,"href":"https:\/\/up.lublin.pl\/digital\/wp-json\/wp\/v2\/users\/196"}],"replies":[{"embeddable":true,"href":"https:\/\/up.lublin.pl\/digital\/wp-json\/wp\/v2\/comments?post=139956"}],"version-history":[{"count":19,"href":"https:\/\/up.lublin.pl\/digital\/wp-json\/wp\/v2\/pages\/139956\/revisions"}],"predecessor-version":[{"id":140662,"href":"https:\/\/up.lublin.pl\/digital\/wp-json\/wp\/v2\/pages\/139956\/revisions\/140662"}],"up":[{"embeddable":true,"href":"https:\/\/up.lublin.pl\/digital\/wp-json\/wp\/v2\/pages\/139572"}],"wp:attachment":[{"href":"https:\/\/up.lublin.pl\/digital\/wp-json\/wp\/v2\/media?parent=139956"}],"curies":[{"name":"wp","href":"https:\/\/api.w.org\/{rel}","templated":true}]}}