{"id":139934,"date":"2024-10-04T09:05:14","date_gmt":"2024-10-04T07:05:14","guid":{"rendered":"https:\/\/up.lublin.pl\/digital\/?page_id=139934"},"modified":"2024-10-08T13:06:38","modified_gmt":"2024-10-08T11:06:38","slug":"icsa-2024-pp-16","status":"publish","type":"page","link":"https:\/\/up.lublin.pl\/digital\/conferences\/icsa2024\/icsa-2024-pp-16\/","title":{"rendered":"ICSA 2024, PP.16"},"content":{"rendered":"\t\t<div data-elementor-type=\"wp-page\" data-elementor-id=\"139934\" class=\"elementor elementor-139934\" data-elementor-settings=\"[]\">\n\t\t\t\t\t\t\t<div class=\"elementor-section-wrap\">\n\t\t\t\t\t\t\t<section class=\"elementor-section elementor-top-section elementor-element elementor-element-157d15db elementor-section-boxed elementor-section-height-default elementor-section-height-default\" data-id=\"157d15db\" data-element_type=\"section\">\n\t\t\t\t\t\t<div class=\"elementor-container elementor-column-gap-default\">\n\t\t\t\t\t<div class=\"elementor-column elementor-col-100 elementor-top-column elementor-element elementor-element-12210469\" data-id=\"12210469\" data-element_type=\"column\">\n\t\t\t<div class=\"elementor-widget-wrap elementor-element-populated\">\n\t\t\t\t\t\t\t\t<div class=\"elementor-element elementor-element-33f6de23 elementor-widget elementor-widget-m2j\" data-id=\"33f6de23\" data-element_type=\"widget\" data-widget_type=\"m2j.default\">\n\t\t\t\t<div class=\"elementor-widget-container\">\n\t\t\t<section class=\"mn-m2-h\">\n    <div class=\"mn-image-container mn-container\">\n                    <img src=\"https:\/\/up.lublin.pl\/digital\/wp-content\/uploads\/sites\/10\/2024\/09\/icsa-banner_web.jpg\" alt=\"\">\n                        <\/div>\n    <div class=\"mn-grid mn-content\">\n            <\/div>\n<\/section>\n\t\t<\/div>\n\t\t\t\t<\/div>\n\t\t\t\t\t<\/div>\n\t\t<\/div>\n\t\t\t\t\t\t\t<\/div>\n\t\t<\/section>\n\t\t\t\t<section class=\"elementor-section elementor-top-section elementor-element elementor-element-5aff6f82 elementor-section-boxed elementor-section-height-default elementor-section-height-default\" data-id=\"5aff6f82\" data-element_type=\"section\">\n\t\t\t\t\t\t<div class=\"elementor-container elementor-column-gap-default\">\n\t\t\t\t\t<div class=\"elementor-column elementor-col-100 elementor-top-column elementor-element elementor-element-64e57ae6\" data-id=\"64e57ae6\" data-element_type=\"column\">\n\t\t\t<div class=\"elementor-widget-wrap elementor-element-populated\">\n\t\t\t\t\t\t\t\t<div class=\"elementor-element elementor-element-4f5bf7d8 elementor-widget elementor-widget-m5c\" data-id=\"4f5bf7d8\" data-element_type=\"widget\" data-widget_type=\"m5c.default\">\n\t\t\t\t<div class=\"elementor-widget-container\">\n\t\t\t<section class=\"mn-m5-c mn-m5-d2 mn-bg-white\">\n\t<div class=\"mn-grid\">\n\t\t\t\t<div class=\"mn-content mn-grid-9\">\n\t\t\t                <div class=\"mn-content-block active\">\n\t                                                        <div class=\"block-text\">\n\t                                        <h2><span style=\"color: #333333\"><strong><span style=\"font-size: 14pt\">1st International Conference of Soil and Agriculture:<\/span><br \/><\/strong><span style=\"font-size: 18pt\">TOWARDS SOIL SUSTAINABILITY<\/span><strong><br \/><span style=\"font-size: 10pt\">11\u201313 June 2024 \u2022 Lublin\u2013Na\u0142\u0119cz\u00f3w, Poland<\/span><\/strong><\/span><\/h2>\n<hr \/>\n<p><a href=\"https:\/\/doi.org\/10.24326\/ICSA1.PP.16\"><span style=\"font-size: 10pt\">https:\/\/doi.org\/10.24326\/ICSA1.PP.16<\/span><\/a><br \/><span style=\"font-size: 10pt\">Published online: 4 October 2024<\/span><\/p>\n<p><span style=\"font-size: 18pt;color: #333333\"><strong>Heavy metal toxicity of Fluvisols from embankments <br \/>and inter-embankment zones using pollution indices \u2013 <br \/>a case study from Odra river valley (SW Poland)<br \/><\/strong><span style=\"font-size: 12pt;color: #000000\">Dorota Kawa\u0142ko*, Joanna Beata Kowalska<\/span><\/span><\/p>\n<p><span style=\"font-size: 10pt\">Institute of Soil Science, Plant Nutrition and Environmental Protection, Wroclaw University of Environmental and Life Science, Grunwaldzka 53, 50-357 Wroc\u0142aw, Polska<br \/><\/span><span style=\"font-size: 8pt\">* Corresponding author: dorota.kawalko@upwr.edu.pl<\/span><\/p>\n<p><strong>Abstract<br \/><\/strong>The aim of this research is to present a&nbsp;case study of applying pollution indices to assess heavy metal pollution in the Odra river valley (Dolny \u015al\u0105sk, SW Poland), considering the impact of gradual sediment deposition by rivers on pollution levels. We will examined the application of these indices in both embankment area and inter-embankment zone, analysing the influence of industrial, agricultural, and soil factors on heavy metal pollution levels. Through this analysis, this study aims to enrich our understanding of the role of pollution indices in assessing and monitoring heavy metal pollution and draw attention to the need for effective environmental management strategies in areas threatened by such pollution. The research was carried out in the Odra river valley, in its middle course, down-stream from Wroc\u0142aw. Soil profiles were divided into two groups due to: location in relation to the Odra River, grain size distribution and land use. Soil texture and chemical analyses were carried out with the methods commonly used in soil science after soil grinding to a&nbsp;fine powder. Total concentrations of Cd, Cu, Zn and Pb were determined, after soil digestion with aqua regia (concentrated HCl + HNO<sub>3<\/sub>, 3 + 1) in a&nbsp;microwave system, according to ISO 11466 (1995). The concentrations of elements in the digests were measured by ICP-AES (iCAP 7400, Thermo Fisher Scientific). We have decided to use six pollution indices: two single pollution indices (Single Pollution Index (PI) and Contamination Factor (Cf)) as well as four complex pollution indices (Degree of Contamination (Cdeg), Background Enrichment Factor (PIN), Potential Ecological Risk (RI), Pollution Load Index (PLI) and we decided to use two types of geochemical background: reference and local. The obtained results of pollution indicators clearly indicate that the level of soil contamination is different in soils in the embankment and out of the embankments. According to PI, Cf, PIN, RI, higher contamination was observed in soil profiles with silty loam texture, used as meadows and localized in the inter-embankment zone. The PIN indicator also shows that generally higher contamination is most common in the higher layers. The used indicators allowed to verify the inserts of the material which are clearly more contaminated. Based on the RI indicator, it can be concluded that, regardless of the type of geochemical background, the surface horizons are the most potentially at risk. Alluvial soils can be a&nbsp;mirror of gradual deposition of contaminants.<\/p>\n<p><strong>Keywords: <\/strong>alluvial soils, flood embankments, farmlands, heavy metals, pollution indices<\/p>\n<p><span style=\"font-size: 10pt\"><strong>How to cite<br \/><\/strong><\/span><span style=\"font-size: 10pt\">Kawa\u0142ko D., Kowalska J.B., 2024. Heavy metal toxicity of Fluvisols from embankments and inter-embankment zones using pollution indices \u2013 a&nbsp;case study from Odra river valley (SW Poland).<\/span><span style=\"font-size: 10pt\">\u00a01st International Conference of Soil and Agriculture: Towards Soil Sustainability. https:\/\/doi.org\/10.24326\/ICSA1.PP.16<\/span><\/p>\n                                        <\/div>\n\t\t\t\t\t\t                                <\/div>\n\t\t\t\t                <div class=\"mn-content-block\">\n\t                                <\/div>\n\t\t\t\t                <div class=\"mn-content-block\">\n\t                                <\/div>\n\t\t\t\t                <div class=\"mn-content-block\">\n\t                                <\/div>\n\t\t\t\t                <div class=\"mn-content-block\">\n\t                                <\/div>\n\t\t\t\t                <div class=\"mn-content-block\">\n\t                                <\/div>\n\t\t\t\t                <div class=\"mn-content-block\">\n\t                                <\/div>\n\t\t\t\t                <div class=\"mn-content-block\">\n\t                                <\/div>\n\t\t\t\t                <div class=\"mn-content-block\">\n\t                                <\/div>\n\t\t\t\t                <div class=\"mn-content-block\">\n\t                                <\/div>\n\t\t\t\t                <div class=\"mn-content-block\">\n\t                                <\/div>\n\t\t\t\t                <div class=\"mn-content-block\">\n\t                                <\/div>\n\t\t\t\t                <div class=\"mn-content-block\">\n\t                                <\/div>\n\t\t\t\t                <div class=\"mn-content-block\">\n\t                                <\/div>\n\t\t\t\t                <div class=\"mn-content-block\">\n\t                                <\/div>\n\t\t\t\t                <div class=\"mn-content-block\">\n\t                                <\/div>\n\t\t\t\t                <div class=\"mn-content-block\">\n\t                                <\/div>\n\t\t\t\t                <div class=\"mn-content-block\">\n\t                                <\/div>\n\t\t\t\t                <div class=\"mn-content-block\">\n\t                                <\/div>\n\t\t\t\t                <div class=\"mn-content-block\">\n\t                                <\/div>\n\t\t\t\t\t\t<\/div>\n\t<\/div>\n<\/section>\n\t\t<\/div>\n\t\t\t\t<\/div>\n\t\t\t\t\t<\/div>\n\t\t<\/div>\n\t\t\t\t\t\t\t<\/div>\n\t\t<\/section>\n\t\t\t\t\t\t<\/div>\n\t\t\t\t\t<\/div>\n\t\t","protected":false},"excerpt":{"rendered":"<p>1st International Conference of Soil and Agriculture:TOWARDS SOIL SUSTAINABILITY11\u201313 June 2024 \u2022 Lublin\u2013Na\u0142\u0119cz\u00f3w, Poland https:\/\/doi.org\/10.24326\/ICSA1.PP.16Published online: 4 October 2024 Heavy metal toxicity of Fluvisols from embankments and inter-embankment zones using pollution indices \u2013 a case study from Odra river valley (SW Poland)Dorota Kawa\u0142ko*, Joanna Beata Kowalska Institute of Soil Science, Plant Nutrition and Environmental Protection, [&hellip;]<\/p>\n","protected":false},"author":196,"featured_media":0,"parent":139572,"menu_order":0,"comment_status":"closed","ping_status":"closed","template":"elementor_header_footer","meta":{"_monsterinsights_skip_tracking":false,"_monsterinsights_sitenote_active":false,"_monsterinsights_sitenote_note":"","_monsterinsights_sitenote_category":0},"_links":{"self":[{"href":"https:\/\/up.lublin.pl\/digital\/wp-json\/wp\/v2\/pages\/139934"}],"collection":[{"href":"https:\/\/up.lublin.pl\/digital\/wp-json\/wp\/v2\/pages"}],"about":[{"href":"https:\/\/up.lublin.pl\/digital\/wp-json\/wp\/v2\/types\/page"}],"author":[{"embeddable":true,"href":"https:\/\/up.lublin.pl\/digital\/wp-json\/wp\/v2\/users\/196"}],"replies":[{"embeddable":true,"href":"https:\/\/up.lublin.pl\/digital\/wp-json\/wp\/v2\/comments?post=139934"}],"version-history":[{"count":16,"href":"https:\/\/up.lublin.pl\/digital\/wp-json\/wp\/v2\/pages\/139934\/revisions"}],"predecessor-version":[{"id":140653,"href":"https:\/\/up.lublin.pl\/digital\/wp-json\/wp\/v2\/pages\/139934\/revisions\/140653"}],"up":[{"embeddable":true,"href":"https:\/\/up.lublin.pl\/digital\/wp-json\/wp\/v2\/pages\/139572"}],"wp:attachment":[{"href":"https:\/\/up.lublin.pl\/digital\/wp-json\/wp\/v2\/media?parent=139934"}],"curies":[{"name":"wp","href":"https:\/\/api.w.org\/{rel}","templated":true}]}}