{"id":139925,"date":"2024-10-03T13:55:10","date_gmt":"2024-10-03T11:55:10","guid":{"rendered":"https:\/\/up.lublin.pl\/digital\/?page_id=139925"},"modified":"2024-10-08T13:05:15","modified_gmt":"2024-10-08T11:05:15","slug":"icsa-2024-pp-15","status":"publish","type":"page","link":"https:\/\/up.lublin.pl\/digital\/conferences\/icsa2024\/icsa-2024-pp-15\/","title":{"rendered":"ICSA 2024, PP.15"},"content":{"rendered":"\t\t<div data-elementor-type=\"wp-page\" data-elementor-id=\"139925\" class=\"elementor elementor-139925\" data-elementor-settings=\"[]\">\n\t\t\t\t\t\t\t<div class=\"elementor-section-wrap\">\n\t\t\t\t\t\t\t<section class=\"elementor-section elementor-top-section elementor-element elementor-element-3caf8ba3 elementor-section-boxed elementor-section-height-default elementor-section-height-default\" data-id=\"3caf8ba3\" data-element_type=\"section\">\n\t\t\t\t\t\t<div class=\"elementor-container elementor-column-gap-default\">\n\t\t\t\t\t<div class=\"elementor-column elementor-col-100 elementor-top-column elementor-element elementor-element-48105503\" data-id=\"48105503\" data-element_type=\"column\">\n\t\t\t<div class=\"elementor-widget-wrap elementor-element-populated\">\n\t\t\t\t\t\t\t\t<div class=\"elementor-element elementor-element-7adf4243 elementor-widget elementor-widget-m2j\" data-id=\"7adf4243\" data-element_type=\"widget\" data-widget_type=\"m2j.default\">\n\t\t\t\t<div class=\"elementor-widget-container\">\n\t\t\t<section class=\"mn-m2-h\">\n    <div class=\"mn-image-container mn-container\">\n                    <img src=\"https:\/\/up.lublin.pl\/digital\/wp-content\/uploads\/sites\/10\/2024\/09\/icsa-banner_web.jpg\" alt=\"\">\n                        <\/div>\n    <div class=\"mn-grid mn-content\">\n            <\/div>\n<\/section>\n\t\t<\/div>\n\t\t\t\t<\/div>\n\t\t\t\t\t<\/div>\n\t\t<\/div>\n\t\t\t\t\t\t\t<\/div>\n\t\t<\/section>\n\t\t\t\t<section class=\"elementor-section elementor-top-section elementor-element elementor-element-576cd05e elementor-section-boxed elementor-section-height-default elementor-section-height-default\" data-id=\"576cd05e\" data-element_type=\"section\">\n\t\t\t\t\t\t<div class=\"elementor-container elementor-column-gap-default\">\n\t\t\t\t\t<div class=\"elementor-column elementor-col-100 elementor-top-column elementor-element elementor-element-52036434\" data-id=\"52036434\" data-element_type=\"column\">\n\t\t\t<div class=\"elementor-widget-wrap elementor-element-populated\">\n\t\t\t\t\t\t\t\t<div class=\"elementor-element elementor-element-55ced6d4 elementor-widget elementor-widget-m5c\" data-id=\"55ced6d4\" data-element_type=\"widget\" data-widget_type=\"m5c.default\">\n\t\t\t\t<div class=\"elementor-widget-container\">\n\t\t\t<section class=\"mn-m5-c mn-m5-d2 mn-bg-white\">\n\t<div class=\"mn-grid\">\n\t\t\t\t<div class=\"mn-content mn-grid-9\">\n\t\t\t                <div class=\"mn-content-block active\">\n\t                                                        <div class=\"block-text\">\n\t                                        <h2><span style=\"color: #333333\"><strong><span style=\"font-size: 14pt\">1st International Conference of Soil and Agriculture:<\/span><br \/><\/strong><span style=\"font-size: 18pt\">TOWARDS SOIL SUSTAINABILITY<\/span><strong><br \/><span style=\"font-size: 10pt\">11\u201313 June 2024 \u2022 Lublin\u2013Na\u0142\u0119cz\u00f3w, Poland<\/span><\/strong><\/span><\/h2>\n<hr \/>\n<p><a href=\"https:\/\/doi.org\/10.24326\/ICSA1.PP.15\"><span style=\"font-size: 10pt\">https:\/\/doi.org\/10.24326\/ICSA1.PP.15<\/span><\/a><br \/><span style=\"font-size: 10pt\">Published online: 4 October 2024<\/span><\/p>\n<h2><span style=\"font-size: 18pt\"><strong><span style=\"color: #333333\">Morphological changes of alluvial soils <br \/>under the conditions of Odra river valley regulation<\/span><br \/><\/strong><span style=\"font-size: 12pt;color: #000000\">Dorota Kawa\u0142ko*, Pawe\u0142 Jezierski, Katarzyna Szopka<\/span><\/span><\/h2>\n<p><span style=\"font-size: 10pt\">Institute of Soil Science, Plant Nutrition and Environmental Protection, Wroclaw University of Environmental and Life Science, Grunwaldzka 53, 50-357 Wroc\u0142aw, Polska<br \/><\/span><span style=\"font-size: 8pt\">* Corresponding author: dorota.kawalko@upwr.edu.pl<\/span><\/p>\n<p><strong>Abstract<br \/><\/strong>This study aimed to analyse the directions and intensity of the transformation morphological features in the profiles of alluvial farming soils under the permanently lowered groundwater table in a&nbsp;regulated river valley. The research was carried out in the low valley of the Odra River in its middle course downstream from Wroc\u0142aw. The soil profiles were exposed on the right bank of the Odra River on the Holocene floodplain terrace. They were located in the embanked zone used as grassland and outside the embankments in the areas used as arable lands. Soil morphology was described following the Annex to the Polish Soil Classification. In particular, attention was paid to the type, form, and intensity of soil gleying and redox precipitation, as well as soil structure and colour in the surface and subsurface horizons. Soils were classified using the WRB system (IUSS) and the Polish Soil Classification. Soil colour was determined using the Munsell Colour Atlas. Soils were sampled and analysed using the standard procedures in soil science. The studied soils differed in the morphological features of individual genetic horizons, the location of the groundwater table, the extent and intensity of redoximorphic features, as well as the depth and stratification of the alluvial parent material. This was reflected in the classification: Eutric Fluvic Gleysol (Pantoloamic), Eutric Gleyic Fluvic Cambisol (Ochric), Eutric Fluvic Stagnic Cambisol (Ochric), Eutric Stagnic Fluvisol (Katoarenic, Ochric, Brunic). In the area of this research, the effects of terrain micro-relief former meandering of the river are clearly visible, which is manifested by the heavier texture of the soils situated presently close to the river and lighter texture of soils located further away. The deep occurrence of the groundwater table in soils located in the slightly higher sites results in a&nbsp;lowering of vertical range of gleyic properties and their replacement with stagnic properties in the middle part of the soil profile. The change of the water regime contributed also to the increase of biological activity, and thus the development of the cambic horizon.<\/p>\n<p><strong>Keywords: <\/strong>alluvial soils, river regulation, groundwater level, morphological features<\/p>\n<p><span style=\"font-size: 10pt\"><strong>How to cite<br \/><\/strong>Kawa\u0142ko D., Jezierski P., Szopka K., 2024. Morphological changes of alluvial soils under the conditions of Odra river valley regulation. 1st International Conference of Soil and Agriculture: Towards Soil Sustainability. https:\/\/doi.org\/10.24326\/ICSA1.PP.15<\/span><\/p>\n                                        <\/div>\n\t\t\t\t\t\t                                <\/div>\n\t\t\t\t                <div class=\"mn-content-block\">\n\t                                <\/div>\n\t\t\t\t                <div class=\"mn-content-block\">\n\t                                <\/div>\n\t\t\t\t                <div class=\"mn-content-block\">\n\t                                <\/div>\n\t\t\t\t                <div class=\"mn-content-block\">\n\t                                <\/div>\n\t\t\t\t                <div class=\"mn-content-block\">\n\t                                <\/div>\n\t\t\t\t                <div class=\"mn-content-block\">\n\t                                <\/div>\n\t\t\t\t                <div class=\"mn-content-block\">\n\t                                <\/div>\n\t\t\t\t                <div class=\"mn-content-block\">\n\t                                <\/div>\n\t\t\t\t                <div class=\"mn-content-block\">\n\t                                <\/div>\n\t\t\t\t                <div class=\"mn-content-block\">\n\t                                <\/div>\n\t\t\t\t                <div class=\"mn-content-block\">\n\t                                <\/div>\n\t\t\t\t                <div class=\"mn-content-block\">\n\t                                <\/div>\n\t\t\t\t                <div class=\"mn-content-block\">\n\t                                <\/div>\n\t\t\t\t                <div class=\"mn-content-block\">\n\t                                <\/div>\n\t\t\t\t                <div class=\"mn-content-block\">\n\t                                <\/div>\n\t\t\t\t                <div class=\"mn-content-block\">\n\t                                <\/div>\n\t\t\t\t                <div class=\"mn-content-block\">\n\t                                <\/div>\n\t\t\t\t                <div class=\"mn-content-block\">\n\t                                <\/div>\n\t\t\t\t                <div class=\"mn-content-block\">\n\t                                <\/div>\n\t\t\t\t\t\t<\/div>\n\t<\/div>\n<\/section>\n\t\t<\/div>\n\t\t\t\t<\/div>\n\t\t\t\t\t<\/div>\n\t\t<\/div>\n\t\t\t\t\t\t\t<\/div>\n\t\t<\/section>\n\t\t\t\t\t\t<\/div>\n\t\t\t\t\t<\/div>\n\t\t","protected":false},"excerpt":{"rendered":"<p>1st International Conference of Soil and Agriculture:TOWARDS SOIL SUSTAINABILITY11\u201313 June 2024 \u2022 Lublin\u2013Na\u0142\u0119cz\u00f3w, Poland https:\/\/doi.org\/10.24326\/ICSA1.PP.15Published online: 4 October 2024 Morphological changes of alluvial soils under the conditions of Odra river valley regulationDorota Kawa\u0142ko*, Pawe\u0142 Jezierski, Katarzyna Szopka Institute of Soil Science, Plant Nutrition and Environmental Protection, Wroclaw University of Environmental and Life Science, Grunwaldzka 53, [&hellip;]<\/p>\n","protected":false},"author":196,"featured_media":0,"parent":139572,"menu_order":0,"comment_status":"closed","ping_status":"closed","template":"elementor_header_footer","meta":{"_monsterinsights_skip_tracking":false,"_monsterinsights_sitenote_active":false,"_monsterinsights_sitenote_note":"","_monsterinsights_sitenote_category":0},"_links":{"self":[{"href":"https:\/\/up.lublin.pl\/digital\/wp-json\/wp\/v2\/pages\/139925"}],"collection":[{"href":"https:\/\/up.lublin.pl\/digital\/wp-json\/wp\/v2\/pages"}],"about":[{"href":"https:\/\/up.lublin.pl\/digital\/wp-json\/wp\/v2\/types\/page"}],"author":[{"embeddable":true,"href":"https:\/\/up.lublin.pl\/digital\/wp-json\/wp\/v2\/users\/196"}],"replies":[{"embeddable":true,"href":"https:\/\/up.lublin.pl\/digital\/wp-json\/wp\/v2\/comments?post=139925"}],"version-history":[{"count":13,"href":"https:\/\/up.lublin.pl\/digital\/wp-json\/wp\/v2\/pages\/139925\/revisions"}],"predecessor-version":[{"id":140650,"href":"https:\/\/up.lublin.pl\/digital\/wp-json\/wp\/v2\/pages\/139925\/revisions\/140650"}],"up":[{"embeddable":true,"href":"https:\/\/up.lublin.pl\/digital\/wp-json\/wp\/v2\/pages\/139572"}],"wp:attachment":[{"href":"https:\/\/up.lublin.pl\/digital\/wp-json\/wp\/v2\/media?parent=139925"}],"curies":[{"name":"wp","href":"https:\/\/api.w.org\/{rel}","templated":true}]}}