{"id":139908,"date":"2024-10-03T13:14:43","date_gmt":"2024-10-03T11:14:43","guid":{"rendered":"https:\/\/up.lublin.pl\/digital\/?page_id=139908"},"modified":"2024-10-08T13:01:41","modified_gmt":"2024-10-08T11:01:41","slug":"icsa-2024-pp-13","status":"publish","type":"page","link":"https:\/\/up.lublin.pl\/digital\/conferences\/icsa2024\/icsa-2024-pp-13\/","title":{"rendered":"ICSA 2024, PP.13"},"content":{"rendered":"\t\t<div data-elementor-type=\"wp-page\" data-elementor-id=\"139908\" class=\"elementor elementor-139908\" data-elementor-settings=\"[]\">\n\t\t\t\t\t\t\t<div class=\"elementor-section-wrap\">\n\t\t\t\t\t\t\t<section class=\"elementor-section elementor-top-section elementor-element elementor-element-731eaa7a elementor-section-boxed elementor-section-height-default elementor-section-height-default\" data-id=\"731eaa7a\" data-element_type=\"section\">\n\t\t\t\t\t\t<div class=\"elementor-container elementor-column-gap-default\">\n\t\t\t\t\t<div class=\"elementor-column elementor-col-100 elementor-top-column elementor-element elementor-element-30be0417\" data-id=\"30be0417\" data-element_type=\"column\">\n\t\t\t<div class=\"elementor-widget-wrap elementor-element-populated\">\n\t\t\t\t\t\t\t\t<div class=\"elementor-element elementor-element-383a87bf elementor-widget elementor-widget-m2j\" data-id=\"383a87bf\" data-element_type=\"widget\" data-widget_type=\"m2j.default\">\n\t\t\t\t<div class=\"elementor-widget-container\">\n\t\t\t<section class=\"mn-m2-h\">\n    <div class=\"mn-image-container mn-container\">\n                    <img src=\"https:\/\/up.lublin.pl\/digital\/wp-content\/uploads\/sites\/10\/2024\/09\/icsa-banner_web.jpg\" alt=\"\">\n                        <\/div>\n    <div class=\"mn-grid mn-content\">\n            <\/div>\n<\/section>\n\t\t<\/div>\n\t\t\t\t<\/div>\n\t\t\t\t\t<\/div>\n\t\t<\/div>\n\t\t\t\t\t\t\t<\/div>\n\t\t<\/section>\n\t\t\t\t<section class=\"elementor-section elementor-top-section elementor-element elementor-element-3314685d elementor-section-boxed elementor-section-height-default elementor-section-height-default\" data-id=\"3314685d\" data-element_type=\"section\">\n\t\t\t\t\t\t<div class=\"elementor-container elementor-column-gap-default\">\n\t\t\t\t\t<div class=\"elementor-column elementor-col-100 elementor-top-column elementor-element elementor-element-675ce3b1\" data-id=\"675ce3b1\" data-element_type=\"column\">\n\t\t\t<div class=\"elementor-widget-wrap elementor-element-populated\">\n\t\t\t\t\t\t\t\t<div class=\"elementor-element elementor-element-180afca9 elementor-widget elementor-widget-m5c\" data-id=\"180afca9\" data-element_type=\"widget\" data-widget_type=\"m5c.default\">\n\t\t\t\t<div class=\"elementor-widget-container\">\n\t\t\t<section class=\"mn-m5-c mn-m5-d2 mn-bg-white\">\n\t<div class=\"mn-grid\">\n\t\t\t\t<div class=\"mn-content mn-grid-9\">\n\t\t\t                <div class=\"mn-content-block active\">\n\t                                                        <div class=\"block-text\">\n\t                                        <h2><span style=\"color: #333333\"><strong><span style=\"font-size: 14pt\">1st International Conference of Soil and Agriculture:<\/span><br \/><\/strong><span style=\"font-size: 18pt\">TOWARDS SOIL SUSTAINABILITY<\/span><strong><br \/><span style=\"font-size: 10pt\">11\u201313 June 2024 \u2022 Lublin\u2013Na\u0142\u0119cz\u00f3w, Poland<\/span><\/strong><\/span><\/h2>\n<hr \/>\n<p><a href=\"https:\/\/doi.org\/10.24326\/ICSA1.PP.13\"><span style=\"font-size: 10pt\">https:\/\/doi.org\/10.24326\/ICSA1.PP.13<\/span><\/a><br \/><span style=\"font-size: 10pt\">Published online: 4 October 2024<\/span><\/p>\n<h2><span style=\"color: #333333\"><span style=\"font-size: 12pt\"><strong><span style=\"font-size: 18pt\">Physical properties of the soil of the dry valley \u201cRury Park\u201d in Lublin<\/span><br \/><\/strong><span style=\"color: #000000\">Monika Jaroszuk-Sieroci\u0144ska*<\/span><\/span><\/span><\/h2>\n<p><span style=\"font-size: 10pt\">Institute of Soil Science, Environmental Engineering and Management, University of Life Sciences in Lublin, Leszczy\u0144skiego 7, 20-069 Lublin, Poland<br \/><\/span><span style=\"font-size: 8pt\">* Corresponding author: monika.jaroszuk@up.lublin.pl<\/span><\/p>\n<p><strong>Abstract<br \/><\/strong>In the western part of Lublin, there is a&nbsp;unique loess landform, characterized by the presence of dry erosion-denudation valleys, commonly referred to as ravines. The dry valleys, which dominate the city&#8217;s landscape, have a&nbsp;bowl-shaped cross-section, a&nbsp;width of up to several hundred meters, and gently sloping sides.\u00a0 The dry valleys and gorges of Lublin are being partially or completely devastated as a&nbsp;result of the intensifying urbanization process. In places where intensive plant cultivation was previously used and then the construction of housing blocks, the soil cover was transformed into Technosols. Rury Park, established in the 1980s, spans approximately 40 hectares between the neighborhoods of Konopnicka, Prus, Ruta and Skarpa. The main infrastructure element is a&nbsp;pedestrian and bicycle path that runs from the allotment gardens to the Bystrzyca Valley. Research was carried out on the physical properties of cultured soils in the Rury Park in Lublin. Samples for testing were taken from five pedons, from layers 0\u201325, 25\u201350 and 50\u201375 cm, into cylinders with a&nbsp;volume of 100 cm<sup>3<\/sup>. The bulk density of the soil, the density of the solid phase and the water capacity in states of high and low water potential were determined. Calculations were made of general porosity, retention of production and useful water for plants, and air capacity in various states of water potential. The physical condition of the park\u2019s soil, which was formed as a&nbsp;result of anthropogenic activities, was assessed as very good. The soils were characterized by high overall porosity, very high full water capacity and field water capacity, very high and high retention of water useful for plants and production water, and varied field air capacity from low to excessive. In order to preserve natural functions and appropriate water and air properties in dry valleys and ravines, especially water retention, ventilation, fauna and flora refuges, they should be protected and appropriately used as urban parks.<\/p>\n<p><strong>Keywords: <\/strong>physical properties, urban soils, dry valley<\/p>\n<p><span style=\"font-size: 10pt\"><strong>How to cite<br \/><\/strong>Jaroszuk-Sieroci\u0144ska M., 2024. Physical properties of the soil of the dry valley \u201cRury Park\u201d in Lublin. 1st International Conference of Soil and Agriculture: Towards Soil Sustainability. https:\/\/doi.org\/10.24326\/ICSA1.PP.13<\/span><\/p>\n                                        <\/div>\n\t\t\t\t\t\t                                <\/div>\n\t\t\t\t                <div class=\"mn-content-block\">\n\t                                <\/div>\n\t\t\t\t                <div class=\"mn-content-block\">\n\t                                <\/div>\n\t\t\t\t                <div class=\"mn-content-block\">\n\t                                <\/div>\n\t\t\t\t                <div class=\"mn-content-block\">\n\t                                <\/div>\n\t\t\t\t                <div class=\"mn-content-block\">\n\t                                <\/div>\n\t\t\t\t                <div class=\"mn-content-block\">\n\t                                <\/div>\n\t\t\t\t                <div class=\"mn-content-block\">\n\t                                <\/div>\n\t\t\t\t                <div class=\"mn-content-block\">\n\t                                <\/div>\n\t\t\t\t                <div class=\"mn-content-block\">\n\t                                <\/div>\n\t\t\t\t                <div class=\"mn-content-block\">\n\t                                <\/div>\n\t\t\t\t                <div class=\"mn-content-block\">\n\t                                <\/div>\n\t\t\t\t                <div class=\"mn-content-block\">\n\t                                <\/div>\n\t\t\t\t                <div class=\"mn-content-block\">\n\t                                <\/div>\n\t\t\t\t                <div class=\"mn-content-block\">\n\t                                <\/div>\n\t\t\t\t                <div class=\"mn-content-block\">\n\t                                <\/div>\n\t\t\t\t                <div class=\"mn-content-block\">\n\t                                <\/div>\n\t\t\t\t                <div class=\"mn-content-block\">\n\t                                <\/div>\n\t\t\t\t                <div class=\"mn-content-block\">\n\t                                <\/div>\n\t\t\t\t                <div class=\"mn-content-block\">\n\t                                <\/div>\n\t\t\t\t\t\t<\/div>\n\t<\/div>\n<\/section>\n\t\t<\/div>\n\t\t\t\t<\/div>\n\t\t\t\t\t<\/div>\n\t\t<\/div>\n\t\t\t\t\t\t\t<\/div>\n\t\t<\/section>\n\t\t\t\t\t\t<\/div>\n\t\t\t\t\t<\/div>\n\t\t","protected":false},"excerpt":{"rendered":"<p>1st International Conference of Soil and Agriculture:TOWARDS SOIL SUSTAINABILITY11\u201313 June 2024 \u2022 Lublin\u2013Na\u0142\u0119cz\u00f3w, Poland https:\/\/doi.org\/10.24326\/ICSA1.PP.13Published online: 4 October 2024 Physical properties of the soil of the dry valley \u201cRury Park\u201d in LublinMonika Jaroszuk-Sieroci\u0144ska* Institute of Soil Science, Environmental Engineering and Management, University of Life Sciences in Lublin, Leszczy\u0144skiego 7, 20-069 Lublin, Poland* Corresponding author: monika.jaroszuk@up.lublin.pl [&hellip;]<\/p>\n","protected":false},"author":196,"featured_media":0,"parent":139572,"menu_order":0,"comment_status":"closed","ping_status":"closed","template":"elementor_header_footer","meta":{"_monsterinsights_skip_tracking":false,"_monsterinsights_sitenote_active":false,"_monsterinsights_sitenote_note":"","_monsterinsights_sitenote_category":0},"_links":{"self":[{"href":"https:\/\/up.lublin.pl\/digital\/wp-json\/wp\/v2\/pages\/139908"}],"collection":[{"href":"https:\/\/up.lublin.pl\/digital\/wp-json\/wp\/v2\/pages"}],"about":[{"href":"https:\/\/up.lublin.pl\/digital\/wp-json\/wp\/v2\/types\/page"}],"author":[{"embeddable":true,"href":"https:\/\/up.lublin.pl\/digital\/wp-json\/wp\/v2\/users\/196"}],"replies":[{"embeddable":true,"href":"https:\/\/up.lublin.pl\/digital\/wp-json\/wp\/v2\/comments?post=139908"}],"version-history":[{"count":10,"href":"https:\/\/up.lublin.pl\/digital\/wp-json\/wp\/v2\/pages\/139908\/revisions"}],"predecessor-version":[{"id":140644,"href":"https:\/\/up.lublin.pl\/digital\/wp-json\/wp\/v2\/pages\/139908\/revisions\/140644"}],"up":[{"embeddable":true,"href":"https:\/\/up.lublin.pl\/digital\/wp-json\/wp\/v2\/pages\/139572"}],"wp:attachment":[{"href":"https:\/\/up.lublin.pl\/digital\/wp-json\/wp\/v2\/media?parent=139908"}],"curies":[{"name":"wp","href":"https:\/\/api.w.org\/{rel}","templated":true}]}}