{"id":139900,"date":"2024-10-03T13:10:37","date_gmt":"2024-10-03T11:10:37","guid":{"rendered":"https:\/\/up.lublin.pl\/digital\/?page_id=139900"},"modified":"2024-10-08T12:59:59","modified_gmt":"2024-10-08T10:59:59","slug":"icsa-2024-pp-12","status":"publish","type":"page","link":"https:\/\/up.lublin.pl\/digital\/conferences\/icsa2024\/icsa-2024-pp-12\/","title":{"rendered":"ICSA 2024, PP.12"},"content":{"rendered":"\t\t<div data-elementor-type=\"wp-page\" data-elementor-id=\"139900\" class=\"elementor elementor-139900\" data-elementor-settings=\"[]\">\n\t\t\t\t\t\t\t<div class=\"elementor-section-wrap\">\n\t\t\t\t\t\t\t<section class=\"elementor-section elementor-top-section elementor-element elementor-element-4ec017fb elementor-section-boxed elementor-section-height-default elementor-section-height-default\" data-id=\"4ec017fb\" data-element_type=\"section\">\n\t\t\t\t\t\t<div class=\"elementor-container elementor-column-gap-default\">\n\t\t\t\t\t<div class=\"elementor-column elementor-col-100 elementor-top-column elementor-element elementor-element-5f2f63c8\" data-id=\"5f2f63c8\" data-element_type=\"column\">\n\t\t\t<div class=\"elementor-widget-wrap elementor-element-populated\">\n\t\t\t\t\t\t\t\t<div class=\"elementor-element elementor-element-9eb7e88 elementor-widget elementor-widget-m2j\" data-id=\"9eb7e88\" data-element_type=\"widget\" data-widget_type=\"m2j.default\">\n\t\t\t\t<div class=\"elementor-widget-container\">\n\t\t\t<section class=\"mn-m2-h\">\n    <div class=\"mn-image-container mn-container\">\n                    <img src=\"https:\/\/up.lublin.pl\/digital\/wp-content\/uploads\/sites\/10\/2024\/09\/icsa-banner_web.jpg\" alt=\"\">\n                        <\/div>\n    <div class=\"mn-grid mn-content\">\n            <\/div>\n<\/section>\n\t\t<\/div>\n\t\t\t\t<\/div>\n\t\t\t\t\t<\/div>\n\t\t<\/div>\n\t\t\t\t\t\t\t<\/div>\n\t\t<\/section>\n\t\t\t\t<section class=\"elementor-section elementor-top-section elementor-element elementor-element-52d9c41e elementor-section-boxed elementor-section-height-default elementor-section-height-default\" data-id=\"52d9c41e\" data-element_type=\"section\">\n\t\t\t\t\t\t<div class=\"elementor-container elementor-column-gap-default\">\n\t\t\t\t\t<div class=\"elementor-column elementor-col-100 elementor-top-column elementor-element elementor-element-620094a8\" data-id=\"620094a8\" data-element_type=\"column\">\n\t\t\t<div class=\"elementor-widget-wrap elementor-element-populated\">\n\t\t\t\t\t\t\t\t<div class=\"elementor-element elementor-element-7a15e42b elementor-widget elementor-widget-m5c\" data-id=\"7a15e42b\" data-element_type=\"widget\" data-widget_type=\"m5c.default\">\n\t\t\t\t<div class=\"elementor-widget-container\">\n\t\t\t<section class=\"mn-m5-c mn-m5-d2 mn-bg-white\">\n\t<div class=\"mn-grid\">\n\t\t\t\t<div class=\"mn-content mn-grid-9\">\n\t\t\t                <div class=\"mn-content-block active\">\n\t                                                        <div class=\"block-text\">\n\t                                        <h2><span style=\"color: #333333\"><strong><span style=\"font-size: 14pt\">1st International Conference of Soil and Agriculture:<\/span><br \/><\/strong><span style=\"font-size: 18pt\">TOWARDS SOIL SUSTAINABILITY<\/span><strong><br \/><span style=\"font-size: 10pt\">11\u201313 June 2024 \u2022 Lublin\u2013Na\u0142\u0119cz\u00f3w, Poland<\/span><\/strong><\/span><\/h2>\n<hr \/>\n<p><a href=\"https:\/\/doi.org\/10.24326\/ICSA1.PP.12\"><span style=\"font-size: 10pt\">https:\/\/doi.org\/10.24326\/ICSA1.PP.12<\/span><\/a><br \/><span style=\"font-size: 10pt\">Published online: 4 October 2024<\/span><\/p>\n<h2><span style=\"color: #333333\"><strong><span style=\"font-size: 12pt\"><span style=\"font-size: 18pt\">The influence of biostimulants on the growth <br \/>and physiological parameters of <em>Sorghum sudanense \u00d7 bicolor<\/em> grown on soil contaminated with metals<\/span><br \/><\/span><\/strong><span style=\"color: #000000;font-size: 12pt\">Karolina Jaros<sup>1,4<\/sup>*, Karolina Olech<sup>1<\/sup>, Piotr Sugier<sup>2<\/sup>, Jolanta Jaroszuk-\u015acise\u0142<sup>3<\/sup>, <br \/>Jaco Vangronsveld<sup>1,4<\/sup>, Sofie Thijs<sup>4<\/sup>, Francois Rineau<sup>4<\/sup>, Ma\u0142gorzata W\u00f3jcik<sup>1<\/sup><\/span><\/span><\/h2>\n<p><span style=\"font-size: 10pt\"><sup>1<\/sup> Department of Plant Physiology and Biophysics, Maria Curie-Sk\u0142odowska University, Akademicka 19, 20-033 Lublin, Poland<\/span><br \/><span style=\"font-size: 10pt\"><sup>2<\/sup> Department of Botany, Mycology and Ecology, Maria Curie-Sk\u0142odowska University, Akademicka 19, 20-033 Lublin, Poland<\/span><br \/><span style=\"font-size: 10pt\"><sup>3<\/sup> Department of Industrial and Environmental Microbiology, Maria Curie-Sk\u0142odowska University, Akademicka 19, <br \/>20-033 Lublin, Poland<\/span><br \/><span style=\"font-size: 10pt\"><sup>4<\/sup> Centre for Environmental Sciences, Hasselt University, 3590 Diepenbeek, Belgium<\/span><br \/><span style=\"font-size: 8pt\">* Corresponding author: karolinajaros430@gmail.com<\/span><\/p>\n<p><strong>Abstract<br \/><\/strong>Sorghum is an annual plant yielding up to 50 t&nbsp;DM per ha. It has low soil requirements, low water demand and high tolerance to elevated temperatures, so it can be grown in tropical, subtropical and temperate climates. Sorghum yield can be used in the food, feed and energy industries. Sorghum is not classified as a&nbsp;hyperaccumulator plant, however, thanks to its high tolerance to pollutants such as metals\/metalloids in the soil and its high yield, it can be used in phytoremediation. Currently, the area of contaminated lands in Europe exceeds 10 million ha, of which 37% are sites contaminated with metals. The presence of metals in the environment leads to disruption of plant metabolism, resulting in lower and poorer quality yields. One of the reasons for this is oxidative stress caused by excessive production of reactive oxygen species in plant tissues. Reactive oxygen species inactivate enzymes and lead to peroxidation of phospholipid membranes. By using agents such as biostimulants, you can diminish the negative effects of stress. The aim of the study was to determine the effect of humic substances (H) and a&nbsp;combination of humic substances and mycorrhiza (HM) on the growth, physiological parameters, and metal accumulation in <em>Sorghum sudanense x&nbsp;bicolor<\/em> variety Bulldozer grown in metal-contaminated soil. An experiment was carried out in the field contaminated with Cd (51.56 mg\/kg), Zn (8057 mg\/kg), and Pb (2340 mg\/kg) in amounts significantly exceeding the permissible limits for soils used for agriculture. Humic substances (commercial preparation Lonite) were applied to the soil twice: one and two months after sowing, and mycorrhiza (commercial preparation Symbivit) was applied to the soil at sowing the seeds, according to the protocols provided by the producers. The plants were cultivated for 16 weeks. The biostimulants used (H and HM) resulted in a&nbsp;significantly higher biomass of sorghum compared to plants grown without biostimulant application, but did not affect the accumulation of metals (Cd, Pb and Zn) in the above-ground parts. The higher concentration of sugars, chlorophyll and the lower concentration of lipid peroxidation products in sorghum grown with humic substances indicate that this biostimulant has a&nbsp;positive impact on relieving stress. Humic substances used alone or with mycorrhiza may stimulate the growth and metabolism of sorghum grown in metal-contaminated areas.<br \/>This project has received funding from the European Union\u2019s Horizon 2020 Research and Innovation Programme under Grant Agreement No. 101006873.<\/p>\n<p><strong>Keywords: <\/strong>sorghum, biostimulants, phytoremediation, contaminated land<\/p>\n<p><span style=\"font-size: 10pt\"><strong>How to cite<br \/><\/strong>Jaros K., Olech K., Sugier P., Jaroszuk-\u015acise\u0142 J., Vangronsveld J., Thijs S., Rineau F., W\u00f3jcik M., 2024. The influence of biostimulants on the growth and physiological parameters of <em>Sorghum sudanense \u00d7 bicolor<\/em> grown on soil contaminated with metals. 1st International Conference of Soil and Agriculture: Towards Soil Sustainability. https:\/\/doi.org\/10.24326\/ICSA1.PP.12<\/span><\/p>\n                                        <\/div>\n\t\t\t\t\t\t                                <\/div>\n\t\t\t\t                <div class=\"mn-content-block\">\n\t                                <\/div>\n\t\t\t\t                <div class=\"mn-content-block\">\n\t                                <\/div>\n\t\t\t\t                <div class=\"mn-content-block\">\n\t                                <\/div>\n\t\t\t\t                <div class=\"mn-content-block\">\n\t                                <\/div>\n\t\t\t\t                <div class=\"mn-content-block\">\n\t                                <\/div>\n\t\t\t\t                <div class=\"mn-content-block\">\n\t                                <\/div>\n\t\t\t\t                <div class=\"mn-content-block\">\n\t                                <\/div>\n\t\t\t\t                <div class=\"mn-content-block\">\n\t                                <\/div>\n\t\t\t\t                <div class=\"mn-content-block\">\n\t                                <\/div>\n\t\t\t\t                <div class=\"mn-content-block\">\n\t                                <\/div>\n\t\t\t\t                <div class=\"mn-content-block\">\n\t                                <\/div>\n\t\t\t\t                <div class=\"mn-content-block\">\n\t                                <\/div>\n\t\t\t\t                <div class=\"mn-content-block\">\n\t                                <\/div>\n\t\t\t\t                <div class=\"mn-content-block\">\n\t                                <\/div>\n\t\t\t\t                <div class=\"mn-content-block\">\n\t                                <\/div>\n\t\t\t\t                <div class=\"mn-content-block\">\n\t                                <\/div>\n\t\t\t\t                <div class=\"mn-content-block\">\n\t                                <\/div>\n\t\t\t\t                <div class=\"mn-content-block\">\n\t                                <\/div>\n\t\t\t\t                <div class=\"mn-content-block\">\n\t                                <\/div>\n\t\t\t\t\t\t<\/div>\n\t<\/div>\n<\/section>\n\t\t<\/div>\n\t\t\t\t<\/div>\n\t\t\t\t\t<\/div>\n\t\t<\/div>\n\t\t\t\t\t\t\t<\/div>\n\t\t<\/section>\n\t\t\t\t\t\t<\/div>\n\t\t\t\t\t<\/div>\n\t\t","protected":false},"excerpt":{"rendered":"<p>1st International Conference of Soil and Agriculture:TOWARDS SOIL SUSTAINABILITY11\u201313 June 2024 \u2022 Lublin\u2013Na\u0142\u0119cz\u00f3w, Poland https:\/\/doi.org\/10.24326\/ICSA1.PP.12Published online: 4 October 2024 The influence of biostimulants on the growth and physiological parameters of Sorghum sudanense \u00d7 bicolor grown on soil contaminated with metalsKarolina Jaros1,4*, Karolina Olech1, Piotr Sugier2, Jolanta Jaroszuk-\u015acise\u01423, Jaco Vangronsveld1,4, Sofie Thijs4, Francois Rineau4, Ma\u0142gorzata W\u00f3jcik1 [&hellip;]<\/p>\n","protected":false},"author":196,"featured_media":0,"parent":139572,"menu_order":0,"comment_status":"closed","ping_status":"closed","template":"elementor_header_footer","meta":{"_monsterinsights_skip_tracking":false,"_monsterinsights_sitenote_active":false,"_monsterinsights_sitenote_note":"","_monsterinsights_sitenote_category":0},"_links":{"self":[{"href":"https:\/\/up.lublin.pl\/digital\/wp-json\/wp\/v2\/pages\/139900"}],"collection":[{"href":"https:\/\/up.lublin.pl\/digital\/wp-json\/wp\/v2\/pages"}],"about":[{"href":"https:\/\/up.lublin.pl\/digital\/wp-json\/wp\/v2\/types\/page"}],"author":[{"embeddable":true,"href":"https:\/\/up.lublin.pl\/digital\/wp-json\/wp\/v2\/users\/196"}],"replies":[{"embeddable":true,"href":"https:\/\/up.lublin.pl\/digital\/wp-json\/wp\/v2\/comments?post=139900"}],"version-history":[{"count":19,"href":"https:\/\/up.lublin.pl\/digital\/wp-json\/wp\/v2\/pages\/139900\/revisions"}],"predecessor-version":[{"id":140641,"href":"https:\/\/up.lublin.pl\/digital\/wp-json\/wp\/v2\/pages\/139900\/revisions\/140641"}],"up":[{"embeddable":true,"href":"https:\/\/up.lublin.pl\/digital\/wp-json\/wp\/v2\/pages\/139572"}],"wp:attachment":[{"href":"https:\/\/up.lublin.pl\/digital\/wp-json\/wp\/v2\/media?parent=139900"}],"curies":[{"name":"wp","href":"https:\/\/api.w.org\/{rel}","templated":true}]}}