{"id":139891,"date":"2024-10-03T13:06:57","date_gmt":"2024-10-03T11:06:57","guid":{"rendered":"https:\/\/up.lublin.pl\/digital\/?page_id=139891"},"modified":"2024-10-08T12:58:21","modified_gmt":"2024-10-08T10:58:21","slug":"icsa-2024-pp-11","status":"publish","type":"page","link":"https:\/\/up.lublin.pl\/digital\/conferences\/icsa2024\/icsa-2024-pp-11\/","title":{"rendered":"ICSA 2024, PP.11"},"content":{"rendered":"\t\t<div data-elementor-type=\"wp-page\" data-elementor-id=\"139891\" class=\"elementor elementor-139891\" data-elementor-settings=\"[]\">\n\t\t\t\t\t\t\t<div class=\"elementor-section-wrap\">\n\t\t\t\t\t\t\t<section class=\"elementor-section elementor-top-section elementor-element elementor-element-3b4f24ca elementor-section-boxed elementor-section-height-default elementor-section-height-default\" data-id=\"3b4f24ca\" data-element_type=\"section\">\n\t\t\t\t\t\t<div class=\"elementor-container elementor-column-gap-default\">\n\t\t\t\t\t<div class=\"elementor-column elementor-col-100 elementor-top-column elementor-element elementor-element-1e72a757\" data-id=\"1e72a757\" data-element_type=\"column\">\n\t\t\t<div class=\"elementor-widget-wrap elementor-element-populated\">\n\t\t\t\t\t\t\t\t<div class=\"elementor-element elementor-element-230f470e elementor-widget elementor-widget-m2j\" data-id=\"230f470e\" data-element_type=\"widget\" data-widget_type=\"m2j.default\">\n\t\t\t\t<div class=\"elementor-widget-container\">\n\t\t\t<section class=\"mn-m2-h\">\n    <div class=\"mn-image-container mn-container\">\n                    <img src=\"https:\/\/up.lublin.pl\/digital\/wp-content\/uploads\/sites\/10\/2024\/09\/icsa-banner_web.jpg\" alt=\"\">\n                        <\/div>\n    <div class=\"mn-grid mn-content\">\n            <\/div>\n<\/section>\n\t\t<\/div>\n\t\t\t\t<\/div>\n\t\t\t\t\t<\/div>\n\t\t<\/div>\n\t\t\t\t\t\t\t<\/div>\n\t\t<\/section>\n\t\t\t\t<section class=\"elementor-section elementor-top-section elementor-element elementor-element-6231eeef elementor-section-boxed elementor-section-height-default elementor-section-height-default\" data-id=\"6231eeef\" data-element_type=\"section\">\n\t\t\t\t\t\t<div class=\"elementor-container elementor-column-gap-default\">\n\t\t\t\t\t<div class=\"elementor-column elementor-col-100 elementor-top-column elementor-element elementor-element-7032e04e\" data-id=\"7032e04e\" data-element_type=\"column\">\n\t\t\t<div class=\"elementor-widget-wrap elementor-element-populated\">\n\t\t\t\t\t\t\t\t<div class=\"elementor-element elementor-element-4e0fface elementor-widget elementor-widget-m5c\" data-id=\"4e0fface\" data-element_type=\"widget\" data-widget_type=\"m5c.default\">\n\t\t\t\t<div class=\"elementor-widget-container\">\n\t\t\t<section class=\"mn-m5-c mn-m5-d2 mn-bg-white\">\n\t<div class=\"mn-grid\">\n\t\t\t\t<div class=\"mn-content mn-grid-9\">\n\t\t\t                <div class=\"mn-content-block active\">\n\t                                                        <div class=\"block-text\">\n\t                                        <h2><span style=\"color: #333333\"><strong><span style=\"font-size: 14pt\">1st International Conference of Soil and Agriculture:<\/span><br \/><\/strong><span style=\"font-size: 18pt\">TOWARDS SOIL SUSTAINABILITY<\/span><strong><br \/><span style=\"font-size: 10pt\">11\u201313 June 2024 \u2022 Lublin\u2013Na\u0142\u0119cz\u00f3w, Poland<\/span><\/strong><\/span><\/h2>\n<hr \/>\n<p><a href=\"https:\/\/doi.org\/10.24326\/ICSA1.PP.11\"><span style=\"font-size: 10pt\">https:\/\/doi.org\/10.24326\/ICSA1.PP.11<\/span><\/a><br \/><span style=\"font-size: 10pt\">Published online: 4 October 2024<\/span><\/p>\n<h2><span style=\"color: #333333\"><strong><span style=\"font-size: 12pt\"><span style=\"font-size: 18pt\">Evaluating the environmental impacts of conventional <br \/>and organic wheat production through life cycle assessment<\/span><br \/><\/span><\/strong><span style=\"color: #000000;font-size: 12pt\">Ma\u0142gorzata Holka*, Jolanta Kowalska<\/span><\/span><\/h2>\n<p><span style=\"font-size: 10pt\">Department of Organic Agriculture and Environmental Protection, Institute of Plant Protection\u2014National Research Institute, W\u0142adys\u0142awa W\u0119gorka 20, 60-318 Pozna\u0144, Poland<\/span><br \/><span style=\"font-size: 8pt\">* Corresponding author: m.holka@iorpib.poznan.pl<\/span><\/p>\n<p><strong>Abstract<br \/><\/strong>Agricultural activities have a&nbsp;strong impact on the environment. While mineral fertilizers and chemical plant protection products bolster farm productivity and economic outcomes, their usage may contribute to negative effects on the environment, such as soil, water, and air pollution and degradation, alongside biodiversity loss. Against the backdrop of diverse environmental challenges, there\u2019s a&nbsp;pressing need to foster more sustainable agricultural practices. Embracing organic farming stands out as a&nbsp;viable strategy to mitigate the detrimental impact of agricultural operations on the environment. The organic production system largely excludes the use of agricultural chemicals and relies primarily on proper crop rotation and other natural methods of maintaining or increasing the biological activity of the soil. Moreover, it emphasizes careful selection of plant species and varieties. Consequently, it reduces chemical pollution, fosters soil fertility, and preserves biodiversity while allowing for the production of high-quality food. Increased demand for plant-based products in food markets is a&nbsp;factor influencing the increase in the environmental impact of crop production. Therefore, it is necessary to recognize various agricultural production systems in terms of their environmental impact and the environmental performance of the technologies employed. One of the tools enabling comprehensive estimation of the environmental effects of agricultural activity is the life cycle assessment (LCA). This study aimed to assess the environmental impacts of winter wheat production in two systems: organic and conventional. Employing a&nbsp;Life Cycle Assessment (LCA) methodology, the research analysed the entire production process from cradle to farm gate, considering various environmental impact categories as recommended by the CML baseline method. The study presents the results for the following impact indicators: global warming potential, acidification potential, abiotic depletion potentials for minerals and fossil fuels, eutrophication potential, and photochemical ozone creation potential in wheat cultivation in different agricultural systems, for two functional units of 1 ha and 1 t. Findings indicated that the aggregated environmental index for wheat production was higher in the conventional compared to the organic system. The environmental index was primarily influenced by total acidification potential, followed by abiotic resources depletion potential and eutrophication potential.<\/p>\n<p><strong>Keywords:\u00a0<\/strong>wheat, farming systems, environmental effects, life cycle assessment, sustainable agriculture<\/p>\n<p><span style=\"font-size: 10pt\"><strong>How to cite<br \/><\/strong>Holka M., Kowalska J., 2024. Evaluating the environmental impacts of conventional and organic wheat production through life cycle assessment. 1st International Conference of Soil and Agriculture: Towards Soil Sustainability. https:\/\/doi.org\/10.24326\/ICSA1.PP.11<\/span><\/p>\n                                        <\/div>\n\t\t\t\t\t\t                                <\/div>\n\t\t\t\t                <div class=\"mn-content-block\">\n\t                                <\/div>\n\t\t\t\t                <div class=\"mn-content-block\">\n\t                                <\/div>\n\t\t\t\t                <div class=\"mn-content-block\">\n\t                                <\/div>\n\t\t\t\t                <div class=\"mn-content-block\">\n\t                                <\/div>\n\t\t\t\t                <div class=\"mn-content-block\">\n\t                                <\/div>\n\t\t\t\t                <div class=\"mn-content-block\">\n\t                                <\/div>\n\t\t\t\t                <div class=\"mn-content-block\">\n\t                                <\/div>\n\t\t\t\t                <div class=\"mn-content-block\">\n\t                                <\/div>\n\t\t\t\t                <div class=\"mn-content-block\">\n\t                                <\/div>\n\t\t\t\t                <div class=\"mn-content-block\">\n\t                                <\/div>\n\t\t\t\t                <div class=\"mn-content-block\">\n\t                                <\/div>\n\t\t\t\t                <div class=\"mn-content-block\">\n\t                                <\/div>\n\t\t\t\t                <div class=\"mn-content-block\">\n\t                                <\/div>\n\t\t\t\t                <div class=\"mn-content-block\">\n\t                                <\/div>\n\t\t\t\t                <div class=\"mn-content-block\">\n\t                                <\/div>\n\t\t\t\t                <div class=\"mn-content-block\">\n\t                                <\/div>\n\t\t\t\t                <div class=\"mn-content-block\">\n\t                                <\/div>\n\t\t\t\t                <div class=\"mn-content-block\">\n\t                                <\/div>\n\t\t\t\t                <div class=\"mn-content-block\">\n\t                                <\/div>\n\t\t\t\t\t\t<\/div>\n\t<\/div>\n<\/section>\n\t\t<\/div>\n\t\t\t\t<\/div>\n\t\t\t\t\t<\/div>\n\t\t<\/div>\n\t\t\t\t\t\t\t<\/div>\n\t\t<\/section>\n\t\t\t\t\t\t<\/div>\n\t\t\t\t\t<\/div>\n\t\t","protected":false},"excerpt":{"rendered":"<p>1st International Conference of Soil and Agriculture:TOWARDS SOIL SUSTAINABILITY11\u201313 June 2024 \u2022 Lublin\u2013Na\u0142\u0119cz\u00f3w, Poland https:\/\/doi.org\/10.24326\/ICSA1.PP.11Published online: 4 October 2024 Evaluating the environmental impacts of conventional and organic wheat production through life cycle assessmentMa\u0142gorzata Holka*, Jolanta Kowalska Department of Organic Agriculture and Environmental Protection, Institute of Plant Protection\u2014National Research Institute, W\u0142adys\u0142awa W\u0119gorka 20, 60-318 Pozna\u0144, Poland* [&hellip;]<\/p>\n","protected":false},"author":196,"featured_media":0,"parent":139572,"menu_order":0,"comment_status":"closed","ping_status":"closed","template":"elementor_header_footer","meta":{"_monsterinsights_skip_tracking":false,"_monsterinsights_sitenote_active":false,"_monsterinsights_sitenote_note":"","_monsterinsights_sitenote_category":0},"_links":{"self":[{"href":"https:\/\/up.lublin.pl\/digital\/wp-json\/wp\/v2\/pages\/139891"}],"collection":[{"href":"https:\/\/up.lublin.pl\/digital\/wp-json\/wp\/v2\/pages"}],"about":[{"href":"https:\/\/up.lublin.pl\/digital\/wp-json\/wp\/v2\/types\/page"}],"author":[{"embeddable":true,"href":"https:\/\/up.lublin.pl\/digital\/wp-json\/wp\/v2\/users\/196"}],"replies":[{"embeddable":true,"href":"https:\/\/up.lublin.pl\/digital\/wp-json\/wp\/v2\/comments?post=139891"}],"version-history":[{"count":16,"href":"https:\/\/up.lublin.pl\/digital\/wp-json\/wp\/v2\/pages\/139891\/revisions"}],"predecessor-version":[{"id":140638,"href":"https:\/\/up.lublin.pl\/digital\/wp-json\/wp\/v2\/pages\/139891\/revisions\/140638"}],"up":[{"embeddable":true,"href":"https:\/\/up.lublin.pl\/digital\/wp-json\/wp\/v2\/pages\/139572"}],"wp:attachment":[{"href":"https:\/\/up.lublin.pl\/digital\/wp-json\/wp\/v2\/media?parent=139891"}],"curies":[{"name":"wp","href":"https:\/\/api.w.org\/{rel}","templated":true}]}}