{"id":139880,"date":"2024-10-02T14:59:58","date_gmt":"2024-10-02T12:59:58","guid":{"rendered":"https:\/\/up.lublin.pl\/digital\/?page_id=139880"},"modified":"2024-10-08T12:56:47","modified_gmt":"2024-10-08T10:56:47","slug":"icsa-2024-pp-10","status":"publish","type":"page","link":"https:\/\/up.lublin.pl\/digital\/conferences\/icsa2024\/icsa-2024-pp-10\/","title":{"rendered":"ICSA 2024, PP.10"},"content":{"rendered":"\t\t<div data-elementor-type=\"wp-page\" data-elementor-id=\"139880\" class=\"elementor elementor-139880\" data-elementor-settings=\"[]\">\n\t\t\t\t\t\t\t<div class=\"elementor-section-wrap\">\n\t\t\t\t\t\t\t<section class=\"elementor-section elementor-top-section elementor-element elementor-element-7d55eb21 elementor-section-boxed elementor-section-height-default elementor-section-height-default\" data-id=\"7d55eb21\" data-element_type=\"section\">\n\t\t\t\t\t\t<div class=\"elementor-container elementor-column-gap-default\">\n\t\t\t\t\t<div class=\"elementor-column elementor-col-100 elementor-top-column elementor-element elementor-element-58185f2\" data-id=\"58185f2\" data-element_type=\"column\">\n\t\t\t<div class=\"elementor-widget-wrap elementor-element-populated\">\n\t\t\t\t\t\t\t\t<div class=\"elementor-element elementor-element-2d083186 elementor-widget elementor-widget-m2j\" data-id=\"2d083186\" data-element_type=\"widget\" data-widget_type=\"m2j.default\">\n\t\t\t\t<div class=\"elementor-widget-container\">\n\t\t\t<section class=\"mn-m2-h\">\n    <div class=\"mn-image-container mn-container\">\n                    <img src=\"https:\/\/up.lublin.pl\/digital\/wp-content\/uploads\/sites\/10\/2024\/09\/icsa-banner_web.jpg\" alt=\"\">\n                        <\/div>\n    <div class=\"mn-grid mn-content\">\n            <\/div>\n<\/section>\n\t\t<\/div>\n\t\t\t\t<\/div>\n\t\t\t\t\t<\/div>\n\t\t<\/div>\n\t\t\t\t\t\t\t<\/div>\n\t\t<\/section>\n\t\t\t\t<section class=\"elementor-section elementor-top-section elementor-element elementor-element-1c6efd0a elementor-section-boxed elementor-section-height-default elementor-section-height-default\" data-id=\"1c6efd0a\" data-element_type=\"section\">\n\t\t\t\t\t\t<div class=\"elementor-container elementor-column-gap-default\">\n\t\t\t\t\t<div class=\"elementor-column elementor-col-100 elementor-top-column elementor-element elementor-element-183a5b5a\" data-id=\"183a5b5a\" data-element_type=\"column\">\n\t\t\t<div class=\"elementor-widget-wrap elementor-element-populated\">\n\t\t\t\t\t\t\t\t<div class=\"elementor-element elementor-element-13f9fd5e elementor-widget elementor-widget-m5c\" data-id=\"13f9fd5e\" data-element_type=\"widget\" data-widget_type=\"m5c.default\">\n\t\t\t\t<div class=\"elementor-widget-container\">\n\t\t\t<section class=\"mn-m5-c mn-m5-d2 mn-bg-white\">\n\t<div class=\"mn-grid\">\n\t\t\t\t<div class=\"mn-content mn-grid-9\">\n\t\t\t                <div class=\"mn-content-block active\">\n\t                                                        <div class=\"block-text\">\n\t                                        <h2><span style=\"color: #333333\"><strong><span style=\"font-size: 14pt\">1st International Conference of Soil and Agriculture:<\/span><br \/><\/strong><span style=\"font-size: 18pt\">TOWARDS SOIL SUSTAINABILITY<\/span><strong><br \/><span style=\"font-size: 10pt\">11\u201313 June 2024 \u2022 Lublin\u2013Na\u0142\u0119cz\u00f3w, Poland<\/span><\/strong><\/span><\/h2>\n<hr \/>\n<p><a href=\"https:\/\/doi.org\/10.24326\/ICSA1.PP.10\"><span style=\"font-size: 10pt\">https:\/\/doi.org\/10.24326\/ICSA1.PP.10<\/span><\/a><br \/><span style=\"font-size: 10pt\">Published online: 4 October 2024<\/span><\/p>\n<h2><span style=\"font-size: 12pt\"><strong><span style=\"color: #333333;font-size: 18pt\">Carbon sequestration in catch crops and soil as a&nbsp;climate change mitigation strategy<\/span><br \/><\/strong><\/span><span style=\"color: #000000;font-size: 12pt\">El\u017cbieta Harasim, Cezary A. Kwiatkowski*<\/span><\/h2>\n<p><span style=\"font-size: 10pt\">Department of Herbology and Plant Cultivation Techniques, University of Life Sciences in Lublin, Akademicka 13, 20-950 Lublin, Poland<br \/><\/span><span style=\"font-size: 8pt\">* Corresponding author: cezary.kwiatkowski@up.lublin.pl<\/span><\/p>\n<p><strong>Abstract<br \/><\/strong>Wide-spreading of cover and catch crops cultivation can make a&nbsp;significant contribution to reduction of the CO<sub>2<\/sub> concentration in the atmosphere by carbon immobilisation in biomass and in soil humic substances, and additionally, could provide a&nbsp;source of valuable substrate for biofuels production, using the biological or thermochemical technologies. The aim of this research was to determine carbon dioxide sequestration in the biomass of plant species suitable for cultivation as catch crops or cover crops. The carbon content in the soil after ploughing in catch crops or leaving their biomass in the field in the form of mulch was also analysed. Field and laboratory tests were conducted in 2018\u20132023 in the soil and climatic conditions of the central Lublin region, Poland. The yields of carbon dioxide sequestration (t CO<sub>2<\/sub> per ha) in catch crops were calculated on total dry biomass yields of catch crops (t\/ha). At the agronomically optimal harvest date of the particular catch crop plant, the samples of plant material were collected from an identical area (1 m<sup>2<\/sup>) of each cover-cropped plot in order to determine total biomass yield (aboveground parts and roots). Samples were taken at 2 randomly selected places in each plot, within a&nbsp;0.5 m&nbsp;\u00d7 1 m&nbsp;frame. The collected samples were segregated into above and belowground fractions and dried under laboratory conditions at a&nbsp;temperature of 40\u00b0C to determine the dried weight. Next, the yields of particular biomass fractions were calculated (t\/ha). The carbon (C) content in plant tissues was determined for each fraction and expressed as CO<sub>2<\/sub> content (by multiplying the value of C&nbsp;content by 3.67). It has been shown that the ploughed biomass of catch crops constitutes a&nbsp;kind of \u201csoil CO<sub>2<\/sub> bank\u201d. In the case of successful sowing of catch crops, carbon dioxide sequestration by these crops can be expected at a&nbsp;level of 4 to 6 tons of CO<sub>2<\/sub> per ha per year. The amount of CO<sub>2<\/sub> absorbed from the atmosphere by catch crops is directly proportional to the biomass yield they produce. Among the catch crops, the most beneficial were species resistant to unfavourable weather conditions during sowing and initial plant growth: white mustard, blue phacelia, winter rye. Catch crops also had a&nbsp;positive effect on the organic C&nbsp;content in the soil. It should be stated that catch crops are an important factor in carbon dioxide sequestration in broadly understood plant production. It is advisable to popularize catch crops on a&nbsp;large scale due to the relatively low costs of their cultivation compared to their benefits (phytosanitary impact on the soil, CO<sub>2<\/sub> sequestration, carbon storage in the soil).<\/p>\n<p><strong>Keywords:\u00a0<\/strong>catch crops, climate change, carbon sequestration, soil organic carbon<\/p>\n<p><span style=\"font-size: 10pt\"><strong>How to cite<br \/><\/strong>Harasim E., Kwiatkowski C.A., 2024. Carbon sequestration in catch crops and soil as a&nbsp;climate change mitigation strategy. 1st International Conference of Soil and Agriculture: Towards Soil Sustainability. https:\/\/doi.org\/10.24326\/ICSA1.PP.10<\/span><\/p>\n                                        <\/div>\n\t\t\t\t\t\t                                <\/div>\n\t\t\t\t                <div class=\"mn-content-block\">\n\t                                <\/div>\n\t\t\t\t                <div class=\"mn-content-block\">\n\t                                <\/div>\n\t\t\t\t                <div class=\"mn-content-block\">\n\t                                <\/div>\n\t\t\t\t                <div class=\"mn-content-block\">\n\t                                <\/div>\n\t\t\t\t                <div class=\"mn-content-block\">\n\t                                <\/div>\n\t\t\t\t                <div class=\"mn-content-block\">\n\t                                <\/div>\n\t\t\t\t                <div class=\"mn-content-block\">\n\t                                <\/div>\n\t\t\t\t                <div class=\"mn-content-block\">\n\t                                <\/div>\n\t\t\t\t                <div class=\"mn-content-block\">\n\t                                <\/div>\n\t\t\t\t                <div class=\"mn-content-block\">\n\t                                <\/div>\n\t\t\t\t                <div class=\"mn-content-block\">\n\t                                <\/div>\n\t\t\t\t                <div class=\"mn-content-block\">\n\t                                <\/div>\n\t\t\t\t                <div class=\"mn-content-block\">\n\t                                <\/div>\n\t\t\t\t                <div class=\"mn-content-block\">\n\t                                <\/div>\n\t\t\t\t                <div class=\"mn-content-block\">\n\t                                <\/div>\n\t\t\t\t                <div class=\"mn-content-block\">\n\t                                <\/div>\n\t\t\t\t                <div class=\"mn-content-block\">\n\t                                <\/div>\n\t\t\t\t                <div class=\"mn-content-block\">\n\t                                <\/div>\n\t\t\t\t                <div class=\"mn-content-block\">\n\t                                <\/div>\n\t\t\t\t\t\t<\/div>\n\t<\/div>\n<\/section>\n\t\t<\/div>\n\t\t\t\t<\/div>\n\t\t\t\t\t<\/div>\n\t\t<\/div>\n\t\t\t\t\t\t\t<\/div>\n\t\t<\/section>\n\t\t\t\t\t\t<\/div>\n\t\t\t\t\t<\/div>\n\t\t","protected":false},"excerpt":{"rendered":"<p>1st International Conference of Soil and Agriculture:TOWARDS SOIL SUSTAINABILITY11\u201313 June 2024 \u2022 Lublin\u2013Na\u0142\u0119cz\u00f3w, Poland https:\/\/doi.org\/10.24326\/ICSA1.PP.10Published online: 4 October 2024 Carbon sequestration in catch crops and soil as a&nbsp;climate change mitigation strategyEl\u017cbieta Harasim, Cezary A. Kwiatkowski* Department of Herbology and Plant Cultivation Techniques, University of Life Sciences in Lublin, Akademicka 13, 20-950 Lublin, Poland* Corresponding author: [&hellip;]<\/p>\n","protected":false},"author":196,"featured_media":0,"parent":139572,"menu_order":0,"comment_status":"closed","ping_status":"closed","template":"elementor_header_footer","meta":{"_monsterinsights_skip_tracking":false,"_monsterinsights_sitenote_active":false,"_monsterinsights_sitenote_note":"","_monsterinsights_sitenote_category":0},"_links":{"self":[{"href":"https:\/\/up.lublin.pl\/digital\/wp-json\/wp\/v2\/pages\/139880"}],"collection":[{"href":"https:\/\/up.lublin.pl\/digital\/wp-json\/wp\/v2\/pages"}],"about":[{"href":"https:\/\/up.lublin.pl\/digital\/wp-json\/wp\/v2\/types\/page"}],"author":[{"embeddable":true,"href":"https:\/\/up.lublin.pl\/digital\/wp-json\/wp\/v2\/users\/196"}],"replies":[{"embeddable":true,"href":"https:\/\/up.lublin.pl\/digital\/wp-json\/wp\/v2\/comments?post=139880"}],"version-history":[{"count":10,"href":"https:\/\/up.lublin.pl\/digital\/wp-json\/wp\/v2\/pages\/139880\/revisions"}],"predecessor-version":[{"id":140632,"href":"https:\/\/up.lublin.pl\/digital\/wp-json\/wp\/v2\/pages\/139880\/revisions\/140632"}],"up":[{"embeddable":true,"href":"https:\/\/up.lublin.pl\/digital\/wp-json\/wp\/v2\/pages\/139572"}],"wp:attachment":[{"href":"https:\/\/up.lublin.pl\/digital\/wp-json\/wp\/v2\/media?parent=139880"}],"curies":[{"name":"wp","href":"https:\/\/api.w.org\/{rel}","templated":true}]}}