{"id":139859,"date":"2024-10-02T14:51:01","date_gmt":"2024-10-02T12:51:01","guid":{"rendered":"https:\/\/up.lublin.pl\/digital\/?page_id=139859"},"modified":"2024-10-08T12:51:25","modified_gmt":"2024-10-08T10:51:25","slug":"icsa-2024-pp-07","status":"publish","type":"page","link":"https:\/\/up.lublin.pl\/digital\/conferences\/icsa2024\/icsa-2024-pp-07\/","title":{"rendered":"ICSA 2024, PP.07"},"content":{"rendered":"\t\t<div data-elementor-type=\"wp-page\" data-elementor-id=\"139859\" class=\"elementor elementor-139859\" data-elementor-settings=\"[]\">\n\t\t\t\t\t\t\t<div class=\"elementor-section-wrap\">\n\t\t\t\t\t\t\t<section class=\"elementor-section elementor-top-section elementor-element elementor-element-14f89997 elementor-section-boxed elementor-section-height-default elementor-section-height-default\" data-id=\"14f89997\" data-element_type=\"section\">\n\t\t\t\t\t\t<div class=\"elementor-container elementor-column-gap-default\">\n\t\t\t\t\t<div class=\"elementor-column elementor-col-100 elementor-top-column elementor-element elementor-element-d8a943c\" data-id=\"d8a943c\" data-element_type=\"column\">\n\t\t\t<div class=\"elementor-widget-wrap elementor-element-populated\">\n\t\t\t\t\t\t\t\t<div class=\"elementor-element elementor-element-5a5aa17a elementor-widget elementor-widget-m2j\" data-id=\"5a5aa17a\" data-element_type=\"widget\" data-widget_type=\"m2j.default\">\n\t\t\t\t<div class=\"elementor-widget-container\">\n\t\t\t<section class=\"mn-m2-h\">\n    <div class=\"mn-image-container mn-container\">\n                    <img src=\"https:\/\/up.lublin.pl\/digital\/wp-content\/uploads\/sites\/10\/2024\/09\/icsa-banner_web.jpg\" alt=\"\">\n                        <\/div>\n    <div class=\"mn-grid mn-content\">\n            <\/div>\n<\/section>\n\t\t<\/div>\n\t\t\t\t<\/div>\n\t\t\t\t\t<\/div>\n\t\t<\/div>\n\t\t\t\t\t\t\t<\/div>\n\t\t<\/section>\n\t\t\t\t<section class=\"elementor-section elementor-top-section elementor-element elementor-element-6d21409f elementor-section-boxed elementor-section-height-default elementor-section-height-default\" data-id=\"6d21409f\" data-element_type=\"section\">\n\t\t\t\t\t\t<div class=\"elementor-container elementor-column-gap-default\">\n\t\t\t\t\t<div class=\"elementor-column elementor-col-100 elementor-top-column elementor-element elementor-element-48089d2b\" data-id=\"48089d2b\" data-element_type=\"column\">\n\t\t\t<div class=\"elementor-widget-wrap elementor-element-populated\">\n\t\t\t\t\t\t\t\t<div class=\"elementor-element elementor-element-420b18c elementor-widget elementor-widget-m5c\" data-id=\"420b18c\" data-element_type=\"widget\" data-widget_type=\"m5c.default\">\n\t\t\t\t<div class=\"elementor-widget-container\">\n\t\t\t<section class=\"mn-m5-c mn-m5-d2 mn-bg-white\">\n\t<div class=\"mn-grid\">\n\t\t\t\t<div class=\"mn-content mn-grid-9\">\n\t\t\t                <div class=\"mn-content-block active\">\n\t                                                        <div class=\"block-text\">\n\t                                        <h2><span style=\"color: #333333\"><strong><span style=\"font-size: 14pt\">1st International Conference of Soil and Agriculture:<\/span><\/strong><br \/><span style=\"font-size: 18pt\">TOWARDS SOIL SUSTAINABILITY<\/span><strong><br \/><span style=\"font-size: 10pt\">11\u201313 June 2024 \u2022 Lublin\u2013Na\u0142\u0119cz\u00f3w, Poland<\/span><\/strong><\/span><\/h2>\n<hr \/>\n<p><a href=\"https:\/\/doi.org\/10.24326\/ICSA1.PP.07\"><span style=\"font-size: 10pt\">https:\/\/doi.org\/10.24326\/ICSA1.PP.07<\/span><\/a><br \/><span style=\"font-size: 10pt\">Published online: 4 October 2024<\/span><\/p>\n<h2><span style=\"font-size: 12pt\"><strong><span style=\"font-size: 18pt;color: #333333\">Usage of soil enzymatic indicators to evaluate <br \/>the environmental effects of active protection of calcareous grasslands<\/span><br \/><\/strong><span style=\"color: #000000\">Barbara Futa*<\/span><\/span><\/h2>\n<p><span style=\"font-size: 10pt\">Institute of Soil Science, Environmental Engineering and Management, University of Life Sciences in Lublin, Leszczy\u0144skiego 7, 20-069 Lublin, Poland<br \/><\/span><span style=\"font-size: 8pt\">* Corresponding author: barbara.futa@up.lublin.pl<\/span><\/p>\n<p><strong>Abstract<br \/><\/strong>The calcareous xerothermic grasslands of the <em>Festuco-Brometea<\/em> class provide a&nbsp;habitat for a&nbsp;diverse array of rare and threatened flora and fauna species. These communities are among the most endangered habitats within the European ecological network Natura 2000. The principal threat posed to these habitats stems from secondary succession. This process is typically instigated by an absence of habitat usage, such as mowing or grazing. If left uncontrolled, this succession may compromise biodiversity within open areas, potentially affecting species residing therein. Secondary succession within xerothermic grasslands could potentially lead to the decline of naturally valuable habitats and induce transformations within the soil environment. Common practices for preserving these crucial grasslands include grazing by domesticated animals, regular mowing, and the elimination of bushes and tree seedlings. However, the implications of these management practices on the biochemical processes within grassland soils are inadequately understood. The objective of this study was to evaluate the impact of active conservation strategies on the biochemical status of soils in calcareous grasslands. Specifically, the study focused on determining the activity levels of three hydrolase class soil enzymes: urease, acid phosphatase and alkaline phosphatase. These hydrolases play crucial roles in nitrogen (urease) and phosphorus (phosphatases) circulation processes. The geometric mean of soil enzymatic activity (GMea) was calculated for each habitat type, and was utilized as a&nbsp;comprehensive indicator of soil enzymatic activity. The study was conducted on soils of the calcareous xerothermic grasslands of the Lesser Poland Upland. The research focused on Natura 2000 habitats, subjected to various modes of active treatments, such as mowing, tree and bush removal, and moderate sheep grazing, with an adjacent uncultivated area serving as the reference point. Soil samples for the laboratory tests were gathered from the 0\u201320 cm layer in May 2023. The study shows a&nbsp;positive correlation between protective treatments and improved biochemical status of the soil across all the habitats analysed. However, the most significant growth of enzymatic activity was observed in the intervened habitat treated by mowing. The comparative environmental impact of protective measures as deduced from the GMea index follows this hierarchy: mowing &gt; sheep grazing &gt; deforestation &gt; no treatments.<\/p>\n<p><strong>Keywords: <\/strong>soil enzymes, removal of bushes and trees, mowing, grazing, Natura 2000<\/p>\n<p><span style=\"font-size: 10pt\"><strong>How to cite<br \/><\/strong>Futa B., 2024. Usage of soil enzymatic indicators to evaluate the environmental effects of active protection of calcareous grasslands. 1st International Conference of Soil and Agriculture: Towards Soil Sustainability. https:\/\/doi.org\/10.24326\/ICSA1.PP.07<\/span><\/p>\n                                        <\/div>\n\t\t\t\t\t\t                                <\/div>\n\t\t\t\t                <div class=\"mn-content-block\">\n\t                                <\/div>\n\t\t\t\t                <div class=\"mn-content-block\">\n\t                                <\/div>\n\t\t\t\t                <div class=\"mn-content-block\">\n\t                                <\/div>\n\t\t\t\t                <div class=\"mn-content-block\">\n\t                                <\/div>\n\t\t\t\t                <div class=\"mn-content-block\">\n\t                                <\/div>\n\t\t\t\t                <div class=\"mn-content-block\">\n\t                                <\/div>\n\t\t\t\t                <div class=\"mn-content-block\">\n\t                                <\/div>\n\t\t\t\t                <div class=\"mn-content-block\">\n\t                                <\/div>\n\t\t\t\t                <div class=\"mn-content-block\">\n\t                                <\/div>\n\t\t\t\t                <div class=\"mn-content-block\">\n\t                                <\/div>\n\t\t\t\t                <div class=\"mn-content-block\">\n\t                                <\/div>\n\t\t\t\t                <div class=\"mn-content-block\">\n\t                                <\/div>\n\t\t\t\t                <div class=\"mn-content-block\">\n\t                                <\/div>\n\t\t\t\t                <div class=\"mn-content-block\">\n\t                                <\/div>\n\t\t\t\t                <div class=\"mn-content-block\">\n\t                                <\/div>\n\t\t\t\t                <div class=\"mn-content-block\">\n\t                                <\/div>\n\t\t\t\t                <div class=\"mn-content-block\">\n\t                                <\/div>\n\t\t\t\t                <div class=\"mn-content-block\">\n\t                                <\/div>\n\t\t\t\t                <div class=\"mn-content-block\">\n\t                                <\/div>\n\t\t\t\t\t\t<\/div>\n\t<\/div>\n<\/section>\n\t\t<\/div>\n\t\t\t\t<\/div>\n\t\t\t\t\t<\/div>\n\t\t<\/div>\n\t\t\t\t\t\t\t<\/div>\n\t\t<\/section>\n\t\t\t\t\t\t<\/div>\n\t\t\t\t\t<\/div>\n\t\t","protected":false},"excerpt":{"rendered":"<p>1st International Conference of Soil and Agriculture:TOWARDS SOIL SUSTAINABILITY11\u201313 June 2024 \u2022 Lublin\u2013Na\u0142\u0119cz\u00f3w, Poland https:\/\/doi.org\/10.24326\/ICSA1.PP.07Published online: 4 October 2024 Usage of soil enzymatic indicators to evaluate the environmental effects of active protection of calcareous grasslandsBarbara Futa* Institute of Soil Science, Environmental Engineering and Management, University of Life Sciences in Lublin, Leszczy\u0144skiego 7, 20-069 Lublin, Poland* [&hellip;]<\/p>\n","protected":false},"author":196,"featured_media":0,"parent":139572,"menu_order":0,"comment_status":"closed","ping_status":"closed","template":"elementor_header_footer","meta":{"_monsterinsights_skip_tracking":false,"_monsterinsights_sitenote_active":false,"_monsterinsights_sitenote_note":"","_monsterinsights_sitenote_category":0},"_links":{"self":[{"href":"https:\/\/up.lublin.pl\/digital\/wp-json\/wp\/v2\/pages\/139859"}],"collection":[{"href":"https:\/\/up.lublin.pl\/digital\/wp-json\/wp\/v2\/pages"}],"about":[{"href":"https:\/\/up.lublin.pl\/digital\/wp-json\/wp\/v2\/types\/page"}],"author":[{"embeddable":true,"href":"https:\/\/up.lublin.pl\/digital\/wp-json\/wp\/v2\/users\/196"}],"replies":[{"embeddable":true,"href":"https:\/\/up.lublin.pl\/digital\/wp-json\/wp\/v2\/comments?post=139859"}],"version-history":[{"count":10,"href":"https:\/\/up.lublin.pl\/digital\/wp-json\/wp\/v2\/pages\/139859\/revisions"}],"predecessor-version":[{"id":140617,"href":"https:\/\/up.lublin.pl\/digital\/wp-json\/wp\/v2\/pages\/139859\/revisions\/140617"}],"up":[{"embeddable":true,"href":"https:\/\/up.lublin.pl\/digital\/wp-json\/wp\/v2\/pages\/139572"}],"wp:attachment":[{"href":"https:\/\/up.lublin.pl\/digital\/wp-json\/wp\/v2\/media?parent=139859"}],"curies":[{"name":"wp","href":"https:\/\/api.w.org\/{rel}","templated":true}]}}