{"id":139854,"date":"2024-10-02T14:47:38","date_gmt":"2024-10-02T12:47:38","guid":{"rendered":"https:\/\/up.lublin.pl\/digital\/?page_id=139854"},"modified":"2024-10-08T13:53:11","modified_gmt":"2024-10-08T11:53:11","slug":"icsa-2024-pp-06","status":"publish","type":"page","link":"https:\/\/up.lublin.pl\/digital\/conferences\/icsa2024\/icsa-2024-pp-06\/","title":{"rendered":"ICSA 2024, PP.06"},"content":{"rendered":"\t\t<div data-elementor-type=\"wp-page\" data-elementor-id=\"139854\" class=\"elementor elementor-139854\" data-elementor-settings=\"[]\">\n\t\t\t\t\t\t\t<div class=\"elementor-section-wrap\">\n\t\t\t\t\t\t\t<section class=\"elementor-section elementor-top-section elementor-element elementor-element-234ad72f elementor-section-boxed elementor-section-height-default elementor-section-height-default\" data-id=\"234ad72f\" data-element_type=\"section\">\n\t\t\t\t\t\t<div class=\"elementor-container elementor-column-gap-default\">\n\t\t\t\t\t<div class=\"elementor-column elementor-col-100 elementor-top-column elementor-element elementor-element-60b3d3e9\" data-id=\"60b3d3e9\" data-element_type=\"column\">\n\t\t\t<div class=\"elementor-widget-wrap elementor-element-populated\">\n\t\t\t\t\t\t\t\t<div class=\"elementor-element elementor-element-350e9f56 elementor-widget elementor-widget-m2j\" data-id=\"350e9f56\" data-element_type=\"widget\" data-widget_type=\"m2j.default\">\n\t\t\t\t<div class=\"elementor-widget-container\">\n\t\t\t<section class=\"mn-m2-h\">\n    <div class=\"mn-image-container mn-container\">\n                    <img src=\"https:\/\/up.lublin.pl\/digital\/wp-content\/uploads\/sites\/10\/2024\/09\/icsa-banner_web.jpg\" alt=\"\">\n                        <\/div>\n    <div class=\"mn-grid mn-content\">\n            <\/div>\n<\/section>\n\t\t<\/div>\n\t\t\t\t<\/div>\n\t\t\t\t\t<\/div>\n\t\t<\/div>\n\t\t\t\t\t\t\t<\/div>\n\t\t<\/section>\n\t\t\t\t<section class=\"elementor-section elementor-top-section elementor-element elementor-element-2fe9e7aa elementor-section-boxed elementor-section-height-default elementor-section-height-default\" data-id=\"2fe9e7aa\" data-element_type=\"section\">\n\t\t\t\t\t\t<div class=\"elementor-container elementor-column-gap-default\">\n\t\t\t\t\t<div class=\"elementor-column elementor-col-100 elementor-top-column elementor-element elementor-element-299b741e\" data-id=\"299b741e\" data-element_type=\"column\">\n\t\t\t<div class=\"elementor-widget-wrap elementor-element-populated\">\n\t\t\t\t\t\t\t\t<div class=\"elementor-element elementor-element-6e88ec8f elementor-widget elementor-widget-m5c\" data-id=\"6e88ec8f\" data-element_type=\"widget\" data-widget_type=\"m5c.default\">\n\t\t\t\t<div class=\"elementor-widget-container\">\n\t\t\t<section class=\"mn-m5-c mn-m5-d2 mn-bg-white\">\n\t<div class=\"mn-grid\">\n\t\t\t\t<div class=\"mn-content mn-grid-9\">\n\t\t\t                <div class=\"mn-content-block active\">\n\t                                                        <div class=\"block-text\">\n\t                                        <h2><span style=\"color: #333333\"><strong><span style=\"font-size: 14pt\">1st International Conference of Soil and Agriculture:<\/span><br \/><\/strong><span style=\"font-size: 18pt\">TOWARDS SOIL SUSTAINABILITY<\/span><strong><br \/><span style=\"font-size: 10pt\">11\u201313 June 2024 \u2022 Lublin\u2013Na\u0142\u0119cz\u00f3w, Poland<\/span><\/strong><\/span><\/h2>\n<hr \/>\n<p><a href=\"https:\/\/doi.org\/10.24326\/ICSA1.PP.06\"><span style=\"font-size: 10pt\">https:\/\/doi.org\/10.24326\/ICSA1.PP.06<\/span><\/a><br \/><span style=\"font-size: 10pt\">Published online: 4 October 2024<\/span><\/p>\n<h2><strong><span style=\"font-size: 18pt;color: #333333\">Effect of blackcurrant cultivation on the microbiome of Fluvisols<\/span><br \/><\/strong><span style=\"font-size: 12pt;color: #000000\">Karolina Furtak*, Anna Marzec-Grz\u0105dziel<\/span><\/h2>\n<p><span style=\"font-size: 10pt\">Department of Agricultural Microbiology, Institute of Soil Science and Plant Cultivation \u2013 State Research Institute (IUNG-PIB), Czartoryskich 8, 24-100 Pu\u0142awy, Poland<br \/><\/span><span style=\"font-size: 8pt\">* Corresponding author: kfurtak@iung.pulawy.pl<\/span><\/p>\n<p><strong>Abstract<br \/><\/strong>Human agricultural activities affect soil quality, which plays an important role in terms of crop quality and food security. Studies of the impact of human agricultural activities on the soil microbiome and soil quality are extremely important, but such studies on floodplains in river valleys are lacking. The aim of this study was to compare the composition of the bacterial community in river muds (Fluvisols) used for blackcurrant cultivation and those not used for agricultural purposes. The study material consisted of three river muds (Fluvisols) collected in Opatkowice in the Lubelskie voivodeship. The area is the natural floodplain of the river and the classification was made on the basis of an agricultural map. Soil was taken from under the blackcurrant crop (C) and from the nearest meadow (M). The composition of the bacterial community in the soil samples was determined using next-generation sequencing (NGS) of the 16S rRNA gene. The results showed that the biodiversity indices obtained from NGS were higher in the soils under blackcurrant cultivation compared to meadow soils. Both variants (C and M) were dominated by <em>Proteobacteria<\/em>, <em>Acidobacteria<\/em> and <em>Actinobacteria<\/em>, but the differences between the abundances of these bacteria in both variants were statistically significant. Analysis of bacterial diversity at the genus level showed that <em>Mycobacterium<\/em> predominated among the identified taxa, although their distribution of occurrence differed between soils. The results suggest that microorganisms are more abundant and taxonomically diverse in cultivated soils. This suggests that a&nbsp;smaller pool of microorganisms is sufficient to perform all functions in the soil ecosystem in fertile soils unaffected by agrotechnical measures, whereas the maintenance of eubiosis in mechanically and fertilized agricultural soils requires the involvement of more microorganisms with a&nbsp;broader functional spectrum. However, the results presented here are preliminary and these conclusions require further research.\u00a0<br \/>The research was carried out within the framework of project No. 2019\/35\/N\/NZ9\/00830 entitled \u201cThe search for bacteria adapting to extreme soil moisture conditions and the assessment of the effects of hydric stress on the quality of the soil environment\u201d funded by the National Science Centre Poland (NCN).<\/p>\n<p><strong>Keywords: <\/strong>bacteria, blackcurrant, Fluvisols, microbiome, river muds<\/p>\n<p><span style=\"font-size: 10pt\"><strong>How to cite<br \/><\/strong>Furtak K., Marzec-Grz\u0105dziel A., 2024. Effect of blackcurrant cultivation on the microbiome of Fluvisols. 1st International Conference of Soil and Agriculture: Towards Soil Sustainability. https:\/\/doi.org\/10.24326\/ICSA1.PP.06<\/span><\/p>\n                                        <\/div>\n\t\t\t\t\t\t                                <\/div>\n\t\t\t\t                <div class=\"mn-content-block\">\n\t                                <\/div>\n\t\t\t\t                <div class=\"mn-content-block\">\n\t                                <\/div>\n\t\t\t\t                <div class=\"mn-content-block\">\n\t                                <\/div>\n\t\t\t\t                <div class=\"mn-content-block\">\n\t                                <\/div>\n\t\t\t\t                <div class=\"mn-content-block\">\n\t                                <\/div>\n\t\t\t\t                <div class=\"mn-content-block\">\n\t                                <\/div>\n\t\t\t\t                <div class=\"mn-content-block\">\n\t                                <\/div>\n\t\t\t\t                <div class=\"mn-content-block\">\n\t                                <\/div>\n\t\t\t\t                <div class=\"mn-content-block\">\n\t                                <\/div>\n\t\t\t\t                <div class=\"mn-content-block\">\n\t                                <\/div>\n\t\t\t\t                <div class=\"mn-content-block\">\n\t                                <\/div>\n\t\t\t\t                <div class=\"mn-content-block\">\n\t                                <\/div>\n\t\t\t\t                <div class=\"mn-content-block\">\n\t                                <\/div>\n\t\t\t\t                <div class=\"mn-content-block\">\n\t                                <\/div>\n\t\t\t\t                <div class=\"mn-content-block\">\n\t                                <\/div>\n\t\t\t\t                <div class=\"mn-content-block\">\n\t                                <\/div>\n\t\t\t\t                <div class=\"mn-content-block\">\n\t                                <\/div>\n\t\t\t\t                <div class=\"mn-content-block\">\n\t                                <\/div>\n\t\t\t\t                <div class=\"mn-content-block\">\n\t                                <\/div>\n\t\t\t\t\t\t<\/div>\n\t<\/div>\n<\/section>\n\t\t<\/div>\n\t\t\t\t<\/div>\n\t\t\t\t\t<\/div>\n\t\t<\/div>\n\t\t\t\t\t\t\t<\/div>\n\t\t<\/section>\n\t\t\t\t\t\t<\/div>\n\t\t\t\t\t<\/div>\n\t\t","protected":false},"excerpt":{"rendered":"<p>1st International Conference of Soil and Agriculture:TOWARDS SOIL SUSTAINABILITY11\u201313 June 2024 \u2022 Lublin\u2013Na\u0142\u0119cz\u00f3w, Poland https:\/\/doi.org\/10.24326\/ICSA1.PP.06Published online: 4 October 2024 Effect of blackcurrant cultivation on the microbiome of FluvisolsKarolina Furtak*, Anna Marzec-Grz\u0105dziel Department of Agricultural Microbiology, Institute of Soil Science and Plant Cultivation \u2013 State Research Institute (IUNG-PIB), Czartoryskich 8, 24-100 Pu\u0142awy, Poland* Corresponding author: kfurtak@iung.pulawy.pl [&hellip;]<\/p>\n","protected":false},"author":196,"featured_media":0,"parent":139572,"menu_order":0,"comment_status":"closed","ping_status":"closed","template":"elementor_header_footer","meta":{"_monsterinsights_skip_tracking":false,"_monsterinsights_sitenote_active":false,"_monsterinsights_sitenote_note":"","_monsterinsights_sitenote_category":0},"_links":{"self":[{"href":"https:\/\/up.lublin.pl\/digital\/wp-json\/wp\/v2\/pages\/139854"}],"collection":[{"href":"https:\/\/up.lublin.pl\/digital\/wp-json\/wp\/v2\/pages"}],"about":[{"href":"https:\/\/up.lublin.pl\/digital\/wp-json\/wp\/v2\/types\/page"}],"author":[{"embeddable":true,"href":"https:\/\/up.lublin.pl\/digital\/wp-json\/wp\/v2\/users\/196"}],"replies":[{"embeddable":true,"href":"https:\/\/up.lublin.pl\/digital\/wp-json\/wp\/v2\/comments?post=139854"}],"version-history":[{"count":10,"href":"https:\/\/up.lublin.pl\/digital\/wp-json\/wp\/v2\/pages\/139854\/revisions"}],"predecessor-version":[{"id":140737,"href":"https:\/\/up.lublin.pl\/digital\/wp-json\/wp\/v2\/pages\/139854\/revisions\/140737"}],"up":[{"embeddable":true,"href":"https:\/\/up.lublin.pl\/digital\/wp-json\/wp\/v2\/pages\/139572"}],"wp:attachment":[{"href":"https:\/\/up.lublin.pl\/digital\/wp-json\/wp\/v2\/media?parent=139854"}],"curies":[{"name":"wp","href":"https:\/\/api.w.org\/{rel}","templated":true}]}}