{"id":139846,"date":"2024-10-02T14:43:21","date_gmt":"2024-10-02T12:43:21","guid":{"rendered":"https:\/\/up.lublin.pl\/digital\/?page_id=139846"},"modified":"2024-10-08T13:52:50","modified_gmt":"2024-10-08T11:52:50","slug":"icsa-2024-pp-05","status":"publish","type":"page","link":"https:\/\/up.lublin.pl\/digital\/conferences\/icsa2024\/icsa-2024-pp-05\/","title":{"rendered":"ICSA 2024, PP.05"},"content":{"rendered":"\t\t<div data-elementor-type=\"wp-page\" data-elementor-id=\"139846\" class=\"elementor elementor-139846\" data-elementor-settings=\"[]\">\n\t\t\t\t\t\t\t<div class=\"elementor-section-wrap\">\n\t\t\t\t\t\t\t<section class=\"elementor-section elementor-top-section elementor-element elementor-element-30a49a69 elementor-section-boxed elementor-section-height-default elementor-section-height-default\" data-id=\"30a49a69\" data-element_type=\"section\">\n\t\t\t\t\t\t<div class=\"elementor-container elementor-column-gap-default\">\n\t\t\t\t\t<div class=\"elementor-column elementor-col-100 elementor-top-column elementor-element elementor-element-34b62031\" data-id=\"34b62031\" data-element_type=\"column\">\n\t\t\t<div class=\"elementor-widget-wrap elementor-element-populated\">\n\t\t\t\t\t\t\t\t<div class=\"elementor-element elementor-element-4a383c98 elementor-widget elementor-widget-m2j\" data-id=\"4a383c98\" data-element_type=\"widget\" data-widget_type=\"m2j.default\">\n\t\t\t\t<div class=\"elementor-widget-container\">\n\t\t\t<section class=\"mn-m2-h\">\n    <div class=\"mn-image-container mn-container\">\n                    <img src=\"https:\/\/up.lublin.pl\/digital\/wp-content\/uploads\/sites\/10\/2024\/09\/icsa-banner_web.jpg\" alt=\"\">\n                        <\/div>\n    <div class=\"mn-grid mn-content\">\n            <\/div>\n<\/section>\n\t\t<\/div>\n\t\t\t\t<\/div>\n\t\t\t\t\t<\/div>\n\t\t<\/div>\n\t\t\t\t\t\t\t<\/div>\n\t\t<\/section>\n\t\t\t\t<section class=\"elementor-section elementor-top-section elementor-element elementor-element-52d3c834 elementor-section-boxed elementor-section-height-default elementor-section-height-default\" data-id=\"52d3c834\" data-element_type=\"section\">\n\t\t\t\t\t\t<div class=\"elementor-container elementor-column-gap-default\">\n\t\t\t\t\t<div class=\"elementor-column elementor-col-100 elementor-top-column elementor-element elementor-element-3afe8de\" data-id=\"3afe8de\" data-element_type=\"column\">\n\t\t\t<div class=\"elementor-widget-wrap elementor-element-populated\">\n\t\t\t\t\t\t\t\t<div class=\"elementor-element elementor-element-2e799ffc elementor-widget elementor-widget-m5c\" data-id=\"2e799ffc\" data-element_type=\"widget\" data-widget_type=\"m5c.default\">\n\t\t\t\t<div class=\"elementor-widget-container\">\n\t\t\t<section class=\"mn-m5-c mn-m5-d2 mn-bg-white\">\n\t<div class=\"mn-grid\">\n\t\t\t\t<div class=\"mn-content mn-grid-9\">\n\t\t\t                <div class=\"mn-content-block active\">\n\t                                                        <div class=\"block-text\">\n\t                                        <h2><span style=\"color: #333333\"><strong><span style=\"font-size: 14pt\">1st International Conference of Soil and Agriculture:<\/span><br \/><\/strong><span style=\"font-size: 18pt\">TOWARDS SOIL SUSTAINABILITY<\/span><strong><br \/><span style=\"font-size: 10pt\">11\u201313 June 2024 \u2022 Lublin\u2013Na\u0142\u0119cz\u00f3w, Poland<\/span><\/strong><\/span><\/h2>\n<hr \/>\n<p><a href=\"https:\/\/doi.org\/10.24326\/ICSA1.PP.05\"><span style=\"font-size: 10pt\">https:\/\/doi.org\/10.24326\/ICSA1.PP.05<\/span><\/a><br \/><span style=\"font-size: 10pt\">Published online: 4 October 2024<\/span><\/p>\n<h2><span style=\"font-size: 12pt\"><strong><span style=\"font-size: 18pt;color: #333333\">Evaluation of CO<sub>2<\/sub> emission and soil properties in selected forest habitats<\/span><br \/><\/strong><\/span><span style=\"color: #000000;font-size: 12pt\">Pawe\u0142 D\u0142u\u017cewski*<\/span><\/h2>\n<p><span style=\"font-size: 10pt\">Department of Soil Science, Land Reclamation and Geodesy, Faculty of Environmental Engineering and Mechanical Engineering, Pozna\u0144 University of Life Sciences, Pi\u0105tkowska 94, 60-649 Pozna\u0144, Poland<br \/><\/span><span style=\"font-size: 8pt\">* Corresponding author: pawel.dluzewski@up.poznan.pl<\/span><\/p>\n<p><strong>Abstract<br \/><\/strong>The aim of the work was to determine CO<sub>2<\/sub> emissions from soils in clear-cutting areas (first year after clear-cut) and from soils in forested habitats. For this purpose 3 research areas in the most common types of forest habitats in Poland were designated (LFC \u2013 fresh mixed forest, BFC \u2013 fresh coniferous forest and MFC \u2013 fresh mixed coniferous forest). These research areas\u00a0 were located in the Oborniki Forest in the central-western part of the Wielkopolska Province in Poland. In all analysed forest habitats CO<sub>2<\/sub> emissions from the surface mineral horizon were measured. Additionally, such soil properties like: pH<sub>H2O<\/sub>, organic carbon content, total nitrogen content and the C:N ratio were determined in the surface mineral horizon. Among analysed forest types the lowest pH<sub>H2O<\/sub> in the surface mineral horizon was in the BFC forest habitat (3.51), then in the MFC habitat (3.79), and the highest was found in the soil of the LFC habitat (4.23). The highest content of organic carbon in the surface mineral horizon was found in the soil of the MFC habitat (13.4 g\/kg), followed by LFC (10.7 g\/kg) and BFC (6.94 g\/kg). Soils in the MFC and BFC habitats showed the narrowest C:N ratio in surface mineral horizon (10:1 and 9:1, respectively). The soil in the LFC research area, due to the different composition of the litter (fresh mixed forest), was characterized by the widest C:N ratio in the surface mineral horizon (25:1). Obtained results showed that the BFC forest habitat, with the highest soil C-content, was characterized by the highest annual soil CO<sub>2<\/sub> emission (48.17 tCO<sub>2<\/sub>\/ha per year), soils on LFC (44,46 tCO<sub>2<\/sub>\/ha per year),\u00a0 plot showed lower CO<sub>2<\/sub> emissions, while MFC (36,10 tCO<sub>2<\/sub>\/ha per year), soil had the lowest CO<sub>2<\/sub> emissions. The highest annual emissions from the clear-cut area were found on the LFC, indirect emissions on the MFC (51.61, 43.85 tCO<sub>2<\/sub>\/ha per year, respectively), and the lowest on the BFC (35.36 tCO<sub>2<\/sub>\/ha per year). The conducted research indicates that in surface mineral horizon the highest content of soil organic carbon depended on the type of forest habitat. Also, soil CO<sub>2<\/sub> emissions after clear-cutting were determined by the forest habitat type and correlated with the soil organic carbon content before clear-cutting. In the first year after clear-cut, the CO<sub>2<\/sub> emission value increased on the LFC and MFC on the type of forest habitat.<\/p>\n<p><strong>Keywords: <\/strong>forest habitats, CO<sub>2 <\/sub>emissions, surface mineral horizon<\/p>\n<p><span style=\"font-size: 10pt\"><strong>How to cite<br \/><\/strong>D\u0142u\u017cewski P., 2024. Evaluation of CO<sub>2<\/sub> emission and soil properties in selected forest habitats. 1st International Conference of Soil and Agriculture: Towards Soil Sustainability. https:\/\/doi.org\/10.24326\/ICSA1.PP.05<\/span><\/p>\n                                        <\/div>\n\t\t\t\t\t\t                                <\/div>\n\t\t\t\t                <div class=\"mn-content-block\">\n\t                                <\/div>\n\t\t\t\t                <div class=\"mn-content-block\">\n\t                                <\/div>\n\t\t\t\t                <div class=\"mn-content-block\">\n\t                                <\/div>\n\t\t\t\t                <div class=\"mn-content-block\">\n\t                                <\/div>\n\t\t\t\t                <div class=\"mn-content-block\">\n\t                                <\/div>\n\t\t\t\t                <div class=\"mn-content-block\">\n\t                                <\/div>\n\t\t\t\t                <div class=\"mn-content-block\">\n\t                                <\/div>\n\t\t\t\t                <div class=\"mn-content-block\">\n\t                                <\/div>\n\t\t\t\t                <div class=\"mn-content-block\">\n\t                                <\/div>\n\t\t\t\t                <div class=\"mn-content-block\">\n\t                                <\/div>\n\t\t\t\t                <div class=\"mn-content-block\">\n\t                                <\/div>\n\t\t\t\t                <div class=\"mn-content-block\">\n\t                                <\/div>\n\t\t\t\t                <div class=\"mn-content-block\">\n\t                                <\/div>\n\t\t\t\t                <div class=\"mn-content-block\">\n\t                                <\/div>\n\t\t\t\t                <div class=\"mn-content-block\">\n\t                                <\/div>\n\t\t\t\t                <div class=\"mn-content-block\">\n\t                                <\/div>\n\t\t\t\t                <div class=\"mn-content-block\">\n\t                                <\/div>\n\t\t\t\t                <div class=\"mn-content-block\">\n\t                                <\/div>\n\t\t\t\t                <div class=\"mn-content-block\">\n\t                                <\/div>\n\t\t\t\t\t\t<\/div>\n\t<\/div>\n<\/section>\n\t\t<\/div>\n\t\t\t\t<\/div>\n\t\t\t\t\t<\/div>\n\t\t<\/div>\n\t\t\t\t\t\t\t<\/div>\n\t\t<\/section>\n\t\t\t\t\t\t<\/div>\n\t\t\t\t\t<\/div>\n\t\t","protected":false},"excerpt":{"rendered":"<p>1st International Conference of Soil and Agriculture:TOWARDS SOIL SUSTAINABILITY11\u201313 June 2024 \u2022 Lublin\u2013Na\u0142\u0119cz\u00f3w, Poland https:\/\/doi.org\/10.24326\/ICSA1.PP.05Published online: 4 October 2024 Evaluation of CO2 emission and soil properties in selected forest habitatsPawe\u0142 D\u0142u\u017cewski* Department of Soil Science, Land Reclamation and Geodesy, Faculty of Environmental Engineering and Mechanical Engineering, Pozna\u0144 University of Life Sciences, Pi\u0105tkowska 94, 60-649 Pozna\u0144, [&hellip;]<\/p>\n","protected":false},"author":196,"featured_media":0,"parent":139572,"menu_order":0,"comment_status":"closed","ping_status":"closed","template":"elementor_header_footer","meta":{"_monsterinsights_skip_tracking":false,"_monsterinsights_sitenote_active":false,"_monsterinsights_sitenote_note":"","_monsterinsights_sitenote_category":0},"_links":{"self":[{"href":"https:\/\/up.lublin.pl\/digital\/wp-json\/wp\/v2\/pages\/139846"}],"collection":[{"href":"https:\/\/up.lublin.pl\/digital\/wp-json\/wp\/v2\/pages"}],"about":[{"href":"https:\/\/up.lublin.pl\/digital\/wp-json\/wp\/v2\/types\/page"}],"author":[{"embeddable":true,"href":"https:\/\/up.lublin.pl\/digital\/wp-json\/wp\/v2\/users\/196"}],"replies":[{"embeddable":true,"href":"https:\/\/up.lublin.pl\/digital\/wp-json\/wp\/v2\/comments?post=139846"}],"version-history":[{"count":13,"href":"https:\/\/up.lublin.pl\/digital\/wp-json\/wp\/v2\/pages\/139846\/revisions"}],"predecessor-version":[{"id":140734,"href":"https:\/\/up.lublin.pl\/digital\/wp-json\/wp\/v2\/pages\/139846\/revisions\/140734"}],"up":[{"embeddable":true,"href":"https:\/\/up.lublin.pl\/digital\/wp-json\/wp\/v2\/pages\/139572"}],"wp:attachment":[{"href":"https:\/\/up.lublin.pl\/digital\/wp-json\/wp\/v2\/media?parent=139846"}],"curies":[{"name":"wp","href":"https:\/\/api.w.org\/{rel}","templated":true}]}}