{"id":139841,"date":"2024-10-02T14:39:38","date_gmt":"2024-10-02T12:39:38","guid":{"rendered":"https:\/\/up.lublin.pl\/digital\/?page_id=139841"},"modified":"2024-10-08T13:52:35","modified_gmt":"2024-10-08T11:52:35","slug":"icsa-2024-pp-04","status":"publish","type":"page","link":"https:\/\/up.lublin.pl\/digital\/conferences\/icsa2024\/icsa-2024-pp-04\/","title":{"rendered":"ICSA 2024, PP.04"},"content":{"rendered":"\t\t<div data-elementor-type=\"wp-page\" data-elementor-id=\"139841\" class=\"elementor elementor-139841\" data-elementor-settings=\"[]\">\n\t\t\t\t\t\t\t<div class=\"elementor-section-wrap\">\n\t\t\t\t\t\t\t<section class=\"elementor-section elementor-top-section elementor-element elementor-element-723fd7e6 elementor-section-boxed elementor-section-height-default elementor-section-height-default\" data-id=\"723fd7e6\" data-element_type=\"section\">\n\t\t\t\t\t\t<div class=\"elementor-container elementor-column-gap-default\">\n\t\t\t\t\t<div class=\"elementor-column elementor-col-100 elementor-top-column elementor-element elementor-element-4f169977\" data-id=\"4f169977\" data-element_type=\"column\">\n\t\t\t<div class=\"elementor-widget-wrap elementor-element-populated\">\n\t\t\t\t\t\t\t\t<div class=\"elementor-element elementor-element-681a447d elementor-widget elementor-widget-m2j\" data-id=\"681a447d\" data-element_type=\"widget\" data-widget_type=\"m2j.default\">\n\t\t\t\t<div class=\"elementor-widget-container\">\n\t\t\t<section class=\"mn-m2-h\">\n    <div class=\"mn-image-container mn-container\">\n                    <img src=\"https:\/\/up.lublin.pl\/digital\/wp-content\/uploads\/sites\/10\/2024\/09\/icsa-banner_web.jpg\" alt=\"\">\n                        <\/div>\n    <div class=\"mn-grid mn-content\">\n            <\/div>\n<\/section>\n\t\t<\/div>\n\t\t\t\t<\/div>\n\t\t\t\t\t<\/div>\n\t\t<\/div>\n\t\t\t\t\t\t\t<\/div>\n\t\t<\/section>\n\t\t\t\t<section class=\"elementor-section elementor-top-section elementor-element elementor-element-4e53cc45 elementor-section-boxed elementor-section-height-default elementor-section-height-default\" data-id=\"4e53cc45\" data-element_type=\"section\">\n\t\t\t\t\t\t<div class=\"elementor-container elementor-column-gap-default\">\n\t\t\t\t\t<div class=\"elementor-column elementor-col-100 elementor-top-column elementor-element elementor-element-68d08cb\" data-id=\"68d08cb\" data-element_type=\"column\">\n\t\t\t<div class=\"elementor-widget-wrap elementor-element-populated\">\n\t\t\t\t\t\t\t\t<div class=\"elementor-element elementor-element-20106f38 elementor-widget elementor-widget-m5c\" data-id=\"20106f38\" data-element_type=\"widget\" data-widget_type=\"m5c.default\">\n\t\t\t\t<div class=\"elementor-widget-container\">\n\t\t\t<section class=\"mn-m5-c mn-m5-d2 mn-bg-white\">\n\t<div class=\"mn-grid\">\n\t\t\t\t<div class=\"mn-content mn-grid-9\">\n\t\t\t                <div class=\"mn-content-block active\">\n\t                                                        <div class=\"block-text\">\n\t                                        <h2><span style=\"color: #333333\"><strong><span style=\"font-size: 14pt\">1st International Conference of Soil and Agriculture:<\/span><br \/><\/strong><span style=\"font-size: 18pt\">TOWARDS SOIL SUSTAINABILITY<\/span><strong><br \/><span style=\"font-size: 10pt\">11\u201313 June 2024 \u2022 Lublin\u2013Na\u0142\u0119cz\u00f3w, Poland<\/span><\/strong><\/span><\/h2>\n<hr \/>\n<p><a href=\"https:\/\/doi.org\/10.24326\/ICSA1.PP.04\"><span style=\"font-size: 10pt\">https:\/\/doi.org\/10.24326\/ICSA1.PP.04<\/span><\/a><br \/><span style=\"font-size: 10pt\">Published online: 4 October 2024<\/span><\/p>\n<h2><strong><span style=\"font-size: 12pt\"><span style=\"font-size: 18pt;color: #333333\">Effect of digestate after two-stage, H<sub>2<\/sub>, and CH<sub>4<\/sub> yielding anaerobic digestion on wheat germination<\/span><br \/><\/span><\/strong><span style=\"font-size: 12pt;color: #000000\">Aleksandra Chojnacka<sup>1<\/sup>*, Anna Detman-Ignatowska<sup>2<\/sup>, Anna Sikora<sup>2<\/sup>, Martyna Paul<sup>2<\/sup>, <br \/>Jerzy Jonczak<sup>3<\/sup><\/span><\/h2>\n<p><span style=\"font-size: 10pt\"><sup>1<\/sup> Department of Biochemistry and Microbiology, Warsaw University of Life Sciences, Nowoursynowska 159, 02-776 Warsaw, Poland<\/span><br \/><span style=\"font-size: 10pt\"><sup>2<\/sup> Laboratory of White Biotechnology, Institute of Biochemistry and Biophysics, Polish Academy of Sciences, Pawi\u0144skiego 5a, 02-106 Warsaw, Poland<\/span><br \/><span style=\"font-size: 10pt\"><sup>3<\/sup> Department of Soil Science, Warsaw University of Life Sciences, Nowoursynowska 159, 02-776 Warsaw, Poland<\/span><br \/><span style=\"font-size: 8pt\">* Corresponding author: aleksandra_chojnacka@sggw.edu.pl<\/span><\/p>\n<p><strong>Abstract<br \/><\/strong>Organic fertilizers can be derived from many different wastes and by-products including a&nbsp;digestate \u2013 specific effluent simultaneously produced with biogas during the anaerobic digestion (AD) process. Biogas production is possible thanks to the interactions of many groups of microorganisms. In conventional applications (biogas plants \u2013 one-stage AD), all these microorganisms are kept together in a&nbsp;single reactor system. However, processing organic compounds in two separate reactors can enhance AD process. In this case, besides the increased stability, two-stage AD provides also the combined production of H<sub>2<\/sub> and CH<sub>4<\/sub>. In general digestate fertilization improves germination, plant growth, crop yield as well as plant immunity to biotic and abiotic stress. Nevertheless, improperly selected doses can also lead to digestate toxicity. The objective of this study was to investigate the possible phytotoxic effects of digestate obtained as a&nbsp;result of the two-stage AD process in comparison to digestate obtained as a&nbsp;result of traditional one-stage AD. The master hypothesis in this experiment was that digestate obtained as a&nbsp;result of two-stage AD has a&nbsp;positive or neutral effect on plant germination. Digestate was produced as follows: In the first stage, substrate was fermented in PBR reactor to hydrogen-rich biogas and organic acids. In the second stage, non-gaseous products were methanized in UASB reactor to biogas and final digestate. In one-stage system, all stages were conducted in UASB reactor. Then, the final digestates were used for the germination test. It was carried out with wheat seeds (<em>Triticum aestivum<\/em> L.) using five different concentrations of digestates (100%, 75%, 50%, 25%, and 10%). The experiment was done in Petri dishes in 10 replications. Water was used as a&nbsp;control. Germination (any visible sprouting) was measured after 7 days (25\u00b0C, growth chamber). In the results, both one-stage and two-stage digestates had phytotoxicity in concentrations of 100%, 75%, and 50% and did not induce a&nbsp;phytotoxic effect at the lowest dilution. Digestate obtained as a&nbsp;result of two-stage AD showed statistically significantly higher toxicity than digestate obtained as a&nbsp;result of one-stage AD. In summary, the final digestate obtained as a&nbsp;result of the two-stage AD process can be used as a&nbsp;soil amendment, but this requires further research. Special attention should be paid to issues related to phytotoxicity, particularly in the early stages of plant growth.<\/p>\n<p><strong>Keywords:\u00a0<\/strong>digestate, organic fertilizers, two-stage H<sub>2<\/sub>-CH<sub>4<\/sub>-yielding system, germination<\/p>\n<p><span style=\"font-size: 10pt\"><strong>How to cite<br \/><\/strong><\/span><span style=\"font-size: 10pt\">Chojnacka A., Detman-Ignatowska A., Sikora A., Paul M., Jonczak J., 2024. Effect of digestate after two-stage, H<sub>2<\/sub>, and CH<sub>4<\/sub> yielding anaerobic digestion on wheat germination. 1st International Conference of Soil and Agriculture: Towards Soil Sustainability. https:\/\/doi.org\/10.24326\/ICSA1.PP.04<\/span><\/p>\n                                        <\/div>\n\t\t\t\t\t\t                                <\/div>\n\t\t\t\t                <div class=\"mn-content-block\">\n\t                                <\/div>\n\t\t\t\t                <div class=\"mn-content-block\">\n\t                                <\/div>\n\t\t\t\t                <div class=\"mn-content-block\">\n\t                                <\/div>\n\t\t\t\t                <div class=\"mn-content-block\">\n\t                                <\/div>\n\t\t\t\t                <div class=\"mn-content-block\">\n\t                                <\/div>\n\t\t\t\t                <div class=\"mn-content-block\">\n\t                                <\/div>\n\t\t\t\t                <div class=\"mn-content-block\">\n\t                                <\/div>\n\t\t\t\t                <div class=\"mn-content-block\">\n\t                                <\/div>\n\t\t\t\t                <div class=\"mn-content-block\">\n\t                                <\/div>\n\t\t\t\t                <div class=\"mn-content-block\">\n\t                                <\/div>\n\t\t\t\t                <div class=\"mn-content-block\">\n\t                                <\/div>\n\t\t\t\t                <div class=\"mn-content-block\">\n\t                                <\/div>\n\t\t\t\t                <div class=\"mn-content-block\">\n\t                                <\/div>\n\t\t\t\t                <div class=\"mn-content-block\">\n\t                                <\/div>\n\t\t\t\t                <div class=\"mn-content-block\">\n\t                                <\/div>\n\t\t\t\t                <div class=\"mn-content-block\">\n\t                                <\/div>\n\t\t\t\t                <div class=\"mn-content-block\">\n\t                                <\/div>\n\t\t\t\t                <div class=\"mn-content-block\">\n\t                                <\/div>\n\t\t\t\t                <div class=\"mn-content-block\">\n\t                                <\/div>\n\t\t\t\t\t\t<\/div>\n\t<\/div>\n<\/section>\n\t\t<\/div>\n\t\t\t\t<\/div>\n\t\t\t\t\t<\/div>\n\t\t<\/div>\n\t\t\t\t\t\t\t<\/div>\n\t\t<\/section>\n\t\t\t\t\t\t<\/div>\n\t\t\t\t\t<\/div>\n\t\t","protected":false},"excerpt":{"rendered":"<p>1st International Conference of Soil and Agriculture:TOWARDS SOIL SUSTAINABILITY11\u201313 June 2024 \u2022 Lublin\u2013Na\u0142\u0119cz\u00f3w, Poland https:\/\/doi.org\/10.24326\/ICSA1.PP.04Published online: 4 October 2024 Effect of digestate after two-stage, H2, and CH4 yielding anaerobic digestion on wheat germinationAleksandra Chojnacka1*, Anna Detman-Ignatowska2, Anna Sikora2, Martyna Paul2, Jerzy Jonczak3 1 Department of Biochemistry and Microbiology, Warsaw University of Life Sciences, Nowoursynowska 159, [&hellip;]<\/p>\n","protected":false},"author":196,"featured_media":0,"parent":139572,"menu_order":0,"comment_status":"closed","ping_status":"closed","template":"elementor_header_footer","meta":{"_monsterinsights_skip_tracking":false,"_monsterinsights_sitenote_active":false,"_monsterinsights_sitenote_note":"","_monsterinsights_sitenote_category":0},"_links":{"self":[{"href":"https:\/\/up.lublin.pl\/digital\/wp-json\/wp\/v2\/pages\/139841"}],"collection":[{"href":"https:\/\/up.lublin.pl\/digital\/wp-json\/wp\/v2\/pages"}],"about":[{"href":"https:\/\/up.lublin.pl\/digital\/wp-json\/wp\/v2\/types\/page"}],"author":[{"embeddable":true,"href":"https:\/\/up.lublin.pl\/digital\/wp-json\/wp\/v2\/users\/196"}],"replies":[{"embeddable":true,"href":"https:\/\/up.lublin.pl\/digital\/wp-json\/wp\/v2\/comments?post=139841"}],"version-history":[{"count":10,"href":"https:\/\/up.lublin.pl\/digital\/wp-json\/wp\/v2\/pages\/139841\/revisions"}],"predecessor-version":[{"id":140731,"href":"https:\/\/up.lublin.pl\/digital\/wp-json\/wp\/v2\/pages\/139841\/revisions\/140731"}],"up":[{"embeddable":true,"href":"https:\/\/up.lublin.pl\/digital\/wp-json\/wp\/v2\/pages\/139572"}],"wp:attachment":[{"href":"https:\/\/up.lublin.pl\/digital\/wp-json\/wp\/v2\/media?parent=139841"}],"curies":[{"name":"wp","href":"https:\/\/api.w.org\/{rel}","templated":true}]}}