{"id":139818,"date":"2024-10-02T14:33:10","date_gmt":"2024-10-02T12:33:10","guid":{"rendered":"https:\/\/up.lublin.pl\/digital\/?page_id=139818"},"modified":"2024-10-08T12:43:42","modified_gmt":"2024-10-08T10:43:42","slug":"icsa-2024-pp-02","status":"publish","type":"page","link":"https:\/\/up.lublin.pl\/digital\/conferences\/icsa2024\/icsa-2024-pp-02\/","title":{"rendered":"ICSA 2024, PP.02"},"content":{"rendered":"\t\t<div data-elementor-type=\"wp-page\" data-elementor-id=\"139818\" class=\"elementor elementor-139818\" data-elementor-settings=\"[]\">\n\t\t\t\t\t\t\t<div class=\"elementor-section-wrap\">\n\t\t\t\t\t\t\t<section class=\"elementor-section elementor-top-section elementor-element elementor-element-309287f3 elementor-section-boxed elementor-section-height-default elementor-section-height-default\" data-id=\"309287f3\" data-element_type=\"section\">\n\t\t\t\t\t\t<div class=\"elementor-container elementor-column-gap-default\">\n\t\t\t\t\t<div class=\"elementor-column elementor-col-100 elementor-top-column elementor-element elementor-element-4e0fa62\" data-id=\"4e0fa62\" data-element_type=\"column\">\n\t\t\t<div class=\"elementor-widget-wrap elementor-element-populated\">\n\t\t\t\t\t\t\t\t<div class=\"elementor-element elementor-element-4f88e0e3 elementor-widget elementor-widget-m2j\" data-id=\"4f88e0e3\" data-element_type=\"widget\" data-widget_type=\"m2j.default\">\n\t\t\t\t<div class=\"elementor-widget-container\">\n\t\t\t<section class=\"mn-m2-h\">\n    <div class=\"mn-image-container mn-container\">\n                    <img src=\"https:\/\/up.lublin.pl\/digital\/wp-content\/uploads\/sites\/10\/2024\/09\/icsa-banner_web.jpg\" alt=\"\">\n                        <\/div>\n    <div class=\"mn-grid mn-content\">\n            <\/div>\n<\/section>\n\t\t<\/div>\n\t\t\t\t<\/div>\n\t\t\t\t\t<\/div>\n\t\t<\/div>\n\t\t\t\t\t\t\t<\/div>\n\t\t<\/section>\n\t\t\t\t<section class=\"elementor-section elementor-top-section elementor-element elementor-element-413c1741 elementor-section-boxed elementor-section-height-default elementor-section-height-default\" data-id=\"413c1741\" data-element_type=\"section\">\n\t\t\t\t\t\t<div class=\"elementor-container elementor-column-gap-default\">\n\t\t\t\t\t<div class=\"elementor-column elementor-col-100 elementor-top-column elementor-element elementor-element-1be2d42c\" data-id=\"1be2d42c\" data-element_type=\"column\">\n\t\t\t<div class=\"elementor-widget-wrap elementor-element-populated\">\n\t\t\t\t\t\t\t\t<div class=\"elementor-element elementor-element-18979b69 elementor-widget elementor-widget-m5c\" data-id=\"18979b69\" data-element_type=\"widget\" data-widget_type=\"m5c.default\">\n\t\t\t\t<div class=\"elementor-widget-container\">\n\t\t\t<section class=\"mn-m5-c mn-m5-d2 mn-bg-white\">\n\t<div class=\"mn-grid\">\n\t\t\t\t<div class=\"mn-content mn-grid-9\">\n\t\t\t                <div class=\"mn-content-block active\">\n\t                                                        <div class=\"block-text\">\n\t                                        <h2><span style=\"color: #333333\"><strong><span style=\"font-size: 14pt\">1st International Conference of Soil and Agriculture:<\/span><br \/><\/strong><span style=\"font-size: 18pt\">TOWARDS SOIL SUSTAINABILITY<\/span><strong><br \/><span style=\"font-size: 10pt\">11\u201313 June 2024 \u2022 Lublin\u2013Na\u0142\u0119cz\u00f3w, Poland<\/span><\/strong><\/span><\/h2>\n<hr \/>\n<p><a href=\"https:\/\/doi.org\/10.24326\/ICSA1.PP.02\"><span style=\"font-size: 10pt\">https:\/\/doi.org\/10.24326\/ICSA1.PP.02<\/span><\/a><br \/><span style=\"font-size: 10pt\">Published online: 4 October 2024<\/span><\/p>\n<h2><strong><span style=\"font-size: 12pt\"><span style=\"font-size: 18pt;color: #333333\">Content of total nitrogen and its mineral forms in light soil fertilized with sewage sludge and mineral wool\u00a0<\/span><br \/><\/span><\/strong><span style=\"font-size: 12pt;color: #000000\">Marta Bik-Ma\u0142odzi\u0144ska*, Gra\u017cyna \u017bukowska, Magdalena Myszura-Dymek<\/span><\/h2>\n<p><span style=\"font-size: 10pt\">Institute of Soil Science, Environmental Engineering and Management, University of Life Sciences in Lublin, Leszczy\u0144skiego 7, 20-069 Lublin, Poland<br \/><\/span><span style=\"font-size: 8pt\">* Corresponding author: marta.bik-malodzinska@up.lublin.pl<\/span><\/p>\n<p><strong>Abstract<br \/><\/strong>In Poland, light soils dominate (approx. 50%), characterized by low organic matter content, very poor and weak (51%) resistance to chemical degradation processes and strong acidification. These are the main reasons for their low production efficiency. A&nbsp;significant area (70,884 ha) is also degraded land and devastated, which, in the light of legal conditions, require recultivation. Both sewage sludge and post-consumer mineral wool are rich in organic substances and fertilizer ingredients (nitrogen, phosphorus, magnesium, calcium), which prefers them to be used as soil improvers. The effectiveness of the natural management of sewage sludge should be associated with the optimization of its properties, which can be achieved by combining them and increasing their fertilizing value. The aim of the 4-year experiment was to assess the suitability of municipal sewage sludge and waste mineral wool from crops under cover for fertilization\/reclamation of light soil. The sewage sludge came from the municipal sewage treatment plant in Stalowa Wola, and the waste mineral wool from the Horticultural Enterprise in Niemce near Lublin. The soil and waste used in the vegetation experiment were characterized by various properties. The soil is low-clay sand, acidic, with poor properties. Mineral wool and municipal sewage sludge had beneficial properties. The addition of the tested waste to light soil had a&nbsp;significant impact on changes in total nitrogen and its mineral forms in light soil. The content of total nitrogen in the soil without fertilization (control I) from the first test date was 0.5 g\/kg. In the soil fertilized with NPK (control II) and sewage sludge at a&nbsp;dose of 10 Mg\/ha, it remained at a&nbsp;similar level. A&nbsp;significant increase in the total nitrogen content was found in the soil with the addition of sewage sludge at a&nbsp;dose of 100 Mg\/ha. In the soil of this object, during the first test date, the content of Nog was 1.20 g\/kg, and in subsequent dates there were slight fluctuations, with a&nbsp;tendency to lower the content, but with the level (1.07 g\/kg), significantly higher compared to control objects and the variant with a&nbsp;lower dose of sewage sludge. Sewage sludge applied in the drainage dose (100 Mg\/ha) increased the nitrogen content by 32.1% compared to the fertilizer dose (10 Mg\/ha), and in cooperation with mineral wool by 39.8%. The waste used also increased the content of ammonium and nitrate nitrogen in the reclaimed light soil.<\/p>\n<p><strong>Keywords: <\/strong>degradation, recultivation, sewage sludge, mineral wool, total nitrogen<\/p>\n<p><span style=\"font-size: 10pt\"><strong>How to cite<br \/><\/strong>Bik-Ma\u0142odzi\u0144ska M., \u017bukowska G., Myszura-Dymek M., 2024. Content of total nitrogen and its mineral forms in light soil fertilized with sewage sludge and mineral wool. 1st International Conference of Soil and Agriculture: Towards Soil Sustainability. https:\/\/doi.org\/10.24326\/ICSA1.PP.02<\/span><\/p>\n                                        <\/div>\n\t\t\t\t\t\t                                <\/div>\n\t\t\t\t                <div class=\"mn-content-block\">\n\t                                <\/div>\n\t\t\t\t                <div class=\"mn-content-block\">\n\t                                <\/div>\n\t\t\t\t                <div class=\"mn-content-block\">\n\t                                <\/div>\n\t\t\t\t                <div class=\"mn-content-block\">\n\t                                <\/div>\n\t\t\t\t                <div class=\"mn-content-block\">\n\t                                <\/div>\n\t\t\t\t                <div class=\"mn-content-block\">\n\t                                <\/div>\n\t\t\t\t                <div class=\"mn-content-block\">\n\t                                <\/div>\n\t\t\t\t                <div class=\"mn-content-block\">\n\t                                <\/div>\n\t\t\t\t                <div class=\"mn-content-block\">\n\t                                <\/div>\n\t\t\t\t                <div class=\"mn-content-block\">\n\t                                <\/div>\n\t\t\t\t                <div class=\"mn-content-block\">\n\t                                <\/div>\n\t\t\t\t                <div class=\"mn-content-block\">\n\t                                <\/div>\n\t\t\t\t                <div class=\"mn-content-block\">\n\t                                <\/div>\n\t\t\t\t                <div class=\"mn-content-block\">\n\t                                <\/div>\n\t\t\t\t                <div class=\"mn-content-block\">\n\t                                <\/div>\n\t\t\t\t                <div class=\"mn-content-block\">\n\t                                <\/div>\n\t\t\t\t                <div class=\"mn-content-block\">\n\t                                <\/div>\n\t\t\t\t                <div class=\"mn-content-block\">\n\t                                <\/div>\n\t\t\t\t                <div class=\"mn-content-block\">\n\t                                <\/div>\n\t\t\t\t\t\t<\/div>\n\t<\/div>\n<\/section>\n\t\t<\/div>\n\t\t\t\t<\/div>\n\t\t\t\t\t<\/div>\n\t\t<\/div>\n\t\t\t\t\t\t\t<\/div>\n\t\t<\/section>\n\t\t\t\t\t\t<\/div>\n\t\t\t\t\t<\/div>\n\t\t","protected":false},"excerpt":{"rendered":"<p>1st International Conference of Soil and Agriculture:TOWARDS SOIL SUSTAINABILITY11\u201313 June 2024 \u2022 Lublin\u2013Na\u0142\u0119cz\u00f3w, Poland https:\/\/doi.org\/10.24326\/ICSA1.PP.02Published online: 4 October 2024 Content of total nitrogen and its mineral forms in light soil fertilized with sewage sludge and mineral wool\u00a0Marta Bik-Ma\u0142odzi\u0144ska*, Gra\u017cyna \u017bukowska, Magdalena Myszura-Dymek Institute of Soil Science, Environmental Engineering and Management, University of Life Sciences in [&hellip;]<\/p>\n","protected":false},"author":196,"featured_media":0,"parent":139572,"menu_order":0,"comment_status":"closed","ping_status":"closed","template":"elementor_header_footer","meta":{"_monsterinsights_skip_tracking":false,"_monsterinsights_sitenote_active":false,"_monsterinsights_sitenote_note":"","_monsterinsights_sitenote_category":0},"_links":{"self":[{"href":"https:\/\/up.lublin.pl\/digital\/wp-json\/wp\/v2\/pages\/139818"}],"collection":[{"href":"https:\/\/up.lublin.pl\/digital\/wp-json\/wp\/v2\/pages"}],"about":[{"href":"https:\/\/up.lublin.pl\/digital\/wp-json\/wp\/v2\/types\/page"}],"author":[{"embeddable":true,"href":"https:\/\/up.lublin.pl\/digital\/wp-json\/wp\/v2\/users\/196"}],"replies":[{"embeddable":true,"href":"https:\/\/up.lublin.pl\/digital\/wp-json\/wp\/v2\/comments?post=139818"}],"version-history":[{"count":16,"href":"https:\/\/up.lublin.pl\/digital\/wp-json\/wp\/v2\/pages\/139818\/revisions"}],"predecessor-version":[{"id":140602,"href":"https:\/\/up.lublin.pl\/digital\/wp-json\/wp\/v2\/pages\/139818\/revisions\/140602"}],"up":[{"embeddable":true,"href":"https:\/\/up.lublin.pl\/digital\/wp-json\/wp\/v2\/pages\/139572"}],"wp:attachment":[{"href":"https:\/\/up.lublin.pl\/digital\/wp-json\/wp\/v2\/media?parent=139818"}],"curies":[{"name":"wp","href":"https:\/\/api.w.org\/{rel}","templated":true}]}}