{"id":139807,"date":"2024-10-02T14:27:37","date_gmt":"2024-10-02T12:27:37","guid":{"rendered":"https:\/\/up.lublin.pl\/digital\/?page_id=139807"},"modified":"2024-10-08T13:52:17","modified_gmt":"2024-10-08T11:52:17","slug":"icsa-2024-pp-01","status":"publish","type":"page","link":"https:\/\/up.lublin.pl\/digital\/conferences\/icsa2024\/icsa-2024-pp-01\/","title":{"rendered":"ICSA 2024, PP.01"},"content":{"rendered":"\t\t<div data-elementor-type=\"wp-page\" data-elementor-id=\"139807\" class=\"elementor elementor-139807\" data-elementor-settings=\"[]\">\n\t\t\t\t\t\t\t<div class=\"elementor-section-wrap\">\n\t\t\t\t\t\t\t<section class=\"elementor-section elementor-top-section elementor-element elementor-element-775ffdec elementor-section-boxed elementor-section-height-default elementor-section-height-default\" data-id=\"775ffdec\" data-element_type=\"section\">\n\t\t\t\t\t\t<div class=\"elementor-container elementor-column-gap-default\">\n\t\t\t\t\t<div class=\"elementor-column elementor-col-100 elementor-top-column elementor-element elementor-element-3501ce07\" data-id=\"3501ce07\" data-element_type=\"column\">\n\t\t\t<div class=\"elementor-widget-wrap elementor-element-populated\">\n\t\t\t\t\t\t\t\t<div class=\"elementor-element elementor-element-2900bdb6 elementor-widget elementor-widget-m2j\" data-id=\"2900bdb6\" data-element_type=\"widget\" data-widget_type=\"m2j.default\">\n\t\t\t\t<div class=\"elementor-widget-container\">\n\t\t\t<section class=\"mn-m2-h\">\n    <div class=\"mn-image-container mn-container\">\n                    <img src=\"https:\/\/up.lublin.pl\/digital\/wp-content\/uploads\/sites\/10\/2024\/09\/icsa-banner_web.jpg\" alt=\"\">\n                        <\/div>\n    <div class=\"mn-grid mn-content\">\n            <\/div>\n<\/section>\n\t\t<\/div>\n\t\t\t\t<\/div>\n\t\t\t\t\t<\/div>\n\t\t<\/div>\n\t\t\t\t\t\t\t<\/div>\n\t\t<\/section>\n\t\t\t\t<section class=\"elementor-section elementor-top-section elementor-element elementor-element-6ba227b elementor-section-boxed elementor-section-height-default elementor-section-height-default\" data-id=\"6ba227b\" data-element_type=\"section\">\n\t\t\t\t\t\t<div class=\"elementor-container elementor-column-gap-default\">\n\t\t\t\t\t<div class=\"elementor-column elementor-col-100 elementor-top-column elementor-element elementor-element-1b26ad92\" data-id=\"1b26ad92\" data-element_type=\"column\">\n\t\t\t<div class=\"elementor-widget-wrap elementor-element-populated\">\n\t\t\t\t\t\t\t\t<div class=\"elementor-element elementor-element-2090473f elementor-widget elementor-widget-m5c\" data-id=\"2090473f\" data-element_type=\"widget\" data-widget_type=\"m5c.default\">\n\t\t\t\t<div class=\"elementor-widget-container\">\n\t\t\t<section class=\"mn-m5-c mn-m5-d2 mn-bg-white\">\n\t<div class=\"mn-grid\">\n\t\t\t\t<div class=\"mn-content mn-grid-9\">\n\t\t\t                <div class=\"mn-content-block active\">\n\t                                                        <div class=\"block-text\">\n\t                                        <h2><span style=\"color: #333333\"><strong><span style=\"font-size: 14pt\">1st International Conference of Soil and Agriculture:<\/span><br \/><\/strong><span style=\"font-size: 18pt\">TOWARDS SOIL SUSTAINABILITY<\/span><strong><br \/><span style=\"font-size: 10pt\">11\u201313 June 2024 \u2022 Lublin\u2013Na\u0142\u0119cz\u00f3w, Poland<\/span><\/strong><\/span><\/h2>\n<hr \/>\n<p><a href=\"https:\/\/doi.org\/10.24326\/ICSA1.PP.01\"><span style=\"font-size: 10pt\">https:\/\/doi.org\/10.24326\/ICSA1.PP.01<\/span><\/a><br \/><span style=\"font-size: 10pt\">Published online: 4 October 2024<\/span><\/p>\n<h2><span style=\"font-size: 12pt\"><strong><span style=\"font-size: 18pt;color: #333333\">Phytorecovery of micronutrients from mineral and organic waste<\/span><br \/><\/strong><\/span><span style=\"color: #000000;font-size: 12pt\">Jacek Antonkiewicz<sup>1<\/sup>*, Beata Ko\u0142odziej<sup>2<\/sup>, Maja Bryk<sup>2<\/sup>, Jacek Babula<sup>1<\/sup>, Magdalena K\u0105dzio\u0142ka<sup>1,2<\/sup>, Robert Pe\u0142ka<sup>3<\/sup>, Tilemachos Koliopoulos<sup>4<\/sup><\/span><\/h2>\n<p><span style=\"font-size: 10pt\"><sup>1<\/sup> Department of Agricultural and Environmental Chemistry, Hugo Ko\u0142\u0142\u0105taj University of Agriculture in Krakow, <br \/>Adama Mickiewicza 21, 31-120 Krak\u00f3w, Poland<\/span><br \/><span style=\"font-size: 10pt\"><sup>2<\/sup> Institute of Soil Science, Environmental Engineering and Management, University of Life Sciences in Lublin, Leszczy\u0144skiego 7, 20-069 Lublin, Poland<\/span><br \/><span style=\"font-size: 10pt\"><sup>3<\/sup> FHU ART PEL<\/span><br \/><span style=\"font-size: 10pt\"><sup>4<\/sup> University of West Attica, Thivon and P. Ralli 250, Aigaleo, 12244, Athens, Greece<\/span><br \/><span style=\"font-size: 8pt\">* Corresponding author: jacek.antonkiewicz@urk.edu.pl<\/span><\/p>\n<p><strong>Abstract<br \/><\/strong>Mineral and organic waste is a&nbsp;potential source of valuable micronutrients that can be obtained from the cultivation of reclamation plants. The aim of the study was to evaluate the content, uptake and use of Al, Mn, Fe, Co and Mo from ashes from coal and biomass combustion, municipal sewage sludge and their mixtures by grasses and legumes. In addition, the effect of the waste used on the mass ratios between the microelements in the plant biomass was examined. The field experiment included 8 objects: 1 control and 7 objects where ash from bituminous coal combustion, ash from biomass combustion and municipal sewage sludge were applied at a&nbsp;dose of 50 Mg\/ha DM, as well as their mixtures at two doses: 50 Mg\/ha DM and 100 Mg\/ha DM. The study showed that the use of municipal sewage sludge increased the content of Al and Mo, as well as the uptake of Al by the plants. The highest uptake of Mn, Co, Fe was recorded in the control, while Mo was taken up after a&nbsp;single application of a&nbsp;mixture of ash from biomass and municipal sewage sludge. Ashes from the combustion of bituminous coal reduced the uptake of the tested microelements by the plants. The recovery of microelements by plants from different objects decreased in the following order: Mn&gt;Mo&gt;Co&gt;Fe&gt;Al. The use of wastes and their mixtures also contributed to an increase in the Fe:Mn ratio. When assessing the Fe:Mn mass ratio, it was found that the biomass obtained did not fulfil the criteria for its use for feed purposes. The combustion waste and municipal sewage sludge used are a&nbsp;potential source of micronutrients for plants used in the reclamation of degraded areas.<\/p>\n<p><strong>Keywords:\u00a0<\/strong>microelements, remediation, coal and biomass ash, sewage sludge<\/p>\n<p><span style=\"font-size: 10pt\"><strong>How to cite<br \/><\/strong>Antonkiewicz J., Ko\u0142odziej B., Bryk M., Babula J., K\u0105dzio\u0142ka M., Pe\u0142ka R, Koliopoulos T., 2024. Phytorecovery of micronutrients from mineral and organic waste. 1st International Conference of Soil and Agriculture: Towards Soil Sustainability. https:\/\/doi.org\/10.24326\/ICSA1.PP.01<\/span><\/p>\n                                        <\/div>\n\t\t\t\t\t\t                                <\/div>\n\t\t\t\t                <div class=\"mn-content-block\">\n\t                                <\/div>\n\t\t\t\t                <div class=\"mn-content-block\">\n\t                                <\/div>\n\t\t\t\t                <div class=\"mn-content-block\">\n\t                                <\/div>\n\t\t\t\t                <div class=\"mn-content-block\">\n\t                                <\/div>\n\t\t\t\t                <div class=\"mn-content-block\">\n\t                                <\/div>\n\t\t\t\t                <div class=\"mn-content-block\">\n\t                                <\/div>\n\t\t\t\t                <div class=\"mn-content-block\">\n\t                                <\/div>\n\t\t\t\t                <div class=\"mn-content-block\">\n\t                                <\/div>\n\t\t\t\t                <div class=\"mn-content-block\">\n\t                                <\/div>\n\t\t\t\t                <div class=\"mn-content-block\">\n\t                                <\/div>\n\t\t\t\t                <div class=\"mn-content-block\">\n\t                                <\/div>\n\t\t\t\t                <div class=\"mn-content-block\">\n\t                                <\/div>\n\t\t\t\t                <div class=\"mn-content-block\">\n\t                                <\/div>\n\t\t\t\t                <div class=\"mn-content-block\">\n\t                                <\/div>\n\t\t\t\t                <div class=\"mn-content-block\">\n\t                                <\/div>\n\t\t\t\t                <div class=\"mn-content-block\">\n\t                                <\/div>\n\t\t\t\t                <div class=\"mn-content-block\">\n\t                                <\/div>\n\t\t\t\t                <div class=\"mn-content-block\">\n\t                                <\/div>\n\t\t\t\t                <div class=\"mn-content-block\">\n\t                                <\/div>\n\t\t\t\t\t\t<\/div>\n\t<\/div>\n<\/section>\n\t\t<\/div>\n\t\t\t\t<\/div>\n\t\t\t\t\t<\/div>\n\t\t<\/div>\n\t\t\t\t\t\t\t<\/div>\n\t\t<\/section>\n\t\t\t\t\t\t<\/div>\n\t\t\t\t\t<\/div>\n\t\t","protected":false},"excerpt":{"rendered":"<p>1st International Conference of Soil and Agriculture:TOWARDS SOIL SUSTAINABILITY11\u201313 June 2024 \u2022 Lublin\u2013Na\u0142\u0119cz\u00f3w, Poland https:\/\/doi.org\/10.24326\/ICSA1.PP.01Published online: 4 October 2024 Phytorecovery of micronutrients from mineral and organic wasteJacek Antonkiewicz1*, Beata Ko\u0142odziej2, Maja Bryk2, Jacek Babula1, Magdalena K\u0105dzio\u0142ka1,2, Robert Pe\u0142ka3, Tilemachos Koliopoulos4 1 Department of Agricultural and Environmental Chemistry, Hugo Ko\u0142\u0142\u0105taj University of Agriculture in Krakow, Adama [&hellip;]<\/p>\n","protected":false},"author":196,"featured_media":0,"parent":139572,"menu_order":0,"comment_status":"closed","ping_status":"closed","template":"elementor_header_footer","meta":{"_monsterinsights_skip_tracking":false,"_monsterinsights_sitenote_active":false,"_monsterinsights_sitenote_note":"","_monsterinsights_sitenote_category":0},"_links":{"self":[{"href":"https:\/\/up.lublin.pl\/digital\/wp-json\/wp\/v2\/pages\/139807"}],"collection":[{"href":"https:\/\/up.lublin.pl\/digital\/wp-json\/wp\/v2\/pages"}],"about":[{"href":"https:\/\/up.lublin.pl\/digital\/wp-json\/wp\/v2\/types\/page"}],"author":[{"embeddable":true,"href":"https:\/\/up.lublin.pl\/digital\/wp-json\/wp\/v2\/users\/196"}],"replies":[{"embeddable":true,"href":"https:\/\/up.lublin.pl\/digital\/wp-json\/wp\/v2\/comments?post=139807"}],"version-history":[{"count":22,"href":"https:\/\/up.lublin.pl\/digital\/wp-json\/wp\/v2\/pages\/139807\/revisions"}],"predecessor-version":[{"id":140728,"href":"https:\/\/up.lublin.pl\/digital\/wp-json\/wp\/v2\/pages\/139807\/revisions\/140728"}],"up":[{"embeddable":true,"href":"https:\/\/up.lublin.pl\/digital\/wp-json\/wp\/v2\/pages\/139572"}],"wp:attachment":[{"href":"https:\/\/up.lublin.pl\/digital\/wp-json\/wp\/v2\/media?parent=139807"}],"curies":[{"name":"wp","href":"https:\/\/api.w.org\/{rel}","templated":true}]}}