{"id":139802,"date":"2024-10-02T13:44:17","date_gmt":"2024-10-02T11:44:17","guid":{"rendered":"https:\/\/up.lublin.pl\/digital\/?page_id=139802"},"modified":"2024-10-08T13:50:50","modified_gmt":"2024-10-08T11:50:50","slug":"icsa-2024-3-04","status":"publish","type":"page","link":"https:\/\/up.lublin.pl\/digital\/conferences\/icsa2024\/icsa-2024-3-04\/","title":{"rendered":"ICSA 2024, 3.04"},"content":{"rendered":"\t\t<div data-elementor-type=\"wp-page\" data-elementor-id=\"139802\" class=\"elementor elementor-139802\" data-elementor-settings=\"[]\">\n\t\t\t\t\t\t\t<div class=\"elementor-section-wrap\">\n\t\t\t\t\t\t\t<section class=\"elementor-section elementor-top-section elementor-element elementor-element-6266d2f0 elementor-section-boxed elementor-section-height-default elementor-section-height-default\" data-id=\"6266d2f0\" data-element_type=\"section\">\n\t\t\t\t\t\t<div class=\"elementor-container elementor-column-gap-default\">\n\t\t\t\t\t<div class=\"elementor-column elementor-col-100 elementor-top-column elementor-element elementor-element-ce6b509\" data-id=\"ce6b509\" data-element_type=\"column\">\n\t\t\t<div class=\"elementor-widget-wrap elementor-element-populated\">\n\t\t\t\t\t\t\t\t<div class=\"elementor-element elementor-element-7ae7641d elementor-widget elementor-widget-m2j\" data-id=\"7ae7641d\" data-element_type=\"widget\" data-widget_type=\"m2j.default\">\n\t\t\t\t<div class=\"elementor-widget-container\">\n\t\t\t<section class=\"mn-m2-h\">\n    <div class=\"mn-image-container mn-container\">\n                    <img src=\"https:\/\/up.lublin.pl\/digital\/wp-content\/uploads\/sites\/10\/2024\/09\/icsa-banner_web.jpg\" alt=\"\">\n                        <\/div>\n    <div class=\"mn-grid mn-content\">\n            <\/div>\n<\/section>\n\t\t<\/div>\n\t\t\t\t<\/div>\n\t\t\t\t\t<\/div>\n\t\t<\/div>\n\t\t\t\t\t\t\t<\/div>\n\t\t<\/section>\n\t\t\t\t<section class=\"elementor-section elementor-top-section elementor-element elementor-element-ce9fd5a elementor-section-boxed elementor-section-height-default elementor-section-height-default\" data-id=\"ce9fd5a\" data-element_type=\"section\">\n\t\t\t\t\t\t<div class=\"elementor-container elementor-column-gap-default\">\n\t\t\t\t\t<div class=\"elementor-column elementor-col-100 elementor-top-column elementor-element elementor-element-3340966c\" data-id=\"3340966c\" data-element_type=\"column\">\n\t\t\t<div class=\"elementor-widget-wrap elementor-element-populated\">\n\t\t\t\t\t\t\t\t<div class=\"elementor-element elementor-element-2c859a93 elementor-widget elementor-widget-m5c\" data-id=\"2c859a93\" data-element_type=\"widget\" data-widget_type=\"m5c.default\">\n\t\t\t\t<div class=\"elementor-widget-container\">\n\t\t\t<section class=\"mn-m5-c mn-m5-d2 mn-bg-white\">\n\t<div class=\"mn-grid\">\n\t\t\t\t<div class=\"mn-content mn-grid-9\">\n\t\t\t                <div class=\"mn-content-block active\">\n\t                                                        <div class=\"block-text\">\n\t                                        <h2><span style=\"color: #333333\"><strong><span style=\"font-size: 14pt\">1st International Conference of Soil and Agriculture:<\/span><br \/><\/strong><span style=\"font-size: 18pt\">TOWARDS SOIL SUSTAINABILITY<\/span><strong><br \/><span style=\"font-size: 10pt\">11\u201313 June 2024 \u2022 Lublin\u2013Na\u0142\u0119cz\u00f3w, Poland<\/span><\/strong><\/span><\/h2>\n<hr \/>\n<p><a href=\"https:\/\/doi.org\/10.24326\/ICSA1.3.04\"><span style=\"font-size: 10pt\">https:\/\/doi.org\/10.24326\/ICSA1.3.04<\/span><\/a><br \/><span style=\"font-size: 10pt\">Published online: 4 October 2024<\/span><\/p>\n<h2><span style=\"font-size: 12pt\"><strong><span style=\"color: #333333;font-size: 18pt\">Existing cartographic materials and remote sensing data in creating a&nbsp;genetic map of the soil cover of Wielka \u017bu\u0142awa Island<\/span><br \/><\/strong><\/span><span style=\"color: #000000;font-size: 12pt\">Marcin \u015awitoniak*, Pawe\u0142 Radomski, Julia Dziczek, Marcin Syku\u0142a, Maciej Markiewicz<\/span><\/h2>\n<p><span style=\"font-size: 10pt\">Department of Soil Science and Landscape Management, University of Nicolaus Copernicus, Lwowska 1, 87-100 Toru\u0144, Poland<br \/><\/span><span style=\"font-size: 8pt\">* Corresponding author: swit@umk.pl<\/span><\/p>\n<p><strong>Abstract<br \/><\/strong>Poland is considered as a&nbsp;country with very well mapped soil cover and detailed soil cartographic materials. Despite this, in some areas there are \u201cwhite spots\u201d on soil-agricultural or soil-habitat maps. Such situation includes the Wielka \u017bu\u0142awa Island in Jeziorak Lake (I\u0142awa Plain). This island is an inaccessible and almost abandoned \u2013 detailed field research is therefore very difficult. The aim of the work was to check the possibility of using existing cartographic materials and remote sensing data to develop a&nbsp;genetic map of the soils of this area. In order to interpret the existing materials, preliminary field works was carried out: 6 soil pits and 22 manual drillings to the average depth of 2 m. These studies showed significant diversity of soil cover. The largest share within central, upland part of island have autogenous rusty and clay-illuvial soils. The lower locations \u2013 mainly along the coast of the island \u2013 were dominated by organic soil. The relief model enables precise determination of the boundary between mentioned autogenous and hydrogenic soils. In the group of organic soils, a&nbsp;large area was degraded which was expressed by occurrence of murshic soils. The DEM obtained from LiDAR data, shows networks of (almost invisible in aerial photos) drainage ditches and channels, which turned out to be very useful in determining the extent of the mentioned degraded soils. The greatest difficulties concerned the extent of soil formed as a&nbsp;result of human influence \u2013 colluvial and anthropogenic soils. In the first case, a&nbsp;relief model combined with archival orthophotomaps allowed for an approximate estimation of the places where these soils occur. Both elements (DEM and archival aerial photos) were also used to estimate the extent of occurrence of technogenic soils.<\/p>\n<p><strong>Keywords:<\/strong>soil cartography, spatial analysis, DEM, soil degradation<\/p>\n<p><span style=\"font-size: 10pt\"><strong>How to cite<br \/><\/strong>\u015awitoniak M., Radomski P., Dziczek J., Syku\u0142a M., Markiewicz M., 2024. Existing cartographic materials and remote sensing data in creating a&nbsp;genetic map of the soil cover of Wielka \u017bu\u0142awa Island. 1st International Conference of Soil and Agriculture: Towards Soil Sustainability. https:\/\/doi.org\/10.24326\/ICSA1.3.04<\/span><\/p>\n                                        <\/div>\n\t\t\t\t\t\t                                <\/div>\n\t\t\t\t                <div class=\"mn-content-block\">\n\t                                <\/div>\n\t\t\t\t                <div class=\"mn-content-block\">\n\t                                <\/div>\n\t\t\t\t                <div class=\"mn-content-block\">\n\t                                <\/div>\n\t\t\t\t                <div class=\"mn-content-block\">\n\t                                <\/div>\n\t\t\t\t                <div class=\"mn-content-block\">\n\t                                <\/div>\n\t\t\t\t                <div class=\"mn-content-block\">\n\t                                <\/div>\n\t\t\t\t                <div class=\"mn-content-block\">\n\t                                <\/div>\n\t\t\t\t                <div class=\"mn-content-block\">\n\t                                <\/div>\n\t\t\t\t                <div class=\"mn-content-block\">\n\t                                <\/div>\n\t\t\t\t                <div class=\"mn-content-block\">\n\t                                <\/div>\n\t\t\t\t                <div class=\"mn-content-block\">\n\t                                <\/div>\n\t\t\t\t                <div class=\"mn-content-block\">\n\t                                <\/div>\n\t\t\t\t                <div class=\"mn-content-block\">\n\t                                <\/div>\n\t\t\t\t                <div class=\"mn-content-block\">\n\t                                <\/div>\n\t\t\t\t                <div class=\"mn-content-block\">\n\t                                <\/div>\n\t\t\t\t                <div class=\"mn-content-block\">\n\t                                <\/div>\n\t\t\t\t                <div class=\"mn-content-block\">\n\t                                <\/div>\n\t\t\t\t                <div class=\"mn-content-block\">\n\t                                <\/div>\n\t\t\t\t                <div class=\"mn-content-block\">\n\t                                <\/div>\n\t\t\t\t\t\t<\/div>\n\t<\/div>\n<\/section>\n\t\t<\/div>\n\t\t\t\t<\/div>\n\t\t\t\t\t<\/div>\n\t\t<\/div>\n\t\t\t\t\t\t\t<\/div>\n\t\t<\/section>\n\t\t\t\t\t\t<\/div>\n\t\t\t\t\t<\/div>\n\t\t","protected":false},"excerpt":{"rendered":"<p>1st International Conference of Soil and Agriculture:TOWARDS SOIL SUSTAINABILITY11\u201313 June 2024 \u2022 Lublin\u2013Na\u0142\u0119cz\u00f3w, Poland https:\/\/doi.org\/10.24326\/ICSA1.3.04Published online: 4 October 2024 Existing cartographic materials and remote sensing data in creating a&nbsp;genetic map of the soil cover of Wielka \u017bu\u0142awa IslandMarcin \u015awitoniak*, Pawe\u0142 Radomski, Julia Dziczek, Marcin Syku\u0142a, Maciej Markiewicz Department of Soil Science and Landscape Management, University [&hellip;]<\/p>\n","protected":false},"author":196,"featured_media":0,"parent":139572,"menu_order":0,"comment_status":"closed","ping_status":"closed","template":"elementor_header_footer","meta":{"_monsterinsights_skip_tracking":false,"_monsterinsights_sitenote_active":false,"_monsterinsights_sitenote_note":"","_monsterinsights_sitenote_category":0},"_links":{"self":[{"href":"https:\/\/up.lublin.pl\/digital\/wp-json\/wp\/v2\/pages\/139802"}],"collection":[{"href":"https:\/\/up.lublin.pl\/digital\/wp-json\/wp\/v2\/pages"}],"about":[{"href":"https:\/\/up.lublin.pl\/digital\/wp-json\/wp\/v2\/types\/page"}],"author":[{"embeddable":true,"href":"https:\/\/up.lublin.pl\/digital\/wp-json\/wp\/v2\/users\/196"}],"replies":[{"embeddable":true,"href":"https:\/\/up.lublin.pl\/digital\/wp-json\/wp\/v2\/comments?post=139802"}],"version-history":[{"count":10,"href":"https:\/\/up.lublin.pl\/digital\/wp-json\/wp\/v2\/pages\/139802\/revisions"}],"predecessor-version":[{"id":140725,"href":"https:\/\/up.lublin.pl\/digital\/wp-json\/wp\/v2\/pages\/139802\/revisions\/140725"}],"up":[{"embeddable":true,"href":"https:\/\/up.lublin.pl\/digital\/wp-json\/wp\/v2\/pages\/139572"}],"wp:attachment":[{"href":"https:\/\/up.lublin.pl\/digital\/wp-json\/wp\/v2\/media?parent=139802"}],"curies":[{"name":"wp","href":"https:\/\/api.w.org\/{rel}","templated":true}]}}