{"id":139786,"date":"2024-10-02T13:32:15","date_gmt":"2024-10-02T11:32:15","guid":{"rendered":"https:\/\/up.lublin.pl\/digital\/?page_id=139786"},"modified":"2024-10-08T13:50:19","modified_gmt":"2024-10-08T11:50:19","slug":"icsa-2024-3-02","status":"publish","type":"page","link":"https:\/\/up.lublin.pl\/digital\/conferences\/icsa2024\/icsa-2024-3-02\/","title":{"rendered":"ICSA 2024, 3.02"},"content":{"rendered":"\t\t<div data-elementor-type=\"wp-page\" data-elementor-id=\"139786\" class=\"elementor elementor-139786\" data-elementor-settings=\"[]\">\n\t\t\t\t\t\t\t<div class=\"elementor-section-wrap\">\n\t\t\t\t\t\t\t<section class=\"elementor-section elementor-top-section elementor-element elementor-element-3c9e5333 elementor-section-boxed elementor-section-height-default elementor-section-height-default\" data-id=\"3c9e5333\" data-element_type=\"section\">\n\t\t\t\t\t\t<div class=\"elementor-container elementor-column-gap-default\">\n\t\t\t\t\t<div class=\"elementor-column elementor-col-100 elementor-top-column elementor-element elementor-element-2320df1\" data-id=\"2320df1\" data-element_type=\"column\">\n\t\t\t<div class=\"elementor-widget-wrap elementor-element-populated\">\n\t\t\t\t\t\t\t\t<div class=\"elementor-element elementor-element-16bf4335 elementor-widget elementor-widget-m2j\" data-id=\"16bf4335\" data-element_type=\"widget\" data-widget_type=\"m2j.default\">\n\t\t\t\t<div class=\"elementor-widget-container\">\n\t\t\t<section class=\"mn-m2-h\">\n    <div class=\"mn-image-container mn-container\">\n                    <img src=\"https:\/\/up.lublin.pl\/digital\/wp-content\/uploads\/sites\/10\/2024\/09\/icsa-banner_web.jpg\" alt=\"\">\n                        <\/div>\n    <div class=\"mn-grid mn-content\">\n            <\/div>\n<\/section>\n\t\t<\/div>\n\t\t\t\t<\/div>\n\t\t\t\t\t<\/div>\n\t\t<\/div>\n\t\t\t\t\t\t\t<\/div>\n\t\t<\/section>\n\t\t\t\t<section class=\"elementor-section elementor-top-section elementor-element elementor-element-300b9906 elementor-section-boxed elementor-section-height-default elementor-section-height-default\" data-id=\"300b9906\" data-element_type=\"section\">\n\t\t\t\t\t\t<div class=\"elementor-container elementor-column-gap-default\">\n\t\t\t\t\t<div class=\"elementor-column elementor-col-100 elementor-top-column elementor-element elementor-element-19e5df1c\" data-id=\"19e5df1c\" data-element_type=\"column\">\n\t\t\t<div class=\"elementor-widget-wrap elementor-element-populated\">\n\t\t\t\t\t\t\t\t<div class=\"elementor-element elementor-element-653f94cc elementor-widget elementor-widget-m5c\" data-id=\"653f94cc\" data-element_type=\"widget\" data-widget_type=\"m5c.default\">\n\t\t\t\t<div class=\"elementor-widget-container\">\n\t\t\t<section class=\"mn-m5-c mn-m5-d2 mn-bg-white\">\n\t<div class=\"mn-grid\">\n\t\t\t\t<div class=\"mn-content mn-grid-9\">\n\t\t\t                <div class=\"mn-content-block active\">\n\t                                                        <div class=\"block-text\">\n\t                                        <h2><span style=\"color: #333333\"><strong><span style=\"font-size: 14pt\">1st International Conference of Soil and Agriculture:<\/span><br \/><\/strong><span style=\"font-size: 18pt\">TOWARDS SOIL SUSTAINABILITY<\/span><strong><br \/><span style=\"font-size: 10pt\">11\u201313 June 2024 \u2022 Lublin\u2013Na\u0142\u0119cz\u00f3w, Poland<\/span><\/strong><\/span><\/h2>\n<hr \/>\n<p><a href=\"https:\/\/doi.org\/10.24326\/ICSA1.3.02\"><span style=\"font-size: 10pt\">https:\/\/doi.org\/10.24326\/ICSA1.3.02<\/span><\/a><br \/><span style=\"font-size: 10pt\">Published online: 4 October 2024<\/span><\/p>\n<h2><strong><span style=\"font-size: 12pt\"><span style=\"color: #333333\"><span style=\"font-size: 18pt\">Innovative production and innovative agricultural products in the food economy, in the context of selected elements of the lifestyle of residents of south-eastern Poland<\/span><\/span><br \/><\/span><\/strong><span style=\"color: #000000;font-size: 12pt\">Aleksandra Badora<sup>1<\/sup>*, Krzysztof Kud<sup>2<\/sup><\/span><\/h2>\n<p><span style=\"font-size: 10pt\"><sup>1<\/sup> Department of Agricultural and Environmental Chemistry, University of Life Sciences in Lublin, Akademicka 15, 20-950 Lublin, Poland<\/span><br \/><span style=\"font-size: 10pt\"><sup>2<\/sup> Department of Enterprise, Management and Ecoinnovation, The Faculty of Management, Rzesz\u00f3w University of Technology, Powstanc\u00f3w Warszawy 12, 35-959 Rzesz\u00f3w, Poland<\/span><br \/><span style=\"font-size: 8pt\">* Corresponding author: aleksandra.badora@up.lublin.pl<\/span><\/p>\n<p><strong>Abstract<br \/><\/strong>Sustainable development of agriculture of the future is innovative production that provides the opportunity to obtain new quality agricultural products. Innovative agricultural products, in turn, fit into the new lifestyle of society. Therefore, in this research, the authors asked the following questions: (i) How do respondents perceive innovative agricultural production and innovative products in the area of food economy?; (ii) What is the relationship between selected lifestyle elements and the perception of innovative agricultural production and products? The research tool was a&nbsp;survey questionnaire. The diagnostic survey used the CAWI (Computer-Assisted Web Interview) technique. The survey was partial, non-probabilistic; participation was voluntary and anonymous, and the respondent could stop filling out the form at any time. The target group was adults aged \u2265 18 years. They were residents of south-eastern Poland, from the Podkarpacie and Lublin voivodeships. The study was correlational in nature as it looked for relationships between the examined items, without the possibility of influencing the level of individual variables. A&nbsp;five-point Likert scale with a&nbsp;neutral value was used for evaluation. An analysis of the structure of assessments of the examined items was also carried out and a&nbsp;simple Pearson correlation between the examined items was calculated. In order to verify the answers to the research questions regarding the differences between qualitative variables such as sex and place of residence (urban \/ rural and Lublin \/ Podkarpacie Voivodeships), a&nbsp;chi-square test of independence was calculated. For a&nbsp;clearer illustration of these differences, categorized charts of the average ratings of the examined items were also prepared. Multiple regression analysis was also calculated in searching for mutual dependencies between selected elements of the respondents\u2019 lifestyle and their perception of innovative production and innovative, agricultural products. The research results indicate a&nbsp;diverse approach to the examined issues for men and women. The place of residence and the respondents\u2019 approach to the examined lifestyle elements influenced their perception of sustainable agricultural production and innovative items of agricultural products, by respondents from south-eastern Poland.<\/p>\n<p><strong>Keywords:<\/strong> innovative production and products in agriculture, sustainable life style, south-eastern Poland, food economy<\/p>\n<p><span style=\"font-size: 10pt\"><strong>How to cite<br \/><\/strong><\/span><span style=\"font-size: 10pt\">Badora A., Kud K. 2024. Innovative production and innovative agricultural products in the food economy, in the context of selected elements of the lifestyle of residents of south-eastern Poland. 1st International Conference of Soil and Agriculture: Towards Soil Sustainability. https:\/\/doi.org\/10.24326\/ICSA1.3.02<\/span><\/p>\n                                        <\/div>\n\t\t\t\t\t\t                                <\/div>\n\t\t\t\t                <div class=\"mn-content-block\">\n\t                                <\/div>\n\t\t\t\t                <div class=\"mn-content-block\">\n\t                                <\/div>\n\t\t\t\t                <div class=\"mn-content-block\">\n\t                                <\/div>\n\t\t\t\t                <div class=\"mn-content-block\">\n\t                                <\/div>\n\t\t\t\t                <div class=\"mn-content-block\">\n\t                                <\/div>\n\t\t\t\t                <div class=\"mn-content-block\">\n\t                                <\/div>\n\t\t\t\t                <div class=\"mn-content-block\">\n\t                                <\/div>\n\t\t\t\t                <div class=\"mn-content-block\">\n\t                                <\/div>\n\t\t\t\t                <div class=\"mn-content-block\">\n\t                                <\/div>\n\t\t\t\t                <div class=\"mn-content-block\">\n\t                                <\/div>\n\t\t\t\t                <div class=\"mn-content-block\">\n\t                                <\/div>\n\t\t\t\t                <div class=\"mn-content-block\">\n\t                                <\/div>\n\t\t\t\t                <div class=\"mn-content-block\">\n\t                                <\/div>\n\t\t\t\t                <div class=\"mn-content-block\">\n\t                                <\/div>\n\t\t\t\t                <div class=\"mn-content-block\">\n\t                                <\/div>\n\t\t\t\t                <div class=\"mn-content-block\">\n\t                                <\/div>\n\t\t\t\t                <div class=\"mn-content-block\">\n\t                                <\/div>\n\t\t\t\t                <div class=\"mn-content-block\">\n\t                                <\/div>\n\t\t\t\t                <div class=\"mn-content-block\">\n\t                                <\/div>\n\t\t\t\t\t\t<\/div>\n\t<\/div>\n<\/section>\n\t\t<\/div>\n\t\t\t\t<\/div>\n\t\t\t\t\t<\/div>\n\t\t<\/div>\n\t\t\t\t\t\t\t<\/div>\n\t\t<\/section>\n\t\t\t\t\t\t<\/div>\n\t\t\t\t\t<\/div>\n\t\t","protected":false},"excerpt":{"rendered":"<p>1st International Conference of Soil and Agriculture:TOWARDS SOIL SUSTAINABILITY11\u201313 June 2024 \u2022 Lublin\u2013Na\u0142\u0119cz\u00f3w, Poland https:\/\/doi.org\/10.24326\/ICSA1.3.02Published online: 4 October 2024 Innovative production and innovative agricultural products in the food economy, in the context of selected elements of the lifestyle of residents of south-eastern PolandAleksandra Badora1*, Krzysztof Kud2 1 Department of Agricultural and Environmental Chemistry, University of [&hellip;]<\/p>\n","protected":false},"author":196,"featured_media":0,"parent":139572,"menu_order":0,"comment_status":"closed","ping_status":"closed","template":"elementor_header_footer","meta":{"_monsterinsights_skip_tracking":false,"_monsterinsights_sitenote_active":false,"_monsterinsights_sitenote_note":"","_monsterinsights_sitenote_category":0},"_links":{"self":[{"href":"https:\/\/up.lublin.pl\/digital\/wp-json\/wp\/v2\/pages\/139786"}],"collection":[{"href":"https:\/\/up.lublin.pl\/digital\/wp-json\/wp\/v2\/pages"}],"about":[{"href":"https:\/\/up.lublin.pl\/digital\/wp-json\/wp\/v2\/types\/page"}],"author":[{"embeddable":true,"href":"https:\/\/up.lublin.pl\/digital\/wp-json\/wp\/v2\/users\/196"}],"replies":[{"embeddable":true,"href":"https:\/\/up.lublin.pl\/digital\/wp-json\/wp\/v2\/comments?post=139786"}],"version-history":[{"count":16,"href":"https:\/\/up.lublin.pl\/digital\/wp-json\/wp\/v2\/pages\/139786\/revisions"}],"predecessor-version":[{"id":140719,"href":"https:\/\/up.lublin.pl\/digital\/wp-json\/wp\/v2\/pages\/139786\/revisions\/140719"}],"up":[{"embeddable":true,"href":"https:\/\/up.lublin.pl\/digital\/wp-json\/wp\/v2\/pages\/139572"}],"wp:attachment":[{"href":"https:\/\/up.lublin.pl\/digital\/wp-json\/wp\/v2\/media?parent=139786"}],"curies":[{"name":"wp","href":"https:\/\/api.w.org\/{rel}","templated":true}]}}