{"id":139781,"date":"2024-10-02T13:12:57","date_gmt":"2024-10-02T11:12:57","guid":{"rendered":"https:\/\/up.lublin.pl\/digital\/?page_id=139781"},"modified":"2024-10-08T12:34:54","modified_gmt":"2024-10-08T10:34:54","slug":"icsa-2024-3-01","status":"publish","type":"page","link":"https:\/\/up.lublin.pl\/digital\/conferences\/icsa2024\/icsa-2024-3-01\/","title":{"rendered":"ICSA 2024, 3.01"},"content":{"rendered":"\t\t<div data-elementor-type=\"wp-page\" data-elementor-id=\"139781\" class=\"elementor elementor-139781\" data-elementor-settings=\"[]\">\n\t\t\t\t\t\t\t<div class=\"elementor-section-wrap\">\n\t\t\t\t\t\t\t<section class=\"elementor-section elementor-top-section elementor-element elementor-element-41d8495 elementor-section-boxed elementor-section-height-default elementor-section-height-default\" data-id=\"41d8495\" data-element_type=\"section\">\n\t\t\t\t\t\t<div class=\"elementor-container elementor-column-gap-default\">\n\t\t\t\t\t<div class=\"elementor-column elementor-col-100 elementor-top-column elementor-element elementor-element-361018df\" data-id=\"361018df\" data-element_type=\"column\">\n\t\t\t<div class=\"elementor-widget-wrap elementor-element-populated\">\n\t\t\t\t\t\t\t\t<div class=\"elementor-element elementor-element-7a7e7e56 elementor-widget elementor-widget-m2j\" data-id=\"7a7e7e56\" data-element_type=\"widget\" data-widget_type=\"m2j.default\">\n\t\t\t\t<div class=\"elementor-widget-container\">\n\t\t\t<section class=\"mn-m2-h\">\n    <div class=\"mn-image-container mn-container\">\n                    <img src=\"https:\/\/up.lublin.pl\/digital\/wp-content\/uploads\/sites\/10\/2024\/09\/icsa-banner_web.jpg\" alt=\"\">\n                        <\/div>\n    <div class=\"mn-grid mn-content\">\n            <\/div>\n<\/section>\n\t\t<\/div>\n\t\t\t\t<\/div>\n\t\t\t\t\t<\/div>\n\t\t<\/div>\n\t\t\t\t\t\t\t<\/div>\n\t\t<\/section>\n\t\t\t\t<section class=\"elementor-section elementor-top-section elementor-element elementor-element-3a283413 elementor-section-boxed elementor-section-height-default elementor-section-height-default\" data-id=\"3a283413\" data-element_type=\"section\">\n\t\t\t\t\t\t<div class=\"elementor-container elementor-column-gap-default\">\n\t\t\t\t\t<div class=\"elementor-column elementor-col-100 elementor-top-column elementor-element elementor-element-625845ad\" data-id=\"625845ad\" data-element_type=\"column\">\n\t\t\t<div class=\"elementor-widget-wrap elementor-element-populated\">\n\t\t\t\t\t\t\t\t<div class=\"elementor-element elementor-element-256bedb0 elementor-widget elementor-widget-m5c\" data-id=\"256bedb0\" data-element_type=\"widget\" data-widget_type=\"m5c.default\">\n\t\t\t\t<div class=\"elementor-widget-container\">\n\t\t\t<section class=\"mn-m5-c mn-m5-d2 mn-bg-white\">\n\t<div class=\"mn-grid\">\n\t\t\t\t<div class=\"mn-content mn-grid-9\">\n\t\t\t                <div class=\"mn-content-block active\">\n\t                                                        <div class=\"block-text\">\n\t                                        <h2><span style=\"color: #333333\"><strong><span style=\"font-size: 14pt\">1st International Conference of Soil and Agriculture:<\/span><br \/><span style=\"font-size: 18pt\">TOWARDS SOIL SUSTAINABILITY<\/span><br \/><span style=\"font-size: 10pt\">11\u201313 June 2024 \u2022 Lublin\u2013Na\u0142\u0119cz\u00f3w, Poland<\/span><\/strong><\/span><\/h2>\n<hr \/>\n<p><a href=\"https:\/\/doi.org\/10.24326\/ICSA1.3.01\"><span style=\"font-size: 10pt\">https:\/\/doi.org\/10.24326\/ICSA1.3.01<\/span><\/a><br \/><span style=\"font-size: 10pt\">Published online: 4 October 2024<\/span><\/p>\n<h2><span style=\"font-size: 12pt\"><strong><span style=\"color: #333333;font-size: 18pt\">Implementation of soil friendly practices: analysis of willingness to accept compensation in six European countries<\/span><br \/><\/strong><span style=\"color: #000000\">Olha Aleksandrova<sup>1<\/sup>*, Eija Pouta<sup>2<\/sup>, Annika Tienhaara<sup>2<\/sup>, Anne P\u00f5der<sup>1<\/sup><\/span><\/span><\/h2>\n<p><span style=\"font-size: 10pt\"><sup>1<\/sup> Institute of Agricultural and Environmental Sciences, Estonian University of Life Sciences, Kreutzwaldi 5, Tartu 51006, Estonia<br \/><\/span><span style=\"font-size: 10pt\"><sup>2<\/sup> Natural Resources Institute Finland (Luke), Latokartanonkaari 9, FI-00790 Helsinki, Finland<br \/><\/span><span style=\"font-size: 8pt\">* Corresponding author: olha.aleksandrova@emu.ee<\/span><\/p>\n<p><strong>Abstract<br \/><\/strong>Farmers perceptions of soil quality are of very significant in the development of more sustainable farming practices. The paper examines the data collected with a&nbsp;questionnaire survey from farmers in six different European countries: Finland, Estonia, Germany, Belgium, Atlantic Spain and Mediterranean Spain in the EU Horizon2020 funded project SoildiverAgro. The overall aim of the survey was to collect information on farmers\u2019 opinions on their soil management practices and how socioeconomic factors impact their choices.<br \/>This study aims to determine the manner in which various factors influence WTA (willingness to accept) compensation for implementing of soil friendly practices in six EU countries.<br \/>The two dependent variables of this study are the willingness to implement the corresponding farming practice in the next season and the value of expected compensation for the intended farming practice if farming practice is intended. To quantify the intention of farming practice we gave ordered numbers 1\u20132 as options in the Probit model. The expected compensation was estimated in the Tobit regression. To estimate the expected value for WTA, the dependent variable involved typical censored data with right-side thresholds. The survey revealed the minimum expectation for compensation was 40 \u20ac\/ha per year, whereas maximum was 800 \u20ac\/ha per year. The factors influencing the willingness to accept the compensation were examined using Probit model. Among the selected explanatory variables, gender and age were found to be statistically significant factors positively associated with farmer\u2019s willingness to accept the compensation in Mediterranean Spain whereas age was found to be statistically significant factor negatively associated with farmer\u2019s WTA in Estonia. Type of farming (1 = organic, 0 = conventional) and own land (ha) were found to be statistically significant factors positively associated with WTA in Germany and Belgium; and Finland and Belgium respectively. Farmer status (1 = owner, 0 = other) was found to be statistically significant factor negatively associated with WTA in Germany and Mediterranean Spain. These findings highlight the importance of considering socioeconomic factors when implementing subsidy programs, as they significantly influence the willingness of farmers to participate and make changes to soil practices.<\/p>\n<p><strong>Keywords: <\/strong>soil, sustainable farming practices, SoildiverAgro<\/p>\n<p><span style=\"font-size: 10pt\"><strong>How to cite<br \/><\/strong>Aleksandrova O., Pouta E., Tienhaara A., P\u00f5der A., 2024. Implementation of soil friendly practices: analysis of willingness to accept compensation in six European countries. 1st International Conference of Soil and Agriculture: Towards Soil Sustainability. https:\/\/doi.org\/10.24326\/ICSA1.3.01<\/span><\/p>\n                                        <\/div>\n\t\t\t\t\t\t                                <\/div>\n\t\t\t\t                <div class=\"mn-content-block\">\n\t                                <\/div>\n\t\t\t\t                <div class=\"mn-content-block\">\n\t                                <\/div>\n\t\t\t\t                <div class=\"mn-content-block\">\n\t                                <\/div>\n\t\t\t\t                <div class=\"mn-content-block\">\n\t                                <\/div>\n\t\t\t\t                <div class=\"mn-content-block\">\n\t                                <\/div>\n\t\t\t\t                <div class=\"mn-content-block\">\n\t                                <\/div>\n\t\t\t\t                <div class=\"mn-content-block\">\n\t                                <\/div>\n\t\t\t\t                <div class=\"mn-content-block\">\n\t                                <\/div>\n\t\t\t\t                <div class=\"mn-content-block\">\n\t                                <\/div>\n\t\t\t\t                <div class=\"mn-content-block\">\n\t                                <\/div>\n\t\t\t\t                <div class=\"mn-content-block\">\n\t                                <\/div>\n\t\t\t\t                <div class=\"mn-content-block\">\n\t                                <\/div>\n\t\t\t\t                <div class=\"mn-content-block\">\n\t                                <\/div>\n\t\t\t\t                <div class=\"mn-content-block\">\n\t                                <\/div>\n\t\t\t\t                <div class=\"mn-content-block\">\n\t                                <\/div>\n\t\t\t\t                <div class=\"mn-content-block\">\n\t                                <\/div>\n\t\t\t\t                <div class=\"mn-content-block\">\n\t                                <\/div>\n\t\t\t\t                <div class=\"mn-content-block\">\n\t                                <\/div>\n\t\t\t\t                <div class=\"mn-content-block\">\n\t                                <\/div>\n\t\t\t\t\t\t<\/div>\n\t<\/div>\n<\/section>\n\t\t<\/div>\n\t\t\t\t<\/div>\n\t\t\t\t\t<\/div>\n\t\t<\/div>\n\t\t\t\t\t\t\t<\/div>\n\t\t<\/section>\n\t\t\t\t\t\t<\/div>\n\t\t\t\t\t<\/div>\n\t\t","protected":false},"excerpt":{"rendered":"<p>1st International Conference of Soil and Agriculture:TOWARDS SOIL SUSTAINABILITY11\u201313 June 2024 \u2022 Lublin\u2013Na\u0142\u0119cz\u00f3w, Poland https:\/\/doi.org\/10.24326\/ICSA1.3.01Published online: 4 October 2024 Implementation of soil friendly practices: analysis of willingness to accept compensation in six European countriesOlha Aleksandrova1*, Eija Pouta2, Annika Tienhaara2, Anne P\u00f5der1 1 Institute of Agricultural and Environmental Sciences, Estonian University of Life Sciences, Kreutzwaldi 5, [&hellip;]<\/p>\n","protected":false},"author":196,"featured_media":0,"parent":139572,"menu_order":0,"comment_status":"closed","ping_status":"closed","template":"elementor_header_footer","meta":{"_monsterinsights_skip_tracking":false,"_monsterinsights_sitenote_active":false,"_monsterinsights_sitenote_note":"","_monsterinsights_sitenote_category":0},"_links":{"self":[{"href":"https:\/\/up.lublin.pl\/digital\/wp-json\/wp\/v2\/pages\/139781"}],"collection":[{"href":"https:\/\/up.lublin.pl\/digital\/wp-json\/wp\/v2\/pages"}],"about":[{"href":"https:\/\/up.lublin.pl\/digital\/wp-json\/wp\/v2\/types\/page"}],"author":[{"embeddable":true,"href":"https:\/\/up.lublin.pl\/digital\/wp-json\/wp\/v2\/users\/196"}],"replies":[{"embeddable":true,"href":"https:\/\/up.lublin.pl\/digital\/wp-json\/wp\/v2\/comments?post=139781"}],"version-history":[{"count":7,"href":"https:\/\/up.lublin.pl\/digital\/wp-json\/wp\/v2\/pages\/139781\/revisions"}],"predecessor-version":[{"id":140587,"href":"https:\/\/up.lublin.pl\/digital\/wp-json\/wp\/v2\/pages\/139781\/revisions\/140587"}],"up":[{"embeddable":true,"href":"https:\/\/up.lublin.pl\/digital\/wp-json\/wp\/v2\/pages\/139572"}],"wp:attachment":[{"href":"https:\/\/up.lublin.pl\/digital\/wp-json\/wp\/v2\/media?parent=139781"}],"curies":[{"name":"wp","href":"https:\/\/api.w.org\/{rel}","templated":true}]}}