{"id":139776,"date":"2024-10-02T13:08:14","date_gmt":"2024-10-02T11:08:14","guid":{"rendered":"https:\/\/up.lublin.pl\/digital\/?page_id=139776"},"modified":"2024-10-08T12:33:31","modified_gmt":"2024-10-08T10:33:31","slug":"icsa-2024-2-06","status":"publish","type":"page","link":"https:\/\/up.lublin.pl\/digital\/conferences\/icsa2024\/icsa-2024-2-06\/","title":{"rendered":"ICSA 2024, 2.06"},"content":{"rendered":"\t\t<div data-elementor-type=\"wp-page\" data-elementor-id=\"139776\" class=\"elementor elementor-139776\" data-elementor-settings=\"[]\">\n\t\t\t\t\t\t\t<div class=\"elementor-section-wrap\">\n\t\t\t\t\t\t\t<section class=\"elementor-section elementor-top-section elementor-element elementor-element-52049634 elementor-section-boxed elementor-section-height-default elementor-section-height-default\" data-id=\"52049634\" data-element_type=\"section\">\n\t\t\t\t\t\t<div class=\"elementor-container elementor-column-gap-default\">\n\t\t\t\t\t<div class=\"elementor-column elementor-col-100 elementor-top-column elementor-element elementor-element-485e4fad\" data-id=\"485e4fad\" data-element_type=\"column\">\n\t\t\t<div class=\"elementor-widget-wrap elementor-element-populated\">\n\t\t\t\t\t\t\t\t<div class=\"elementor-element elementor-element-43fdc1d0 elementor-widget elementor-widget-m2j\" data-id=\"43fdc1d0\" data-element_type=\"widget\" data-widget_type=\"m2j.default\">\n\t\t\t\t<div class=\"elementor-widget-container\">\n\t\t\t<section class=\"mn-m2-h\">\n    <div class=\"mn-image-container mn-container\">\n                    <img src=\"https:\/\/up.lublin.pl\/digital\/wp-content\/uploads\/sites\/10\/2024\/09\/icsa-banner_web.jpg\" alt=\"\">\n                        <\/div>\n    <div class=\"mn-grid mn-content\">\n            <\/div>\n<\/section>\n\t\t<\/div>\n\t\t\t\t<\/div>\n\t\t\t\t\t<\/div>\n\t\t<\/div>\n\t\t\t\t\t\t\t<\/div>\n\t\t<\/section>\n\t\t\t\t<section class=\"elementor-section elementor-top-section elementor-element elementor-element-4b5e9197 elementor-section-boxed elementor-section-height-default elementor-section-height-default\" data-id=\"4b5e9197\" data-element_type=\"section\">\n\t\t\t\t\t\t<div class=\"elementor-container elementor-column-gap-default\">\n\t\t\t\t\t<div class=\"elementor-column elementor-col-100 elementor-top-column elementor-element elementor-element-2b4db224\" data-id=\"2b4db224\" data-element_type=\"column\">\n\t\t\t<div class=\"elementor-widget-wrap elementor-element-populated\">\n\t\t\t\t\t\t\t\t<div class=\"elementor-element elementor-element-1b0d719a elementor-widget elementor-widget-m5c\" data-id=\"1b0d719a\" data-element_type=\"widget\" data-widget_type=\"m5c.default\">\n\t\t\t\t<div class=\"elementor-widget-container\">\n\t\t\t<section class=\"mn-m5-c mn-m5-d2 mn-bg-white\">\n\t<div class=\"mn-grid\">\n\t\t\t\t<div class=\"mn-content mn-grid-9\">\n\t\t\t                <div class=\"mn-content-block active\">\n\t                                                        <div class=\"block-text\">\n\t                                        <h2><span style=\"color: #333333\"><strong><span style=\"font-size: 14pt\">1st International Conference of Soil and Agriculture:<\/span><br \/><\/strong><span style=\"font-size: 18pt\">TOWARDS SOIL SUSTAINABILITY<\/span><strong><br \/><span style=\"font-size: 10pt\">11\u201313 June 2024 \u2022 Lublin\u2013Na\u0142\u0119cz\u00f3w, Poland<\/span><\/strong><\/span><\/h2>\n<hr \/>\n<p><a href=\"https:\/\/doi.org\/10.24326\/ICSA1.2.06\"><span style=\"font-size: 10pt\">https:\/\/doi.org\/10.24326\/ICSA1.2.06<\/span><\/a><br \/><span style=\"font-size: 10pt\">Published online: 4 October 2024<\/span><\/p>\n<h2><span style=\"font-size: 12pt\"><strong><span style=\"color: #333333;font-size: 18pt\">Study of absorption amount of potassium released <br \/>from silicate minerals as a&nbsp;result of inoculation with <br \/>new-combined periphyton by rice plant (<em>Oryza Sativa<\/em>)<\/span><br \/><\/strong><\/span><span style=\"color: #000000;font-size: 12pt\">Shahrzad Zandparsa*, Hossein Ali Alikhani, Hassan Etesami<\/span><\/h2>\n<p><span style=\"font-size: 10pt\">Department of Soil Science and Engineering, College of Agriculture and Natural Resources, University of Tehran<br \/><\/span><span style=\"font-size: 8pt\">* Corresponding author: shahrzad.zp@gmail.com<\/span><\/p>\n<p><strong>Abstract<br \/><\/strong>Potassium is a&nbsp;crucial plant nutrient essential for growth, development and metabolic processes. Although soil contains abundant potassium, only a&nbsp;small fraction, typically 1\u20132%, is readily available to plants. This limited accessibility stems from potassium being locked within silicate minerals. However, soil microorganisms, including fungi and bacteria, play a&nbsp;pivotal role in liberating potassium from these minerals by breaking down their crystal structures. Periphyton, a&nbsp;biofilm that thrives by adhering to solid surfaces in aquatic environments, particularly in shallow, flooded areas, plays a&nbsp;significant ecological role. When periphyton forms on soil surfaces, it is termed \u201cEpipelon\u201d. The primary components of periphyton formation (algae, bacteria, fungi, protozoa and metazoa) play an important role in the cycle and transfer of nutrients between water and soil surface in aquatic ecosystems, including paddy fields, and as a&nbsp;result, in the growth of rice plants. So far, no study has been done in Iran on this biological layer and its role in the potassium cycle in paddy fields. The purpose of this study is to investigate the effect of natural and new-combined periphyton with potassium-soluble microorganisms on growth indicators and potassium content of rice plants treated with the silicate minerals phlogopite and muscovite under greenhouse conditions. From 20 Epipelon samples collected from the paddy fields of Gilan province, periphytons No. 13, 6, and 18 were identified as the best isolates for their ability to dissolve potassium. These were selected for further evaluation in a&nbsp;factorial experiment using a&nbsp;completely randomized design with three replications. The experiment tested eight different treatments of recombinant periphytons with bacteria and fungi, four potassium sources (muscovite, phlogopite, K<sub>2<\/sub>SO<sub>4<\/sub>, and potassium-free), plant treatments (with and without rice seedlings) and five time points (1, 7, 14, 21, and 28 days), totalling 192 test units. The results showed that recombinant periphytons with superior microorganisms could dissolve various potassium sources, with the highest dissolution from phlogopite. Rice seedlings utilized the replaced potassium source from the environment and the recombinant periphyton as a&nbsp;temporary reservoir. Additionally, recombinant periphytons increased plant phosphorus. This method can enhance periphyton efficiency and be used for potassium management in paddy fields.\u00a0<\/p>\n<p><strong>Keywords: <\/strong>Epipelon, silicate bacteria, phlogopite, potassium, muscovite\u00a0<\/p>\n<p><span style=\"font-size: 10pt\"><strong>How to cite<br \/><\/strong><\/span><span style=\"font-size: 10pt\">Zandparsa S., Alikhani H.A., Etesami H., 2024. Study of absorption amount of potassium released from silicate minerals as a&nbsp;result of inoculation with new-combined periphyton by rice plant (<em>Oryza Sativa<\/em>). 1st International Conference of Soil and Agriculture: Towards Soil Sustainability. https:\/\/doi.org\/10.24326\/ICSA1.2.06<\/span><\/p>\n                                        <\/div>\n\t\t\t\t\t\t                                <\/div>\n\t\t\t\t                <div class=\"mn-content-block\">\n\t                                <\/div>\n\t\t\t\t                <div class=\"mn-content-block\">\n\t                                <\/div>\n\t\t\t\t                <div class=\"mn-content-block\">\n\t                                <\/div>\n\t\t\t\t                <div class=\"mn-content-block\">\n\t                                <\/div>\n\t\t\t\t                <div class=\"mn-content-block\">\n\t                                <\/div>\n\t\t\t\t                <div class=\"mn-content-block\">\n\t                                <\/div>\n\t\t\t\t                <div class=\"mn-content-block\">\n\t                                <\/div>\n\t\t\t\t                <div class=\"mn-content-block\">\n\t                                <\/div>\n\t\t\t\t                <div class=\"mn-content-block\">\n\t                                <\/div>\n\t\t\t\t                <div class=\"mn-content-block\">\n\t                                <\/div>\n\t\t\t\t                <div class=\"mn-content-block\">\n\t                                <\/div>\n\t\t\t\t                <div class=\"mn-content-block\">\n\t                                <\/div>\n\t\t\t\t                <div class=\"mn-content-block\">\n\t                                <\/div>\n\t\t\t\t                <div class=\"mn-content-block\">\n\t                                <\/div>\n\t\t\t\t                <div class=\"mn-content-block\">\n\t                                <\/div>\n\t\t\t\t                <div class=\"mn-content-block\">\n\t                                <\/div>\n\t\t\t\t                <div class=\"mn-content-block\">\n\t                                <\/div>\n\t\t\t\t                <div class=\"mn-content-block\">\n\t                                <\/div>\n\t\t\t\t                <div class=\"mn-content-block\">\n\t                                <\/div>\n\t\t\t\t\t\t<\/div>\n\t<\/div>\n<\/section>\n\t\t<\/div>\n\t\t\t\t<\/div>\n\t\t\t\t\t<\/div>\n\t\t<\/div>\n\t\t\t\t\t\t\t<\/div>\n\t\t<\/section>\n\t\t\t\t\t\t<\/div>\n\t\t\t\t\t<\/div>\n\t\t","protected":false},"excerpt":{"rendered":"<p>1st International Conference of Soil and Agriculture:TOWARDS SOIL SUSTAINABILITY11\u201313 June 2024 \u2022 Lublin\u2013Na\u0142\u0119cz\u00f3w, Poland https:\/\/doi.org\/10.24326\/ICSA1.2.06Published online: 4 October 2024 Study of absorption amount of potassium released from silicate minerals as a&nbsp;result of inoculation with new-combined periphyton by rice plant (Oryza Sativa)Shahrzad Zandparsa*, Hossein Ali Alikhani, Hassan Etesami Department of Soil Science and Engineering, College of [&hellip;]<\/p>\n","protected":false},"author":196,"featured_media":0,"parent":139572,"menu_order":0,"comment_status":"closed","ping_status":"closed","template":"elementor_header_footer","meta":{"_monsterinsights_skip_tracking":false,"_monsterinsights_sitenote_active":false,"_monsterinsights_sitenote_note":"","_monsterinsights_sitenote_category":0},"_links":{"self":[{"href":"https:\/\/up.lublin.pl\/digital\/wp-json\/wp\/v2\/pages\/139776"}],"collection":[{"href":"https:\/\/up.lublin.pl\/digital\/wp-json\/wp\/v2\/pages"}],"about":[{"href":"https:\/\/up.lublin.pl\/digital\/wp-json\/wp\/v2\/types\/page"}],"author":[{"embeddable":true,"href":"https:\/\/up.lublin.pl\/digital\/wp-json\/wp\/v2\/users\/196"}],"replies":[{"embeddable":true,"href":"https:\/\/up.lublin.pl\/digital\/wp-json\/wp\/v2\/comments?post=139776"}],"version-history":[{"count":7,"href":"https:\/\/up.lublin.pl\/digital\/wp-json\/wp\/v2\/pages\/139776\/revisions"}],"predecessor-version":[{"id":140584,"href":"https:\/\/up.lublin.pl\/digital\/wp-json\/wp\/v2\/pages\/139776\/revisions\/140584"}],"up":[{"embeddable":true,"href":"https:\/\/up.lublin.pl\/digital\/wp-json\/wp\/v2\/pages\/139572"}],"wp:attachment":[{"href":"https:\/\/up.lublin.pl\/digital\/wp-json\/wp\/v2\/media?parent=139776"}],"curies":[{"name":"wp","href":"https:\/\/api.w.org\/{rel}","templated":true}]}}