{"id":139756,"date":"2024-10-02T12:45:23","date_gmt":"2024-10-02T10:45:23","guid":{"rendered":"https:\/\/up.lublin.pl\/digital\/?page_id=139756"},"modified":"2024-10-08T13:50:02","modified_gmt":"2024-10-08T11:50:02","slug":"icsa-2024-2-02","status":"publish","type":"page","link":"https:\/\/up.lublin.pl\/digital\/conferences\/icsa2024\/icsa-2024-2-02\/","title":{"rendered":"ICSA 2024, 2.02"},"content":{"rendered":"\t\t<div data-elementor-type=\"wp-page\" data-elementor-id=\"139756\" class=\"elementor elementor-139756\" data-elementor-settings=\"[]\">\n\t\t\t\t\t\t\t<div class=\"elementor-section-wrap\">\n\t\t\t\t\t\t\t<section class=\"elementor-section elementor-top-section elementor-element elementor-element-3daa3df7 elementor-section-boxed elementor-section-height-default elementor-section-height-default\" data-id=\"3daa3df7\" data-element_type=\"section\">\n\t\t\t\t\t\t<div class=\"elementor-container elementor-column-gap-default\">\n\t\t\t\t\t<div class=\"elementor-column elementor-col-100 elementor-top-column elementor-element elementor-element-620b019\" data-id=\"620b019\" data-element_type=\"column\">\n\t\t\t<div class=\"elementor-widget-wrap elementor-element-populated\">\n\t\t\t\t\t\t\t\t<div class=\"elementor-element elementor-element-28da0964 elementor-widget elementor-widget-m2j\" data-id=\"28da0964\" data-element_type=\"widget\" data-widget_type=\"m2j.default\">\n\t\t\t\t<div class=\"elementor-widget-container\">\n\t\t\t<section class=\"mn-m2-h\">\n    <div class=\"mn-image-container mn-container\">\n                    <img src=\"https:\/\/up.lublin.pl\/digital\/wp-content\/uploads\/sites\/10\/2024\/09\/icsa-banner_web.jpg\" alt=\"\">\n                        <\/div>\n    <div class=\"mn-grid mn-content\">\n            <\/div>\n<\/section>\n\t\t<\/div>\n\t\t\t\t<\/div>\n\t\t\t\t\t<\/div>\n\t\t<\/div>\n\t\t\t\t\t\t\t<\/div>\n\t\t<\/section>\n\t\t\t\t<section class=\"elementor-section elementor-top-section elementor-element elementor-element-3b3b0fc2 elementor-section-boxed elementor-section-height-default elementor-section-height-default\" data-id=\"3b3b0fc2\" data-element_type=\"section\">\n\t\t\t\t\t\t<div class=\"elementor-container elementor-column-gap-default\">\n\t\t\t\t\t<div class=\"elementor-column elementor-col-100 elementor-top-column elementor-element elementor-element-52b57298\" data-id=\"52b57298\" data-element_type=\"column\">\n\t\t\t<div class=\"elementor-widget-wrap elementor-element-populated\">\n\t\t\t\t\t\t\t\t<div class=\"elementor-element elementor-element-67101f5b elementor-widget elementor-widget-m5c\" data-id=\"67101f5b\" data-element_type=\"widget\" data-widget_type=\"m5c.default\">\n\t\t\t\t<div class=\"elementor-widget-container\">\n\t\t\t<section class=\"mn-m5-c mn-m5-d2 mn-bg-white\">\n\t<div class=\"mn-grid\">\n\t\t\t\t<div class=\"mn-content mn-grid-9\">\n\t\t\t                <div class=\"mn-content-block active\">\n\t                                                        <div class=\"block-text\">\n\t                                        <h2><span style=\"color: #333333\"><strong><span style=\"font-size: 14pt\">1st International Conference of Soil and Agriculture:<\/span><br \/><\/strong><span style=\"font-size: 18pt\">TOWARDS SOIL SUSTAINABILITY<\/span><strong><br \/><span style=\"font-size: 10pt\">11\u201313 June 2024 \u2022 Lublin\u2013Na\u0142\u0119cz\u00f3w, Poland<\/span><\/strong><\/span><\/h2>\n<hr \/>\n<p><a href=\"https:\/\/doi.org\/10.24326\/ICSA1.2.02\"><span style=\"font-size: 10pt\">https:\/\/doi.org\/10.24326\/ICSA1.2.02<\/span><\/a><br \/><span style=\"font-size: 10pt\">Published online: 4 October 2024<\/span><\/p>\n<h2><span style=\"font-size: 12pt\"><strong><span style=\"font-size: 18pt;color: #333333\">GHGs and ammonia emissions mitigation through improved soil organic matter stabilization<\/span><br \/><\/strong><span style=\"color: #000000\">Sebastian Ku\u015bmierz<sup>1<\/sup>*, Katarzyna Ku\u015bmierz<sup>2<\/sup><\/span><\/span><\/h2>\n<p><span style=\"font-size: 10pt\"><sup>1<\/sup> Institute of Soil Science, Environmental Engineering and Management, University of Life Sciences in Lublin, Leszczy\u0144skiego 7, 20-069 Lublin, Poland<br \/><\/span><span style=\"font-size: 10pt\"><sup>2<\/sup> Department of Environmental Engineering and Geodesy, University of Life Sciences in Lublin, Leszczy\u0144skiego 7, 20-069 Lublin, Poland<\/span><br \/><span style=\"font-size: 8pt\">* Corresponding author: sebastian.kusmierz@up.lublin.pl<\/span><\/p>\n<p><strong>Abstract<br \/><\/strong>Optimizing sustainable nutrient management in arable soils is crucial for addressing the adverse environmental impacts of agriculture. Current knowledge remains insufficient to universally identify the trade-offs between agricultural intensification and soil nutrient volatile losses, particularly those of C-CO<sub>2<\/sub>, N-N<sub>2<\/sub>O, and N-NH<sub>3<\/sub>, which pose the most significant environmental risks. The inherent spatial variability of soils, climatic factors, and anthropogenic impacts create complex, interrelated effects on greenhouse gases (GHGs) and ammonia emissions, complicating prediction and management. Despite these challenges, several agricultural practices are globally recommended for their environmental benefits, with organic fertilization being among the most widely adopted. However, improper utilization of manures and slurries application can lead to substantial environmental hazards. This study addresses these uncertainties by investigating the role of soil inherent variability in mitigating GHGs and ammonia emissions from manured soils. Fifty diverse farming households were selected to evaluate two manure application methods: surface spreading and injection. The effects of these methods on GHGs and ammonia emission rates were assessed. Simultaneously, soil chemical parameters were analysed and confronted with emission data using Principal Component Analysis (PCA) and stepwise multiple linear regression. Results indicated that soil organic matter (SOM) stock is paramount in mitigating N<sub>2<\/sub>O and NH<sub>3<\/sub> emissions, despite the application method. At the same time, high SOM content poses a&nbsp;risk of increased CO<sub>2<\/sub> flux due to the rapid SOM decomposition in organic-rich soils. This study demonstrates that stabilizing SOM can be an effective strategy for reducing GHG and ammonia emissions, highlighting the need for tailored nutrient management practices that consider soil variability.<\/p>\n<p><strong>Keywords:\u00a0<\/strong>soil respiration, carbon dioxide and nitrous oxide, ammonia, soil fertility, sustainable agriculture<\/p>\n<p><span style=\"font-size: 10pt\"><strong>How to cite<br \/><\/strong>Ku\u015bmierz S., Ku\u015bmierz K., 2024. GHGs and ammonia emissions mitigation through improved soil organic matter stabilization. 1st International Conference of Soil and Agriculture: Towards Soil Sustainability. https:\/\/doi.org\/10.24326\/ICSA1.2.02<\/span><\/p>\n                                        <\/div>\n\t\t\t\t\t\t                                <\/div>\n\t\t\t\t                <div class=\"mn-content-block\">\n\t                                <\/div>\n\t\t\t\t                <div class=\"mn-content-block\">\n\t                                <\/div>\n\t\t\t\t                <div class=\"mn-content-block\">\n\t                                <\/div>\n\t\t\t\t                <div class=\"mn-content-block\">\n\t                                <\/div>\n\t\t\t\t                <div class=\"mn-content-block\">\n\t                                <\/div>\n\t\t\t\t                <div class=\"mn-content-block\">\n\t                                <\/div>\n\t\t\t\t                <div class=\"mn-content-block\">\n\t                                <\/div>\n\t\t\t\t                <div class=\"mn-content-block\">\n\t                                <\/div>\n\t\t\t\t                <div class=\"mn-content-block\">\n\t                                <\/div>\n\t\t\t\t                <div class=\"mn-content-block\">\n\t                                <\/div>\n\t\t\t\t                <div class=\"mn-content-block\">\n\t                                <\/div>\n\t\t\t\t                <div class=\"mn-content-block\">\n\t                                <\/div>\n\t\t\t\t                <div class=\"mn-content-block\">\n\t                                <\/div>\n\t\t\t\t                <div class=\"mn-content-block\">\n\t                                <\/div>\n\t\t\t\t                <div class=\"mn-content-block\">\n\t                                <\/div>\n\t\t\t\t                <div class=\"mn-content-block\">\n\t                                <\/div>\n\t\t\t\t                <div class=\"mn-content-block\">\n\t                                <\/div>\n\t\t\t\t                <div class=\"mn-content-block\">\n\t                                <\/div>\n\t\t\t\t                <div class=\"mn-content-block\">\n\t                                <\/div>\n\t\t\t\t\t\t<\/div>\n\t<\/div>\n<\/section>\n\t\t<\/div>\n\t\t\t\t<\/div>\n\t\t\t\t\t<\/div>\n\t\t<\/div>\n\t\t\t\t\t\t\t<\/div>\n\t\t<\/section>\n\t\t\t\t\t\t<\/div>\n\t\t\t\t\t<\/div>\n\t\t","protected":false},"excerpt":{"rendered":"<p>1st International Conference of Soil and Agriculture:TOWARDS SOIL SUSTAINABILITY11\u201313 June 2024 \u2022 Lublin\u2013Na\u0142\u0119cz\u00f3w, Poland https:\/\/doi.org\/10.24326\/ICSA1.2.02Published online: 4 October 2024 GHGs and ammonia emissions mitigation through improved soil organic matter stabilizationSebastian Ku\u015bmierz1*, Katarzyna Ku\u015bmierz2 1 Institute of Soil Science, Environmental Engineering and Management, University of Life Sciences in Lublin, Leszczy\u0144skiego 7, 20-069 Lublin, Poland2 Department of [&hellip;]<\/p>\n","protected":false},"author":196,"featured_media":0,"parent":139572,"menu_order":0,"comment_status":"closed","ping_status":"closed","template":"elementor_header_footer","meta":{"_monsterinsights_skip_tracking":false,"_monsterinsights_sitenote_active":false,"_monsterinsights_sitenote_note":"","_monsterinsights_sitenote_category":0},"_links":{"self":[{"href":"https:\/\/up.lublin.pl\/digital\/wp-json\/wp\/v2\/pages\/139756"}],"collection":[{"href":"https:\/\/up.lublin.pl\/digital\/wp-json\/wp\/v2\/pages"}],"about":[{"href":"https:\/\/up.lublin.pl\/digital\/wp-json\/wp\/v2\/types\/page"}],"author":[{"embeddable":true,"href":"https:\/\/up.lublin.pl\/digital\/wp-json\/wp\/v2\/users\/196"}],"replies":[{"embeddable":true,"href":"https:\/\/up.lublin.pl\/digital\/wp-json\/wp\/v2\/comments?post=139756"}],"version-history":[{"count":10,"href":"https:\/\/up.lublin.pl\/digital\/wp-json\/wp\/v2\/pages\/139756\/revisions"}],"predecessor-version":[{"id":140716,"href":"https:\/\/up.lublin.pl\/digital\/wp-json\/wp\/v2\/pages\/139756\/revisions\/140716"}],"up":[{"embeddable":true,"href":"https:\/\/up.lublin.pl\/digital\/wp-json\/wp\/v2\/pages\/139572"}],"wp:attachment":[{"href":"https:\/\/up.lublin.pl\/digital\/wp-json\/wp\/v2\/media?parent=139756"}],"curies":[{"name":"wp","href":"https:\/\/api.w.org\/{rel}","templated":true}]}}