{"id":139747,"date":"2024-10-02T12:33:01","date_gmt":"2024-10-02T10:33:01","guid":{"rendered":"https:\/\/up.lublin.pl\/digital\/?page_id=139747"},"modified":"2024-10-08T12:23:15","modified_gmt":"2024-10-08T10:23:15","slug":"icsa-2024-2-01","status":"publish","type":"page","link":"https:\/\/up.lublin.pl\/digital\/conferences\/icsa2024\/icsa-2024-2-01\/","title":{"rendered":"ICSA 2024, 2.01"},"content":{"rendered":"\t\t<div data-elementor-type=\"wp-page\" data-elementor-id=\"139747\" class=\"elementor elementor-139747\" data-elementor-settings=\"[]\">\n\t\t\t\t\t\t\t<div class=\"elementor-section-wrap\">\n\t\t\t\t\t\t\t<section class=\"elementor-section elementor-top-section elementor-element elementor-element-77ea4497 elementor-section-boxed elementor-section-height-default elementor-section-height-default\" data-id=\"77ea4497\" data-element_type=\"section\">\n\t\t\t\t\t\t<div class=\"elementor-container elementor-column-gap-default\">\n\t\t\t\t\t<div class=\"elementor-column elementor-col-100 elementor-top-column elementor-element elementor-element-1ae7ac6\" data-id=\"1ae7ac6\" data-element_type=\"column\">\n\t\t\t<div class=\"elementor-widget-wrap elementor-element-populated\">\n\t\t\t\t\t\t\t\t<div class=\"elementor-element elementor-element-79f82f45 elementor-widget elementor-widget-m2j\" data-id=\"79f82f45\" data-element_type=\"widget\" data-widget_type=\"m2j.default\">\n\t\t\t\t<div class=\"elementor-widget-container\">\n\t\t\t<section class=\"mn-m2-h\">\n    <div class=\"mn-image-container mn-container\">\n                    <img src=\"https:\/\/up.lublin.pl\/digital\/wp-content\/uploads\/sites\/10\/2024\/09\/icsa-banner_web.jpg\" alt=\"\">\n                        <\/div>\n    <div class=\"mn-grid mn-content\">\n            <\/div>\n<\/section>\n\t\t<\/div>\n\t\t\t\t<\/div>\n\t\t\t\t\t<\/div>\n\t\t<\/div>\n\t\t\t\t\t\t\t<\/div>\n\t\t<\/section>\n\t\t\t\t<section class=\"elementor-section elementor-top-section elementor-element elementor-element-d3fa88e elementor-section-boxed elementor-section-height-default elementor-section-height-default\" data-id=\"d3fa88e\" data-element_type=\"section\">\n\t\t\t\t\t\t<div class=\"elementor-container elementor-column-gap-default\">\n\t\t\t\t\t<div class=\"elementor-column elementor-col-100 elementor-top-column elementor-element elementor-element-20c852f5\" data-id=\"20c852f5\" data-element_type=\"column\">\n\t\t\t<div class=\"elementor-widget-wrap elementor-element-populated\">\n\t\t\t\t\t\t\t\t<div class=\"elementor-element elementor-element-4ac384c5 elementor-widget elementor-widget-m5c\" data-id=\"4ac384c5\" data-element_type=\"widget\" data-widget_type=\"m5c.default\">\n\t\t\t\t<div class=\"elementor-widget-container\">\n\t\t\t<section class=\"mn-m5-c mn-m5-d2 mn-bg-white\">\n\t<div class=\"mn-grid\">\n\t\t\t\t<div class=\"mn-content mn-grid-9\">\n\t\t\t                <div class=\"mn-content-block active\">\n\t                                                        <div class=\"block-text\">\n\t                                        <h2><span style=\"color: #333333\"><strong><span style=\"font-size: 14pt\">1st International Conference of Soil and Agriculture:<\/span><br \/><\/strong><span style=\"font-size: 18pt\">TOWARDS SOIL SUSTAINABILITY<\/span><strong><br \/><span style=\"font-size: 10pt\">11\u201313 June 2024 \u2022 Lublin\u2013Na\u0142\u0119cz\u00f3w, Poland<\/span><\/strong><\/span><\/h2>\n<hr \/>\n<p><a href=\"https:\/\/doi.org\/10.24326\/ICSA1.2.01\"><span style=\"font-size: 10pt\">https:\/\/doi.org\/10.24326\/ICSA1.2.01<\/span><\/a><br \/><span style=\"font-size: 10pt\">Published online: 4 October 2024<\/span><\/p>\n<h2><span style=\"font-size: 12pt\"><strong><span style=\"color: #333333;font-size: 18pt\">Measurement of greenhouse gas flux from Kazakhstan agricultural soils using static chambers<\/span><br \/><\/strong><\/span><span style=\"color: #000000;font-size: 12pt\">Maira Kussainova*, Gulnaz Iskakova, Nursultan Nurgali<\/span><\/h2>\n<p><span style=\"font-size: 10pt\">Sustainable Agriculture Center, NJSC \u201cKazakh National Agrarian Research University\u201d, Abay Ave., 8, Almaty, 050020, Republic of Kazakhstan<br \/><\/span><span style=\"font-size: 8pt\">* Corresponding author: maira.kussainova@kaznaru.edu.kz<\/span><\/p>\n<p><strong>Abstract<br \/><\/strong>This study uses Campbell Scientific\u2019s Li8100 automated system to continuously measure CO<sub>2<\/sub> emissions from soil under different tillage practices, such as no-tillage, and various staple crops, including corn, wheat, and rye, in Almaty region. The study is motivated by the need to understand and mitigate greenhouse gas (GHG) emissions from agricultural soils that contribute significantly to climate change. The main objective is to estimate GHG emissions from arable light-dark chestnut soils under different fertilizers, tillage types and crops. The hypothesis is that different soil management practices and crop types significantly affect GHG emissions, with some practices being able to reduce emissions more effectively than others. Field studies were conducted in a&nbsp;foothill area where CO<sub>2<\/sub> emissions were measured under different combinations of crops and soil management practices. The results show that soil manure treatment leads to significantly high greenhouse gas emissions for all crop types studied. On the contrary, the use of mineral fertilizers in combination with no-tillage showed a&nbsp;small but positive effect on the reduction of greenhouse gas emissions. Among the crops, wheat showed the most significant reduction in emissions, which was associated with an increase in biomass and yield, suggesting that crop type and fertilizer application are crucial factors in managing greenhouse gas emissions in soil. The study concludes that while fertilizers have the potential to reduce greenhouse gas emissions, further research is needed to understand the complex mechanisms that cause these emissions. This study emphasizes the need for an integrated approach to resource efficient agriculture to develop effective strategies to reduce greenhouse gas emissions. Future research should focus on feedback effects in conservation agriculture to enhance sustainability and environmental protection.<\/p>\n<p><strong>Keywords: <\/strong>soil, greenhouse gas (GHG) emissions, agriculture, winter wheat, barley, maize<\/p>\n<p><span style=\"font-size: 10pt\"><strong>How to cite<br \/><\/strong><\/span><span style=\"font-size: 10pt\">Kussainova M., Iskakova G., Nurgali N., 2024. Measurement of greenhouse gas flux from Kazakhstan agricultural soils using static chambers. 1st International Conference of Soil and Agriculture: Towards Soil Sustainability. https:\/\/doi.org\/10.24326\/ICSA1.2.01<\/span><\/p>\n                                        <\/div>\n\t\t\t\t\t\t                                <\/div>\n\t\t\t\t                <div class=\"mn-content-block\">\n\t                                <\/div>\n\t\t\t\t                <div class=\"mn-content-block\">\n\t                                <\/div>\n\t\t\t\t                <div class=\"mn-content-block\">\n\t                                <\/div>\n\t\t\t\t                <div class=\"mn-content-block\">\n\t                                <\/div>\n\t\t\t\t                <div class=\"mn-content-block\">\n\t                                <\/div>\n\t\t\t\t                <div class=\"mn-content-block\">\n\t                                <\/div>\n\t\t\t\t                <div class=\"mn-content-block\">\n\t                                <\/div>\n\t\t\t\t                <div class=\"mn-content-block\">\n\t                                <\/div>\n\t\t\t\t                <div class=\"mn-content-block\">\n\t                                <\/div>\n\t\t\t\t                <div class=\"mn-content-block\">\n\t                                <\/div>\n\t\t\t\t                <div class=\"mn-content-block\">\n\t                                <\/div>\n\t\t\t\t                <div class=\"mn-content-block\">\n\t                                <\/div>\n\t\t\t\t                <div class=\"mn-content-block\">\n\t                                <\/div>\n\t\t\t\t                <div class=\"mn-content-block\">\n\t                                <\/div>\n\t\t\t\t                <div class=\"mn-content-block\">\n\t                                <\/div>\n\t\t\t\t                <div class=\"mn-content-block\">\n\t                                <\/div>\n\t\t\t\t                <div class=\"mn-content-block\">\n\t                                <\/div>\n\t\t\t\t                <div class=\"mn-content-block\">\n\t                                <\/div>\n\t\t\t\t                <div class=\"mn-content-block\">\n\t                                <\/div>\n\t\t\t\t\t\t<\/div>\n\t<\/div>\n<\/section>\n\t\t<\/div>\n\t\t\t\t<\/div>\n\t\t\t\t\t<\/div>\n\t\t<\/div>\n\t\t\t\t\t\t\t<\/div>\n\t\t<\/section>\n\t\t\t\t\t\t<\/div>\n\t\t\t\t\t<\/div>\n\t\t","protected":false},"excerpt":{"rendered":"<p>1st International Conference of Soil and Agriculture:TOWARDS SOIL SUSTAINABILITY11\u201313 June 2024 \u2022 Lublin\u2013Na\u0142\u0119cz\u00f3w, Poland https:\/\/doi.org\/10.24326\/ICSA1.2.01Published online: 4 October 2024 Measurement of greenhouse gas flux from Kazakhstan agricultural soils using static chambersMaira Kussainova*, Gulnaz Iskakova, Nursultan Nurgali Sustainable Agriculture Center, NJSC \u201cKazakh National Agrarian Research University\u201d, Abay Ave., 8, Almaty, 050020, Republic of Kazakhstan* Corresponding author: [&hellip;]<\/p>\n","protected":false},"author":196,"featured_media":0,"parent":139572,"menu_order":0,"comment_status":"closed","ping_status":"closed","template":"elementor_header_footer","meta":{"_monsterinsights_skip_tracking":false,"_monsterinsights_sitenote_active":false,"_monsterinsights_sitenote_note":"","_monsterinsights_sitenote_category":0},"_links":{"self":[{"href":"https:\/\/up.lublin.pl\/digital\/wp-json\/wp\/v2\/pages\/139747"}],"collection":[{"href":"https:\/\/up.lublin.pl\/digital\/wp-json\/wp\/v2\/pages"}],"about":[{"href":"https:\/\/up.lublin.pl\/digital\/wp-json\/wp\/v2\/types\/page"}],"author":[{"embeddable":true,"href":"https:\/\/up.lublin.pl\/digital\/wp-json\/wp\/v2\/users\/196"}],"replies":[{"embeddable":true,"href":"https:\/\/up.lublin.pl\/digital\/wp-json\/wp\/v2\/comments?post=139747"}],"version-history":[{"count":14,"href":"https:\/\/up.lublin.pl\/digital\/wp-json\/wp\/v2\/pages\/139747\/revisions"}],"predecessor-version":[{"id":140572,"href":"https:\/\/up.lublin.pl\/digital\/wp-json\/wp\/v2\/pages\/139747\/revisions\/140572"}],"up":[{"embeddable":true,"href":"https:\/\/up.lublin.pl\/digital\/wp-json\/wp\/v2\/pages\/139572"}],"wp:attachment":[{"href":"https:\/\/up.lublin.pl\/digital\/wp-json\/wp\/v2\/media?parent=139747"}],"curies":[{"name":"wp","href":"https:\/\/api.w.org\/{rel}","templated":true}]}}