{"id":139731,"date":"2024-10-02T12:02:31","date_gmt":"2024-10-02T10:02:31","guid":{"rendered":"https:\/\/up.lublin.pl\/digital\/?page_id=139731"},"modified":"2024-10-08T12:15:23","modified_gmt":"2024-10-08T10:15:23","slug":"icsa-2024-1-05","status":"publish","type":"page","link":"https:\/\/up.lublin.pl\/digital\/conferences\/icsa2024\/icsa-2024-1-05\/","title":{"rendered":"ICSA 2024, 1.05"},"content":{"rendered":"\t\t<div data-elementor-type=\"wp-page\" data-elementor-id=\"139731\" class=\"elementor elementor-139731\" data-elementor-settings=\"[]\">\n\t\t\t\t\t\t\t<div class=\"elementor-section-wrap\">\n\t\t\t\t\t\t\t<section class=\"elementor-section elementor-top-section elementor-element elementor-element-28871db3 elementor-section-boxed elementor-section-height-default elementor-section-height-default\" data-id=\"28871db3\" data-element_type=\"section\">\n\t\t\t\t\t\t<div class=\"elementor-container elementor-column-gap-default\">\n\t\t\t\t\t<div class=\"elementor-column elementor-col-100 elementor-top-column elementor-element elementor-element-23ff57c1\" data-id=\"23ff57c1\" data-element_type=\"column\">\n\t\t\t<div class=\"elementor-widget-wrap elementor-element-populated\">\n\t\t\t\t\t\t\t\t<div class=\"elementor-element elementor-element-54151257 elementor-widget elementor-widget-m2j\" data-id=\"54151257\" data-element_type=\"widget\" data-widget_type=\"m2j.default\">\n\t\t\t\t<div class=\"elementor-widget-container\">\n\t\t\t<section class=\"mn-m2-h\">\n    <div class=\"mn-image-container mn-container\">\n                    <img src=\"https:\/\/up.lublin.pl\/digital\/wp-content\/uploads\/sites\/10\/2024\/09\/icsa-banner_web.jpg\" alt=\"\">\n                        <\/div>\n    <div class=\"mn-grid mn-content\">\n            <\/div>\n<\/section>\n\t\t<\/div>\n\t\t\t\t<\/div>\n\t\t\t\t\t<\/div>\n\t\t<\/div>\n\t\t\t\t\t\t\t<\/div>\n\t\t<\/section>\n\t\t\t\t<section class=\"elementor-section elementor-top-section elementor-element elementor-element-5f00eb9d elementor-section-boxed elementor-section-height-default elementor-section-height-default\" data-id=\"5f00eb9d\" data-element_type=\"section\">\n\t\t\t\t\t\t<div class=\"elementor-container elementor-column-gap-default\">\n\t\t\t\t\t<div class=\"elementor-column elementor-col-100 elementor-top-column elementor-element elementor-element-3f5aa3a\" data-id=\"3f5aa3a\" data-element_type=\"column\">\n\t\t\t<div class=\"elementor-widget-wrap elementor-element-populated\">\n\t\t\t\t\t\t\t\t<div class=\"elementor-element elementor-element-63084c3d elementor-widget elementor-widget-m5c\" data-id=\"63084c3d\" data-element_type=\"widget\" data-widget_type=\"m5c.default\">\n\t\t\t\t<div class=\"elementor-widget-container\">\n\t\t\t<section class=\"mn-m5-c mn-m5-d2 mn-bg-white\">\n\t<div class=\"mn-grid\">\n\t\t\t\t<div class=\"mn-content mn-grid-9\">\n\t\t\t                <div class=\"mn-content-block active\">\n\t                                                        <div class=\"block-text\">\n\t                                        <h2><span style=\"color: #333333\"><strong><span style=\"font-size: 14pt\">1st International Conference of Soil and Agriculture:<\/span><br \/><\/strong><span style=\"font-size: 18pt\">TOWARDS SOIL SUSTAINABILITY<\/span><strong><br \/><span style=\"font-size: 10pt\">11\u201313 June 2024 \u2022 Lublin\u2013Na\u0142\u0119cz\u00f3w, Poland<\/span><\/strong><\/span><\/h2>\n<hr \/>\n<p><a href=\"https:\/\/doi.org\/10.24326\/ICSA1.1.05\"><span style=\"font-size: 10pt\">https:\/\/doi.org\/10.24326\/ICSA1.1.05<\/span><\/a><br \/><span style=\"font-size: 10pt\">Published online: 4 October 2024<\/span><\/p>\n<h2><span style=\"font-size: 18pt;color: #333333\"><strong>Emerging contaminants in soils \u2013 trendy trifles or a&nbsp;real threat?<br \/><\/strong><\/span><span style=\"font-size: 12pt;color: #000000\">Anna Karczewska*<\/span><\/h2>\n<p><span style=\"font-size: 10pt\">Institute of Soil Science, Plant Nutrition and Environmental Protection, Wroc\u0142aw University of Environmental and Life Sciences, Grunwaldzka 53, 50-357 Wroc\u0142aw, Poland<br \/><\/span><span style=\"font-size: 8pt\">* Corresponding author: anna.karczewska@upwr.edu.pl<\/span><\/p>\n<p><strong>Abstract<br \/><\/strong>A systematic review of knowledge on \u201cemerging contaminants\u201d will be presented, with focus on their importance in the natural environment, including soils, and related environmental risk. Emerging contaminants (the contaminants of emerging concern, CECs), are defined as natural and synthetic chemicals that are not routinely monitored or regulated in the environment and may have known or suspected adverse effects on biota and human health. This term covers a&nbsp;wide range of substances, such as pharmaceuticals, hormones, personal care products, cosmetics, fragrances, plasticizers, flame retardants, surfactants, perfluoroalkyl compounds (PFAS), and various industrial products, as well as algal toxins. Some metal(loid)s, pesticides, and PAHs are often included in this list. CECs can be released continuously into the environment and even at low concentrations can cause chronic toxicity or other adverse effects (e.g. endocrine disruption) to biota. Scientists have been intensively working on CECs since the beginning of the 21st century, when new analytical techniques for determining ultra-trace concentrations of substances were developed, and it has become both a&nbsp;fashion and even a&nbsp;requirement to obtain funding for research. Though, the origin of the term CECs can be assigned to the disclosure of environmental fate of DDT in the 1960s. Initially, the problems of CECs were associated mainly with surface water, the sink of contaminants released with insufficiently treated wastewater. However, the pools of CECs that remain in sewage sludge can pose a&nbsp;threat to soils in case of its usage in agriculture or land reclamation. CECs can also enter soils from other sources, such as fertilizers, compost, manure, or urban run-off. Environmental risk caused by the CECs present in soils depends on their characteristics (persistence, toxicity, bioavailability) and soil properties. The ability of plants to take up CECs from soil is very important from an agricultural point of view. A&nbsp;critical analysis of the risk posed by the presence of CECs in soils will be presented on several examples, including PFAS. Both human health risk and ecological risk will be taken into account. A&nbsp;discussion on the need and possibility to set the permissible concentrations of CECs in soils will be commenced. Additionally, the examples of current legislation in various countries will be shown, which may constitute a&nbsp;starting point for further discussion.<\/p>\n<p><strong>Keywords: <\/strong>soil, contaminants of emerging concern, environmental risk, fate, legislation<\/p>\n<p><span style=\"font-size: 10pt\"><strong>How to cite<br \/><\/strong><\/span><span style=\"font-size: 10pt\">Karczewska A., 2024. Emerging contaminants in soils \u2013 trendy trifles or a&nbsp;real threat?. 1st International Conference of Soil and Agriculture: Towards Soil Sustainability. https:\/\/doi.org\/10.24326\/ICSA1.1.05<\/span><\/p>\n                                        <\/div>\n\t\t\t\t\t\t                                <\/div>\n\t\t\t\t                <div class=\"mn-content-block\">\n\t                                <\/div>\n\t\t\t\t                <div class=\"mn-content-block\">\n\t                                <\/div>\n\t\t\t\t                <div class=\"mn-content-block\">\n\t                                <\/div>\n\t\t\t\t                <div class=\"mn-content-block\">\n\t                                <\/div>\n\t\t\t\t                <div class=\"mn-content-block\">\n\t                                <\/div>\n\t\t\t\t                <div class=\"mn-content-block\">\n\t                                <\/div>\n\t\t\t\t                <div class=\"mn-content-block\">\n\t                                <\/div>\n\t\t\t\t                <div class=\"mn-content-block\">\n\t                                <\/div>\n\t\t\t\t                <div class=\"mn-content-block\">\n\t                                <\/div>\n\t\t\t\t                <div class=\"mn-content-block\">\n\t                                <\/div>\n\t\t\t\t                <div class=\"mn-content-block\">\n\t                                <\/div>\n\t\t\t\t                <div class=\"mn-content-block\">\n\t                                <\/div>\n\t\t\t\t                <div class=\"mn-content-block\">\n\t                                <\/div>\n\t\t\t\t                <div class=\"mn-content-block\">\n\t                                <\/div>\n\t\t\t\t                <div class=\"mn-content-block\">\n\t                                <\/div>\n\t\t\t\t                <div class=\"mn-content-block\">\n\t                                <\/div>\n\t\t\t\t                <div class=\"mn-content-block\">\n\t                                <\/div>\n\t\t\t\t                <div class=\"mn-content-block\">\n\t                                <\/div>\n\t\t\t\t                <div class=\"mn-content-block\">\n\t                                <\/div>\n\t\t\t\t\t\t<\/div>\n\t<\/div>\n<\/section>\n\t\t<\/div>\n\t\t\t\t<\/div>\n\t\t\t\t\t<\/div>\n\t\t<\/div>\n\t\t\t\t\t\t\t<\/div>\n\t\t<\/section>\n\t\t\t\t\t\t<\/div>\n\t\t\t\t\t<\/div>\n\t\t","protected":false},"excerpt":{"rendered":"<p>1st International Conference of Soil and Agriculture:TOWARDS SOIL SUSTAINABILITY11\u201313 June 2024 \u2022 Lublin\u2013Na\u0142\u0119cz\u00f3w, Poland https:\/\/doi.org\/10.24326\/ICSA1.1.05Published online: 4 October 2024 Emerging contaminants in soils \u2013 trendy trifles or a&nbsp;real threat?Anna Karczewska* Institute of Soil Science, Plant Nutrition and Environmental Protection, Wroc\u0142aw University of Environmental and Life Sciences, Grunwaldzka 53, 50-357 Wroc\u0142aw, Poland* Corresponding author: anna.karczewska@upwr.edu.pl AbstractA [&hellip;]<\/p>\n","protected":false},"author":196,"featured_media":0,"parent":139572,"menu_order":0,"comment_status":"closed","ping_status":"closed","template":"elementor_header_footer","meta":{"_monsterinsights_skip_tracking":false,"_monsterinsights_sitenote_active":false,"_monsterinsights_sitenote_note":"","_monsterinsights_sitenote_category":0},"_links":{"self":[{"href":"https:\/\/up.lublin.pl\/digital\/wp-json\/wp\/v2\/pages\/139731"}],"collection":[{"href":"https:\/\/up.lublin.pl\/digital\/wp-json\/wp\/v2\/pages"}],"about":[{"href":"https:\/\/up.lublin.pl\/digital\/wp-json\/wp\/v2\/types\/page"}],"author":[{"embeddable":true,"href":"https:\/\/up.lublin.pl\/digital\/wp-json\/wp\/v2\/users\/196"}],"replies":[{"embeddable":true,"href":"https:\/\/up.lublin.pl\/digital\/wp-json\/wp\/v2\/comments?post=139731"}],"version-history":[{"count":7,"href":"https:\/\/up.lublin.pl\/digital\/wp-json\/wp\/v2\/pages\/139731\/revisions"}],"predecessor-version":[{"id":140559,"href":"https:\/\/up.lublin.pl\/digital\/wp-json\/wp\/v2\/pages\/139731\/revisions\/140559"}],"up":[{"embeddable":true,"href":"https:\/\/up.lublin.pl\/digital\/wp-json\/wp\/v2\/pages\/139572"}],"wp:attachment":[{"href":"https:\/\/up.lublin.pl\/digital\/wp-json\/wp\/v2\/media?parent=139731"}],"curies":[{"name":"wp","href":"https:\/\/api.w.org\/{rel}","templated":true}]}}