{"id":139710,"date":"2024-10-02T11:13:51","date_gmt":"2024-10-02T09:13:51","guid":{"rendered":"https:\/\/up.lublin.pl\/digital\/?page_id=139710"},"modified":"2024-10-08T12:10:46","modified_gmt":"2024-10-08T10:10:46","slug":"icsa-2024-1-03","status":"publish","type":"page","link":"https:\/\/up.lublin.pl\/digital\/conferences\/icsa2024\/icsa-2024-1-03\/","title":{"rendered":"ICSA 2024, 1.03"},"content":{"rendered":"\t\t<div data-elementor-type=\"wp-page\" data-elementor-id=\"139710\" class=\"elementor elementor-139710\" data-elementor-settings=\"[]\">\n\t\t\t\t\t\t\t<div class=\"elementor-section-wrap\">\n\t\t\t\t\t\t\t<section class=\"elementor-section elementor-top-section elementor-element elementor-element-58d26be9 elementor-section-boxed elementor-section-height-default elementor-section-height-default\" data-id=\"58d26be9\" data-element_type=\"section\">\n\t\t\t\t\t\t<div class=\"elementor-container elementor-column-gap-default\">\n\t\t\t\t\t<div class=\"elementor-column elementor-col-100 elementor-top-column elementor-element elementor-element-ca9898d\" data-id=\"ca9898d\" data-element_type=\"column\">\n\t\t\t<div class=\"elementor-widget-wrap elementor-element-populated\">\n\t\t\t\t\t\t\t\t<div class=\"elementor-element elementor-element-6e98cea3 elementor-widget elementor-widget-m2j\" data-id=\"6e98cea3\" data-element_type=\"widget\" data-widget_type=\"m2j.default\">\n\t\t\t\t<div class=\"elementor-widget-container\">\n\t\t\t<section class=\"mn-m2-h\">\n    <div class=\"mn-image-container mn-container\">\n                    <img src=\"https:\/\/up.lublin.pl\/digital\/wp-content\/uploads\/sites\/10\/2024\/09\/icsa-banner_web.jpg\" alt=\"\">\n                        <\/div>\n    <div class=\"mn-grid mn-content\">\n            <\/div>\n<\/section>\n\t\t<\/div>\n\t\t\t\t<\/div>\n\t\t\t\t\t<\/div>\n\t\t<\/div>\n\t\t\t\t\t\t\t<\/div>\n\t\t<\/section>\n\t\t\t\t<section class=\"elementor-section elementor-top-section elementor-element elementor-element-5e3d284e elementor-section-boxed elementor-section-height-default elementor-section-height-default\" data-id=\"5e3d284e\" data-element_type=\"section\">\n\t\t\t\t\t\t<div class=\"elementor-container elementor-column-gap-default\">\n\t\t\t\t\t<div class=\"elementor-column elementor-col-100 elementor-top-column elementor-element elementor-element-414d49bf\" data-id=\"414d49bf\" data-element_type=\"column\">\n\t\t\t<div class=\"elementor-widget-wrap elementor-element-populated\">\n\t\t\t\t\t\t\t\t<div class=\"elementor-element elementor-element-754f3c1b elementor-widget elementor-widget-m5c\" data-id=\"754f3c1b\" data-element_type=\"widget\" data-widget_type=\"m5c.default\">\n\t\t\t\t<div class=\"elementor-widget-container\">\n\t\t\t<section class=\"mn-m5-c mn-m5-d2 mn-bg-white\">\n\t<div class=\"mn-grid\">\n\t\t\t\t<div class=\"mn-content mn-grid-9\">\n\t\t\t                <div class=\"mn-content-block active\">\n\t                                                        <div class=\"block-text\">\n\t                                        <h2><span style=\"color: #333333\"><strong><span style=\"font-size: 14pt\">1st International Conference of Soil and Agriculture:<\/span><br \/><\/strong><span style=\"font-size: 18pt\">TOWARDS SOIL SUSTAINABILITY<\/span><strong><br \/><span style=\"font-size: 10pt\">11\u201313 June 2024 \u2022 Lublin\u2013Na\u0142\u0119cz\u00f3w, Poland<\/span><\/strong><\/span><\/h2>\n<hr \/>\n<p><a href=\"https:\/\/doi.org\/10.24326\/ICSA1.1.03\"><span style=\"font-size: 10pt\">https:\/\/doi.org\/10.24326\/ICSA1.1.03<\/span><\/a><br \/><span style=\"font-size: 10pt\">Published online: 4 October 2024<\/span><\/p>\n<h2><span style=\"font-size: 18pt;color: #333333\"><strong>Long-term effects of crop rotation and fertilisation on soil organic matter quality in sandy soils under temperate climatic conditions<br \/><\/strong><\/span><span style=\"color: #000000;font-size: 12pt\">Jerzy Jonczak<sup>1<\/sup>*, Vladim\u00edr \u0160imansk\u00fd<sup>2<\/sup>, Nora Poll\u00e1kov\u00e1<sup>2<\/sup>, Aleksandra Chojnacka<sup>3<\/sup><\/span><\/h2>\n<p><span style=\"font-size: 10pt\"><sup>1<\/sup> Department of Soil Science, Warsaw University of Life Sciences, Nowoursynowska 159, 02-776 Warsaw, Poland<\/span><br \/><span style=\"font-size: 10pt\"><sup>2<\/sup> Institute of Agronomic Sciences, Slovak University of Agriculture, Andreja Hlinku 2, 949 76 Nitra, Slovakia<br \/><sup>3<\/sup> Department of Biochemistry and Microbiology, Warsaw University of Life Sciences, Nowoursynowska 159, 02-776 Warsaw, Poland<br \/><\/span><span style=\"font-size: 8pt\">* Corresponding author: jerzy_jonczak@sggw.edu.pl<\/span><\/p>\n<p><strong>Abstract<br \/><\/strong>The aim of this study was to evaluate the long-term effects of different crop rotation and fertilisation practices on the quality of soil organic matter (SOM) in Planosols under temperate climatic conditions. The study was conducted at the Experimental Station of Warsaw University of Life Sciences in Skierniewice (Central Poland), where experiments were established in 1923. The experiments included in this study are as follows: E1-NF, E2-FYM and E3-NF without mineral fertilization; E1-NPK, E2-FYM+NPK and E3-NPK with NPK fertilization; E1-CaNPK, E2-FYM+CaNPK and E3-CaNPK with CaNPK fertilization. The experiments E1 and E2 involved included free crop rotation from 1923, while the E3 experiment \u2013 blueberry cultivation from 1975. The E2 experiment plots were fertilized with farmyard manure every 4 years from 1992. All of the experiments covered 3 replicates (plots). Soils were sampled in August 2017. Three undisturbed (100 cm<sup>3<\/sup>) and one disturbed sample were taken from the humus horizons of each plot. Basic soil properties, including particle size distribution, pH, total organic carbon (TOC) and nitrogen (N) content, and ionic composition of the sorption complex, were determined using standard procedures. Detailed analysis of SOM included fractional composition by the Tyurin method, absorbance ratios (E<sub>4\/6<\/sub>) of 0.01% alkaline solutions of humic acids (HAs), elemental composition (CHNO) and <sup>13<\/sup>C-NMR spectra of these substances, and total contents of glomalin-related soil proteins (GRSP) and polyphenols. The results obtained highlighted the importance of crop rotation and fertilisation practices as factors influencing SOM content and quality. Fertilisation with manure and blueberry as a&nbsp;crop contributed to higher SOM contents compared to unfertilised or mineral fertilised soils. Furthermore, SOM was characterised by higher contents of HAs and lower contents of fulvic acids (FAs). Higher E<sub>4\/6<\/sub> ratios of HAs on manure fertilised plots and under blueberries indicate lower condensation of their molecules. Clear differences were also found in the elemental contents and <sup>13<\/sup>C-NMR spectra of HAs, as well as in the contents of GRSP and polyphenols. In summary, it can be concluded that crop rotation and fertilisation practices strongly influence SOM sources, transformation pathways and binding to the mineral phase, thus modifying the ability to provide ecological functions and soil quality.<\/p>\n<p><strong>Keywords: <\/strong>soil organic matter, long-term experiments, soil quality, soil functions<\/p>\n<p><span style=\"font-size: 10pt\"><strong>How to cite<br \/><\/strong>Jonczak J., \u0160imansk\u00fd V., Poll\u00e1kov\u00e1 N., Chojnacka A., 2024. Long-term effects of crop rotation and fertilisation on soil organic matter quality in sandy soils under temperate climatic conditions. 1st International Conference of Soil and Agriculture: Towards Soil Sustainability. https:\/\/doi.org\/10.24326\/ICSA1.1.03<\/span><\/p>\n                                        <\/div>\n\t\t\t\t\t\t                                <\/div>\n\t\t\t\t                <div class=\"mn-content-block\">\n\t                                <\/div>\n\t\t\t\t                <div class=\"mn-content-block\">\n\t                                <\/div>\n\t\t\t\t                <div class=\"mn-content-block\">\n\t                                <\/div>\n\t\t\t\t                <div class=\"mn-content-block\">\n\t                                <\/div>\n\t\t\t\t                <div class=\"mn-content-block\">\n\t                                <\/div>\n\t\t\t\t                <div class=\"mn-content-block\">\n\t                                <\/div>\n\t\t\t\t                <div class=\"mn-content-block\">\n\t                                <\/div>\n\t\t\t\t                <div class=\"mn-content-block\">\n\t                                <\/div>\n\t\t\t\t                <div class=\"mn-content-block\">\n\t                                <\/div>\n\t\t\t\t                <div class=\"mn-content-block\">\n\t                                <\/div>\n\t\t\t\t                <div class=\"mn-content-block\">\n\t                                <\/div>\n\t\t\t\t                <div class=\"mn-content-block\">\n\t                                <\/div>\n\t\t\t\t                <div class=\"mn-content-block\">\n\t                                <\/div>\n\t\t\t\t                <div class=\"mn-content-block\">\n\t                                <\/div>\n\t\t\t\t                <div class=\"mn-content-block\">\n\t                                <\/div>\n\t\t\t\t                <div class=\"mn-content-block\">\n\t                                <\/div>\n\t\t\t\t                <div class=\"mn-content-block\">\n\t                                <\/div>\n\t\t\t\t                <div class=\"mn-content-block\">\n\t                                <\/div>\n\t\t\t\t                <div class=\"mn-content-block\">\n\t                                <\/div>\n\t\t\t\t\t\t<\/div>\n\t<\/div>\n<\/section>\n\t\t<\/div>\n\t\t\t\t<\/div>\n\t\t\t\t\t<\/div>\n\t\t<\/div>\n\t\t\t\t\t\t\t<\/div>\n\t\t<\/section>\n\t\t\t\t\t\t<\/div>\n\t\t\t\t\t<\/div>\n\t\t","protected":false},"excerpt":{"rendered":"<p>1st International Conference of Soil and Agriculture:TOWARDS SOIL SUSTAINABILITY11\u201313 June 2024 \u2022 Lublin\u2013Na\u0142\u0119cz\u00f3w, Poland https:\/\/doi.org\/10.24326\/ICSA1.1.03Published online: 4 October 2024 Long-term effects of crop rotation and fertilisation on soil organic matter quality in sandy soils under temperate climatic conditionsJerzy Jonczak1*, Vladim\u00edr \u0160imansk\u00fd2, Nora Poll\u00e1kov\u00e12, Aleksandra Chojnacka3 1 Department of Soil Science, Warsaw University of Life Sciences, [&hellip;]<\/p>\n","protected":false},"author":196,"featured_media":0,"parent":139572,"menu_order":0,"comment_status":"closed","ping_status":"closed","template":"elementor_header_footer","meta":{"_monsterinsights_skip_tracking":false,"_monsterinsights_sitenote_active":false,"_monsterinsights_sitenote_note":"","_monsterinsights_sitenote_category":0},"_links":{"self":[{"href":"https:\/\/up.lublin.pl\/digital\/wp-json\/wp\/v2\/pages\/139710"}],"collection":[{"href":"https:\/\/up.lublin.pl\/digital\/wp-json\/wp\/v2\/pages"}],"about":[{"href":"https:\/\/up.lublin.pl\/digital\/wp-json\/wp\/v2\/types\/page"}],"author":[{"embeddable":true,"href":"https:\/\/up.lublin.pl\/digital\/wp-json\/wp\/v2\/users\/196"}],"replies":[{"embeddable":true,"href":"https:\/\/up.lublin.pl\/digital\/wp-json\/wp\/v2\/comments?post=139710"}],"version-history":[{"count":10,"href":"https:\/\/up.lublin.pl\/digital\/wp-json\/wp\/v2\/pages\/139710\/revisions"}],"predecessor-version":[{"id":140550,"href":"https:\/\/up.lublin.pl\/digital\/wp-json\/wp\/v2\/pages\/139710\/revisions\/140550"}],"up":[{"embeddable":true,"href":"https:\/\/up.lublin.pl\/digital\/wp-json\/wp\/v2\/pages\/139572"}],"wp:attachment":[{"href":"https:\/\/up.lublin.pl\/digital\/wp-json\/wp\/v2\/media?parent=139710"}],"curies":[{"name":"wp","href":"https:\/\/api.w.org\/{rel}","templated":true}]}}