{"id":139699,"date":"2024-10-02T11:07:39","date_gmt":"2024-10-02T09:07:39","guid":{"rendered":"https:\/\/up.lublin.pl\/digital\/?page_id=139699"},"modified":"2024-10-08T12:09:03","modified_gmt":"2024-10-08T10:09:03","slug":"icsa-2024-1-02","status":"publish","type":"page","link":"https:\/\/up.lublin.pl\/digital\/conferences\/icsa2024\/icsa-2024-1-02\/","title":{"rendered":"ICSA 2024, 1.02"},"content":{"rendered":"\t\t<div data-elementor-type=\"wp-page\" data-elementor-id=\"139699\" class=\"elementor elementor-139699\" data-elementor-settings=\"[]\">\n\t\t\t\t\t\t\t<div class=\"elementor-section-wrap\">\n\t\t\t\t\t\t\t<section class=\"elementor-section elementor-top-section elementor-element elementor-element-36d4fe33 elementor-section-boxed elementor-section-height-default elementor-section-height-default\" data-id=\"36d4fe33\" data-element_type=\"section\">\n\t\t\t\t\t\t<div class=\"elementor-container elementor-column-gap-default\">\n\t\t\t\t\t<div class=\"elementor-column elementor-col-100 elementor-top-column elementor-element elementor-element-6ff458e4\" data-id=\"6ff458e4\" data-element_type=\"column\">\n\t\t\t<div class=\"elementor-widget-wrap elementor-element-populated\">\n\t\t\t\t\t\t\t\t<div class=\"elementor-element elementor-element-426f41ba elementor-widget elementor-widget-m2j\" data-id=\"426f41ba\" data-element_type=\"widget\" data-widget_type=\"m2j.default\">\n\t\t\t\t<div class=\"elementor-widget-container\">\n\t\t\t<section class=\"mn-m2-h\">\n    <div class=\"mn-image-container mn-container\">\n                    <img src=\"https:\/\/up.lublin.pl\/digital\/wp-content\/uploads\/sites\/10\/2024\/09\/icsa-banner_web.jpg\" alt=\"\">\n                        <\/div>\n    <div class=\"mn-grid mn-content\">\n            <\/div>\n<\/section>\n\t\t<\/div>\n\t\t\t\t<\/div>\n\t\t\t\t\t<\/div>\n\t\t<\/div>\n\t\t\t\t\t\t\t<\/div>\n\t\t<\/section>\n\t\t\t\t<section class=\"elementor-section elementor-top-section elementor-element elementor-element-213127f5 elementor-section-boxed elementor-section-height-default elementor-section-height-default\" data-id=\"213127f5\" data-element_type=\"section\">\n\t\t\t\t\t\t<div class=\"elementor-container elementor-column-gap-default\">\n\t\t\t\t\t<div class=\"elementor-column elementor-col-100 elementor-top-column elementor-element elementor-element-337eef32\" data-id=\"337eef32\" data-element_type=\"column\">\n\t\t\t<div class=\"elementor-widget-wrap elementor-element-populated\">\n\t\t\t\t\t\t\t\t<div class=\"elementor-element elementor-element-194a0149 elementor-widget elementor-widget-m5c\" data-id=\"194a0149\" data-element_type=\"widget\" data-widget_type=\"m5c.default\">\n\t\t\t\t<div class=\"elementor-widget-container\">\n\t\t\t<section class=\"mn-m5-c mn-m5-d2 mn-bg-white\">\n\t<div class=\"mn-grid\">\n\t\t\t\t<div class=\"mn-content mn-grid-9\">\n\t\t\t                <div class=\"mn-content-block active\">\n\t                                                        <div class=\"block-text\">\n\t                                        <h2><span style=\"color: #333333\"><strong><span style=\"font-size: 14pt\">1st International Conference of Soil and Agriculture:<\/span><br \/><\/strong><span style=\"font-size: 18pt\">TOWARDS SOIL SUSTAINABILITY<\/span><strong><br \/><span style=\"font-size: 10pt\">11\u201313 June 2024 \u2022 Lublin\u2013Na\u0142\u0119cz\u00f3w, Poland<\/span><\/strong><\/span><\/h2>\n<hr \/>\n<p><a href=\"https:\/\/doi.org\/10.24326\/ICSA1.1.02\"><span style=\"font-size: 10pt\">https:\/\/doi.org\/10.24326\/ICSA1.1.02<\/span><\/a><br \/><span style=\"font-size: 10pt\">Published online: 4 October 2024<\/span><\/p>\n<h2><span style=\"color: #333333;font-size: 18pt\"><strong>Storage of persistent organic matter in gypsum soils under temperate climatic conditions \u2013 a&nbsp;contribution of the soil macro- and microstructure<br \/><\/strong><\/span><span style=\"color: #000000;font-size: 12pt\">Krystyna Ciarkowska<sup>1<\/sup>*, Messias de Carvalho<sup>1<\/sup>, Leszek Wojnar<sup>2<\/sup>, Katarzyna So\u0142ek-Podwika<sup>1<\/sup><\/span><\/h2>\n<p><span style=\"font-size: 10pt\"><sup>1<\/sup> Soil Science and Agrophysics Department, University of Agriculture in Krakow, Aleja Mickiewicza 21, 31-120 Krak\u00f3w, Poland<br \/><\/span><span style=\"font-size: 10pt\"><sup>2<\/sup> Department of Applied Infomatics, University of Technology, Al. Jana Paw\u0142a II 37, 31-864 Krak\u00f3w, Poland<br \/><\/span><span style=\"font-size: 8pt\">* Corresponding author: krystyna.ciarkowska@urk.edu.pl<\/span><\/p>\n<p><strong>Abstract<br \/><\/strong>Soils are an important carbon (C) sink, with about 70% of the terrestrial organic C&nbsp;accumulated in soil organic matter (SOM). For this reason, SOM is essential to the soil environment, sustaining ecosystem health and functions. In our work we compared SOM content and stability in gypsum and limestone derived soils of the same areas and under similar physiographic conditions. We hypothesised that soils derived from gypsum have a&nbsp;special ability to accumulate persistent organic matter, mainly resulting from the presence of gypsum, which acts through the macro- and microstructure stabilisation. In our work, we aimed at: (i) comparing SOM amounts and decomposition state together with SOM related properties in gypsum soils and limestone soils, (ii)\u00a0checking to what degree physical properties related to macro- and microstructure affect the soil organic matter properties and stability and the carbon sequestration. Properties of the soil humus horizons were determined, including texture, available potassium and phosphorus, pH, amount of gypsum and calcite, enzyme activity. Moreover, we examined soil thin sections in order to determine their microstructures and degree of SOM transformation at the microscopic level and quantified the results using image analysis. The study was performed in various location of the Nida Basin, on soils derived from selenite-type gypsum rocks and on carbonate bedrock. Stocks of organic carbon accumulated in 0\u201320 cm depth were much higher in gypsum soils (9.7\u201310.1 kg\/m<sup>2<\/sup>) than in limestone soils (5.0\u20136.4 kg\/m<sup>2<\/sup>). Studied soils differed in SOM stabilisation, which was expressed by higher C\/N ratios, lower aggregate water resistance index, lower dehydrogenase activity, and greater areas of undecomposed or slightly decomposed plant residues observed in limestone soils comparing to gypsum ones. SOM amounts were strongly affected by gypsum and calcite contents, dehydrogenase activity, porosity and microaggregation. Gypsum soils were characterised by a&nbsp;higher share of more stable and water resistant microaggregates than limestone soils in which macroaggregates prevailed. Gypsum as a&nbsp;parent material favoured SOM accumulation through its physical stabilization, by providing active Ca cations to protect the SOM together with silt and clay, and its biochemical stabilization, through high enzyme activity. Our results show that gypsum soils are important as a&nbsp;response to global warming through their ability to preserve SOM over the long term.<\/p>\n<p><strong>Keywords: <\/strong>organic matter storage, soil physical properties, thin sections<\/p>\n<p><span style=\"font-size: 10pt\"><strong>How to cite<br \/><\/strong>Ciarkowska K., de Carvalho M., Wojnar L., So\u0142ek-Podwika K., 2024. Storage of persistent organic matter in gypsum soils under temperate climatic conditions \u2013 a&nbsp;contribution of the soil macro- and microstructure. 1st International Conference of Soil and Agriculture: Towards Soil Sustainability. https:\/\/doi.org\/10.24326\/ICSA1.1.02<\/span><\/p>\n                                        <\/div>\n\t\t\t\t\t\t                                <\/div>\n\t\t\t\t                <div class=\"mn-content-block\">\n\t                                <\/div>\n\t\t\t\t                <div class=\"mn-content-block\">\n\t                                <\/div>\n\t\t\t\t                <div class=\"mn-content-block\">\n\t                                <\/div>\n\t\t\t\t                <div class=\"mn-content-block\">\n\t                                <\/div>\n\t\t\t\t                <div class=\"mn-content-block\">\n\t                                <\/div>\n\t\t\t\t                <div class=\"mn-content-block\">\n\t                                <\/div>\n\t\t\t\t                <div class=\"mn-content-block\">\n\t                                <\/div>\n\t\t\t\t                <div class=\"mn-content-block\">\n\t                                <\/div>\n\t\t\t\t                <div class=\"mn-content-block\">\n\t                                <\/div>\n\t\t\t\t                <div class=\"mn-content-block\">\n\t                                <\/div>\n\t\t\t\t                <div class=\"mn-content-block\">\n\t                                <\/div>\n\t\t\t\t                <div class=\"mn-content-block\">\n\t                                <\/div>\n\t\t\t\t                <div class=\"mn-content-block\">\n\t                                <\/div>\n\t\t\t\t                <div class=\"mn-content-block\">\n\t                                <\/div>\n\t\t\t\t                <div class=\"mn-content-block\">\n\t                                <\/div>\n\t\t\t\t                <div class=\"mn-content-block\">\n\t                                <\/div>\n\t\t\t\t                <div class=\"mn-content-block\">\n\t                                <\/div>\n\t\t\t\t                <div class=\"mn-content-block\">\n\t                                <\/div>\n\t\t\t\t                <div class=\"mn-content-block\">\n\t                                <\/div>\n\t\t\t\t\t\t<\/div>\n\t<\/div>\n<\/section>\n\t\t<\/div>\n\t\t\t\t<\/div>\n\t\t\t\t\t<\/div>\n\t\t<\/div>\n\t\t\t\t\t\t\t<\/div>\n\t\t<\/section>\n\t\t\t\t\t\t<\/div>\n\t\t\t\t\t<\/div>\n\t\t","protected":false},"excerpt":{"rendered":"<p>1st International Conference of Soil and Agriculture:TOWARDS SOIL SUSTAINABILITY11\u201313 June 2024 \u2022 Lublin\u2013Na\u0142\u0119cz\u00f3w, Poland https:\/\/doi.org\/10.24326\/ICSA1.1.02Published online: 4 October 2024 Storage of persistent organic matter in gypsum soils under temperate climatic conditions \u2013 a&nbsp;contribution of the soil macro- and microstructureKrystyna Ciarkowska1*, Messias de Carvalho1, Leszek Wojnar2, Katarzyna So\u0142ek-Podwika1 1 Soil Science and Agrophysics Department, University of [&hellip;]<\/p>\n","protected":false},"author":196,"featured_media":0,"parent":139572,"menu_order":0,"comment_status":"closed","ping_status":"closed","template":"elementor_header_footer","meta":{"_monsterinsights_skip_tracking":false,"_monsterinsights_sitenote_active":false,"_monsterinsights_sitenote_note":"","_monsterinsights_sitenote_category":0},"_links":{"self":[{"href":"https:\/\/up.lublin.pl\/digital\/wp-json\/wp\/v2\/pages\/139699"}],"collection":[{"href":"https:\/\/up.lublin.pl\/digital\/wp-json\/wp\/v2\/pages"}],"about":[{"href":"https:\/\/up.lublin.pl\/digital\/wp-json\/wp\/v2\/types\/page"}],"author":[{"embeddable":true,"href":"https:\/\/up.lublin.pl\/digital\/wp-json\/wp\/v2\/users\/196"}],"replies":[{"embeddable":true,"href":"https:\/\/up.lublin.pl\/digital\/wp-json\/wp\/v2\/comments?post=139699"}],"version-history":[{"count":16,"href":"https:\/\/up.lublin.pl\/digital\/wp-json\/wp\/v2\/pages\/139699\/revisions"}],"predecessor-version":[{"id":140547,"href":"https:\/\/up.lublin.pl\/digital\/wp-json\/wp\/v2\/pages\/139699\/revisions\/140547"}],"up":[{"embeddable":true,"href":"https:\/\/up.lublin.pl\/digital\/wp-json\/wp\/v2\/pages\/139572"}],"wp:attachment":[{"href":"https:\/\/up.lublin.pl\/digital\/wp-json\/wp\/v2\/media?parent=139699"}],"curies":[{"name":"wp","href":"https:\/\/api.w.org\/{rel}","templated":true}]}}