{"id":139690,"date":"2024-10-02T10:58:12","date_gmt":"2024-10-02T08:58:12","guid":{"rendered":"https:\/\/up.lublin.pl\/digital\/?page_id=139690"},"modified":"2024-10-08T12:05:43","modified_gmt":"2024-10-08T10:05:43","slug":"icsa-2024-1-01","status":"publish","type":"page","link":"https:\/\/up.lublin.pl\/digital\/conferences\/icsa2024\/icsa-2024-1-01\/","title":{"rendered":"ICSA 2024, 1.01"},"content":{"rendered":"\t\t<div data-elementor-type=\"wp-page\" data-elementor-id=\"139690\" class=\"elementor elementor-139690\" data-elementor-settings=\"[]\">\n\t\t\t\t\t\t\t<div class=\"elementor-section-wrap\">\n\t\t\t\t\t\t\t<section class=\"elementor-section elementor-top-section elementor-element elementor-element-36f88334 elementor-section-boxed elementor-section-height-default elementor-section-height-default\" data-id=\"36f88334\" data-element_type=\"section\">\n\t\t\t\t\t\t<div class=\"elementor-container elementor-column-gap-default\">\n\t\t\t\t\t<div class=\"elementor-column elementor-col-100 elementor-top-column elementor-element elementor-element-3107eb33\" data-id=\"3107eb33\" data-element_type=\"column\">\n\t\t\t<div class=\"elementor-widget-wrap elementor-element-populated\">\n\t\t\t\t\t\t\t\t<div class=\"elementor-element elementor-element-6cc07284 elementor-widget elementor-widget-m2j\" data-id=\"6cc07284\" data-element_type=\"widget\" data-widget_type=\"m2j.default\">\n\t\t\t\t<div class=\"elementor-widget-container\">\n\t\t\t<section class=\"mn-m2-h\">\n    <div class=\"mn-image-container mn-container\">\n                    <img src=\"https:\/\/up.lublin.pl\/digital\/wp-content\/uploads\/sites\/10\/2024\/09\/icsa-banner_web.jpg\" alt=\"\">\n                        <\/div>\n    <div class=\"mn-grid mn-content\">\n            <\/div>\n<\/section>\n\t\t<\/div>\n\t\t\t\t<\/div>\n\t\t\t\t\t<\/div>\n\t\t<\/div>\n\t\t\t\t\t\t\t<\/div>\n\t\t<\/section>\n\t\t\t\t<section class=\"elementor-section elementor-top-section elementor-element elementor-element-112d688f elementor-section-boxed elementor-section-height-default elementor-section-height-default\" data-id=\"112d688f\" data-element_type=\"section\">\n\t\t\t\t\t\t<div class=\"elementor-container elementor-column-gap-default\">\n\t\t\t\t\t<div class=\"elementor-column elementor-col-100 elementor-top-column elementor-element elementor-element-195cce41\" data-id=\"195cce41\" data-element_type=\"column\">\n\t\t\t<div class=\"elementor-widget-wrap elementor-element-populated\">\n\t\t\t\t\t\t\t\t<div class=\"elementor-element elementor-element-109845d3 elementor-widget elementor-widget-m5c\" data-id=\"109845d3\" data-element_type=\"widget\" data-widget_type=\"m5c.default\">\n\t\t\t\t<div class=\"elementor-widget-container\">\n\t\t\t<section class=\"mn-m5-c mn-m5-d2 mn-bg-white\">\n\t<div class=\"mn-grid\">\n\t\t\t\t<div class=\"mn-content mn-grid-9\">\n\t\t\t                <div class=\"mn-content-block active\">\n\t                                                        <div class=\"block-text\">\n\t                                        <h2><span style=\"color: #333333\"><strong><span style=\"font-size: 14pt\">1st International Conference of Soil and Agriculture:<\/span><br \/><\/strong><span style=\"font-size: 18pt\">TOWARDS SOIL SUSTAINABILITY<\/span><strong><br \/><span style=\"font-size: 10pt\">11\u201313 June 2024 \u2022 Lublin\u2013Na\u0142\u0119cz\u00f3w, Poland<\/span><\/strong><\/span><\/h2>\n<hr \/>\n<p><a href=\"https:\/\/doi.org\/10.24326\/ICSA1.1.01\"><span style=\"font-size: 10pt\">https:\/\/doi.org\/10.24326\/ICSA1.1.01<\/span><\/a><br \/><span style=\"font-size: 10pt\">Published online: 4 October 2024<\/span><\/p>\n<h2><span style=\"font-size: 18pt;color: #333333\"><strong>Soil mobile organic carbon as affected by winter wheat strip tillage and forage legume intercropping<br \/><\/strong><\/span><span style=\"color: #000000;font-size: 12pt\">Jurgita Cesevi\u010dien\u0117<sup>1<\/sup>*, Viktorija Gecait\u0117<sup>2<\/sup>, Au\u0161ra Arlauskien\u0117<sup>2<\/sup>, Alvyra \u0160lepetien\u0117<sup>1<\/sup><\/span><\/h2>\n<p><span style=\"font-size: 10pt\"><sup>1<\/sup> Institute of Agriculture, Lithuanian Research Centre for Agriculture and Forestry (LAMM), Instituto av. 1, K\u0117dainiai distr., 58344 Akademija, Lithuania<\/span><br \/><span style=\"font-size: 10pt\"><sup>2<\/sup> Joni\u0161k\u0117lis Experimental Station, Lithuanian Research Centre for Agriculture and Forestry, Pasvalys distr., 39301 Joni\u0161k\u0117lis, Lithuania<\/span><br \/><span style=\"font-size: 8pt\">* Corresponding author: jurgita.ceseviciene@lammc.lt<\/span><\/p>\n<p><strong>Abstract<br \/><\/strong>Crop rotation diversification using legumes has been advocated as one of the solutions to improve the resilience of the crop system to various environmental stresses and the use of nitrogen resources. However, when forage legumes or grass-legumes are ploughed, there is a&nbsp;high risk of nitrate leaching, especially in sandy soils (https:\/\/doi.org\/10.1016\/j.agee.2017.12.009). Skipping autumn tillage can reduce the decomposition of plant residues and promote soil humification processes. We hypothesized that winter wheat (<em>Triticum aestivum<\/em> L.) \u2013 forage legume strip intercropping technologies could optimize crop residue mineralization and increase soil organic carbon. The aim of the study was to determine the effect of winter wheat \u2013 black medick (<em>Medicago lupulina<\/em> L.) WW+BM, winter wheat \u2013 white clover (<em>Trifolium repens<\/em> L.) WW+WC, and winter wheat \u2013 Egyptian clover (<em>T. alexandrinum<\/em> L.) WW+EC strip tillage intercropping management on soil mobile organic carbon content compared to forage legume monocropping with conventional tillage. The study was carried out at the LAMMC Joni\u0161k\u0117lis Experimental Station on <em>Endocalcari-Endohypogleyic Cambisol <\/em>(siltic, drainic) in 2018\u20132019 (Experiment I) and 2019\u20132020 (Experiment II). In 2018 and 2019, legumes were grown with oats (<em>Avena sativa<\/em> L.) or in monocrops. After harvesting the oats, the straw was chopped and spread, the legume grass was mulched, and winter wheat was sown using the strip tillage system involving one-pass tillage. The legume monocrops in autumn were ploughed and winter wheat was sown. After harvesting winter wheat, soil was taken and water-extractable organic carbon (WEOC), mobile humic substances (MHS) and mobile humic acids (MHA) were determined. The results showed, that in winter wheat \u2013 forage legumes intercropping, WW grain yield decreased (especially in Experiment I), compared to the same grasses monocultures that were ploughed before WW sowing. The highest amount of WEOC was in intercropping soil WW+WC (Experiment I) or in all fields (except WW+EC) after applying strip tillage. During the research period, the amounts of MHS and MHA changed analogously (especially in Experiment I). Their content increased substantially in fields with BD and EC, regardless of whether the grasses were ploughed or grown with WW. In experiment II, these differences were smaller, and the variation in MHA content was slight. Studies have shown an inverse correlation between WW grain yield and soil mobile forms of organic carbon.<\/p>\n<p><strong>Keywords: <\/strong>black medick, white clover, Egyptian clover, mobile humic substances, water-extractable organic carbon<\/p>\n<p><span style=\"font-size: 10pt\"><strong>How to cite<br \/><\/strong>Cesevi\u010dien\u0117 J., Gecait\u0117 V., Arlauskien\u0117 A., \u0160lepetien\u0117 A., 2024. Soil mobile organic carbon as affected by winter wheat strip tillage and forage legume intercropping. 1st International Conference of Soil and Agriculture: Towards Soil Sustainability. https:\/\/doi.org\/10.24326\/ICSA1.1.01<\/span><\/p>\n                                        <\/div>\n\t\t\t\t\t\t                                <\/div>\n\t\t\t\t                <div class=\"mn-content-block\">\n\t                                <\/div>\n\t\t\t\t                <div class=\"mn-content-block\">\n\t                                <\/div>\n\t\t\t\t                <div class=\"mn-content-block\">\n\t                                <\/div>\n\t\t\t\t                <div class=\"mn-content-block\">\n\t                                <\/div>\n\t\t\t\t                <div class=\"mn-content-block\">\n\t                                <\/div>\n\t\t\t\t                <div class=\"mn-content-block\">\n\t                                <\/div>\n\t\t\t\t                <div class=\"mn-content-block\">\n\t                                <\/div>\n\t\t\t\t                <div class=\"mn-content-block\">\n\t                                <\/div>\n\t\t\t\t                <div class=\"mn-content-block\">\n\t                                <\/div>\n\t\t\t\t                <div class=\"mn-content-block\">\n\t                                <\/div>\n\t\t\t\t                <div class=\"mn-content-block\">\n\t                                <\/div>\n\t\t\t\t                <div class=\"mn-content-block\">\n\t                                <\/div>\n\t\t\t\t                <div class=\"mn-content-block\">\n\t                                <\/div>\n\t\t\t\t                <div class=\"mn-content-block\">\n\t                                <\/div>\n\t\t\t\t                <div class=\"mn-content-block\">\n\t                                <\/div>\n\t\t\t\t                <div class=\"mn-content-block\">\n\t                                <\/div>\n\t\t\t\t                <div class=\"mn-content-block\">\n\t                                <\/div>\n\t\t\t\t                <div class=\"mn-content-block\">\n\t                                <\/div>\n\t\t\t\t                <div class=\"mn-content-block\">\n\t                                <\/div>\n\t\t\t\t\t\t<\/div>\n\t<\/div>\n<\/section>\n\t\t<\/div>\n\t\t\t\t<\/div>\n\t\t\t\t\t<\/div>\n\t\t<\/div>\n\t\t\t\t\t\t\t<\/div>\n\t\t<\/section>\n\t\t\t\t\t\t<\/div>\n\t\t\t\t\t<\/div>\n\t\t","protected":false},"excerpt":{"rendered":"<p>1st International Conference of Soil and Agriculture:TOWARDS SOIL SUSTAINABILITY11\u201313 June 2024 \u2022 Lublin\u2013Na\u0142\u0119cz\u00f3w, Poland https:\/\/doi.org\/10.24326\/ICSA1.1.01Published online: 4 October 2024 Soil mobile organic carbon as affected by winter wheat strip tillage and forage legume intercroppingJurgita Cesevi\u010dien\u01171*, Viktorija Gecait\u01172, Au\u0161ra Arlauskien\u01172, Alvyra \u0160lepetien\u01171 1 Institute of Agriculture, Lithuanian Research Centre for Agriculture and Forestry (LAMM), Instituto av. [&hellip;]<\/p>\n","protected":false},"author":196,"featured_media":0,"parent":139572,"menu_order":0,"comment_status":"closed","ping_status":"closed","template":"elementor_header_footer","meta":{"_monsterinsights_skip_tracking":false,"_monsterinsights_sitenote_active":false,"_monsterinsights_sitenote_note":"","_monsterinsights_sitenote_category":0},"_links":{"self":[{"href":"https:\/\/up.lublin.pl\/digital\/wp-json\/wp\/v2\/pages\/139690"}],"collection":[{"href":"https:\/\/up.lublin.pl\/digital\/wp-json\/wp\/v2\/pages"}],"about":[{"href":"https:\/\/up.lublin.pl\/digital\/wp-json\/wp\/v2\/types\/page"}],"author":[{"embeddable":true,"href":"https:\/\/up.lublin.pl\/digital\/wp-json\/wp\/v2\/users\/196"}],"replies":[{"embeddable":true,"href":"https:\/\/up.lublin.pl\/digital\/wp-json\/wp\/v2\/comments?post=139690"}],"version-history":[{"count":13,"href":"https:\/\/up.lublin.pl\/digital\/wp-json\/wp\/v2\/pages\/139690\/revisions"}],"predecessor-version":[{"id":140541,"href":"https:\/\/up.lublin.pl\/digital\/wp-json\/wp\/v2\/pages\/139690\/revisions\/140541"}],"up":[{"embeddable":true,"href":"https:\/\/up.lublin.pl\/digital\/wp-json\/wp\/v2\/pages\/139572"}],"wp:attachment":[{"href":"https:\/\/up.lublin.pl\/digital\/wp-json\/wp\/v2\/media?parent=139690"}],"curies":[{"name":"wp","href":"https:\/\/api.w.org\/{rel}","templated":true}]}}