{"id":139678,"date":"2024-10-02T10:52:48","date_gmt":"2024-10-02T08:52:48","guid":{"rendered":"https:\/\/up.lublin.pl\/digital\/?page_id=139678"},"modified":"2024-10-08T11:58:49","modified_gmt":"2024-10-08T09:58:49","slug":"icsa-2024-0-03","status":"publish","type":"page","link":"https:\/\/up.lublin.pl\/digital\/conferences\/icsa2024\/icsa-2024-0-03\/","title":{"rendered":"ICSA 2024, 0.03"},"content":{"rendered":"\t\t<div data-elementor-type=\"wp-page\" data-elementor-id=\"139678\" class=\"elementor elementor-139678\" data-elementor-settings=\"[]\">\n\t\t\t\t\t\t\t<div class=\"elementor-section-wrap\">\n\t\t\t\t\t\t\t<section class=\"elementor-section elementor-top-section elementor-element elementor-element-2bd069e1 elementor-section-boxed elementor-section-height-default elementor-section-height-default\" data-id=\"2bd069e1\" data-element_type=\"section\">\n\t\t\t\t\t\t<div class=\"elementor-container elementor-column-gap-default\">\n\t\t\t\t\t<div class=\"elementor-column elementor-col-100 elementor-top-column elementor-element elementor-element-3e4204f\" data-id=\"3e4204f\" data-element_type=\"column\">\n\t\t\t<div class=\"elementor-widget-wrap elementor-element-populated\">\n\t\t\t\t\t\t\t\t<div class=\"elementor-element elementor-element-3703b0ad elementor-widget elementor-widget-m2j\" data-id=\"3703b0ad\" data-element_type=\"widget\" data-widget_type=\"m2j.default\">\n\t\t\t\t<div class=\"elementor-widget-container\">\n\t\t\t<section class=\"mn-m2-h\">\n    <div class=\"mn-image-container mn-container\">\n                    <img src=\"https:\/\/up.lublin.pl\/digital\/wp-content\/uploads\/sites\/10\/2024\/09\/icsa-banner_web.jpg\" alt=\"\">\n                        <\/div>\n    <div class=\"mn-grid mn-content\">\n            <\/div>\n<\/section>\n\t\t<\/div>\n\t\t\t\t<\/div>\n\t\t\t\t\t<\/div>\n\t\t<\/div>\n\t\t\t\t\t\t\t<\/div>\n\t\t<\/section>\n\t\t\t\t<section class=\"elementor-section elementor-top-section elementor-element elementor-element-4feb8fa4 elementor-section-boxed elementor-section-height-default elementor-section-height-default\" data-id=\"4feb8fa4\" data-element_type=\"section\">\n\t\t\t\t\t\t<div class=\"elementor-container elementor-column-gap-default\">\n\t\t\t\t\t<div class=\"elementor-column elementor-col-100 elementor-top-column elementor-element elementor-element-3dfdb2f\" data-id=\"3dfdb2f\" data-element_type=\"column\">\n\t\t\t<div class=\"elementor-widget-wrap elementor-element-populated\">\n\t\t\t\t\t\t\t\t<div class=\"elementor-element elementor-element-1f1f7abd elementor-widget elementor-widget-m5c\" data-id=\"1f1f7abd\" data-element_type=\"widget\" data-widget_type=\"m5c.default\">\n\t\t\t\t<div class=\"elementor-widget-container\">\n\t\t\t<section class=\"mn-m5-c mn-m5-d2 mn-bg-white\">\n\t<div class=\"mn-grid\">\n\t\t\t\t<div class=\"mn-content mn-grid-9\">\n\t\t\t                <div class=\"mn-content-block active\">\n\t                                                        <div class=\"block-text\">\n\t                                        <h2><span style=\"color: #333333\"><strong><span style=\"font-size: 14pt\">1st International Conference of Soil and Agriculture:<\/span><br \/><\/strong><span style=\"font-size: 18pt\">TOWARDS SOIL SUSTAINABILITY<\/span><strong><br \/><span style=\"font-size: 10pt\">11\u201313 June 2024 \u2022 Lublin\u2013Na\u0142\u0119cz\u00f3w, Poland<\/span><\/strong><\/span><\/h2>\n<hr \/>\n<p><a href=\"https:\/\/doi.org\/10.24326\/ICSA1.0.03\"><span style=\"font-size: 10pt\">https:\/\/doi.org\/10.24326\/ICSA1.0.03<\/span><\/a><br \/><span style=\"font-size: 10pt\">Published online: 4 October 2024<\/span><\/p>\n<h2><span style=\"font-size: 18pt;color: #333333\"><strong>Unlocking agricultural soils\u2019 potential for climate change mitigation: Are carbon certificates a&nbsp;suitable tool?<br \/><\/strong><\/span><span style=\"font-size: 12pt;color: #000000\">Carsten Paul<sup>1<\/sup>*, Bartosz Bartkowski<sup>2<\/sup>, Cenk D\u00f6nmez<sup>1,3<\/sup>, Axel Don<sup>4<\/sup>, Stefanie Mayer<sup>5<\/sup>, <br \/>Markus Steffens<sup>6<\/sup>, Sebastian Weigl<sup>1<\/sup>, Martin Wiesmeier<sup>5,7<\/sup>, Andr\u00e9 Wolf<sup>8<\/sup>, <br \/>Katharina Helming<sup>1,9<\/sup><\/span><\/h2>\n<p><span style=\"font-size: 10pt\"><sup>1<\/sup> Leibniz Centre for Agricultural Landscape Research (ZALF), Eberswalder Str. 84, 15374, M\u00fcncheberg, Germany<br \/><\/span><span style=\"font-size: 10pt\"><sup>2<\/sup> UFZ \u2013 Helmholtz Centre for Environmental Research, Department of Economics, Permoserstra\u00dfe 15, 04318, Leipzig, Germany<br \/><\/span><span style=\"font-size: 10pt\"><sup>3<\/sup> Cukurova University, Landscape Architecture Department, Remote Sensing and GIS Lab, 01330 Adana, Turkey<br \/><\/span><span style=\"font-size: 10pt\"><sup>4<\/sup> Th\u00fcnen Institute of Climate Smart Agriculture, Bundesallee 65, 38116, Braunschweig, Germany<br \/><\/span><span style=\"font-size: 10pt\"><sup>5<\/sup> Chair of Soil Sciences, TUM School of Life Sciences, Technical University of Munich, Emil-Ramann-Stra\u00dfe 2, 85354, Freising, Germany<br \/><\/span><span style=\"font-size: 10pt\"><sup>6<\/sup> Department of Soil Sciences, Research Institute of Organic Agriculture (FiBL), Ackerstrasse 113, 5070, Frick, Switzerland<br \/><\/span><span style=\"font-size: 10pt\"><sup>7<\/sup> Bavarian State Research Center for Agriculture, Institute for Organic Farming, Soil and Resource Management, Vottinger Stra\u00dfe 38, 85354, Freising, Germany<br \/><\/span><span style=\"font-size: 10pt\"><sup>8<\/sup> UFZ \u2013 Helmholtz Centre for Environmental Research, Department of Environmental and Planning Law, Permoserstra\u00dfe 15, 04318, Leipzig, Germany<br \/><\/span><span style=\"font-size: 10pt\"><sup>9<\/sup> Faculty of Landscape Management and Nature Conservation, University of Sustainable Development (HNEE), Schicklerstr. 5, 16225, Eberswalde, Germany<br \/><\/span><span style=\"font-size: 8pt\">* Corresponding author: paul@zalf.de<\/span><\/p>\n<p><strong>Abstract<br \/><\/strong>In agricultural soils, carbon farming measures increase the soil organic carbon (SOC) stock, resulting in the removal of CO<sub>2<\/sub> from the atmosphere. A&nbsp;long-term removal of carbon contributes to climate change mitigation and the achievement of climate neutrality targets. At the local scale, raising SOC levels increases water holding capacity, infiltration rate, biological activity and nutrient turnover, thereby helping to adapt to climate change impacts and to maintain soil fertility. However, carbon farming measures also come with direct and indirect costs to farmers which have so far hindered wide-spread implementation. Private governance tools such as soil-based carbon certificates sold as voluntary emission-offsets could help to overcome this by providing farmers with financial incentives. However, in spite of a&nbsp;high interest from industry, policy makers and farmers, the suitability of such certificates as a&nbsp;tool for climate change mitigation is under debate. To address existing knowledge gaps, we assessed the suitability of soil-based carbon certificates from the perspectives of soil science, agriculture, and governance. We focussed on certification for carbon stock increases in mineral soils in Europe, using commercial certification schemes available in Germany as examples. Our analysis reveals severe shortcomings in the analysed schemes. Problems mainly pertain to governance, though the permanence of carbon removals was found to be challenging under all three perspectives. As carbon storage cannot be guaranteed over climate-relevant timespans and as long-time monitoring is typically lacking, re-emission of unspecified amounts of CO<sub>2<\/sub> after the end of the contracting period are highly likely. Furthermore, additionality is not ensured, and safeguards against leakage effects are insufficient. We conclude that current soil-based carbon certificates on mineral soils are unsuitable as a&nbsp;tool for climate change mitigation and that they are not delivering the emission-offset they promise. Funds for climate change mitigation should therefore be used more effectively elsewhere. Finally, we compare the analysed certification schemes on mineral soils with certification schemes based on the rewetting of organic soils, and we discuss in how far the planned European CDR framework may be able to overcome the shortcomings identified in our study.<\/p>\n<p><strong>Keywords: <\/strong>carbon sequestration, permanence, offset, CDR, agriculture, private governance<\/p>\n<p><span style=\"font-size: 10pt\"><strong>How to cite<br \/><\/strong>Paul C., Bartkowski B., D\u00f6nmez C., Don A., Mayer S., Steffens M., Weigl S., Wiesmeier M., Wolf A., Helming K., 2024. Unlocking agricultural soils\u2019 potential for climate change mitigation: Are carbon certificates a&nbsp;suitable tool?. 1st International Conference of Soil and Agriculture: Towards Soil Sustainability. https:\/\/doi.org\/10.24326\/ICSA1.0.03<\/span><\/p>\n                                        <\/div>\n\t\t\t\t\t\t                                <\/div>\n\t\t\t\t                <div class=\"mn-content-block\">\n\t                                <\/div>\n\t\t\t\t                <div class=\"mn-content-block\">\n\t                                <\/div>\n\t\t\t\t                <div class=\"mn-content-block\">\n\t                                <\/div>\n\t\t\t\t                <div class=\"mn-content-block\">\n\t                                <\/div>\n\t\t\t\t                <div class=\"mn-content-block\">\n\t                                <\/div>\n\t\t\t\t                <div class=\"mn-content-block\">\n\t                                <\/div>\n\t\t\t\t                <div class=\"mn-content-block\">\n\t                                <\/div>\n\t\t\t\t                <div class=\"mn-content-block\">\n\t                                <\/div>\n\t\t\t\t                <div class=\"mn-content-block\">\n\t                                <\/div>\n\t\t\t\t                <div class=\"mn-content-block\">\n\t                                <\/div>\n\t\t\t\t                <div class=\"mn-content-block\">\n\t                                <\/div>\n\t\t\t\t                <div class=\"mn-content-block\">\n\t                                <\/div>\n\t\t\t\t                <div class=\"mn-content-block\">\n\t                                <\/div>\n\t\t\t\t                <div class=\"mn-content-block\">\n\t                                <\/div>\n\t\t\t\t                <div class=\"mn-content-block\">\n\t                                <\/div>\n\t\t\t\t                <div class=\"mn-content-block\">\n\t                                <\/div>\n\t\t\t\t                <div class=\"mn-content-block\">\n\t                                <\/div>\n\t\t\t\t                <div class=\"mn-content-block\">\n\t                                <\/div>\n\t\t\t\t                <div class=\"mn-content-block\">\n\t                                <\/div>\n\t\t\t\t\t\t<\/div>\n\t<\/div>\n<\/section>\n\t\t<\/div>\n\t\t\t\t<\/div>\n\t\t\t\t\t<\/div>\n\t\t<\/div>\n\t\t\t\t\t\t\t<\/div>\n\t\t<\/section>\n\t\t\t\t\t\t<\/div>\n\t\t\t\t\t<\/div>\n\t\t","protected":false},"excerpt":{"rendered":"<p>1st International Conference of Soil and Agriculture:TOWARDS SOIL SUSTAINABILITY11\u201313 June 2024 \u2022 Lublin\u2013Na\u0142\u0119cz\u00f3w, Poland https:\/\/doi.org\/10.24326\/ICSA1.0.03Published online: 4 October 2024 Unlocking agricultural soils\u2019 potential for climate change mitigation: Are carbon certificates a&nbsp;suitable tool?Carsten Paul1*, Bartosz Bartkowski2, Cenk D\u00f6nmez1,3, Axel Don4, Stefanie Mayer5, Markus Steffens6, Sebastian Weigl1, Martin Wiesmeier5,7, Andr\u00e9 Wolf8, Katharina Helming1,9 1 Leibniz Centre for [&hellip;]<\/p>\n","protected":false},"author":196,"featured_media":0,"parent":139572,"menu_order":0,"comment_status":"closed","ping_status":"closed","template":"elementor_header_footer","meta":{"_monsterinsights_skip_tracking":false,"_monsterinsights_sitenote_active":false,"_monsterinsights_sitenote_note":"","_monsterinsights_sitenote_category":0},"_links":{"self":[{"href":"https:\/\/up.lublin.pl\/digital\/wp-json\/wp\/v2\/pages\/139678"}],"collection":[{"href":"https:\/\/up.lublin.pl\/digital\/wp-json\/wp\/v2\/pages"}],"about":[{"href":"https:\/\/up.lublin.pl\/digital\/wp-json\/wp\/v2\/types\/page"}],"author":[{"embeddable":true,"href":"https:\/\/up.lublin.pl\/digital\/wp-json\/wp\/v2\/users\/196"}],"replies":[{"embeddable":true,"href":"https:\/\/up.lublin.pl\/digital\/wp-json\/wp\/v2\/comments?post=139678"}],"version-history":[{"count":10,"href":"https:\/\/up.lublin.pl\/digital\/wp-json\/wp\/v2\/pages\/139678\/revisions"}],"predecessor-version":[{"id":140538,"href":"https:\/\/up.lublin.pl\/digital\/wp-json\/wp\/v2\/pages\/139678\/revisions\/140538"}],"up":[{"embeddable":true,"href":"https:\/\/up.lublin.pl\/digital\/wp-json\/wp\/v2\/pages\/139572"}],"wp:attachment":[{"href":"https:\/\/up.lublin.pl\/digital\/wp-json\/wp\/v2\/media?parent=139678"}],"curies":[{"name":"wp","href":"https:\/\/api.w.org\/{rel}","templated":true}]}}