{"id":139663,"date":"2024-10-02T10:39:55","date_gmt":"2024-10-02T08:39:55","guid":{"rendered":"https:\/\/up.lublin.pl\/digital\/?page_id=139663"},"modified":"2024-10-08T11:55:47","modified_gmt":"2024-10-08T09:55:47","slug":"icsa-2024-0-02","status":"publish","type":"page","link":"https:\/\/up.lublin.pl\/digital\/conferences\/icsa2024\/icsa-2024-0-02\/","title":{"rendered":"ICSA 2024, 0.02"},"content":{"rendered":"\t\t<div data-elementor-type=\"wp-page\" data-elementor-id=\"139663\" class=\"elementor elementor-139663\" data-elementor-settings=\"[]\">\n\t\t\t\t\t\t\t<div class=\"elementor-section-wrap\">\n\t\t\t\t\t\t\t<section class=\"elementor-section elementor-top-section elementor-element elementor-element-2ed42268 elementor-section-boxed elementor-section-height-default elementor-section-height-default\" data-id=\"2ed42268\" data-element_type=\"section\">\n\t\t\t\t\t\t<div class=\"elementor-container elementor-column-gap-default\">\n\t\t\t\t\t<div class=\"elementor-column elementor-col-100 elementor-top-column elementor-element elementor-element-42830a64\" data-id=\"42830a64\" data-element_type=\"column\">\n\t\t\t<div class=\"elementor-widget-wrap elementor-element-populated\">\n\t\t\t\t\t\t\t\t<div class=\"elementor-element elementor-element-5eaad419 elementor-widget elementor-widget-m2j\" data-id=\"5eaad419\" data-element_type=\"widget\" data-widget_type=\"m2j.default\">\n\t\t\t\t<div class=\"elementor-widget-container\">\n\t\t\t<section class=\"mn-m2-h\">\n    <div class=\"mn-image-container mn-container\">\n                    <img src=\"https:\/\/up.lublin.pl\/digital\/wp-content\/uploads\/sites\/10\/2024\/09\/icsa-banner_web.jpg\" alt=\"\">\n                        <\/div>\n    <div class=\"mn-grid mn-content\">\n            <\/div>\n<\/section>\n\t\t<\/div>\n\t\t\t\t<\/div>\n\t\t\t\t\t<\/div>\n\t\t<\/div>\n\t\t\t\t\t\t\t<\/div>\n\t\t<\/section>\n\t\t\t\t<section class=\"elementor-section elementor-top-section elementor-element elementor-element-1b6096a2 elementor-section-boxed elementor-section-height-default elementor-section-height-default\" data-id=\"1b6096a2\" data-element_type=\"section\">\n\t\t\t\t\t\t<div class=\"elementor-container elementor-column-gap-default\">\n\t\t\t\t\t<div class=\"elementor-column elementor-col-100 elementor-top-column elementor-element elementor-element-262485ab\" data-id=\"262485ab\" data-element_type=\"column\">\n\t\t\t<div class=\"elementor-widget-wrap elementor-element-populated\">\n\t\t\t\t\t\t\t\t<div class=\"elementor-element elementor-element-1ffa8915 elementor-widget elementor-widget-m5c\" data-id=\"1ffa8915\" data-element_type=\"widget\" data-widget_type=\"m5c.default\">\n\t\t\t\t<div class=\"elementor-widget-container\">\n\t\t\t<section class=\"mn-m5-c mn-m5-d2 mn-bg-white\">\n\t<div class=\"mn-grid\">\n\t\t\t\t<div class=\"mn-content mn-grid-9\">\n\t\t\t                <div class=\"mn-content-block active\">\n\t                                                        <div class=\"block-text\">\n\t                                        <h2><span style=\"color: #333333\"><strong><span style=\"font-size: 14pt\">1st International Conference of Soil and Agriculture:<\/span><br \/><\/strong><span style=\"font-size: 18pt\">TOWARDS SOIL SUSTAINABILITY<\/span><strong><br \/><span style=\"font-size: 10pt\">11\u201313 June 2024 \u2022 Lublin\u2013Na\u0142\u0119cz\u00f3w, Poland<\/span><\/strong><\/span><\/h2>\n<hr \/>\n<p><a href=\"https:\/\/doi.org\/10.24326\/ICSA1.0.02\"><span style=\"font-size: 10pt\">https:\/\/doi.org\/10.24326\/ICSA1.0.02<\/span><\/a><br \/><span style=\"font-size: 10pt\">Published online: 4 October 2024<\/span><\/p>\n<h2><span style=\"font-size: 18pt;color: #333333\"><strong>Towards a&nbsp;better understanding of the influence of ecology-based farming practices on soil biological properties along a&nbsp;rural-urban transect<br \/><\/strong><\/span><span style=\"font-size: 12pt;color: #000000\">Caroline De Clerck*<\/span><\/h2>\n<p><span style=\"font-size: 10pt\">Gembloux Agro-Bio Tech (ULiege), <em>AgricultureIsLife<\/em>, Passage des D\u00e9port\u00e9s 2, 5030 Gembloux, Belgium<\/span><br \/><span style=\"font-size: 8pt\">* Corresponding author: caroline.declerck@uliege.be<\/span><\/p>\n<p><strong>Abstract<br \/><\/strong><\/p>\n<p>In this keynote presentation, I&nbsp;will talk about the long term experiments held in Gembloux Agro-Bio Tech (in Belgium), that can be placed along an urban to rural transect but that are also involving a&nbsp;gradient of agroecological practices. In particular, I&nbsp;will focus on the effect of all these practices on soil microbiology. Starting with the terra-terre gardens in urban areas, I&nbsp;will talk about the experiments and the results obtained so far in the raised bed experiment and in the SPIN farming plots. I&nbsp;will then switch to experiments in rural areas, talking about the EcoFoodSystem experiment, a&nbsp;system experiment that is looking at food systems and the way we can and have to (re-)connect our diets with sustainable agricultural systems. I&nbsp;will particularly focus on the ICLS rotation of this experiment and on the trial looking at the effect of sheep dung and urine on soil parameters and crop productivity. I&nbsp;will end my presentation talking about SOLRESIDUS, a&nbsp;factorial assay looking at the effect of soil tillage and residue management on plant and soil parameters.<\/p>\n<p><strong>Keywords: <\/strong>soil microbiota, long term experiments, permacultural raised beds, organic matter<\/p>\n<p><span style=\"font-size: 10pt\"><strong>How to cite<br \/><\/strong>De Clerck C., 2024. Towards a&nbsp;better understanding of the influence of ecology-based farming practices on soil biological properties along a&nbsp;rural-urban transect. 1st International Conference of Soil and Agriculture: Towards Soil Sustainability. https:\/\/doi.org\/10.24326\/ICSA1.0.02<\/span><\/p>\n                                        <\/div>\n\t\t\t\t\t\t                                <\/div>\n\t\t\t\t                <div class=\"mn-content-block\">\n\t                                <\/div>\n\t\t\t\t                <div class=\"mn-content-block\">\n\t                                <\/div>\n\t\t\t\t                <div class=\"mn-content-block\">\n\t                                <\/div>\n\t\t\t\t                <div class=\"mn-content-block\">\n\t                                <\/div>\n\t\t\t\t                <div class=\"mn-content-block\">\n\t                                <\/div>\n\t\t\t\t                <div class=\"mn-content-block\">\n\t                                <\/div>\n\t\t\t\t                <div class=\"mn-content-block\">\n\t                                <\/div>\n\t\t\t\t                <div class=\"mn-content-block\">\n\t                                <\/div>\n\t\t\t\t                <div class=\"mn-content-block\">\n\t                                <\/div>\n\t\t\t\t                <div class=\"mn-content-block\">\n\t                                <\/div>\n\t\t\t\t                <div class=\"mn-content-block\">\n\t                                <\/div>\n\t\t\t\t                <div class=\"mn-content-block\">\n\t                                <\/div>\n\t\t\t\t                <div class=\"mn-content-block\">\n\t                                <\/div>\n\t\t\t\t                <div class=\"mn-content-block\">\n\t                                <\/div>\n\t\t\t\t                <div class=\"mn-content-block\">\n\t                                <\/div>\n\t\t\t\t                <div class=\"mn-content-block\">\n\t                                <\/div>\n\t\t\t\t                <div class=\"mn-content-block\">\n\t                                <\/div>\n\t\t\t\t                <div class=\"mn-content-block\">\n\t                                <\/div>\n\t\t\t\t                <div class=\"mn-content-block\">\n\t                                <\/div>\n\t\t\t\t\t\t<\/div>\n\t<\/div>\n<\/section>\n\t\t<\/div>\n\t\t\t\t<\/div>\n\t\t\t\t\t<\/div>\n\t\t<\/div>\n\t\t\t\t\t\t\t<\/div>\n\t\t<\/section>\n\t\t\t\t\t\t<\/div>\n\t\t\t\t\t<\/div>\n\t\t","protected":false},"excerpt":{"rendered":"<p>1st International Conference of Soil and Agriculture:TOWARDS SOIL SUSTAINABILITY11\u201313 June 2024 \u2022 Lublin\u2013Na\u0142\u0119cz\u00f3w, Poland https:\/\/doi.org\/10.24326\/ICSA1.0.02Published online: 4 October 2024 Towards a&nbsp;better understanding of the influence of ecology-based farming practices on soil biological properties along a&nbsp;rural-urban transectCaroline De Clerck* Gembloux Agro-Bio Tech (ULiege), AgricultureIsLife, Passage des D\u00e9port\u00e9s 2, 5030 Gembloux, Belgium* Corresponding author: caroline.declerck@uliege.be Abstract In [&hellip;]<\/p>\n","protected":false},"author":196,"featured_media":0,"parent":139572,"menu_order":0,"comment_status":"closed","ping_status":"closed","template":"elementor_header_footer","meta":{"_monsterinsights_skip_tracking":false,"_monsterinsights_sitenote_active":false,"_monsterinsights_sitenote_note":"","_monsterinsights_sitenote_category":0},"_links":{"self":[{"href":"https:\/\/up.lublin.pl\/digital\/wp-json\/wp\/v2\/pages\/139663"}],"collection":[{"href":"https:\/\/up.lublin.pl\/digital\/wp-json\/wp\/v2\/pages"}],"about":[{"href":"https:\/\/up.lublin.pl\/digital\/wp-json\/wp\/v2\/types\/page"}],"author":[{"embeddable":true,"href":"https:\/\/up.lublin.pl\/digital\/wp-json\/wp\/v2\/users\/196"}],"replies":[{"embeddable":true,"href":"https:\/\/up.lublin.pl\/digital\/wp-json\/wp\/v2\/comments?post=139663"}],"version-history":[{"count":17,"href":"https:\/\/up.lublin.pl\/digital\/wp-json\/wp\/v2\/pages\/139663\/revisions"}],"predecessor-version":[{"id":140532,"href":"https:\/\/up.lublin.pl\/digital\/wp-json\/wp\/v2\/pages\/139663\/revisions\/140532"}],"up":[{"embeddable":true,"href":"https:\/\/up.lublin.pl\/digital\/wp-json\/wp\/v2\/pages\/139572"}],"wp:attachment":[{"href":"https:\/\/up.lublin.pl\/digital\/wp-json\/wp\/v2\/media?parent=139663"}],"curies":[{"name":"wp","href":"https:\/\/api.w.org\/{rel}","templated":true}]}}