{"id":92297,"date":"2026-03-20T14:18:36","date_gmt":"2026-03-20T13:18:36","guid":{"rendered":"https:\/\/up.lublin.pl\/bip\/?page_id=92297"},"modified":"2026-04-16T09:17:24","modified_gmt":"2026-04-16T07:17:24","slug":"rok-2026","status":"publish","type":"page","link":"https:\/\/up.lublin.pl\/bip\/uchwaly-rad-dyscyplin\/technologia-zywnosci-i-zywienia\/rok-2026\/","title":{"rendered":"Rok 2026"},"content":{"rendered":"\t\t<div data-elementor-type=\"wp-page\" data-elementor-id=\"92297\" class=\"elementor elementor-92297\" data-elementor-settings=\"[]\">\n\t\t\t\t\t\t<div class=\"elementor-inner\">\n\t\t\t\t\t\t\t<div class=\"elementor-section-wrap\">\n\t\t\t\t\t\t\t<section class=\"elementor-section elementor-top-section elementor-element elementor-element-80806be elementor-section-boxed elementor-section-height-default elementor-section-height-default\" data-id=\"80806be\" data-element_type=\"section\">\n\t\t\t\t\t\t<div class=\"elementor-container elementor-column-gap-default\">\n\t\t\t\t\t\t\t<div class=\"elementor-row\">\n\t\t\t\t\t<div class=\"elementor-column elementor-col-100 elementor-top-column elementor-element elementor-element-e891f53\" data-id=\"e891f53\" data-element_type=\"column\">\n\t\t\t<div class=\"elementor-column-wrap elementor-element-populated\">\n\t\t\t\t\t\t\t<div class=\"elementor-widget-wrap\">\n\t\t\t\t\t\t<div class=\"elementor-element elementor-element-186d9c0 elementor-widget elementor-widget-m5c\" data-id=\"186d9c0\" data-element_type=\"widget\" data-widget_type=\"m5c.default\">\n\t\t\t\t<div class=\"elementor-widget-container\">\n\t\t\t<section class=\"mn-m5-c mn-m5-d2 mn-bg-white\">\n\t<div class=\"mn-grid\">\n\t\t\t\t<div class=\"mn-content mn-grid-9\">\n\t\t\t                <div class=\"mn-content-block active\">\n\t                                                        <div class=\"block-text\">\n\t                                        <h5><a href=\"https:\/\/up.lublin.pl\/bip\/uchwaly-rad-dyscyplin\/technologia-zywnosci-i-zywienia\/\">\u2190 powr\u00f3t<\/a><\/h5>\n                                        <\/div>\n\t\t\t\t\t\t                                                        <div class=\"mn-cards-list\">\n                                            <div class=\"mn-card-container\">\n                                                <div>\n                                                    <img src=\"https:\/\/up.lublin.pl\/bip\/wp-content\/themes\/up-lublin\/assets\/images\/doc-ico.svg\" alt=\"\" \/>\n                                                    <h5>UCHWA\u0141A NR 6\/2026 RADY DYSCYPLINY TECHNOLOGIA \u017bYWNO\u015aCI I&nbsp;\u017bYWIENIA UNIWERSYTETU PRZYRODNICZEGO W&nbsp;LUBLINIE Z&nbsp;DNIA 28 STYCZNIA 2026 R. W&nbsp;SPRAWIE WYZNACZENIA RECENZENT\u00d3W MGR KAROLINY JACHIMOWICZ-ROGOWSKIEJ <\/h5>\n                                                <\/div>\n                                                <a href=\"https:\/\/up.lublin.pl\/bip\/wp-content\/uploads\/sites\/9\/2026\/04\/U-TZiZ-6-2026.pdf\" class=\"mn-more\" target=\"_blank\">Zobacz<\/a>\n                                            <\/div>\n                                        <\/div>\n\t\t\t\t\t\t                                                        <div class=\"mn-cards-list\">\n                                            <div class=\"mn-card-container\">\n                                                <div>\n                                                    <img src=\"https:\/\/up.lublin.pl\/bip\/wp-content\/themes\/up-lublin\/assets\/images\/doc-ico.svg\" alt=\"\" \/>\n                                                    <h5>UCHWA\u0141A NR 5\/2026 RADY DYSCYPLINY TECHNOLOGIA \u017bYWNO\u015aCI I&nbsp;\u017bYWIENIA UNIWERSYTETU PRZYRODNICZEGO W&nbsp;LUBLINIE Z&nbsp;DNIA 28 STYCZNIA 2026 R. W&nbsp;SPRAWIE WYZNACZENIA RECENZENT\u00d3W ROZPRAWY DOKTORSKIEJ MGR IN\u017b. KATARZYNY GARBACZ  <\/h5>\n                                                <\/div>\n                                                <a href=\"https:\/\/up.lublin.pl\/bip\/wp-content\/uploads\/sites\/9\/2026\/04\/U-TZiZ-5-2026-1.pdf\" class=\"mn-more\" target=\"_blank\">Zobacz<\/a>\n                                            <\/div>\n                                        <\/div>\n\t\t\t\t\t\t                                                        <div class=\"mn-cards-list\">\n                                            <div class=\"mn-card-container\">\n                                                <div>\n                                                    <img src=\"https:\/\/up.lublin.pl\/bip\/wp-content\/themes\/up-lublin\/assets\/images\/doc-ico.svg\" alt=\"\" \/>\n                                                    <h5>UCHWA\u0141A NR 4\/\/2026 RADY DYSCYPLINY TECHNOLOGIA \u017bYWNO\u015aCI I&nbsp;\u017bYWIENIA UNIWERSYTETU PRZYRODNICZEGO W&nbsp;LUBLINIE Z&nbsp;DNIA 28 STYCZNIA  2026 R. W&nbsp;SPRAWIE NADANIA STOPNIA NAUKOWEGO DOKTORA MGR. IN\u017b. ADAMOWI MICHA\u0141OWI STANISZEWSKIEMU<\/h5>\n                                                <\/div>\n                                                <a href=\"https:\/\/up.lublin.pl\/bip\/wp-content\/uploads\/sites\/9\/2026\/04\/U-TZiZ-4-2026.pdf\" class=\"mn-more\" target=\"_blank\">Zobacz<\/a>\n                                            <\/div>\n                                        <\/div>\n\t\t\t\t\t\t                                                        <div class=\"mn-cards-list\">\n                                            <div class=\"mn-card-container\">\n                                                <div>\n                                                    <img src=\"https:\/\/up.lublin.pl\/bip\/wp-content\/themes\/up-lublin\/assets\/images\/doc-ico.svg\" alt=\"\" \/>\n                                                    <h5>UCHWA\u0141A NR 3\/2026 RADY DYSCYPLINY TECHNOLOGIA \u017bYWNO\u015aCI I&nbsp;\u017bYWIENIA UNIWERSYTETU PRZYRODNICZEGO W&nbsp;LUBLINIE Z&nbsp;DNIA 28 STYCZNIA  2026 R. W&nbsp;SPRAWIE NADANIA STOPNIA NAUKOWEGO DOKTORA MGR IN\u017b. PATRYCJI KINDZE SKWAREK<\/h5>\n                                                <\/div>\n                                                <a href=\"https:\/\/up.lublin.pl\/bip\/wp-content\/uploads\/sites\/9\/2026\/04\/U-TZiZ-3-2026.pdf\" class=\"mn-more\" target=\"_blank\">Zobacz<\/a>\n                                            <\/div>\n                                        <\/div>\n\t\t\t\t\t\t                                                        <div class=\"mn-cards-list\">\n                                            <div class=\"mn-card-container\">\n                                                <div>\n                                                    <img src=\"https:\/\/up.lublin.pl\/bip\/wp-content\/themes\/up-lublin\/assets\/images\/doc-ico.svg\" alt=\"\" \/>\n                                                    <h5>UCHWA\u0141A NR 2\/2026 RADY DYSCYPLINY TECHNOLOGIA \u017bYWNO\u015aCI I&nbsp;\u017bYWIENIA UNIWERSYTETU PRZYRODNICZEGO W&nbsp;LUBLINIE Z&nbsp;DNIA 28 STYCZNIA 2026 R.<\/h5>\n                                                <\/div>\n                                                <a href=\"https:\/\/up.lublin.pl\/bip\/wp-content\/uploads\/sites\/9\/2026\/04\/U-TZiZ-2-2026.pdf\" class=\"mn-more\" target=\"_blank\">Zobacz<\/a>\n                                            <\/div>\n                                        <\/div>\n\t\t\t\t\t\t                                                        <div class=\"mn-cards-list\">\n                                            <div class=\"mn-card-container\">\n                                                <div>\n                                                    <img src=\"https:\/\/up.lublin.pl\/bip\/wp-content\/themes\/up-lublin\/assets\/images\/doc-ico.svg\" alt=\"\" \/>\n                                                    <h5>UCHWA\u0141A NR 1\/2026 RADY DYSCYPLINY TECHNOLOGIA \u017bYWNO\u015aCI I&nbsp;\u017bYWIENIA UNIWERSYTETU PRZYRODNICZEGO W&nbsp;LUBLINIE Z&nbsp;DNIA 28 STYCZNIA  2026 R. W&nbsp;SPRAWIE NADANIA STOPNIA NAUKOWEGO DOKTORA MGR IN\u017b. PAULINIE EWIE \u0141YSAKOWSKIEJ<\/h5>\n                                                <\/div>\n                                                <a href=\"https:\/\/up.lublin.pl\/bip\/wp-content\/uploads\/sites\/9\/2026\/04\/U-TZiZ-1-2026.pdf\" class=\"mn-more\" target=\"_blank\">Zobacz<\/a>\n                                            <\/div>\n                                        <\/div>\n\t\t\t\t\t\t                                <\/div>\n\t\t\t\t                <div class=\"mn-content-block\">\n\t                                <\/div>\n\t\t\t\t                <div class=\"mn-content-block\">\n\t                                <\/div>\n\t\t\t\t                <div class=\"mn-content-block\">\n\t                                <\/div>\n\t\t\t\t                <div class=\"mn-content-block\">\n\t                                <\/div>\n\t\t\t\t                <div class=\"mn-content-block\">\n\t                                <\/div>\n\t\t\t\t                <div class=\"mn-content-block\">\n\t                                <\/div>\n\t\t\t\t                <div class=\"mn-content-block\">\n\t                                <\/div>\n\t\t\t\t                <div class=\"mn-content-block\">\n\t                                <\/div>\n\t\t\t\t                <div class=\"mn-content-block\">\n\t                                <\/div>\n\t\t\t\t                <div class=\"mn-content-block\">\n\t                                <\/div>\n\t\t\t\t                <div class=\"mn-content-block\">\n\t                                <\/div>\n\t\t\t\t                <div class=\"mn-content-block\">\n\t                                <\/div>\n\t\t\t\t                <div class=\"mn-content-block\">\n\t                                <\/div>\n\t\t\t\t                <div class=\"mn-content-block\">\n\t                                <\/div>\n\t\t\t\t                <div class=\"mn-content-block\">\n\t                                <\/div>\n\t\t\t\t                <div class=\"mn-content-block\">\n\t                                <\/div>\n\t\t\t\t                <div class=\"mn-content-block\">\n\t                                <\/div>\n\t\t\t\t                <div class=\"mn-content-block\">\n\t                                <\/div>\n\t\t\t\t                <div class=\"mn-content-block\">\n\t                                <\/div>\n\t\t\t\t\t\t<\/div>\n\t<\/div>\n<\/section>\n\t\t<\/div>\n\t\t\t\t<\/div>\n\t\t\t\t\t\t<\/div>\n\t\t\t\t\t<\/div>\n\t\t<\/div>\n\t\t\t\t\t\t\t\t<\/div>\n\t\t\t\t\t<\/div>\n\t\t<\/section>\n\t\t\t\t\t\t<\/div>\n\t\t\t\t\t\t<\/div>\n\t\t\t\t\t<\/div>\n\t\t","protected":false},"excerpt":{"rendered":"<p>\u2190 powr\u00f3t UCHWA\u0141A NR 6\/2026 RADY DYSCYPLINY TECHNOLOGIA \u017bYWNO\u015aCI I&nbsp;\u017bYWIENIA UNIWERSYTETU PRZYRODNICZEGO W&nbsp;LUBLINIE Z&nbsp;DNIA 28 STYCZNIA 2026 R. W&nbsp;SPRAWIE WYZNACZENIA RECENZENT\u00d3W MGR KAROLINY JACHIMOWICZ-ROGOWSKIEJ Zobacz UCHWA\u0141A NR 5\/2026 RADY DYSCYPLINY TECHNOLOGIA \u017bYWNO\u015aCI I&nbsp;\u017bYWIENIA UNIWERSYTETU PRZYRODNICZEGO W&nbsp;LUBLINIE Z&nbsp;DNIA 28 STYCZNIA 2026 R. W&nbsp;SPRAWIE WYZNACZENIA RECENZENT\u00d3W ROZPRAWY DOKTORSKIEJ MGR IN\u017b. KATARZYNY GARBACZ Zobacz UCHWA\u0141A NR 4\/\/2026 RADY [&hellip;]<\/p>\n","protected":false},"author":2,"featured_media":0,"parent":92129,"menu_order":0,"comment_status":"closed","ping_status":"closed","template":"elementor_header_footer","meta":{"_monsterinsights_skip_tracking":false,"_monsterinsights_sitenote_active":false,"_monsterinsights_sitenote_note":"","_monsterinsights_sitenote_category":0},"_links":{"self":[{"href":"https:\/\/up.lublin.pl\/bip\/wp-json\/wp\/v2\/pages\/92297"}],"collection":[{"href":"https:\/\/up.lublin.pl\/bip\/wp-json\/wp\/v2\/pages"}],"about":[{"href":"https:\/\/up.lublin.pl\/bip\/wp-json\/wp\/v2\/types\/page"}],"author":[{"embeddable":true,"href":"https:\/\/up.lublin.pl\/bip\/wp-json\/wp\/v2\/users\/2"}],"replies":[{"embeddable":true,"href":"https:\/\/up.lublin.pl\/bip\/wp-json\/wp\/v2\/comments?post=92297"}],"version-history":[{"count":37,"href":"https:\/\/up.lublin.pl\/bip\/wp-json\/wp\/v2\/pages\/92297\/revisions"}],"predecessor-version":[{"id":92617,"href":"https:\/\/up.lublin.pl\/bip\/wp-json\/wp\/v2\/pages\/92297\/revisions\/92617"}],"up":[{"embeddable":true,"href":"https:\/\/up.lublin.pl\/bip\/wp-json\/wp\/v2\/pages\/92129"}],"wp:attachment":[{"href":"https:\/\/up.lublin.pl\/bip\/wp-json\/wp\/v2\/media?parent=92297"}],"curies":[{"name":"wp","href":"https:\/\/api.w.org\/{rel}","templated":true}]}}