{"id":92295,"date":"2026-03-20T14:17:46","date_gmt":"2026-03-20T13:17:46","guid":{"rendered":"https:\/\/up.lublin.pl\/bip\/?page_id=92295"},"modified":"2026-04-08T00:59:20","modified_gmt":"2026-04-07T22:59:20","slug":"rok-2026","status":"publish","type":"page","link":"https:\/\/up.lublin.pl\/bip\/uchwaly-rad-dyscyplin\/zootechnika-rybactwo\/rok-2026\/","title":{"rendered":"Rok 2026"},"content":{"rendered":"\t\t<div data-elementor-type=\"wp-page\" data-elementor-id=\"92295\" class=\"elementor elementor-92295\" data-elementor-settings=\"[]\">\n\t\t\t\t\t\t<div class=\"elementor-inner\">\n\t\t\t\t\t\t\t<div class=\"elementor-section-wrap\">\n\t\t\t\t\t\t\t<section class=\"elementor-section elementor-top-section elementor-element elementor-element-1f2a517 elementor-section-boxed elementor-section-height-default elementor-section-height-default\" data-id=\"1f2a517\" data-element_type=\"section\">\n\t\t\t\t\t\t<div class=\"elementor-container elementor-column-gap-default\">\n\t\t\t\t\t\t\t<div class=\"elementor-row\">\n\t\t\t\t\t<div class=\"elementor-column elementor-col-100 elementor-top-column elementor-element elementor-element-4aff421\" data-id=\"4aff421\" data-element_type=\"column\">\n\t\t\t<div class=\"elementor-column-wrap elementor-element-populated\">\n\t\t\t\t\t\t\t<div class=\"elementor-widget-wrap\">\n\t\t\t\t\t\t<div class=\"elementor-element elementor-element-f136764 elementor-widget elementor-widget-m5c\" data-id=\"f136764\" data-element_type=\"widget\" data-widget_type=\"m5c.default\">\n\t\t\t\t<div class=\"elementor-widget-container\">\n\t\t\t<section class=\"mn-m5-c mn-m5-d2 mn-bg-white\">\n\t<div class=\"mn-grid\">\n\t\t\t\t<div class=\"mn-content mn-grid-9\">\n\t\t\t                <div class=\"mn-content-block active\">\n\t                                                        <div class=\"block-text\">\n\t                                        <h5><a href=\"https:\/\/up.lublin.pl\/bip\/uchwaly-rad-dyscyplin\/zootechnika-rybactwo\/\">\u2190 powr\u00f3t<\/a><\/h5>\n                                        <\/div>\n\t\t\t\t\t\t                                                        <div class=\"mn-cards-list\">\n                                            <div class=\"mn-card-container\">\n                                                <div>\n                                                    <img src=\"https:\/\/up.lublin.pl\/bip\/wp-content\/themes\/up-lublin\/assets\/images\/doc-ico.svg\" alt=\"\" \/>\n                                                    <h5>Uchwa\u0142a nr 2 Rady Dyscypliny Zootechnika i&nbsp;Rybactwo Uniwersytetu Przyrodniczego w&nbsp;Lublinie z&nbsp;dnia 19.03.2026 r.  w&nbsp;sprawie wyznaczenia promotora rozprawy doktorskiej mgr in\u017c. Katarzyny Karpi\u0144skiej <\/h5>\n                                                <\/div>\n                                                <a href=\"https:\/\/up.lublin.pl\/bip\/wp-content\/uploads\/sites\/9\/2026\/04\/U-ZIR-2-2026.pdf\" class=\"mn-more\" target=\"_blank\">Zobacz<\/a>\n                                            <\/div>\n                                        <\/div>\n\t\t\t\t\t\t                                                        <div class=\"mn-cards-list\">\n                                            <div class=\"mn-card-container\">\n                                                <div>\n                                                    <img src=\"https:\/\/up.lublin.pl\/bip\/wp-content\/themes\/up-lublin\/assets\/images\/doc-ico.svg\" alt=\"\" \/>\n                                                    <h5>Uchwa\u0142a nr 1 Rady Dyscypliny  Zootechnika i&nbsp;Rybactwo Uniwersytetu Przyrodniczego w&nbsp;Lublinie z&nbsp;dnia 19.02.2026 r. w&nbsp;sprawie powo\u0142ania Komisji Habilitacyjnej w&nbsp;post\u0119powaniu  o&nbsp;nadanie dr Wioletcie Sawickiej-Zugaj stopnia naukowego doktora habilitowanego zyrodniczego w&nbsp;Lublinie<\/h5>\n                                                <\/div>\n                                                <a href=\"https:\/\/up.lublin.pl\/bip\/wp-content\/uploads\/sites\/9\/2026\/04\/U-ZIR-1-2026-.pdf\" class=\"mn-more\" target=\"_blank\">Zobacz<\/a>\n                                            <\/div>\n                                        <\/div>\n\t\t\t\t\t\t                                <\/div>\n\t\t\t\t                <div class=\"mn-content-block\">\n\t                                <\/div>\n\t\t\t\t                <div class=\"mn-content-block\">\n\t                                <\/div>\n\t\t\t\t                <div class=\"mn-content-block\">\n\t                                <\/div>\n\t\t\t\t                <div class=\"mn-content-block\">\n\t                                <\/div>\n\t\t\t\t                <div class=\"mn-content-block\">\n\t                                <\/div>\n\t\t\t\t                <div class=\"mn-content-block\">\n\t                                <\/div>\n\t\t\t\t                <div class=\"mn-content-block\">\n\t                                <\/div>\n\t\t\t\t                <div class=\"mn-content-block\">\n\t                                <\/div>\n\t\t\t\t                <div class=\"mn-content-block\">\n\t                                <\/div>\n\t\t\t\t                <div class=\"mn-content-block\">\n\t                                <\/div>\n\t\t\t\t                <div class=\"mn-content-block\">\n\t                                <\/div>\n\t\t\t\t                <div class=\"mn-content-block\">\n\t                                <\/div>\n\t\t\t\t                <div class=\"mn-content-block\">\n\t                                <\/div>\n\t\t\t\t                <div class=\"mn-content-block\">\n\t                                <\/div>\n\t\t\t\t                <div class=\"mn-content-block\">\n\t                                <\/div>\n\t\t\t\t                <div class=\"mn-content-block\">\n\t                                <\/div>\n\t\t\t\t                <div class=\"mn-content-block\">\n\t                                <\/div>\n\t\t\t\t                <div class=\"mn-content-block\">\n\t                                <\/div>\n\t\t\t\t                <div class=\"mn-content-block\">\n\t                                <\/div>\n\t\t\t\t\t\t<\/div>\n\t<\/div>\n<\/section>\n\t\t<\/div>\n\t\t\t\t<\/div>\n\t\t\t\t\t\t<\/div>\n\t\t\t\t\t<\/div>\n\t\t<\/div>\n\t\t\t\t\t\t\t\t<\/div>\n\t\t\t\t\t<\/div>\n\t\t<\/section>\n\t\t\t\t\t\t<\/div>\n\t\t\t\t\t\t<\/div>\n\t\t\t\t\t<\/div>\n\t\t","protected":false},"excerpt":{"rendered":"<p>\u2190 powr\u00f3t Uchwa\u0142a nr 2 Rady Dyscypliny Zootechnika i&nbsp;Rybactwo Uniwersytetu Przyrodniczego w&nbsp;Lublinie z&nbsp;dnia 19.03.2026 r. w&nbsp;sprawie wyznaczenia promotora rozprawy doktorskiej mgr in\u017c. Katarzyny Karpi\u0144skiej Zobacz Uchwa\u0142a nr 1 Rady Dyscypliny Zootechnika i&nbsp;Rybactwo Uniwersytetu Przyrodniczego w&nbsp;Lublinie z&nbsp;dnia 19.02.2026 r. w&nbsp;sprawie powo\u0142ania Komisji Habilitacyjnej w&nbsp;post\u0119powaniu o&nbsp;nadanie dr Wioletcie Sawickiej-Zugaj stopnia naukowego doktora habilitowanego zyrodniczego w&nbsp;Lublinie Zobacz<\/p>\n","protected":false},"author":2,"featured_media":0,"parent":92127,"menu_order":0,"comment_status":"closed","ping_status":"closed","template":"elementor_header_footer","meta":{"_monsterinsights_skip_tracking":false,"_monsterinsights_sitenote_active":false,"_monsterinsights_sitenote_note":"","_monsterinsights_sitenote_category":0},"_links":{"self":[{"href":"https:\/\/up.lublin.pl\/bip\/wp-json\/wp\/v2\/pages\/92295"}],"collection":[{"href":"https:\/\/up.lublin.pl\/bip\/wp-json\/wp\/v2\/pages"}],"about":[{"href":"https:\/\/up.lublin.pl\/bip\/wp-json\/wp\/v2\/types\/page"}],"author":[{"embeddable":true,"href":"https:\/\/up.lublin.pl\/bip\/wp-json\/wp\/v2\/users\/2"}],"replies":[{"embeddable":true,"href":"https:\/\/up.lublin.pl\/bip\/wp-json\/wp\/v2\/comments?post=92295"}],"version-history":[{"count":25,"href":"https:\/\/up.lublin.pl\/bip\/wp-json\/wp\/v2\/pages\/92295\/revisions"}],"predecessor-version":[{"id":92490,"href":"https:\/\/up.lublin.pl\/bip\/wp-json\/wp\/v2\/pages\/92295\/revisions\/92490"}],"up":[{"embeddable":true,"href":"https:\/\/up.lublin.pl\/bip\/wp-json\/wp\/v2\/pages\/92127"}],"wp:attachment":[{"href":"https:\/\/up.lublin.pl\/bip\/wp-json\/wp\/v2\/media?parent=92295"}],"curies":[{"name":"wp","href":"https:\/\/api.w.org\/{rel}","templated":true}]}}