{"id":92294,"date":"2026-03-20T14:17:24","date_gmt":"2026-03-20T13:17:24","guid":{"rendered":"https:\/\/up.lublin.pl\/bip\/?page_id=92294"},"modified":"2026-04-16T08:52:24","modified_gmt":"2026-04-16T06:52:24","slug":"rok-2026","status":"publish","type":"page","link":"https:\/\/up.lublin.pl\/bip\/uchwaly-rad-dyscyplin\/inzynieria-srodowiska-gornictwo-energetyka\/rok-2026\/","title":{"rendered":"Rok 2026"},"content":{"rendered":"\t\t<div data-elementor-type=\"wp-page\" data-elementor-id=\"92294\" class=\"elementor elementor-92294\" data-elementor-settings=\"[]\">\n\t\t\t\t\t\t<div class=\"elementor-inner\">\n\t\t\t\t\t\t\t<div class=\"elementor-section-wrap\">\n\t\t\t\t\t\t\t<section class=\"elementor-section elementor-top-section elementor-element elementor-element-df0eba2 elementor-section-boxed elementor-section-height-default elementor-section-height-default\" data-id=\"df0eba2\" data-element_type=\"section\">\n\t\t\t\t\t\t<div class=\"elementor-container elementor-column-gap-default\">\n\t\t\t\t\t\t\t<div class=\"elementor-row\">\n\t\t\t\t\t<div class=\"elementor-column elementor-col-100 elementor-top-column elementor-element elementor-element-e1805fa\" data-id=\"e1805fa\" data-element_type=\"column\">\n\t\t\t<div class=\"elementor-column-wrap elementor-element-populated\">\n\t\t\t\t\t\t\t<div class=\"elementor-widget-wrap\">\n\t\t\t\t\t\t<div class=\"elementor-element elementor-element-5e0e894 elementor-widget elementor-widget-m5c\" data-id=\"5e0e894\" data-element_type=\"widget\" data-widget_type=\"m5c.default\">\n\t\t\t\t<div class=\"elementor-widget-container\">\n\t\t\t<section class=\"mn-m5-c mn-m5-d2 mn-bg-white\">\n\t<div class=\"mn-grid\">\n\t\t\t\t<div class=\"mn-content mn-grid-9\">\n\t\t\t                <div class=\"mn-content-block active\">\n\t                                                        <div class=\"mn-cards-list\">\n                                            <div class=\"mn-card-container\">\n                                                <div>\n                                                    <img src=\"https:\/\/up.lublin.pl\/bip\/wp-content\/themes\/up-lublin\/assets\/images\/doc-ico.svg\" alt=\"\" \/>\n                                                    <h5>uchwa\u0142a nr 2\/2026 Rady Dyscypliny In\u017cynieria \u015arodowiska, G\u00f3rnictwo i&nbsp;Energetyka Uniwersytetu Przyrodniczego w&nbsp;Lublinie z&nbsp;dnia 30 marca 2026 r. w&nbsp;sprawie nadania stopnia naukowego doktora mgr in\u017c. Beacie Zawadzkiej<\/h5>\n                                                <\/div>\n                                                <a href=\"https:\/\/up.lublin.pl\/bip\/wp-content\/uploads\/sites\/9\/2026\/04\/U-ISGiE-2-2026.pdf\" class=\"mn-more\" target=\"_blank\">Zobacz<\/a>\n                                            <\/div>\n                                        <\/div>\n\t\t\t\t\t\t                                                        <div class=\"mn-cards-list\">\n                                            <div class=\"mn-card-container\">\n                                                <div>\n                                                    <img src=\"https:\/\/up.lublin.pl\/bip\/wp-content\/themes\/up-lublin\/assets\/images\/doc-ico.svg\" alt=\"\" \/>\n                                                    <h5>uchwa\u0142a nr 1\/2026 Rady Dyscypliny In\u017cynieria \u015arodowiska, G\u00f3rnictwo i&nbsp;Energetyka Uniwersytetu Przyrodniczego w&nbsp;Lublinie z&nbsp;dnia 30 stycznia 2026 r. w&nbsp;sprawie nadania stopnia naukowego doktora mgr in\u017c. Jakubowi Soi<\/h5>\n                                                <\/div>\n                                                <a href=\"https:\/\/up.lublin.pl\/bip\/wp-content\/uploads\/sites\/9\/2026\/04\/U-ISGiE-1-2026.pdf\" class=\"mn-more\" target=\"_blank\">Zobacz<\/a>\n                                            <\/div>\n                                        <\/div>\n\t\t\t\t\t\t                                <\/div>\n\t\t\t\t                <div class=\"mn-content-block\">\n\t                                <\/div>\n\t\t\t\t                <div class=\"mn-content-block\">\n\t                                <\/div>\n\t\t\t\t                <div class=\"mn-content-block\">\n\t                                <\/div>\n\t\t\t\t                <div class=\"mn-content-block\">\n\t                                <\/div>\n\t\t\t\t                <div class=\"mn-content-block\">\n\t                                <\/div>\n\t\t\t\t                <div class=\"mn-content-block\">\n\t                                <\/div>\n\t\t\t\t                <div class=\"mn-content-block\">\n\t                                <\/div>\n\t\t\t\t                <div class=\"mn-content-block\">\n\t                                <\/div>\n\t\t\t\t                <div class=\"mn-content-block\">\n\t                                <\/div>\n\t\t\t\t                <div class=\"mn-content-block\">\n\t                                <\/div>\n\t\t\t\t                <div class=\"mn-content-block\">\n\t                                <\/div>\n\t\t\t\t                <div class=\"mn-content-block\">\n\t                                <\/div>\n\t\t\t\t                <div class=\"mn-content-block\">\n\t                                <\/div>\n\t\t\t\t                <div class=\"mn-content-block\">\n\t                                <\/div>\n\t\t\t\t                <div class=\"mn-content-block\">\n\t                                <\/div>\n\t\t\t\t                <div class=\"mn-content-block\">\n\t                                <\/div>\n\t\t\t\t                <div class=\"mn-content-block\">\n\t                                <\/div>\n\t\t\t\t                <div class=\"mn-content-block\">\n\t                                <\/div>\n\t\t\t\t                <div class=\"mn-content-block\">\n\t                                <\/div>\n\t\t\t\t\t\t<\/div>\n\t<\/div>\n<\/section>\n\t\t<\/div>\n\t\t\t\t<\/div>\n\t\t\t\t\t\t<\/div>\n\t\t\t\t\t<\/div>\n\t\t<\/div>\n\t\t\t\t\t\t\t\t<\/div>\n\t\t\t\t\t<\/div>\n\t\t<\/section>\n\t\t\t\t\t\t<\/div>\n\t\t\t\t\t\t<\/div>\n\t\t\t\t\t<\/div>\n\t\t","protected":false},"excerpt":{"rendered":"<p>uchwa\u0142a nr 2\/2026 Rady Dyscypliny In\u017cynieria \u015arodowiska, G\u00f3rnictwo i&nbsp;Energetyka Uniwersytetu Przyrodniczego w&nbsp;Lublinie z&nbsp;dnia 30 marca 2026 r. w&nbsp;sprawie nadania stopnia naukowego doktora mgr in\u017c. Beacie Zawadzkiej Zobacz uchwa\u0142a nr 1\/2026 Rady Dyscypliny In\u017cynieria \u015arodowiska, G\u00f3rnictwo i&nbsp;Energetyka Uniwersytetu Przyrodniczego w&nbsp;Lublinie z&nbsp;dnia 30 stycznia 2026 r. w&nbsp;sprawie nadania stopnia naukowego doktora mgr in\u017c. Jakubowi Soi Zobacz<\/p>\n","protected":false},"author":2,"featured_media":0,"parent":92130,"menu_order":0,"comment_status":"closed","ping_status":"closed","template":"elementor_header_footer","meta":{"_monsterinsights_skip_tracking":false,"_monsterinsights_sitenote_active":false,"_monsterinsights_sitenote_note":"","_monsterinsights_sitenote_category":0},"_links":{"self":[{"href":"https:\/\/up.lublin.pl\/bip\/wp-json\/wp\/v2\/pages\/92294"}],"collection":[{"href":"https:\/\/up.lublin.pl\/bip\/wp-json\/wp\/v2\/pages"}],"about":[{"href":"https:\/\/up.lublin.pl\/bip\/wp-json\/wp\/v2\/types\/page"}],"author":[{"embeddable":true,"href":"https:\/\/up.lublin.pl\/bip\/wp-json\/wp\/v2\/users\/2"}],"replies":[{"embeddable":true,"href":"https:\/\/up.lublin.pl\/bip\/wp-json\/wp\/v2\/comments?post=92294"}],"version-history":[{"count":13,"href":"https:\/\/up.lublin.pl\/bip\/wp-json\/wp\/v2\/pages\/92294\/revisions"}],"predecessor-version":[{"id":92581,"href":"https:\/\/up.lublin.pl\/bip\/wp-json\/wp\/v2\/pages\/92294\/revisions\/92581"}],"up":[{"embeddable":true,"href":"https:\/\/up.lublin.pl\/bip\/wp-json\/wp\/v2\/pages\/92130"}],"wp:attachment":[{"href":"https:\/\/up.lublin.pl\/bip\/wp-json\/wp\/v2\/media?parent=92294"}],"curies":[{"name":"wp","href":"https:\/\/api.w.org\/{rel}","templated":true}]}}