{"id":92292,"date":"2026-03-20T14:17:08","date_gmt":"2026-03-20T13:17:08","guid":{"rendered":"https:\/\/up.lublin.pl\/bip\/?page_id=92292"},"modified":"2026-04-08T15:58:54","modified_gmt":"2026-04-08T13:58:54","slug":"rok-2026","status":"publish","type":"page","link":"https:\/\/up.lublin.pl\/bip\/uchwaly-rad-dyscyplin\/weterynaria\/rok-2026\/","title":{"rendered":"Rok 2026"},"content":{"rendered":"\t\t<div data-elementor-type=\"wp-page\" data-elementor-id=\"92292\" class=\"elementor elementor-92292\" data-elementor-settings=\"[]\">\n\t\t\t\t\t\t<div class=\"elementor-inner\">\n\t\t\t\t\t\t\t<div class=\"elementor-section-wrap\">\n\t\t\t\t\t\t\t<section class=\"elementor-section elementor-top-section elementor-element elementor-element-d94a00d elementor-section-boxed elementor-section-height-default elementor-section-height-default\" data-id=\"d94a00d\" data-element_type=\"section\">\n\t\t\t\t\t\t<div class=\"elementor-container elementor-column-gap-default\">\n\t\t\t\t\t\t\t<div class=\"elementor-row\">\n\t\t\t\t\t<div class=\"elementor-column elementor-col-100 elementor-top-column elementor-element elementor-element-28a6b3e\" data-id=\"28a6b3e\" data-element_type=\"column\">\n\t\t\t<div class=\"elementor-column-wrap elementor-element-populated\">\n\t\t\t\t\t\t\t<div class=\"elementor-widget-wrap\">\n\t\t\t\t\t\t<div class=\"elementor-element elementor-element-e12d46e elementor-widget elementor-widget-m5c\" data-id=\"e12d46e\" data-element_type=\"widget\" data-widget_type=\"m5c.default\">\n\t\t\t\t<div class=\"elementor-widget-container\">\n\t\t\t<section class=\"mn-m5-c mn-m5-d2 mn-bg-white\">\n\t<div class=\"mn-grid\">\n\t\t\t\t<div class=\"mn-content mn-grid-9\">\n\t\t\t                <div class=\"mn-content-block active\">\n\t                                                        <div class=\"block-text\">\n\t                                        <h5><a href=\"https:\/\/up.lublin.pl\/bip\/uchwaly-rad-dyscyplin\/weterynaria\/\">\u2190 powr\u00f3t<\/a><\/h5>\n                                        <\/div>\n\t\t\t\t\t\t                                                        <div class=\"mn-cards-list\">\n                                            <div class=\"mn-card-container\">\n                                                <div>\n                                                    <img src=\"https:\/\/up.lublin.pl\/bip\/wp-content\/themes\/up-lublin\/assets\/images\/doc-ico.svg\" alt=\"\" \/>\n                                                    <h5>UCHWA\u0141A NR 6\/2026 RADY DYSCYPLINY WETERYNARIA UNIWERSYTETU PRZYRODNICZEGO W&nbsp;LUBLINIE Z&nbsp;DNIA 26 LUTEGO 2026 R. W&nbsp;SPRAWIE WYR\u00d3\u017bNIENIA ROZPRAWY DOKTORSKIEJ MGR KATARZYNY KINGI KRAS<\/h5>\n                                                <\/div>\n                                                <a href=\"https:\/\/up.lublin.pl\/bip\/wp-content\/uploads\/sites\/9\/2026\/04\/U-WET-6-2026-1.pdf\" class=\"mn-more\" target=\"_blank\">Zobacz<\/a>\n                                            <\/div>\n                                        <\/div>\n\t\t\t\t\t\t                                                        <div class=\"mn-cards-list\">\n                                            <div class=\"mn-card-container\">\n                                                <div>\n                                                    <img src=\"https:\/\/up.lublin.pl\/bip\/wp-content\/themes\/up-lublin\/assets\/images\/doc-ico.svg\" alt=\"\" \/>\n                                                    <h5>UCHWA\u0141A NR 5\/2026 RADY DYSCYPLINY WETERYNARIA UNIWERSYTETU PRZYRODNICZEGO W&nbsp;LUBLINIE Z&nbsp;DNIA 26 LUTEGO 2026 R. W&nbsp;SPRAWIE NADANIA STOPNIA NAUKOWEGO DOKTORA W&nbsp;DZIEDZINIE NAUK WETERYNARYJNYCH W&nbsp;DYSCYPLINIE WETERYNARIA MGR KATARZYNIE KINDZE KRAS<\/h5>\n                                                <\/div>\n                                                <a href=\"https:\/\/up.lublin.pl\/bip\/wp-content\/uploads\/sites\/9\/2026\/04\/U-WET-5-2026.pdf\" class=\"mn-more\" target=\"_blank\">Zobacz<\/a>\n                                            <\/div>\n                                        <\/div>\n\t\t\t\t\t\t                                                        <div class=\"mn-cards-list\">\n                                            <div class=\"mn-card-container\">\n                                                <div>\n                                                    <img src=\"https:\/\/up.lublin.pl\/bip\/wp-content\/themes\/up-lublin\/assets\/images\/doc-ico.svg\" alt=\"\" \/>\n                                                    <h5>UCHWA\u0141A NR 4\/2026 RADY DYSCYPLINY WETERYNARIA UNIWERSYTETU PRZYRODNICZEGO W&nbsp;LUBLINIE Z&nbsp;DNIA 26 LUTEGO 2026 R. W&nbsp;SPRAWIE NADANIA STOPNIA NAUKOWEGO DOKTORA HABILITOWANEGO W&nbsp;DZIEDZINIE NAUK WETERYNARYJNYCH W&nbsp;DYSCYPLINIE WETERYNARIA DR N. WET. MA\u0141GORZACIE ANNIE KOMAR<\/h5>\n                                                <\/div>\n                                                <a href=\"https:\/\/up.lublin.pl\/bip\/wp-content\/uploads\/sites\/9\/2026\/04\/U-WET-4-2026.pdf\" class=\"mn-more\" target=\"_blank\">Zobacz<\/a>\n                                            <\/div>\n                                        <\/div>\n\t\t\t\t\t\t                                                        <div class=\"mn-cards-list\">\n                                            <div class=\"mn-card-container\">\n                                                <div>\n                                                    <img src=\"https:\/\/up.lublin.pl\/bip\/wp-content\/themes\/up-lublin\/assets\/images\/doc-ico.svg\" alt=\"\" \/>\n                                                    <h5>UCHWA\u0141A NR 3\/2026 RADY DYSCYPLINY WETERYNARIA UNIWERSYTETU PRZYRODNICZEGO W&nbsp;LUBLINIE Z&nbsp;DNIA 5 LUTEGO 2026 R. W&nbsp;SPRAWIE WYZNACZENIA RECENZENT\u00d3W W&nbsp;POST\u0118POWANIU O&nbsp;NADANIE MGR IN\u017b. AGACIE HAHAJ-SIEMBIDA STOPNIA NAUKOWEGO DOKTORA<\/h5>\n                                                <\/div>\n                                                <a href=\"https:\/\/up.lublin.pl\/bip\/wp-content\/uploads\/sites\/9\/2026\/04\/U-WET-3-2026.pdf\" class=\"mn-more\" target=\"_blank\">Zobacz<\/a>\n                                            <\/div>\n                                        <\/div>\n\t\t\t\t\t\t                                                        <div class=\"mn-cards-list\">\n                                            <div class=\"mn-card-container\">\n                                                <div>\n                                                    <img src=\"https:\/\/up.lublin.pl\/bip\/wp-content\/themes\/up-lublin\/assets\/images\/doc-ico.svg\" alt=\"\" \/>\n                                                    <h5>UCHWA\u0141A NR 2\/2026 RADY DYSCYPLINY WETERYNARIA UNIWERSYTETU PRZYRODNICZEGO W&nbsp;LUBLINIE Z&nbsp;DNIA 5 LUTEGO 2026 R. W&nbsp;SPRAWIE WYZNACZENIA RECENZENT\u00d3W W&nbsp;POST\u0118POWANIU O&nbsp;NADANIE LEK. WET. ARTUROWI CISZEWSKIEMU STOPNIA NAUKOWEGO DOKTORA<\/h5>\n                                                <\/div>\n                                                <a href=\"https:\/\/up.lublin.pl\/bip\/wp-content\/uploads\/sites\/9\/2026\/04\/U-WET-2-2026-1.pdf\" class=\"mn-more\" target=\"_blank\">Zobacz<\/a>\n                                            <\/div>\n                                        <\/div>\n\t\t\t\t\t\t                                                        <div class=\"mn-cards-list\">\n                                            <div class=\"mn-card-container\">\n                                                <div>\n                                                    <img src=\"https:\/\/up.lublin.pl\/bip\/wp-content\/themes\/up-lublin\/assets\/images\/doc-ico.svg\" alt=\"\" \/>\n                                                    <h5>UCHWA\u0141A NR 1\/2026 RADY DYSCYPLINY WETERYNARIA UNIWERSYTETU PRZYRODNICZEGO W&nbsp;LUBLINIE Z&nbsp;DNIA 5 LUTEGO 2026 R.W SPRAWIE POWO\u0141ANIA KOMISJI HABILITACYJNEJ W&nbsp;POST\u0118POWANIU O&nbsp;NADANIE DR. RADOS\u0141AWOWI W\u0141ODZIMIERZOWI SZALAKOWI STOPNIA NAUKOWEGO DOKTORA HABILITOWANEGO<\/h5>\n                                                <\/div>\n                                                <a href=\"https:\/\/up.lublin.pl\/bip\/wp-content\/uploads\/sites\/9\/2026\/04\/U-WET-1-2026-1.pdf\" class=\"mn-more\" target=\"_blank\">Zobacz<\/a>\n                                            <\/div>\n                                        <\/div>\n\t\t\t\t\t\t                                                        <div class=\"block-text\">\n\t                                        <p>&#8230;<\/p>\n                                        <\/div>\n\t\t\t\t\t\t                                <\/div>\n\t\t\t\t                <div class=\"mn-content-block\">\n\t                                <\/div>\n\t\t\t\t                <div class=\"mn-content-block\">\n\t                                <\/div>\n\t\t\t\t                <div class=\"mn-content-block\">\n\t                                <\/div>\n\t\t\t\t                <div class=\"mn-content-block\">\n\t                                <\/div>\n\t\t\t\t                <div class=\"mn-content-block\">\n\t                                <\/div>\n\t\t\t\t                <div class=\"mn-content-block\">\n\t                                <\/div>\n\t\t\t\t                <div class=\"mn-content-block\">\n\t                                <\/div>\n\t\t\t\t                <div class=\"mn-content-block\">\n\t                                <\/div>\n\t\t\t\t                <div class=\"mn-content-block\">\n\t                                <\/div>\n\t\t\t\t                <div class=\"mn-content-block\">\n\t                                <\/div>\n\t\t\t\t                <div class=\"mn-content-block\">\n\t                                <\/div>\n\t\t\t\t                <div class=\"mn-content-block\">\n\t                                <\/div>\n\t\t\t\t                <div class=\"mn-content-block\">\n\t                                <\/div>\n\t\t\t\t                <div class=\"mn-content-block\">\n\t                                <\/div>\n\t\t\t\t                <div class=\"mn-content-block\">\n\t                                <\/div>\n\t\t\t\t                <div class=\"mn-content-block\">\n\t                                <\/div>\n\t\t\t\t                <div class=\"mn-content-block\">\n\t                                <\/div>\n\t\t\t\t                <div class=\"mn-content-block\">\n\t                                <\/div>\n\t\t\t\t                <div class=\"mn-content-block\">\n\t                                <\/div>\n\t\t\t\t\t\t<\/div>\n\t<\/div>\n<\/section>\n\t\t<\/div>\n\t\t\t\t<\/div>\n\t\t\t\t\t\t<\/div>\n\t\t\t\t\t<\/div>\n\t\t<\/div>\n\t\t\t\t\t\t\t\t<\/div>\n\t\t\t\t\t<\/div>\n\t\t<\/section>\n\t\t\t\t\t\t<\/div>\n\t\t\t\t\t\t<\/div>\n\t\t\t\t\t<\/div>\n\t\t","protected":false},"excerpt":{"rendered":"<p>\u2190 powr\u00f3t UCHWA\u0141A NR 6\/2026 RADY DYSCYPLINY WETERYNARIA UNIWERSYTETU PRZYRODNICZEGO W&nbsp;LUBLINIE Z&nbsp;DNIA 26 LUTEGO 2026 R. W&nbsp;SPRAWIE WYR\u00d3\u017bNIENIA ROZPRAWY DOKTORSKIEJ MGR KATARZYNY KINGI KRAS Zobacz UCHWA\u0141A NR 5\/2026 RADY DYSCYPLINY WETERYNARIA UNIWERSYTETU PRZYRODNICZEGO W&nbsp;LUBLINIE Z&nbsp;DNIA 26 LUTEGO 2026 R. W&nbsp;SPRAWIE NADANIA STOPNIA NAUKOWEGO DOKTORA W&nbsp;DZIEDZINIE NAUK WETERYNARYJNYCH W&nbsp;DYSCYPLINIE WETERYNARIA MGR KATARZYNIE KINDZE KRAS Zobacz UCHWA\u0141A [&hellip;]<\/p>\n","protected":false},"author":2,"featured_media":0,"parent":92126,"menu_order":0,"comment_status":"closed","ping_status":"closed","template":"elementor_header_footer","meta":{"_monsterinsights_skip_tracking":false,"_monsterinsights_sitenote_active":false,"_monsterinsights_sitenote_note":"","_monsterinsights_sitenote_category":0},"_links":{"self":[{"href":"https:\/\/up.lublin.pl\/bip\/wp-json\/wp\/v2\/pages\/92292"}],"collection":[{"href":"https:\/\/up.lublin.pl\/bip\/wp-json\/wp\/v2\/pages"}],"about":[{"href":"https:\/\/up.lublin.pl\/bip\/wp-json\/wp\/v2\/types\/page"}],"author":[{"embeddable":true,"href":"https:\/\/up.lublin.pl\/bip\/wp-json\/wp\/v2\/users\/2"}],"replies":[{"embeddable":true,"href":"https:\/\/up.lublin.pl\/bip\/wp-json\/wp\/v2\/comments?post=92292"}],"version-history":[{"count":25,"href":"https:\/\/up.lublin.pl\/bip\/wp-json\/wp\/v2\/pages\/92292\/revisions"}],"predecessor-version":[{"id":92520,"href":"https:\/\/up.lublin.pl\/bip\/wp-json\/wp\/v2\/pages\/92292\/revisions\/92520"}],"up":[{"embeddable":true,"href":"https:\/\/up.lublin.pl\/bip\/wp-json\/wp\/v2\/pages\/92126"}],"wp:attachment":[{"href":"https:\/\/up.lublin.pl\/bip\/wp-json\/wp\/v2\/media?parent=92292"}],"curies":[{"name":"wp","href":"https:\/\/api.w.org\/{rel}","templated":true}]}}