{"id":84729,"date":"2022-02-25T08:12:47","date_gmt":"2022-02-25T07:12:47","guid":{"rendered":"https:\/\/up.lublin.pl\/bip\/?page_id=84729"},"modified":"2022-02-25T08:14:11","modified_gmt":"2022-02-25T07:14:11","slug":"wstepne-konsultacje-rynkowe","status":"publish","type":"page","link":"https:\/\/up.lublin.pl\/bip\/zamowienia-publiczne\/wstepne-konsultacje-rynkowe\/","title":{"rendered":"Wst\u0119pne konsultacje rynkowe"},"content":{"rendered":"\t\t<div data-elementor-type=\"wp-page\" data-elementor-id=\"84729\" class=\"elementor elementor-84729\" data-elementor-settings=\"[]\">\n\t\t\t\t\t\t<div class=\"elementor-inner\">\n\t\t\t\t\t\t\t<div class=\"elementor-section-wrap\">\n\t\t\t\t\t\t\t<section class=\"elementor-section elementor-top-section elementor-element elementor-element-61aff9f elementor-section-boxed elementor-section-height-default elementor-section-height-default\" data-id=\"61aff9f\" data-element_type=\"section\">\n\t\t\t\t\t\t<div class=\"elementor-container elementor-column-gap-default\">\n\t\t\t\t\t\t\t<div class=\"elementor-row\">\n\t\t\t\t\t<div class=\"elementor-column elementor-col-100 elementor-top-column elementor-element elementor-element-17f711d\" data-id=\"17f711d\" data-element_type=\"column\">\n\t\t\t<div class=\"elementor-column-wrap elementor-element-populated\">\n\t\t\t\t\t\t\t<div class=\"elementor-widget-wrap\">\n\t\t\t\t\t\t<div class=\"elementor-element elementor-element-ba20d68 elementor-widget elementor-widget-m2k\" data-id=\"ba20d68\" data-element_type=\"widget\" data-widget_type=\"m2k.default\">\n\t\t\t\t<div class=\"elementor-widget-container\">\n\t\t\t<section class=\"mn-m2-d mn-bg-grey\">\n    <div class=\"mn-grid\">\n        <div class=\"mn-grid-12 mn-introtext\">\n                            <h3>\n                    Wst\u0119pne konsultacje rynkowe                <\/h3>\n                        <\/div>\n    <\/div>\n    <\/section>\n\t\t<\/div>\n\t\t\t\t<\/div>\n\t\t\t\t\t\t<\/div>\n\t\t\t\t\t<\/div>\n\t\t<\/div>\n\t\t\t\t\t\t\t\t<\/div>\n\t\t\t\t\t<\/div>\n\t\t<\/section>\n\t\t\t\t<section class=\"elementor-section elementor-top-section elementor-element elementor-element-96ce059 elementor-section-boxed elementor-section-height-default elementor-section-height-default\" data-id=\"96ce059\" data-element_type=\"section\">\n\t\t\t\t\t\t<div class=\"elementor-container elementor-column-gap-default\">\n\t\t\t\t\t\t\t<div class=\"elementor-row\">\n\t\t\t\t\t<div class=\"elementor-column elementor-col-100 elementor-top-column elementor-element elementor-element-1f2f96f\" data-id=\"1f2f96f\" data-element_type=\"column\">\n\t\t\t<div class=\"elementor-column-wrap elementor-element-populated\">\n\t\t\t\t\t\t\t<div class=\"elementor-widget-wrap\">\n\t\t\t\t\t\t<div class=\"elementor-element elementor-element-53788db elementor-widget elementor-widget-m3d\" data-id=\"53788db\" data-element_type=\"widget\" data-widget_type=\"m3d.default\">\n\t\t\t\t<div class=\"elementor-widget-container\">\n\t\t\t<section class=\"mn-m3-d\">\n    <div class=\"mn-grid\">\n        <h2 class=\"mn-grid-9 mn-title\"><\/h2>\n        <a href=\"https:\/\/up.lublin.pl\/bip\/category\/wstepne-konsultacje-rynkowe\/\" class=\"mn-more mn-grid-3\">Zobacz wszystkie<\/a>\n\t\t            <div class=\"mn-events-list mn-grid-12\">\n\t\t\t\t                    <div class=\"mn-event\">\n                                                <div class=\"mn-content\">\n                            <h5 class=\"mn-date\">25.02.2022<\/h5>\n                            <h3>Budowa stanowiska do bada\u0144 energoch\u0142onno\u015bci nap\u0119du elektrycznego ci\u0105gnika rolniczego<\/h3>\n                            <p>Regulamin wst\u0119pnych konsultacji rynkowych...<\/p>\n                        <\/div>\n                        <a href=\"https:\/\/up.lublin.pl\/bip\/budowa-stanowiska-do-badan-energochlonnosci-napedu-elektrycznego-ciagnika-rolniczego\/\"\n                           class=\"mn-more\">Zobacz wi\u0119cej<\/a>\n                    <\/div>\n\t\t\t\t\t            <\/div>\n\t\t\t    <\/div>\n<\/section>\n\t\t<\/div>\n\t\t\t\t<\/div>\n\t\t\t\t\t\t<\/div>\n\t\t\t\t\t<\/div>\n\t\t<\/div>\n\t\t\t\t\t\t\t\t<\/div>\n\t\t\t\t\t<\/div>\n\t\t<\/section>\n\t\t\t\t\t\t<\/div>\n\t\t\t\t\t\t<\/div>\n\t\t\t\t\t<\/div>\n\t\t","protected":false},"excerpt":{"rendered":"<p>Wst\u0119pne konsultacje rynkowe UP BIP &#8211; Uniwersytet Przyrodniczny w&nbsp;Lublinie Zobacz wszystkie Brak wpis\u00f3w<\/p>\n","protected":false},"author":2,"featured_media":0,"parent":20,"menu_order":0,"comment_status":"closed","ping_status":"closed","template":"elementor_header_footer","meta":{"_monsterinsights_skip_tracking":false,"_monsterinsights_sitenote_active":false,"_monsterinsights_sitenote_note":"","_monsterinsights_sitenote_category":0},"_links":{"self":[{"href":"https:\/\/up.lublin.pl\/bip\/wp-json\/wp\/v2\/pages\/84729"}],"collection":[{"href":"https:\/\/up.lublin.pl\/bip\/wp-json\/wp\/v2\/pages"}],"about":[{"href":"https:\/\/up.lublin.pl\/bip\/wp-json\/wp\/v2\/types\/page"}],"author":[{"embeddable":true,"href":"https:\/\/up.lublin.pl\/bip\/wp-json\/wp\/v2\/users\/2"}],"replies":[{"embeddable":true,"href":"https:\/\/up.lublin.pl\/bip\/wp-json\/wp\/v2\/comments?post=84729"}],"version-history":[{"count":13,"href":"https:\/\/up.lublin.pl\/bip\/wp-json\/wp\/v2\/pages\/84729\/revisions"}],"predecessor-version":[{"id":84743,"href":"https:\/\/up.lublin.pl\/bip\/wp-json\/wp\/v2\/pages\/84729\/revisions\/84743"}],"up":[{"embeddable":true,"href":"https:\/\/up.lublin.pl\/bip\/wp-json\/wp\/v2\/pages\/20"}],"wp:attachment":[{"href":"https:\/\/up.lublin.pl\/bip\/wp-json\/wp\/v2\/media?parent=84729"}],"curies":[{"name":"wp","href":"https:\/\/api.w.org\/{rel}","templated":true}]}}