{"id":82690,"date":"2021-05-07T00:42:02","date_gmt":"2021-05-06T22:42:02","guid":{"rendered":"https:\/\/up.lublin.pl\/bip\/?page_id=82690"},"modified":"2021-05-07T00:42:47","modified_gmt":"2021-05-06T22:42:47","slug":"archiwum-zamowien-do-31-12-2020-r","status":"publish","type":"page","link":"https:\/\/up.lublin.pl\/bip\/archiwum-zamowien-do-31-12-2020-r\/","title":{"rendered":"Archiwum zam\u00f3wie\u0144 (do 31.12.2020 r.)"},"content":{"rendered":"\t\t<div data-elementor-type=\"wp-page\" data-elementor-id=\"82690\" class=\"elementor elementor-82690\" data-elementor-settings=\"[]\">\n\t\t\t\t\t\t<div class=\"elementor-inner\">\n\t\t\t\t\t\t\t<div class=\"elementor-section-wrap\">\n\t\t\t\t\t\t\t<section class=\"elementor-section elementor-top-section elementor-element elementor-element-b456642 elementor-section-boxed elementor-section-height-default elementor-section-height-default\" data-id=\"b456642\" data-element_type=\"section\">\n\t\t\t\t\t\t<div class=\"elementor-container elementor-column-gap-default\">\n\t\t\t\t\t\t\t<div class=\"elementor-row\">\n\t\t\t\t\t<div class=\"elementor-column elementor-col-100 elementor-top-column elementor-element elementor-element-4ae40f2\" data-id=\"4ae40f2\" data-element_type=\"column\">\n\t\t\t<div class=\"elementor-column-wrap elementor-element-populated\">\n\t\t\t\t\t\t\t<div class=\"elementor-widget-wrap\">\n\t\t\t\t\t\t<div class=\"elementor-element elementor-element-dd6a484 elementor-widget elementor-widget-m8f\" data-id=\"dd6a484\" data-element_type=\"widget\" data-widget_type=\"m8f.default\">\n\t\t\t\t<div class=\"elementor-widget-container\">\n\t\t\t    <section class=\"mn-m8-f mn-bg-white\">\r\n        <div class=\"mn-grid\">\r\n\t                        <h2 class=\"mn-title-2 mn-grid-12\">\r\n\t\t\t        Archiwum zam\u00f3wie\u0144 (do 31.12.2020 r.):                <\/h2>\r\n\t\t                    <div class=\"zamowienia-lista mn-grid-12\">\r\n\t                                <div class=\"zamowienia-dzial mn-grid\">\r\n                        <h3 class=\"dzial-nazwa mn-grid-4\">OG\u0141OSZENIE ZAMIESZCZANE W&nbsp;BIULETYNIE ZAM\u00d3WIE\u0143 PUBLICZNYCH post\u0119powania prowadzone s\u0105 za po\u015brednictwem Platformy Zakupowej https:\/\/uplublin.eb2b.com.pl\/<\/h3>\r\n\t                                                <div class=\"zamowienia-kategorie mn-grid-8\">\r\n\t                                                                <div class=\"zamowienia-kategoria\">\r\n                                        <h4 class=\"kategoria-nazwa\">us\u0142uga<\/h4>\r\n                                        <div class=\"kategoria-ilosc\">\r\n                                            (120)\r\n                                            <a href=\"https:\/\/up.lublin.pl\/bip\/zamowienia-publiczne-kategoria\/dzial-1\/zamowienia-publiczne-kategoria-2\/\">\r\n                                                <img src=\"https:\/\/up.lublin.pl\/bip\/wp-content\/themes\/up-lublin\/assets\/images\/folder-ico.svg\" alt=\"\">\r\n                                                <span>Zobacz<\/span>\r\n                                            <\/a>\r\n                                        <\/div>\r\n                                    <\/div>\r\n\t\t                                                                <div class=\"zamowienia-kategoria\">\r\n                                        <h4 class=\"kategoria-nazwa\">robota budowlana<\/h4>\r\n                                        <div class=\"kategoria-ilosc\">\r\n                                            (84)\r\n                                            <a href=\"https:\/\/up.lublin.pl\/bip\/zamowienia-publiczne-kategoria\/dzial-1\/zamowienia-publiczne-kategoria-3\/\">\r\n                                                <img src=\"https:\/\/up.lublin.pl\/bip\/wp-content\/themes\/up-lublin\/assets\/images\/folder-ico.svg\" alt=\"\">\r\n                                                <span>Zobacz<\/span>\r\n                                            <\/a>\r\n                                        <\/div>\r\n                                    <\/div>\r\n\t\t                                                                <div class=\"zamowienia-kategoria\">\r\n                                        <h4 class=\"kategoria-nazwa\">dostawa<\/h4>\r\n                                        <div class=\"kategoria-ilosc\">\r\n                                            (309)\r\n                                            <a href=\"https:\/\/up.lublin.pl\/bip\/zamowienia-publiczne-kategoria\/dzial-1\/zamowienia-publiczne-kategoria-1\/\">\r\n                                                <img src=\"https:\/\/up.lublin.pl\/bip\/wp-content\/themes\/up-lublin\/assets\/images\/folder-ico.svg\" alt=\"\">\r\n                                                <span>Zobacz<\/span>\r\n                                            <\/a>\r\n                                        <\/div>\r\n                                    <\/div>\r\n\t\t                                                        <\/div>\r\n\t\t                                        <\/div>\r\n\t\t                                <div class=\"zamowienia-dzial mn-grid\">\r\n                        <h3 class=\"dzial-nazwa mn-grid-4\">OG\u0141OSZENIA<\/h3>\r\n\t                                                <div class=\"zamowienia-kategorie mn-grid-8\">\r\n\t                                                                <div class=\"zamowienia-kategoria\">\r\n                                        <h4 class=\"kategoria-nazwa\">zapytanie o&nbsp;cene<\/h4>\r\n                                        <div class=\"kategoria-ilosc\">\r\n                                            (1)\r\n                                            <a href=\"https:\/\/up.lublin.pl\/bip\/zamowienia-publiczne-kategoria\/dzial-3\/zamowienia-publiczne-kategoria-5\/\">\r\n                                                <img src=\"https:\/\/up.lublin.pl\/bip\/wp-content\/themes\/up-lublin\/assets\/images\/folder-ico.svg\" alt=\"\">\r\n                                                <span>Zobacz<\/span>\r\n                                            <\/a>\r\n                                        <\/div>\r\n                                    <\/div>\r\n\t\t                                                                <div class=\"zamowienia-kategoria\">\r\n                                        <h4 class=\"kategoria-nazwa\">negocjacje bez og\u0142oszenia<\/h4>\r\n                                        <div class=\"kategoria-ilosc\">\r\n                                            (1)\r\n                                            <a href=\"https:\/\/up.lublin.pl\/bip\/zamowienia-publiczne-kategoria\/dzial-3\/zamowienia-publiczne-kategoria-6\/\">\r\n                                                <img src=\"https:\/\/up.lublin.pl\/bip\/wp-content\/themes\/up-lublin\/assets\/images\/folder-ico.svg\" alt=\"\">\r\n                                                <span>Zobacz<\/span>\r\n                                            <\/a>\r\n                                        <\/div>\r\n                                    <\/div>\r\n\t\t                                                                <div class=\"zamowienia-kategoria\">\r\n                                        <h4 class=\"kategoria-nazwa\">zam\u00f3wienia na us\u0142ugi spo\u0142eczne do 750 tys. Euro netto<\/h4>\r\n                                        <div class=\"kategoria-ilosc\">\r\n                                            (14)\r\n                                            <a href=\"https:\/\/up.lublin.pl\/bip\/zamowienia-publiczne-kategoria\/dzial-3\/zamowienia-publiczne-kategoria-16\/\">\r\n                                                <img src=\"https:\/\/up.lublin.pl\/bip\/wp-content\/themes\/up-lublin\/assets\/images\/folder-ico.svg\" alt=\"\">\r\n                                                <span>Zobacz<\/span>\r\n                                            <\/a>\r\n                                        <\/div>\r\n                                    <\/div>\r\n\t\t                                                                <div class=\"zamowienia-kategoria\">\r\n                                        <h4 class=\"kategoria-nazwa\">zam\u00f3wienie z&nbsp;wolnej r\u0119ki<\/h4>\r\n                                        <div class=\"kategoria-ilosc\">\r\n                                            (31)\r\n                                            <a href=\"https:\/\/up.lublin.pl\/bip\/zamowienia-publiczne-kategoria\/dzial-3\/zamowienia-publiczne-kategoria-4\/\">\r\n                                                <img src=\"https:\/\/up.lublin.pl\/bip\/wp-content\/themes\/up-lublin\/assets\/images\/folder-ico.svg\" alt=\"\">\r\n                                                <span>Zobacz<\/span>\r\n                                            <\/a>\r\n                                        <\/div>\r\n                                    <\/div>\r\n\t\t                                                        <\/div>\r\n\t\t                                        <\/div>\r\n\t\t                                <div class=\"zamowienia-dzial mn-grid\">\r\n                        <h3 class=\"dzial-nazwa mn-grid-4\">Zam\u00f3wienia z&nbsp;dziedziny nauki do 207 tys. euro nettoOG\u0141OSZENIA<\/h3>\r\n\t                                                <div class=\"zamowienia-kategorie mn-grid-8\">\r\n\t                                                                <div class=\"zamowienia-kategoria\">\r\n                                        <h4 class=\"kategoria-nazwa\">us\u0142uga<\/h4>\r\n                                        <div class=\"kategoria-ilosc\">\r\n                                            (3)\r\n                                            <a href=\"https:\/\/up.lublin.pl\/bip\/zamowienia-publiczne-kategoria\/dzial-4\/zamowienia-publiczne-kategoria-11\/\">\r\n                                                <img src=\"https:\/\/up.lublin.pl\/bip\/wp-content\/themes\/up-lublin\/assets\/images\/folder-ico.svg\" alt=\"\">\r\n                                                <span>Zobacz<\/span>\r\n                                            <\/a>\r\n                                        <\/div>\r\n                                    <\/div>\r\n\t\t                                                                <div class=\"zamowienia-kategoria\">\r\n                                        <h4 class=\"kategoria-nazwa\">dostawa<\/h4>\r\n                                        <div class=\"kategoria-ilosc\">\r\n                                            (11)\r\n                                            <a href=\"https:\/\/up.lublin.pl\/bip\/zamowienia-publiczne-kategoria\/dzial-4\/zamowienia-publiczne-kategoria-10\/\">\r\n                                                <img src=\"https:\/\/up.lublin.pl\/bip\/wp-content\/themes\/up-lublin\/assets\/images\/folder-ico.svg\" alt=\"\">\r\n                                                <span>Zobacz<\/span>\r\n                                            <\/a>\r\n                                        <\/div>\r\n                                    <\/div>\r\n\t\t                                                        <\/div>\r\n\t\t                                        <\/div>\r\n\t\t                                <div class=\"zamowienia-dzial mn-grid\">\r\n                        <h3 class=\"dzial-nazwa mn-grid-4\">Zam\u00f3wienia z&nbsp;dziedziny nauki do 207 tys. euro nettoPRZETARG PUBLICZNY<\/h3>\r\n\t                                                <div class=\"zamowienia-kategorie mn-grid-8\">\r\n\t                                                                <div class=\"zamowienia-kategoria\">\r\n                                        <h4 class=\"kategoria-nazwa\">us\u0142uga<\/h4>\r\n                                        <div class=\"kategoria-ilosc\">\r\n                                            (0)\r\n                                            <a href=\"https:\/\/up.lublin.pl\/bip\/zamowienia-publiczne-kategoria\/dzial-5\/zamowienia-publiczne-kategoria-13\/\">\r\n                                                <img src=\"https:\/\/up.lublin.pl\/bip\/wp-content\/themes\/up-lublin\/assets\/images\/folder-ico.svg\" alt=\"\">\r\n                                                <span>Zobacz<\/span>\r\n                                            <\/a>\r\n                                        <\/div>\r\n                                    <\/div>\r\n\t\t                                                                <div class=\"zamowienia-kategoria\">\r\n                                        <h4 class=\"kategoria-nazwa\">dostawa<\/h4>\r\n                                        <div class=\"kategoria-ilosc\">\r\n                                            (0)\r\n                                            <a href=\"https:\/\/up.lublin.pl\/bip\/zamowienia-publiczne-kategoria\/dzial-5\/zamowienia-publiczne-kategoria-12\/\">\r\n                                                <img src=\"https:\/\/up.lublin.pl\/bip\/wp-content\/themes\/up-lublin\/assets\/images\/folder-ico.svg\" alt=\"\">\r\n                                                <span>Zobacz<\/span>\r\n                                            <\/a>\r\n                                        <\/div>\r\n                                    <\/div>\r\n\t\t                                                        <\/div>\r\n\t\t                                        <\/div>\r\n\t\t                                <div class=\"zamowienia-dzial mn-grid\">\r\n                        <h3 class=\"dzial-nazwa mn-grid-4\">Zam\u00f3wienia z&nbsp;dziedziny nauki do 207 tys. euro nettoNEGOCJACJE Z&nbsp;JEDNYM WYKONAWC\u0104<\/h3>\r\n\t                                                <div class=\"zamowienia-kategorie mn-grid-8\">\r\n\t                                                                <div class=\"zamowienia-kategoria\">\r\n                                        <h4 class=\"kategoria-nazwa\">us\u0142uga<\/h4>\r\n                                        <div class=\"kategoria-ilosc\">\r\n                                            (0)\r\n                                            <a href=\"https:\/\/up.lublin.pl\/bip\/zamowienia-publiczne-kategoria\/dzial-6\/zamowienia-publiczne-kategoria-15\/\">\r\n                                                <img src=\"https:\/\/up.lublin.pl\/bip\/wp-content\/themes\/up-lublin\/assets\/images\/folder-ico.svg\" alt=\"\">\r\n                                                <span>Zobacz<\/span>\r\n                                            <\/a>\r\n                                        <\/div>\r\n                                    <\/div>\r\n\t\t                                                                <div class=\"zamowienia-kategoria\">\r\n                                        <h4 class=\"kategoria-nazwa\">dostawa<\/h4>\r\n                                        <div class=\"kategoria-ilosc\">\r\n                                            (0)\r\n                                            <a href=\"https:\/\/up.lublin.pl\/bip\/zamowienia-publiczne-kategoria\/dzial-6\/zamowienia-publiczne-kategoria-14\/\">\r\n                                                <img src=\"https:\/\/up.lublin.pl\/bip\/wp-content\/themes\/up-lublin\/assets\/images\/folder-ico.svg\" alt=\"\">\r\n                                                <span>Zobacz<\/span>\r\n                                            <\/a>\r\n                                        <\/div>\r\n                                    <\/div>\r\n\t\t                                                        <\/div>\r\n\t\t                                        <\/div>\r\n\t\t                                <div class=\"zamowienia-dzial mn-grid\">\r\n                        <h3 class=\"dzial-nazwa mn-grid-4\">OG\u0141OSZENIA PUBLIKOWANE W&nbsp;DZIENNIKU URZ\u0118DOWYM UNII EUROPEJSKIEJ - post\u0119powania prowadzone s\u0105 w&nbsp;formie elektronicznej za po\u015brednictwem Platformy Zakupowej [ https:\/\/uplublin.eb2b.com.pl\/ ]<\/h3>\r\n\t                                                <div class=\"zamowienia-kategorie mn-grid-8\">\r\n\t                                                                <div class=\"zamowienia-kategoria\">\r\n                                        <h4 class=\"kategoria-nazwa\">us\u0142uga<\/h4>\r\n                                        <div class=\"kategoria-ilosc\">\r\n                                            (9)\r\n                                            <a href=\"https:\/\/up.lublin.pl\/bip\/zamowienia-publiczne-kategoria\/dzial-2\/zamowienia-publiczne-kategoria-8\/\">\r\n                                                <img src=\"https:\/\/up.lublin.pl\/bip\/wp-content\/themes\/up-lublin\/assets\/images\/folder-ico.svg\" alt=\"\">\r\n                                                <span>Zobacz<\/span>\r\n                                            <\/a>\r\n                                        <\/div>\r\n                                    <\/div>\r\n\t\t                                                                <div class=\"zamowienia-kategoria\">\r\n                                        <h4 class=\"kategoria-nazwa\">robota budowlana<\/h4>\r\n                                        <div class=\"kategoria-ilosc\">\r\n                                            (3)\r\n                                            <a href=\"https:\/\/up.lublin.pl\/bip\/zamowienia-publiczne-kategoria\/dzial-2\/zamowienia-publiczne-kategoria-9\/\">\r\n                                                <img src=\"https:\/\/up.lublin.pl\/bip\/wp-content\/themes\/up-lublin\/assets\/images\/folder-ico.svg\" alt=\"\">\r\n                                                <span>Zobacz<\/span>\r\n                                            <\/a>\r\n                                        <\/div>\r\n                                    <\/div>\r\n\t\t                                                                <div class=\"zamowienia-kategoria\">\r\n                                        <h4 class=\"kategoria-nazwa\">dostawa<\/h4>\r\n                                        <div class=\"kategoria-ilosc\">\r\n                                            (106)\r\n                                            <a href=\"https:\/\/up.lublin.pl\/bip\/zamowienia-publiczne-kategoria\/dzial-2\/zamowienia-publiczne-kategoria-7\/\">\r\n                                                <img src=\"https:\/\/up.lublin.pl\/bip\/wp-content\/themes\/up-lublin\/assets\/images\/folder-ico.svg\" alt=\"\">\r\n                                                <span>Zobacz<\/span>\r\n                                            <\/a>\r\n                                        <\/div>\r\n                                    <\/div>\r\n\t\t                                                        <\/div>\r\n\t\t                                        <\/div>\r\n\t\t                        <\/div>\r\n        <\/div>\r\n    <\/section>\r\n\t\t\t<\/div>\n\t\t\t\t<\/div>\n\t\t\t\t\t\t<\/div>\n\t\t\t\t\t<\/div>\n\t\t<\/div>\n\t\t\t\t\t\t\t\t<\/div>\n\t\t\t\t\t<\/div>\n\t\t<\/section>\n\t\t\t\t\t\t<\/div>\n\t\t\t\t\t\t<\/div>\n\t\t\t\t\t<\/div>\n\t\t","protected":false},"excerpt":{"rendered":"<p>Archiwum zam\u00f3wie\u0144 (do 31.12.2020 r.): OG\u0141OSZENIE ZAMIESZCZANE W&nbsp;BIULETYNIE ZAM\u00d3WIE\u0143 PUBLICZNYCH post\u0119powania prowadzone s\u0105 za po\u015brednictwem Platformy Zakupowej https:\/\/uplublin.eb2b.com.pl\/ us\u0142uga (114) Zobacz robota budowlana (78) Zobacz dostawa (290) Zobacz OG\u0141OSZENIA zapytanie o&nbsp;cene (1) Zobacz negocjacje bez og\u0142oszenia (1) Zobacz zam\u00f3wienia na us\u0142ugi spo\u0142eczne do 750 tys. Euro netto (11) Zobacz zam\u00f3wienie z&nbsp;wolnej r\u0119ki (28) Zobacz Zam\u00f3wienia [&hellip;]<\/p>\n","protected":false},"author":216,"featured_media":0,"parent":0,"menu_order":0,"comment_status":"closed","ping_status":"closed","template":"","meta":{"_monsterinsights_skip_tracking":false,"_monsterinsights_sitenote_active":false,"_monsterinsights_sitenote_note":"","_monsterinsights_sitenote_category":0},"_links":{"self":[{"href":"https:\/\/up.lublin.pl\/bip\/wp-json\/wp\/v2\/pages\/82690"}],"collection":[{"href":"https:\/\/up.lublin.pl\/bip\/wp-json\/wp\/v2\/pages"}],"about":[{"href":"https:\/\/up.lublin.pl\/bip\/wp-json\/wp\/v2\/types\/page"}],"author":[{"embeddable":true,"href":"https:\/\/up.lublin.pl\/bip\/wp-json\/wp\/v2\/users\/216"}],"replies":[{"embeddable":true,"href":"https:\/\/up.lublin.pl\/bip\/wp-json\/wp\/v2\/comments?post=82690"}],"version-history":[{"count":4,"href":"https:\/\/up.lublin.pl\/bip\/wp-json\/wp\/v2\/pages\/82690\/revisions"}],"predecessor-version":[{"id":82694,"href":"https:\/\/up.lublin.pl\/bip\/wp-json\/wp\/v2\/pages\/82690\/revisions\/82694"}],"wp:attachment":[{"href":"https:\/\/up.lublin.pl\/bip\/wp-json\/wp\/v2\/media?parent=82690"}],"curies":[{"name":"wp","href":"https:\/\/api.w.org\/{rel}","templated":true}]}}