{"id":82457,"date":"2021-04-20T19:57:49","date_gmt":"2021-04-20T17:57:49","guid":{"rendered":"https:\/\/up.lublin.pl\/bip\/?page_id=82457"},"modified":"2026-03-25T10:55:18","modified_gmt":"2026-03-25T09:55:18","slug":"plan-zamowien-publicznych","status":"publish","type":"page","link":"https:\/\/up.lublin.pl\/bip\/zamowienia-publiczne\/plan-zamowien-publicznych\/","title":{"rendered":"Plan zam\u00f3wie\u0144 publicznych"},"content":{"rendered":"\t\t<div data-elementor-type=\"wp-page\" data-elementor-id=\"82457\" class=\"elementor elementor-82457\" data-elementor-settings=\"[]\">\n\t\t\t\t\t\t<div class=\"elementor-inner\">\n\t\t\t\t\t\t\t<div class=\"elementor-section-wrap\">\n\t\t\t\t\t\t\t<section class=\"elementor-section elementor-top-section elementor-element elementor-element-be865be elementor-section-boxed elementor-section-height-default elementor-section-height-default\" data-id=\"be865be\" data-element_type=\"section\">\n\t\t\t\t\t\t<div class=\"elementor-container elementor-column-gap-default\">\n\t\t\t\t\t\t\t<div class=\"elementor-row\">\n\t\t\t\t\t<div class=\"elementor-column elementor-col-100 elementor-top-column elementor-element elementor-element-3cc4003\" data-id=\"3cc4003\" data-element_type=\"column\">\n\t\t\t<div class=\"elementor-column-wrap elementor-element-populated\">\n\t\t\t\t\t\t\t<div class=\"elementor-widget-wrap\">\n\t\t\t\t\t\t<div class=\"elementor-element elementor-element-9f9e276 elementor-widget elementor-widget-m2k\" data-id=\"9f9e276\" data-element_type=\"widget\" data-widget_type=\"m2k.default\">\n\t\t\t\t<div class=\"elementor-widget-container\">\n\t\t\t<section class=\"mn-m2-d mn-bg-green\">\n    <div class=\"mn-grid\">\n        <div class=\"mn-grid-12 mn-introtext\">\n                            <h3>\n                    Plan zam\u00f3wie\u0144 publicznych                <\/h3>\n                        <\/div>\n    <\/div>\n    <\/section>\n\t\t<\/div>\n\t\t\t\t<\/div>\n\t\t\t\t<div class=\"elementor-element elementor-element-8f49659 elementor-widget elementor-widget-m5c\" data-id=\"8f49659\" data-element_type=\"widget\" data-widget_type=\"m5c.default\">\n\t\t\t\t<div class=\"elementor-widget-container\">\n\t\t\t<section class=\"mn-m5-c mn-m5-d2 mn-bg-white\">\n\t<div class=\"mn-grid\">\n\t\t\t\t<div class=\"mn-content mn-grid-9\">\n\t\t\t                <div class=\"mn-content-block active\">\n\t                                                        <ul class=\"mn-accordion\">\n                                            <li>\n                                                <h4 class=\"mn-accordion-title\">2026<\/h4>\n                                                <div>\n\t\t\t\t\t\t\t\t\t                <p><a href=\"https:\/\/up.lublin.pl\/bip\/wp-content\/uploads\/sites\/9\/2026\/02\/Plan-postepowan-nr-2026_BZP-00099812_01_P.pdf\">Plan post\u0119powa\u0144 nr 2026_BZP 00099812_01_P<\/a>\u200b<\/p>\n<p><a href=\"https:\/\/up.lublin.pl\/bip\/wp-content\/uploads\/sites\/9\/2026\/02\/Plan-postepowan-nr-2026_BZP-00099812_02_P.pdf\">Plan post\u0119powa\u0144 nr 2026_BZP 00099812_02_P<\/a><\/p>\n<p><a href=\"https:\/\/up.lublin.pl\/bip\/wp-content\/uploads\/sites\/9\/2026\/03\/Plan-postepowan-nr-2026_BZP-00099812_03_P.pdf\">Plan post\u0119powa\u0144 nr 2026_BZP 00099812_03_P<\/a><\/p>\n<p><a href=\"https:\/\/up.lublin.pl\/bip\/wp-content\/uploads\/sites\/9\/2026\/03\/Plan-postepowan-nr-2026_BZP-00099812_04_P.pdf\">Plan post\u0119powa\u0144 nr 2026_BZP 00099812_04_P<\/a><\/p>\n                                                <\/div>\n                                            <\/li>\n                                        <\/ul>\n\t\t\t\t\t\t                                                        <ul class=\"mn-accordion\">\n                                            <li>\n                                                <h4 class=\"mn-accordion-title\">2025<\/h4>\n                                                <div>\n\t\t\t\t\t\t\t\t\t                <p><a href=\"https:\/\/up.lublin.pl\/bip\/wp-content\/uploads\/sites\/9\/2025\/02\/Plan-postepowan-2025_BZP-00083077_01_P.pdf\">Plan post\u0119powa\u0144 2025_BZP 00083077_01_P<\/a><\/p>\n<p><a href=\"https:\/\/up.lublin.pl\/bip\/wp-content\/uploads\/sites\/9\/2025\/02\/Plan-postepowan-2025_BZP-00083077_02_P.pdf\">Plan post\u0119powa\u0144 2025_BZP 00083077_02_P<\/a><\/p>\n<p><a href=\"https:\/\/up.lublin.pl\/bip\/wp-content\/uploads\/sites\/9\/2025\/04\/Plan-postepowan-2025_BZP-00083077_03_P.pdf\">Plan postepowa\u0144 2025_BZP 00083077_03_P<\/a><\/p>\n<p><a href=\"https:\/\/up.lublin.pl\/bip\/wp-content\/uploads\/sites\/9\/2025\/04\/Plan-postepowan-2025_BZP-00083077_04_P.pdf\">Plan post\u0119powa\u0144 2025_BZP 00083077_04_P<\/a><\/p>\n<p><a href=\"https:\/\/up.lublin.pl\/bip\/wp-content\/uploads\/sites\/9\/2025\/05\/Plan-postepowan-2025_BZP-00083077_05_P.pdf\">Plan post\u0119powa\u0144 2025_BZP 00083077_05_P<\/a><\/p>\n<p><a href=\"https:\/\/up.lublin.pl\/bip\/wp-content\/uploads\/sites\/9\/2025\/06\/Plan-postepowan-2025_BZP-00083077_06_P.pdf\">Plan post\u0119powa\u0144 2025_BZP 00083077_06_P<\/a><\/p>\n<p><a href=\"https:\/\/up.lublin.pl\/bip\/wp-content\/uploads\/sites\/9\/2025\/07\/Plan-postepowan-2025_BZP-00083077_07_P.pdf\">Plan post\u0119powa\u0144 2025_BZP 00083077_07_P<\/a><\/p>\n<p><a href=\"https:\/\/up.lublin.pl\/bip\/wp-content\/uploads\/sites\/9\/2025\/07\/Plan-postepowan-2025_BZP-00083077_08_P.pdf\">Plan post\u0119powa\u0144 2025_BZP 00083077_08_P<\/a><\/p>\n<p><a href=\"https:\/\/up.lublin.pl\/bip\/wp-content\/uploads\/sites\/9\/2025\/10\/Plan-postepowan-2025_BZP-00083077_09_P.pdf\">Plan post\u0119powa\u0144 2025_BZP 00083077_09_P<\/a><\/p>\n<p><a href=\"https:\/\/up.lublin.pl\/bip\/wp-content\/uploads\/sites\/9\/2025\/10\/Plan-postepowan-2025_BZP-00083077_10_P.pdf\">Plan post\u0119powa\u0144 2025_BZP 00083077_10_P<\/a><\/p>\n<p><a href=\"https:\/\/up.lublin.pl\/bip\/wp-content\/uploads\/sites\/9\/2025\/10\/Plan-postepowan-2025_BZP-00083077_11_P.pdf\">Plan post\u0119powa\u0144 2025_BZP 00083077_11_P<\/a><\/p>\n<p><a href=\"https:\/\/up.lublin.pl\/bip\/wp-content\/uploads\/sites\/9\/2025\/11\/Plan-postepowan-2025_BZP-00083077_12_P.pdf\">Plan post\u0119powa\u0144 2025_BZP 00083077_12_P<\/a><\/p>\n                                                <\/div>\n                                            <\/li>\n                                        <\/ul>\n\t\t\t\t\t\t                                                        <ul class=\"mn-accordion\">\n                                            <li>\n                                                <h4 class=\"mn-accordion-title\">2024<\/h4>\n                                                <div>\n\t\t\t\t\t\t\t\t\t                <p><a href=\"https:\/\/up.lublin.pl\/bip\/wp-content\/uploads\/sites\/9\/2024\/02\/Plan-postepowan-Nr-2024_BZP-00086922_01_P.pdf\">Plan post\u0119powa\u0144 Nr 2024_BZP 00086922_01_P<\/a><\/p>\n<p><a href=\"https:\/\/up.lublin.pl\/bip\/wp-content\/uploads\/sites\/9\/2024\/06\/Plan-postepowan-2024_BZP-00086922_02_P.pdf\">Plan post\u0119powa\u0144 Nr 2024_BZP 00086922_02_P<\/a><\/p>\n<p><a href=\"https:\/\/up.lublin.pl\/bip\/wp-content\/uploads\/sites\/9\/2024\/07\/Plan-postepowan-2024_BZP-00086922_03_P.pdf\">Plan post\u0119powa\u0144 Nr 2024_BZP 00086922_03_P<\/a><\/p>\n<p><a href=\"https:\/\/up.lublin.pl\/bip\/wp-content\/uploads\/sites\/9\/2024\/08\/Plan-postepowan-Nr-2024_BZP-00086922_04_P.pdf\">Plan post\u0119powa\u0144 Nr 2024_BZP 00086922_04_P<\/a><\/p>\n<p><a href=\"https:\/\/up.lublin.pl\/bip\/wp-content\/uploads\/sites\/9\/2024\/08\/Plan-postepowan-2024_BZP-00086922_05_P.pdf\">Plan post\u0119powa\u0144 Nr 2024_BZP 00086922_05_P<\/a><\/p>\n<p><a href=\"https:\/\/up.lublin.pl\/bip\/wp-content\/uploads\/sites\/9\/2024\/09\/Plan-postepowan-2024_BZP-00086922_06_P.pdf\">Plan post\u0119powa\u0144 Nr 2024_BZP 00086922_06_P<\/a><\/p>\n<p><a href=\"https:\/\/up.lublin.pl\/bip\/wp-content\/uploads\/sites\/9\/2024\/10\/Plan-postepowan-2024_BZP-00086922_07_P.pdf\">Plan post\u0119powa\u0144 Nr 2024_BZP 00086922_07_P<\/a><\/p>\n<p><a href=\"https:\/\/up.lublin.pl\/bip\/wp-content\/uploads\/sites\/9\/2024\/10\/Plan-postepowan-Nr-2024_BZP-00086922_08_P.pdf\">Plan post\u0119powa\u0144 Nr 2024_BZP 00086922_08_P<\/a><\/p>\n<p><a href=\"https:\/\/up.lublin.pl\/bip\/wp-content\/uploads\/sites\/9\/2024\/11\/Plan-postepowan-Nr-2024_BZP-00086922_09_P.pdf\">Plan post\u0119powa\u0144 Nr 2024_BZP 00086922_09_P<\/a><\/p>\n                                                <\/div>\n                                            <\/li>\n                                        <\/ul>\n\t\t\t\t\t\t                                                        <ul class=\"mn-accordion\">\n                                            <li>\n                                                <h4 class=\"mn-accordion-title\">2023<\/h4>\n                                                <div>\n\t\t\t\t\t\t\t\t\t                <p><a href=\"https:\/\/up.lublin.pl\/bip\/wp-content\/uploads\/sites\/9\/2023\/02\/Plan-postepowan-nr-2023_BZP-00090538_01_P.pdf\">Plan post\u0119powa\u0144 nr 2023_BZP 00090538_01_P<\/a><\/p>\n<p><a href=\"https:\/\/up.lublin.pl\/bip\/wp-content\/uploads\/sites\/9\/2023\/03\/Plan-postepowan-nr-2023_BZP-00090538_02_P.pdf\">Plan postepowa\u0144 nr 2023_BZP 00090538_02_P<\/a><\/p>\n<p><a href=\"https:\/\/up.lublin.pl\/bip\/wp-content\/uploads\/sites\/9\/2023\/05\/Plan-postepowan-nr-2023_BZP-00090538_03_P.pdf\">Plan postepowa\u0144 nr 2023_BZP 00090538_03_P<\/a><\/p>\n<p><a href=\"https:\/\/up.lublin.pl\/bip\/wp-content\/uploads\/sites\/9\/2023\/06\/Plan-postepowan-nr-2023_BZP-00090538_04_P.pdf\">Plan post\u0119powa\u0144 nr 2023_BZP 00090538_04_P<\/a><\/p>\n<p><a href=\"https:\/\/up.lublin.pl\/bip\/wp-content\/uploads\/sites\/9\/2023\/07\/Plan-postepowan-nr-2023_BZP-00090538_05_P.pdf\">Plan post\u0119powa\u0144 nr 2023_BZP 00090538_05_P<\/a><\/p>\n<p><a href=\"https:\/\/up.lublin.pl\/bip\/wp-content\/uploads\/sites\/9\/2023\/08\/Plan-postepowan-2023_BZP-00090538_06_P.pdf\">Plan post\u0119powa\u0144 nr 2023_BZP 00090538_06_P<\/a><\/p>\n<p><a href=\"https:\/\/up.lublin.pl\/bip\/wp-content\/uploads\/sites\/9\/2023\/08\/Plan-postepowan-nr-2023_BZP-00090538_07_P.pdf\">Plan post\u0119powa\u0144 nr 2023_BZP 00090538_07_P<\/a><\/p>\n<p><a href=\"https:\/\/up.lublin.pl\/bip\/wp-content\/uploads\/sites\/9\/2023\/08\/Plan-postepowan-nr-2023_BZP-00090538_08_P.pdf\">Plan post\u0119powa\u0144 nr 2023_BZP 00090538_08_P<\/a><\/p>\n<p><a href=\"https:\/\/up.lublin.pl\/bip\/wp-content\/uploads\/sites\/9\/2023\/09\/Plan-postepowan-nr-2023_BZP-00090538_09_P.pdf\">Plan post\u0119powa\u0144 nr 2023_BZP 00090538_09_P<\/a><\/p>\n<p><a href=\"https:\/\/up.lublin.pl\/bip\/wp-content\/uploads\/sites\/9\/2023\/09\/Plan-postepowan-nr-2023_BZP-00090538_10_P.pdf\">Plan post\u0119powa\u0144 nr 2023_BZP 00090538_10_P<\/a><\/p>\n<p><a href=\"https:\/\/up.lublin.pl\/bip\/wp-content\/uploads\/sites\/9\/2023\/10\/Plan-postepowan-nr-2023_BZP-00090538_11_P.pdf\">Plan post\u0119powa\u0144 nr 2023_BZP 00090538_11_P<\/a><\/p>\n<p><a href=\"https:\/\/up.lublin.pl\/bip\/wp-content\/uploads\/sites\/9\/2023\/11\/Plan-postepowan-nr-2023_BZP-00090538_12_P.pdf\">Plan post\u0119powa\u0144 nr 2023_BZP 00090538_12_P<\/a><\/p>\n<p><a href=\"https:\/\/up.lublin.pl\/bip\/wp-content\/uploads\/sites\/9\/2023\/11\/Plan-postepowan-nr-2023_BZP-00090538_13_P.pdf\">Plan post\u0119powa\u0144 nr 2023_BZP 00090538_13_P<\/a><\/p>\n                                                <\/div>\n                                            <\/li>\n                                        <\/ul>\n\t\t\t\t\t\t                                                        <ul class=\"mn-accordion\">\n                                            <li>\n                                                <h4 class=\"mn-accordion-title\">2022<\/h4>\n                                                <div>\n\t\t\t\t\t\t\t\t\t                <p><a href=\"https:\/\/up.lublin.pl\/bip\/wp-content\/uploads\/sites\/9\/2022\/02\/Plan-Zamowien-Publicznych-2022.pdf\">Plan zam\u00f3wie\u0144 nr 2022\/BZP 00056627\/01\/P<\/a><\/p>\n<p><a href=\"https:\/\/up.lublin.pl\/bip\/wp-content\/uploads\/sites\/9\/2022\/04\/Plan-Zamowien-Publicznych-nr-2022BZP-0005662702P.pdf\">Plan Zam\u00f3wie\u0144 nr 2022\/BZP 00056627\/02\/P<\/a><\/p>\n<p><a href=\"https:\/\/up.lublin.pl\/bip\/wp-content\/uploads\/sites\/9\/2022\/09\/2022_BZP-00056627_03_P.pdf\">Plan zam\u00f3wie\u0144 nr 2022\/BZP 00056627\/03\/P<\/a><\/p>\n<p><a href=\"https:\/\/up.lublin.pl\/bip\/wp-content\/uploads\/sites\/9\/2022\/11\/Plan-zamowien-nr-2022_BZP-00056627_04_P.pdf\">Plan zam\u00f3wie\u0144 nr 2022\/BZP 00056627\/04\/P<\/a><\/p>\n                                                <\/div>\n                                            <\/li>\n                                        <\/ul>\n\t\t\t\t\t\t                                                        <ul class=\"mn-accordion\">\n                                            <li>\n                                                <h4 class=\"mn-accordion-title\">2021<\/h4>\n                                                <div>\n\t\t\t\t\t\t\t\t\t                <p><a href=\"https:\/\/up.lublin.pl\/bip\/wp-content\/uploads\/sites\/9\/2021\/12\/2021_BZP-00026902_07_P.pdf\">Plan post\u0119powa\u0144 nr 2021_BZP 00026902_07_P<\/a><\/p>\n<p><a href=\"https:\/\/up.lublin.pl\/bip\/wp-content\/uploads\/sites\/9\/2021\/11\/2021_BZP-00026902_06_P.pdf\">Plan post\u0119powa\u0144 nr 2021_BZP 00026902_06_P<\/a><\/p>\n<p><a href=\"https:\/\/up.lublin.pl\/bip\/wp-content\/uploads\/sites\/9\/2021\/09\/2021_BZP-00026902_05_P.pdf\">Plan post\u0119powa\u0144 nr 2021_BZP 00026902_05_P<\/a><\/p>\n<p><a href=\"https:\/\/up.lublin.pl\/bip\/wp-content\/uploads\/sites\/9\/2021\/08\/2021_BZP-00026902_04_P.pdf\">Plan post\u0119powa\u0144 nr 2021_BZP 00026902_04_P<\/a><\/p>\n<p><a href=\"https:\/\/up.lublin.pl\/bip\/wp-content\/uploads\/sites\/9\/2021\/07\/2021_BZP-00026902_03_P.pdf\">Plan post\u0119powa\u0144 nr 2021_BZP 00026902_03_P<\/a><\/p>\n<p><a href=\"https:\/\/up.lublin.pl\/bip\/wp-content\/uploads\/sites\/9\/2021\/04\/Plan-postepowan-o-udzielenie-zamowien-na-rok-2021-wersja-2.pdf\">Plan post\u0119powa\u0144 nr 2021_BZP 00026902_02_P<\/a><\/p>\n<p><a href=\"https:\/\/up.lublin.pl\/files\/zamowienia\/2021\/2021_bzp_00026902_01_p.pdf\">Plan post\u0119powa\u0144 nr 2021_BZP 00026902_01_P<\/a><\/p>\n                                                <\/div>\n                                            <\/li>\n                                        <\/ul>\n\t\t\t\t\t\t                                                        <ul class=\"mn-accordion\">\n                                            <li>\n                                                <h4 class=\"mn-accordion-title\">2020<\/h4>\n                                                <div>\n\t\t\t\t\t\t\t\t\t                <p><a href=\"https:\/\/up.lublin.pl\/files\/zamowienia\/2020\/korekta_dostawa_pracownia_gastro..pdf\"> Korekta planu zam\u00f3wie\u0144 publicznych na rok 2020 &#8211; dostawa<\/a><br \/><a href=\"https:\/\/up.lublin.pl\/files\/zamowienia\/2020\/korekta_planu_zamowien_uslugi.pdf\">Korekta planu zam\u00f3wie\u0144 na rok 2020 &#8211; us\u0142ugi<\/a><br \/><a href=\"https:\/\/up.lublin.pl\/files\/zamowienia\/2020\/scan_plan_dostawy.pdf\">Dostawa<\/a><br \/><a href=\"https:\/\/up.lublin.pl\/files\/zamowienia\/2020\/scan_plan_uslugi.pdf\">Us\u0142ugi<\/a><br \/><a href=\"https:\/\/up.lublin.pl\/files\/zamowienia\/2020\/scan_plan_roboty_budowlane.pdf\">Roboty budowlane<\/a><\/p>\n                                                <\/div>\n                                            <\/li>\n                                        <\/ul>\n\t\t\t\t\t\t                                                        <ul class=\"mn-accordion\">\n                                            <li>\n                                                <h4 class=\"mn-accordion-title\">2019<\/h4>\n                                                <div>\n\t\t\t\t\t\t\t\t\t                <div class=\"post1\">\n<p><a href=\"https:\/\/up.lublin.pl\/files\/zamowienia\/2019\/korekta_planu_uslugi_z_dnia_16.12.2019.pdf\"> Korekta planu zam\u00f3wie\u0144 publicznych na rok 2019 &#8211; us\u0142ugi<\/a><br \/><a href=\"https:\/\/up.lublin.pl\/files\/zamowienia\/2019\/korekta_dostawy_meble.pdf\"> Korekta planu zam\u00f3wie\u0144 publicznych na rok 2019 &#8211; dostawy<\/a><br \/><a href=\"https:\/\/up.lublin.pl\/files\/zamowienia\/2019\/scan_korekty_planu_zamowien_publicznych_w_uslugach_na_2019r..pdf\"> Korekta planu zam\u00f3wie\u0144 publicznych na rok 2019 &#8211; us\u0142ugi<\/a><br \/><a href=\"https:\/\/up.lublin.pl\/files\/zamowienia\/2019\/plany.pdf\"> Korekta plany zam\u00f3wie\u0144 publicznych na rok 2019 &#8211; dostawy <\/a><br \/><a href=\"https:\/\/up.lublin.pl\/files\/zamowienia\/2019\/plan_zamowienin_2019.pdf\">Plan zam\u00f3wie\u0144 2019<\/a><br \/><a href=\"https:\/\/up.lublin.pl\/files\/zamowienia\/2019\/plan_zamowien_dostawy_2019_uzupelnienie.xlsx\">Uzupe\u0142nienie planu zam\u00f3wie\u0144 publicznych na rok 2019 &#8211; dostawy<\/a><br \/><a href=\"https:\/\/up.lublin.pl\/files\/zamowienia\/2019\/plan_uslugi_-_uzupelnienie.docx\">Plan zam\u00f3wie\u0144 us\u0142uga &#8211; uzupe\u0142nienie planu na rok 2019<\/a><\/p>\n<\/div>\n                                                <\/div>\n                                            <\/li>\n                                        <\/ul>\n\t\t\t\t\t\t                                                        <ul class=\"mn-accordion\">\n                                            <li>\n                                                <h4 class=\"mn-accordion-title\">2018<\/h4>\n                                                <div>\n\t\t\t\t\t\t\t\t\t                <ul>\n<li><strong>Dostawa:<\/strong><\/li>\n<\/ul>\n<div><a href=\"http:\/\/www.up.lublin.pl\/files\/zamowienia\/2018\/plan%20zamowien\/plan_dostawy_2018_r.docx\">plan dostawy<\/a><\/div>\n<div>\u00a0<\/div>\n<ul>\n<li><strong>Us\u0142uga:<\/strong><\/li>\n<\/ul>\n<div><a href=\"http:\/\/www.up.lublin.pl\/files\/zamowienia\/2018\/plan%20zamowien\/plan_uslugi.docx\">plan us\u0142ugi<\/a><\/div>\n<div>\u00a0<\/div>\n<ul>\n<li><strong>Robota budowlana:<\/strong><\/li>\n<\/ul>\n<div><a href=\"http:\/\/www.up.lublin.pl\/files\/zamowienia\/2018\/plan%20zamowien\/plan_roboty_budowlane_2018.doc\">plan roboty budowlane<\/a><\/div>\n<div>\u00a0<\/div>\n<ul>\n<li><strong>Aktualizacje planu:<\/strong><\/li>\n<\/ul>\n<div><a href=\"http:\/\/www.up.lublin.pl\/files\/zamowienia\/2018\/plan%20zamowien\/AKTUALIZACJE\/aktualizacja_planu_28.03.2018_r..docx\">aktaulizacja planu dostawy z&nbsp;dnia 28.03.2018<\/a><\/div>\n<div><a href=\"http:\/\/www.up.lublin.pl\/files\/zamowienia\/2018\/plan%20zamowien\/AKTUALIZACJE\/aktualizacja_planu_17.04.2018_r..docx\">aktaulizacja planu us\u0142ugi z&nbsp;dnia 17.04.2018<\/a><\/div>\n<div><a href=\"http:\/\/www.up.lublin.pl\/files\/zamowienia\/2018\/plan%20zamowien\/AKTUALIZACJE\/aktualizacja_planu_14.08.2018_r..docx\">aktaulizacja planu dostawy z&nbsp;dnia 14.08.2018<\/a><\/div>\n<div><a href=\"http:\/\/www.up.lublin.pl\/files\/zamowienia\/2018\/plan%20zamowien\/AKTUALIZACJE\/aktualizacja_planu_uslugi.docx\">aktaulizacja planu us\u0142ugi<\/a> z&nbsp;dnia 14.08.2018<\/div>\n<div><a href=\"https:\/\/up.lublin.pl\/files\/zamowienia\/2018\/plan zamowien\/AKTUALIZACJE\/aktualizacja_planu_10.09.2018_r..docx\">aktaulizacja planu us\u0142ugi z&nbsp;dnia 10.09.2018<\/a><\/div>\n<div><a href=\"https:\/\/up.lublin.pl\/files\/zamowienia\/2018\/plan zamowien\/AKTUALIZACJE\/kopia_plan_zamowien_dostawy_2018_korekta_5.xlsx\">aktualizacja planu dostawy z&nbsp;dnia 08.11.2018<\/a><\/div>\n<div><a href=\"https:\/\/up.lublin.pl\/files\/zamowienia\/2018\/plan zamowien\/korekta_planu_zamowien_publicznych_na_rok_2018_(3)_-_badania.doc\">aktualizacja planu us\u0142ugi z&nbsp;dnia 08.11.2018<\/a><br \/><a href=\"https:\/\/up.lublin.pl\/files\/zamowienia\/2018\/plan zamowien\/AKTUALIZACJE\/aktualizacja_planu_z_dnia_09.11.2018.docx\">aktualizacja planu dostawy z&nbsp;dnia 09.11.2018<\/a><br \/><a href=\"https:\/\/up.lublin.pl\/files\/zamowienia\/2018\/plan zamowien\/AKTUALIZACJE\/korekta_planu_roboty_budowlane_2018.pdf\">aktualizacja planu roboty budowlane 2018<\/a><br \/><a href=\"https:\/\/up.lublin.pl\/files\/zamowienia\/2018\/aktualizacja_planu_18.12.2018_r.-_aparatura-1.doc\">aktualizacja planu dostawy z&nbsp;dnia 18.12.2018 r.<\/a><\/div>\n                                                <\/div>\n                                            <\/li>\n                                        <\/ul>\n\t\t\t\t\t\t                                                        <ul class=\"mn-accordion\">\n                                            <li>\n                                                <h4 class=\"mn-accordion-title\">2017<\/h4>\n                                                <div>\n\t\t\t\t\t\t\t\t\t                <ul>\n<li><a href=\"https:\/\/up.lublin.pl\/files\/zamowienia_publiczne\/plan\/2017\/plan_zamowien_2017_dostawy.pdf\"><strong>Dostawa<\/strong><\/a><\/li>\n<\/ul>\n<p><a href=\"https:\/\/up.lublin.pl\/files\/zamowienia\/2017\/korekta-dostawy\/korekta_planu_z_dnia_15-03.docx\">Korekta z&nbsp;dnia 15.03.2017<\/a><\/p>\n<p><a href=\"https:\/\/up.lublin.pl\/files\/zamowienia\/2017\/korekta-dostawy\/3_-_korekta_dostawy_2017.xlsx\">Korekta z&nbsp;dnia 03.04.2017<\/a><\/p>\n<p><a href=\"https:\/\/up.lublin.pl\/files\/zamowienia\/2017\/korekta-dostawy\/iii_korekta_planu_-dostawy.docx\">Korekta z&nbsp;dnia 24.07.2017<\/a><\/p>\n<p><a href=\"https:\/\/up.lublin.pl\/files\/zamowienia\/2017\/korekta-dostawy\/korekta_planu_zamowien_aparatura.doc\">Korekta z&nbsp;dnia 20.10.2017<\/a><\/p>\n<ul>\n<li><a href=\"https:\/\/up.lublin.pl\/files\/zamowienia_publiczne\/plan\/2017\/plan_zamowien_na_2017_usluga.pdf\"><strong>Us\u0142uga <\/strong><\/a><\/li>\n<\/ul>\n<p><a href=\"https:\/\/up.lublin.pl\/files\/zamowienia\/2017\/korekta-uslugi\/korekta_planu_15-03.docx\">Korekta z&nbsp;dnia 15.03.2017<\/a><\/p>\n<p><a href=\"https:\/\/up.lublin.pl\/files\/zamowienia\/2017\/korekta-uslugi\/korekta_planu_uslugi_z_dnia_31.03.2017r..docx\">Korekta z&nbsp;dnia 31.03.2017<\/a><\/p>\n<ul>\n<li><a href=\"https:\/\/up.lublin.pl\/files\/zamowienia_publiczne\/plan\/2017\/plan_zamowien_2017_roboty_budowlane.pdf\"><strong>Robota budowlana<\/strong><\/a><\/li>\n<\/ul>\n                                                <\/div>\n                                            <\/li>\n                                        <\/ul>\n\t\t\t\t\t\t                                <\/div>\n\t\t\t\t                <div class=\"mn-content-block\">\n\t                                <\/div>\n\t\t\t\t                <div class=\"mn-content-block\">\n\t                                <\/div>\n\t\t\t\t                <div class=\"mn-content-block\">\n\t                                <\/div>\n\t\t\t\t                <div class=\"mn-content-block\">\n\t                                <\/div>\n\t\t\t\t                <div class=\"mn-content-block\">\n\t                                <\/div>\n\t\t\t\t                <div class=\"mn-content-block\">\n\t                                <\/div>\n\t\t\t\t                <div class=\"mn-content-block\">\n\t                                <\/div>\n\t\t\t\t                <div class=\"mn-content-block\">\n\t                                <\/div>\n\t\t\t\t                <div class=\"mn-content-block\">\n\t                                <\/div>\n\t\t\t\t                <div class=\"mn-content-block\">\n\t                                <\/div>\n\t\t\t\t                <div class=\"mn-content-block\">\n\t                                <\/div>\n\t\t\t\t                <div class=\"mn-content-block\">\n\t                                <\/div>\n\t\t\t\t                <div class=\"mn-content-block\">\n\t                                <\/div>\n\t\t\t\t                <div class=\"mn-content-block\">\n\t                                <\/div>\n\t\t\t\t                <div class=\"mn-content-block\">\n\t                                <\/div>\n\t\t\t\t                <div class=\"mn-content-block\">\n\t                                <\/div>\n\t\t\t\t                <div class=\"mn-content-block\">\n\t                                <\/div>\n\t\t\t\t                <div class=\"mn-content-block\">\n\t                                <\/div>\n\t\t\t\t                <div class=\"mn-content-block\">\n\t                                <\/div>\n\t\t\t\t\t\t<\/div>\n\t<\/div>\n<\/section>\n\t\t<\/div>\n\t\t\t\t<\/div>\n\t\t\t\t\t\t<\/div>\n\t\t\t\t\t<\/div>\n\t\t<\/div>\n\t\t\t\t\t\t\t\t<\/div>\n\t\t\t\t\t<\/div>\n\t\t<\/section>\n\t\t\t\t\t\t<\/div>\n\t\t\t\t\t\t<\/div>\n\t\t\t\t\t<\/div>\n\t\t","protected":false},"excerpt":{"rendered":"<p>Plan zam\u00f3wie\u0144 publicznych UP BIP &#8211; Uniwersytet Przyrodniczny w&nbsp;Lublinie 2026 Plan post\u0119powa\u0144 nr 2026_BZP 00099812_01_P\u200b Plan post\u0119powa\u0144 nr 2026_BZP 00099812_02_P Plan post\u0119powa\u0144 nr 2026_BZP 00099812_03_P Plan post\u0119powa\u0144 nr 2026_BZP 00099812_04_P 2025 Plan post\u0119powa\u0144 2025_BZP 00083077_01_P Plan post\u0119powa\u0144 2025_BZP 00083077_02_P Plan postepowa\u0144 2025_BZP 00083077_03_P Plan post\u0119powa\u0144 2025_BZP 00083077_04_P Plan post\u0119powa\u0144 2025_BZP 00083077_05_P Plan post\u0119powa\u0144 2025_BZP 00083077_06_P [&hellip;]<\/p>\n","protected":false},"author":2,"featured_media":0,"parent":20,"menu_order":0,"comment_status":"closed","ping_status":"closed","template":"elementor_header_footer","meta":{"_monsterinsights_skip_tracking":false,"_monsterinsights_sitenote_active":false,"_monsterinsights_sitenote_note":"","_monsterinsights_sitenote_category":0},"_links":{"self":[{"href":"https:\/\/up.lublin.pl\/bip\/wp-json\/wp\/v2\/pages\/82457"}],"collection":[{"href":"https:\/\/up.lublin.pl\/bip\/wp-json\/wp\/v2\/pages"}],"about":[{"href":"https:\/\/up.lublin.pl\/bip\/wp-json\/wp\/v2\/types\/page"}],"author":[{"embeddable":true,"href":"https:\/\/up.lublin.pl\/bip\/wp-json\/wp\/v2\/users\/2"}],"replies":[{"embeddable":true,"href":"https:\/\/up.lublin.pl\/bip\/wp-json\/wp\/v2\/comments?post=82457"}],"version-history":[{"count":190,"href":"https:\/\/up.lublin.pl\/bip\/wp-json\/wp\/v2\/pages\/82457\/revisions"}],"predecessor-version":[{"id":92369,"href":"https:\/\/up.lublin.pl\/bip\/wp-json\/wp\/v2\/pages\/82457\/revisions\/92369"}],"up":[{"embeddable":true,"href":"https:\/\/up.lublin.pl\/bip\/wp-json\/wp\/v2\/pages\/20"}],"wp:attachment":[{"href":"https:\/\/up.lublin.pl\/bip\/wp-json\/wp\/v2\/media?parent=82457"}],"curies":[{"name":"wp","href":"https:\/\/api.w.org\/{rel}","templated":true}]}}