{"id":82455,"date":"2021-04-20T19:45:41","date_gmt":"2021-04-20T17:45:41","guid":{"rendered":"https:\/\/up.lublin.pl\/bip\/?page_id=82455"},"modified":"2021-04-20T19:54:05","modified_gmt":"2021-04-20T17:54:05","slug":"przepisy-prawne","status":"publish","type":"page","link":"https:\/\/up.lublin.pl\/bip\/zamowienia-publiczne\/przepisy-prawne\/","title":{"rendered":"Przepisy prawne"},"content":{"rendered":"\t\t<div data-elementor-type=\"wp-page\" data-elementor-id=\"82455\" class=\"elementor elementor-82455\" data-elementor-settings=\"[]\">\n\t\t\t\t\t\t<div class=\"elementor-inner\">\n\t\t\t\t\t\t\t<div class=\"elementor-section-wrap\">\n\t\t\t\t\t\t\t<section class=\"elementor-section elementor-top-section elementor-element elementor-element-191e2e9 elementor-section-boxed elementor-section-height-default elementor-section-height-default\" data-id=\"191e2e9\" data-element_type=\"section\">\n\t\t\t\t\t\t<div class=\"elementor-container elementor-column-gap-default\">\n\t\t\t\t\t\t\t<div class=\"elementor-row\">\n\t\t\t\t\t<div class=\"elementor-column elementor-col-100 elementor-top-column elementor-element elementor-element-b697ebe\" data-id=\"b697ebe\" data-element_type=\"column\">\n\t\t\t<div class=\"elementor-column-wrap elementor-element-populated\">\n\t\t\t\t\t\t\t<div class=\"elementor-widget-wrap\">\n\t\t\t\t\t\t<div class=\"elementor-element elementor-element-ec24044 elementor-widget elementor-widget-m5c\" data-id=\"ec24044\" data-element_type=\"widget\" data-widget_type=\"m5c.default\">\n\t\t\t\t<div class=\"elementor-widget-container\">\n\t\t\t<section class=\"mn-m5-c mn-m5-d2 mn-bg-white\">\n\t<div class=\"mn-grid\">\n\t\t\t\t<div class=\"mn-content mn-grid-9\">\n\t\t\t                <div class=\"mn-content-block active\">\n\t                                                        <div class=\"block-text\">\n\t                                        <h6><a href=\"https:\/\/up.lublin.pl\/bip\/zamowienia-publiczne\/\">\u2190 powr\u00f3t<\/a><\/h6>\n<h3 style=\"text-align: center;\">Przepisy prawne<\/h3>\n                                        <\/div>\n\t\t\t\t\t\t                                                        <div class=\"block-text\">\n\t                                        <ul>\n<li><a href=\"https:\/\/bip.up.lublin.pl\/files\/biurorektora\/2021\/022\/22.pdf\">Zarz\u0105dzenie <b>22\/2021<\/b> z&nbsp;dnia 15.02.2021 w&nbsp;sprawie <b>wprowadzenia Instrukcji udzielania zam\u00f3wie\u0144 na dostawy, us\u0142ugi i&nbsp;roboty budowlane w&nbsp;Uniwersytecie Przyrodniczym w&nbsp;Lublinie, o&nbsp;warto\u015bci mniejszej ni\u017c kwota 130.000 z\u0142otych<\/b><\/a>\n<ul class=\"akt_zalaczniki\">\n<li class=\"akt_zalacznik\"><a href=\"https:\/\/bip.up.lublin.pl\/files\/biurorektora\/2021\/022\/instrukcja.pdf\">Instrukcja<\/a><\/li>\n<li class=\"akt_zalacznik\"><a href=\"https:\/\/up.lublin.pl\/files\/zamowienia\/2021\/zal._nr_1_zgloszenie.docx\">Zg\u0142oszenie<\/a><\/li>\n<li class=\"akt_zalacznik\"><a href=\"https:\/\/up.lublin.pl\/files\/zamowienia\/2021\/zal._nr_2_wniosek.docx\">Wniosek<\/a><\/li>\n<li class=\"akt_zalacznik\"><a href=\"https:\/\/up.lublin.pl\/files\/zamowienia\/2021\/zal._nr_3_zapytanie_ofertowe.docx\">Zapytanie ofertowe<\/a><\/li>\n<li class=\"akt_zalacznik\"><a href=\"https:\/\/up.lublin.pl\/files\/zamowienia\/2021\/zal_nr_4_oferta_wykonawvcy.docx\">Oferta wykonawcy<\/a><\/li>\n<li class=\"akt_zalacznik\"><a href=\"https:\/\/up.lublin.pl\/files\/zamowienia\/2021\/zal._nr_5_protokol.docx\">Protok\u00f3\u0142<\/a><\/li>\n<li class=\"akt_zalacznik\"><a href=\"https:\/\/up.lublin.pl\/files\/zamowienia\/2021\/zal._nr_6_rejestr_postepowan.docx\">Rejestry post\u0119powa\u0144<\/a><\/li>\n<li class=\"akt_zalacznik\"><a href=\"https:\/\/up.lublin.pl\/files\/zamowienia\/2021\/zal._nr_7_rejestr_umow.docx\">Rejestr um\u00f3w<\/a><\/li>\n<li class=\"akt_zalacznik\"><a href=\"https:\/\/up.lublin.pl\/files\/zamowienia\/2021\/zal._nr_8_rejestr_zakupow.docx\">Rejestr zakup\u00f3w<\/a><\/li>\n<\/ul>\n<\/li>\n<\/ul>\n<ul>\n<li><a href=\"https:\/\/bip.up.lublin.pl\/files\/biurorektora\/2021\/021\/21.pdf\">Zarz\u0105dzenie <b>21\/2021<\/b> z&nbsp;dnia 15.02.2021 w&nbsp;sprawie <b>planowania dostaw, us\u0142ug i&nbsp;rob\u00f3t budowlanych w&nbsp;Uniwersytecie Przyrodniczym w&nbsp;Lublinie<\/b><\/a><\/li>\n<\/ul>\n<p>\u00a0<\/p>\n<ul>\n<li><a href=\"http:\/\/bip.up.lublin.pl\/rektor\/2015\/12\/zarzadzenie12.pdf\" target=\"_blank\" rel=\"noopener\">Zarz\u0105dzenie<b>12\/2015<\/b> z&nbsp;dnia 31.03.2015 w&nbsp;sprawie <b>zmieniaj\u0105ce zarz\u0105dzenie nr 46 a&nbsp;dnia 31 pa\u017adziernika 2014 r. w&nbsp;sprawie wprowadzenia wewn\u0119trznych akt\u00f3w prawnych reguluj\u0105cych zasady udzielania zam\u00f3wie\u0144 na dostawy, us\u0142ugi i&nbsp;roboty budowlane w&nbsp;Uniwersytecie Przyrodniczym w&nbsp;Lublinie<\/b> <\/a><\/li>\n<\/ul>\n<p><strong>Regulamin udzielania zam\u00f3wie\u0144 z&nbsp;dziedziny nauki do 207 tys. euro z&nbsp;za\u0142\u0105cznikami:<\/strong><\/p>\n<ul class=\"akt_zalaczniki\">\n<li class=\"akt_zalacznik\"><a href=\"https:\/\/up.lublin.pl\/files\/zamowienia_publiczne\/2015\/2015-05-26\/regulamin_zamowien_z_dziedziny_nauki_stan_prawny_na_1_maja_2015_r.doc\">Regulamin do pobrania<\/a><\/li>\n<li class=\"akt_zalacznik\"><a href=\"http:\/\/bip.up.lublin.pl\/rektor\/2015\/12\/zalacznik_nr_1__protokol__z_ustal._wartosci_szacunkowej.doc\">Za\u0142\u0105cznik nr 1 Protoko\u0142 z&nbsp;ustal. warto\u015bci szacunkowej<\/a><\/li>\n<li class=\"akt_zalacznik\"><a href=\"https:\/\/up.lublin.pl\/files\/zamowienia_publiczne\/2015\/2015-05-26\/zalacznik_nr_2_wniosek_o_przeprowadzenie_zamowienia.doc\">Za\u0142\u0105cznik nr 2 Wniosek o&nbsp;przeprowadzenie zam\u00f3wienia<\/a><\/li>\n<li class=\"akt_zalacznik\"><a href=\"https:\/\/up.lublin.pl\/files\/zamowienia_publiczne\/2015\/2015-05-26\/zalacznik_nr_3_zaproszenie_do_zlozenia_oferty.doc\">Za\u0142\u0105cznik nr 3 Zaproszenie do z\u0142o\u017cenia oferty<\/a><\/li>\n<li class=\"akt_zalacznik\"><a href=\"https:\/\/up.lublin.pl\/files\/zamowienia_publiczne\/2015\/2015-05-26\/zalacznik_nr_4_oferta_wykonawcy.doc\">Za\u0142\u0105cznik nr 4 Oferta wykonawcy<\/a><\/li>\n<li class=\"akt_zalacznik\"><a href=\"https:\/\/up.lublin.pl\/files\/zamowienia_publiczne\/2015\/2015-05-26\/zalacznik_nr_5_ogloszenie_o_udzielanym_zamowieniu.doc\">Za\u0142\u0105cznik nr 5 Og\u0142oszenie o&nbsp;udzielanym zam\u00f3wieniu<\/a><\/li>\n<li class=\"akt_zalacznik\"><a href=\"https:\/\/up.lublin.pl\/files\/zamowienia_publiczne\/2015\/2015-05-26\/zalacznik_nr_6_ogloszenie_o_udzielonym_zamowieniu.doc\">Za\u0142\u0105cznik nr 6 Og\u0142oszenie o&nbsp;udzielonym zam\u00f3wieniu<\/a><\/li>\n<li class=\"akt_zalacznik\"><a href=\"https:\/\/up.lublin.pl\/files\/zamowienia_publiczne\/2015\/2015-05-26\/zalacznik_nr_7_protokol_z_postepowania.docx\">Za\u0142\u0105cznik nr 7 Protok\u00f3\u0142 z&nbsp;post\u0119powania<\/a><\/li>\n<li class=\"akt_zalacznik\"><a href=\"https:\/\/up.lublin.pl\/files\/zamowienia_publiczne\/2015\/2015-05-26\/zalacznik_nr_8_rejestr_postepowan.docx\">Za\u0142\u0105cznik nr 8 Rejestr post\u0119powa\u0144<\/a><\/li>\n<li class=\"akt_zalacznik\"><a href=\"https:\/\/up.lublin.pl\/files\/zamowienia_publiczne\/2015\/2015-05-26\/zalacznik_nr_9_-_ewidencja_umow.doc\">Za\u0142\u0105cznik nr 9 &#8211; Ewidencja um\u00f3w<\/a><\/li>\n<\/ul>\n<p style=\"text-align: center;\"><a href=\"http:\/\/bip.up.lublin.pl\/zarzadzenia\/\">[ \u017ar\u00f3d\u0142o: BIP ] <\/a><\/p>\n                                        <\/div>\n\t\t\t\t\t\t                                                        <div class=\"block-text\">\n\t                                        <div class=\"post1\">\n<p><a href=\"https:\/\/up.lublin.pl\/files\/zamowienia\/2020\/rozporzadzenie_w_sprawie_sredniego_kursu_zlotego_w_stosunku_do_euro.pdf\"><strong>Rozporz\u0105dzenie Prezesa Rady Ministr\u00f3w w&nbsp;sprawie \u015bredniego kursu z\u0142otego w&nbsp;stosunku do euro stanowi\u0105cego podstaw\u0119 przeliczenia warto\u015bci zam\u00f3wie\u0144 publicznych<\/strong><\/a><\/p>\n<p><a href=\"https:\/\/up.lublin.pl\/files\/zamowienia\/2020\/rozporzadzenie_w_sprawie_wartosci_zamowien.pdf\"><strong>Rozporz\u0105dzenie Ministra Rozwoju i&nbsp;Finans\u00f3w w&nbsp;sprawie kwot warto\u015bci zam\u00f3wie\u0144 oraz konkurs\u00f3w, od kt\u00f3rych jest uzale\u017cniony obowi\u0105zek przekazywania og\u0142osze\u0144 Urz\u0119dowi Publikacji Unii Europejskiej.<\/strong><\/a><\/p>\n<\/div>\n<div class=\"post1\">\n<p><a href=\"https:\/\/up.lublin.pl\/files\/zamowienia\/2020\/komunikat_kurs_euro_2020.pdf\">Komunikat w&nbsp;sprawie \u015bredniego kursu euro oraz wysoko\u015bci prog\u00f3w w&nbsp;2020 r.<\/a><\/p>\n<\/div>\n<div class=\"post1\">\n<p><a href=\"http:\/\/bip.up.lublin.pl\/rektor\/2014\/046\/zarzadzenie46.pdf\"><b>Zarz\u0105dzenie 46\/2014 z&nbsp;dnia 31.10.2014 w&nbsp;sprawie wprowadzenia wewn\u0119trznych akt\u00f3w prawnych reguluj\u0105cych zasady udzielania zam\u00f3wie\u0144 na dostawy, us\u0142ugi i&nbsp;roboty budowlane w&nbsp;Uniwersytecie Przyrodniczym w&nbsp;Lublinie<\/b> [ pobierz zarz\u0105dzenie]<\/a><\/p>\n<p><a href=\"https:\/\/up.lublin.pl\/files\/zamowienia\/2019\/zmiana_instrukacji.pdf\"><strong>Zarz\u0105dzenie 65\/2018 z&nbsp;dnia 20.12.2018 r. zmieniaj\u0105ce zarz\u0105dzenie Rektora nr 46 z&nbsp;dnia 31 pa\u017adziernika 2014 r. w&nbsp;sprawie wprowadzenia wewn\u0119trznych akt\u00f3w prawnych reguluj\u0105cych zasady udzielania zam\u00f3wie\u0144 na dostawy, us\u0142ugi i&nbsp;roboty budowlane w&nbsp;Uniwersytecie Przyrodniczym w&nbsp;Lublinie<\/strong><\/a><\/p>\n<p>Pobierz za\u0142\u0105czniki:<\/p>\n<p><a href=\"http:\/\/bip.up.lublin.pl\/rektor\/2014\/046\/regulamin2.pdf\"><strong>Regulamin udzielania zam\u00f3wie\u0144 publicznych w&nbsp;UP w&nbsp;Lublinie<\/strong><\/a><\/p>\n<ul class=\"akt_zalaczniki\">\n<li><a href=\"http:\/\/bip.up.lublin.pl\/rektor\/2014\/046\/zalacznik_nr_1.docx\">Za\u0142\u0105cznik 1 do Regulaminu udzielania zam\u00f3wie\u0144 publicznych &#8211; Instrukcja prac<\/a><\/li>\n<li><a href=\"http:\/\/bip.up.lublin.pl\/rektor\/2014\/046\/zalacznik_nr_2.docx\">Za\u0142\u0105cznik 2 do Regulaminu udzielania zam\u00f3wie\u0144 publicznych &#8211; Wniosek o&nbsp;udzielenie zam\u00f3wienia <\/a><\/li>\n<li><a href=\"http:\/\/bip.up.lublin.pl\/rektor\/2014\/046\/zalacznik_nr_3.docx\">Za\u0142\u0105cznik 3 do Regulaminu udzielania zam\u00f3wie\u0144 publicznych &#8211; Oszacowanie warto\u015bci w&nbsp;dostawach<\/a><\/li>\n<li><a href=\"http:\/\/bip.up.lublin.pl\/rektor\/2014\/046\/zalacznik_nr__4.docx\">Za\u0142\u0105cznik 4 do Regulaminu udzielania zam\u00f3wie\u0144 publicznych &#8211; Oszacowanie warto\u015bci w&nbsp;us\u0142ugach<\/a><\/li>\n<li><a href=\"http:\/\/bip.up.lublin.pl\/rektor\/2014\/046\/zalacznik_nr__5.docx\">Za\u0142\u0105cznik 5 do Regulaminu udzielania zam\u00f3wie\u0144 publicznych &#8211; Oszacowanie warto\u015bci w&nbsp;robotach budowlanych<\/a><\/li>\n<\/ul>\n<p>\u00a0<\/p>\n<hr \/>\n<\/div>\n<div class=\"post1\">\n<p><span id=\"mod10988\"><a href=\"https:\/\/up.lublin.pl\/files\/zamowienia\/2021\/ujednolicony-tekst-nowej-pzp-rozdzial-3-przepisow-wprowadzajacych.pdf\">Ustawa z&nbsp;dnia 11 wrze\u015bnia 2019r. Prawo zam\u00f3wie\u0144 publicznych (Dz. U. z&nbsp;2019 r. poz. 2019 ze zm.) <strong>[ pobierz ujednolicony tekst ustawy ].<\/strong><\/a><\/span><\/p>\n<\/div>\n<div class=\"post1\">\n<p><strong>Co oznacza dany kod CPV<\/strong><\/p>\n<p>Aby szybko sprawdzi\u0107, co oznacza dany kod CPV lub jaki kod ma bran\u017ca, kt\u00f3ra Ci\u0119 interesuje, skorzystaj z&nbsp;wyszukiwarki poni\u017cej:<\/p>\n<ul>\n<li><a href=\"https:\/\/up.lublin.pl\/files\/zamowienia_publiczne\/dokumenty\/cpv_nowy.pdf\"><strong>Nowy Wsp\u00f3lny S\u0142ownik Zam\u00f3wie\u0144 Publicznych (CPV)<\/strong><\/a><\/li>\n<li><a href=\"http:\/\/uzp.gov.pl\/cmsws\/page\/?D;923;wspolny_slownik_zamowien.html\"><strong>Urz\u0105d Zam\u00f3wie\u0144 Publicznych &#8211; Portal Centralny<\/strong><\/a><\/li>\n<\/ul>\n<\/div>\n                                        <\/div>\n\t\t\t\t\t\t                                <\/div>\n\t\t\t\t                <div class=\"mn-content-block\">\n\t                                <\/div>\n\t\t\t\t                <div class=\"mn-content-block\">\n\t                                <\/div>\n\t\t\t\t                <div class=\"mn-content-block\">\n\t                                <\/div>\n\t\t\t\t                <div class=\"mn-content-block\">\n\t                                <\/div>\n\t\t\t\t                <div class=\"mn-content-block\">\n\t                                <\/div>\n\t\t\t\t                <div class=\"mn-content-block\">\n\t                                <\/div>\n\t\t\t\t                <div class=\"mn-content-block\">\n\t                                <\/div>\n\t\t\t\t                <div class=\"mn-content-block\">\n\t                                <\/div>\n\t\t\t\t                <div class=\"mn-content-block\">\n\t                                <\/div>\n\t\t\t\t                <div class=\"mn-content-block\">\n\t                                <\/div>\n\t\t\t\t                <div class=\"mn-content-block\">\n\t                                <\/div>\n\t\t\t\t                <div class=\"mn-content-block\">\n\t                                <\/div>\n\t\t\t\t                <div class=\"mn-content-block\">\n\t                                <\/div>\n\t\t\t\t                <div class=\"mn-content-block\">\n\t                                <\/div>\n\t\t\t\t                <div class=\"mn-content-block\">\n\t                                <\/div>\n\t\t\t\t                <div class=\"mn-content-block\">\n\t                                <\/div>\n\t\t\t\t                <div class=\"mn-content-block\">\n\t                                <\/div>\n\t\t\t\t                <div class=\"mn-content-block\">\n\t                                <\/div>\n\t\t\t\t                <div class=\"mn-content-block\">\n\t                                <\/div>\n\t\t\t\t\t\t<\/div>\n\t<\/div>\n<\/section>\n\t\t<\/div>\n\t\t\t\t<\/div>\n\t\t\t\t\t\t<\/div>\n\t\t\t\t\t<\/div>\n\t\t<\/div>\n\t\t\t\t\t\t\t\t<\/div>\n\t\t\t\t\t<\/div>\n\t\t<\/section>\n\t\t\t\t\t\t<\/div>\n\t\t\t\t\t\t<\/div>\n\t\t\t\t\t<\/div>\n\t\t","protected":false},"excerpt":{"rendered":"<p>\u2190 powr\u00f3t Przepisy prawne Zarz\u0105dzenie 22\/2021 z&nbsp;dnia 15.02.2021 w&nbsp;sprawie wprowadzenia Instrukcji udzielania zam\u00f3wie\u0144 na dostawy, us\u0142ugi i&nbsp;roboty budowlane w&nbsp;Uniwersytecie Przyrodniczym w&nbsp;Lublinie, o&nbsp;warto\u015bci mniejszej ni\u017c kwota 130.000 z\u0142otych Instrukcja Zg\u0142oszenie Wniosek Zapytanie ofertowe Oferta wykonawcy Protok\u00f3\u0142 Rejestry post\u0119powa\u0144 Rejestr um\u00f3w Rejestr zakup\u00f3w Zarz\u0105dzenie 21\/2021 z&nbsp;dnia 15.02.2021 w&nbsp;sprawie planowania dostaw, us\u0142ug i&nbsp;rob\u00f3t budowlanych w&nbsp;Uniwersytecie Przyrodniczym w&nbsp;Lublinie \u00a0 [&hellip;]<\/p>\n","protected":false},"author":2,"featured_media":0,"parent":20,"menu_order":0,"comment_status":"closed","ping_status":"closed","template":"elementor_header_footer","meta":{"_monsterinsights_skip_tracking":false,"_monsterinsights_sitenote_active":false,"_monsterinsights_sitenote_note":"","_monsterinsights_sitenote_category":0},"_links":{"self":[{"href":"https:\/\/up.lublin.pl\/bip\/wp-json\/wp\/v2\/pages\/82455"}],"collection":[{"href":"https:\/\/up.lublin.pl\/bip\/wp-json\/wp\/v2\/pages"}],"about":[{"href":"https:\/\/up.lublin.pl\/bip\/wp-json\/wp\/v2\/types\/page"}],"author":[{"embeddable":true,"href":"https:\/\/up.lublin.pl\/bip\/wp-json\/wp\/v2\/users\/2"}],"replies":[{"embeddable":true,"href":"https:\/\/up.lublin.pl\/bip\/wp-json\/wp\/v2\/comments?post=82455"}],"version-history":[{"count":10,"href":"https:\/\/up.lublin.pl\/bip\/wp-json\/wp\/v2\/pages\/82455\/revisions"}],"predecessor-version":[{"id":82469,"href":"https:\/\/up.lublin.pl\/bip\/wp-json\/wp\/v2\/pages\/82455\/revisions\/82469"}],"up":[{"embeddable":true,"href":"https:\/\/up.lublin.pl\/bip\/wp-json\/wp\/v2\/pages\/20"}],"wp:attachment":[{"href":"https:\/\/up.lublin.pl\/bip\/wp-json\/wp\/v2\/media?parent=82455"}],"curies":[{"name":"wp","href":"https:\/\/api.w.org\/{rel}","templated":true}]}}