{"id":82208,"date":"2021-04-15T12:08:34","date_gmt":"2021-04-15T10:08:34","guid":{"rendered":"http:\/\/nowastrona.up.lublin.pl\/bip\/?page_id=82208"},"modified":"2024-12-16T13:24:35","modified_gmt":"2024-12-16T12:24:35","slug":"dostepnosc-uczelni","status":"publish","type":"page","link":"https:\/\/up.lublin.pl\/bip\/dostepnosc-uczelni\/","title":{"rendered":"Dost\u0119pno\u015b\u0107 uczelni"},"content":{"rendered":"\t\t<div data-elementor-type=\"wp-page\" data-elementor-id=\"82208\" class=\"elementor elementor-82208\" data-elementor-settings=\"[]\">\n\t\t\t\t\t\t<div class=\"elementor-inner\">\n\t\t\t\t\t\t\t<div class=\"elementor-section-wrap\">\n\t\t\t\t\t\t\t<section class=\"elementor-section elementor-top-section elementor-element elementor-element-4530d74 elementor-section-boxed elementor-section-height-default elementor-section-height-default\" data-id=\"4530d74\" data-element_type=\"section\">\n\t\t\t\t\t\t<div class=\"elementor-container elementor-column-gap-default\">\n\t\t\t\t\t\t\t<div class=\"elementor-row\">\n\t\t\t\t\t<div class=\"elementor-column elementor-col-100 elementor-top-column elementor-element elementor-element-2832b35\" data-id=\"2832b35\" data-element_type=\"column\">\n\t\t\t<div class=\"elementor-column-wrap elementor-element-populated\">\n\t\t\t\t\t\t\t<div class=\"elementor-widget-wrap\">\n\t\t\t\t\t\t<div class=\"elementor-element elementor-element-01da719 elementor-widget elementor-widget-m2k\" data-id=\"01da719\" data-element_type=\"widget\" data-widget_type=\"m2k.default\">\n\t\t\t\t<div class=\"elementor-widget-container\">\n\t\t\t<section class=\"mn-m2-d mn-bg-green\">\n    <div class=\"mn-grid\">\n        <div class=\"mn-grid-12 mn-introtext\">\n                            <h3>\n                    Dost\u0119pno\u015b\u0107 uczelni                <\/h3>\n                        <\/div>\n    <\/div>\n    <\/section>\n\t\t<\/div>\n\t\t\t\t<\/div>\n\t\t\t\t<div class=\"elementor-element elementor-element-e9d0bc2 elementor-widget elementor-widget-m5c\" data-id=\"e9d0bc2\" data-element_type=\"widget\" data-widget_type=\"m5c.default\">\n\t\t\t\t<div class=\"elementor-widget-container\">\n\t\t\t<section class=\"mn-m5-c mn-m5-d2 mn-bg-white\">\n\t<div class=\"mn-grid\">\n\t\t\t\t<div class=\"mn-content mn-grid-9\">\n\t\t\t                <div class=\"mn-content-block active\">\n\t                                                        <div class=\"mn-cards-list\">\n                                            <div class=\"mn-card-container\">\n                                                <div>\n                                                    <img src=\"https:\/\/up.lublin.pl\/bip\/wp-content\/themes\/up-lublin\/assets\/images\/doc-ico.svg\" alt=\"\" \/>\n                                                    <h5>Raport o&nbsp;stanie zapewnienia dost\u0119pno\u015bci podmiotu publicznego (.pdf)<\/h5>\n                                                <\/div>\n                                                <a href=\"https:\/\/up.lublin.pl\/bip\/wp-content\/uploads\/sites\/9\/2021\/04\/raport-dostepnosci.pdf\" class=\"mn-more\" target=\"_blank\">Zobacz<\/a>\n                                            <\/div>\n                                        <\/div>\n\t\t\t\t\t\t                                                        <div class=\"mn-cards-list\">\n                                            <div class=\"mn-card-container\">\n                                                <div>\n                                                    <img src=\"https:\/\/up.lublin.pl\/bip\/wp-content\/themes\/up-lublin\/assets\/images\/doc-ico.svg\" alt=\"\" \/>\n                                                    <h5>Plan dzia\u0142ania na rzecz poprawy dost\u0119pno\u015bci 2025-2028<\/h5>\n                                                <\/div>\n                                                <a href=\"https:\/\/up.lublin.pl\/bip\/wp-content\/uploads\/sites\/9\/2024\/12\/Plan-dzialania-na-rzecz-poprawy-dostepnosci-2025-2028.pdf\" class=\"mn-more\" target=\"_blank\">Zobacz<\/a>\n                                            <\/div>\n                                        <\/div>\n\t\t\t\t\t\t                                                        <div class=\"mn-cards-list\">\n                                            <div class=\"mn-card-container\">\n                                                <div>\n                                                    <img src=\"https:\/\/up.lublin.pl\/bip\/wp-content\/themes\/up-lublin\/assets\/images\/doc-ico.svg\" alt=\"\" \/>\n                                                    <h5>Deklaracja dost\u0119pno\u015bci<\/h5>\n                                                <\/div>\n                                                <a href=\"https:\/\/up.lublin.pl\/deklaracja-dostepnosci\/\" class=\"mn-more\" target=\"_blank\">Zobacz<\/a>\n                                            <\/div>\n                                        <\/div>\n\t\t\t\t\t\t                                <\/div>\n\t\t\t\t                <div class=\"mn-content-block\">\n\t                                <\/div>\n\t\t\t\t                <div class=\"mn-content-block\">\n\t                                <\/div>\n\t\t\t\t                <div class=\"mn-content-block\">\n\t                                <\/div>\n\t\t\t\t                <div class=\"mn-content-block\">\n\t                                <\/div>\n\t\t\t\t                <div class=\"mn-content-block\">\n\t                                <\/div>\n\t\t\t\t                <div class=\"mn-content-block\">\n\t                                <\/div>\n\t\t\t\t                <div class=\"mn-content-block\">\n\t                                <\/div>\n\t\t\t\t                <div class=\"mn-content-block\">\n\t                                <\/div>\n\t\t\t\t                <div class=\"mn-content-block\">\n\t                                <\/div>\n\t\t\t\t                <div class=\"mn-content-block\">\n\t                                <\/div>\n\t\t\t\t                <div class=\"mn-content-block\">\n\t                                <\/div>\n\t\t\t\t                <div class=\"mn-content-block\">\n\t                                <\/div>\n\t\t\t\t                <div class=\"mn-content-block\">\n\t                                <\/div>\n\t\t\t\t                <div class=\"mn-content-block\">\n\t                                <\/div>\n\t\t\t\t                <div class=\"mn-content-block\">\n\t                                <\/div>\n\t\t\t\t                <div class=\"mn-content-block\">\n\t                                <\/div>\n\t\t\t\t                <div class=\"mn-content-block\">\n\t                                <\/div>\n\t\t\t\t                <div class=\"mn-content-block\">\n\t                                <\/div>\n\t\t\t\t                <div class=\"mn-content-block\">\n\t                                <\/div>\n\t\t\t\t\t\t<\/div>\n\t<\/div>\n<\/section>\n\t\t<\/div>\n\t\t\t\t<\/div>\n\t\t\t\t\t\t<\/div>\n\t\t\t\t\t<\/div>\n\t\t<\/div>\n\t\t\t\t\t\t\t\t<\/div>\n\t\t\t\t\t<\/div>\n\t\t<\/section>\n\t\t\t\t\t\t<\/div>\n\t\t\t\t\t\t<\/div>\n\t\t\t\t\t<\/div>\n\t\t","protected":false},"excerpt":{"rendered":"<p>Dost\u0119pno\u015b\u0107 uczelni UP BIP &#8211; Uniwersytet Przyrodniczny w&nbsp;Lublinie Raport o&nbsp;stanie zapewnienia dost\u0119pno\u015bci podmiotu publicznego (.pdf) Zobacz Plan dzia\u0142ania na rzecz poprawy dost\u0119pno\u015bci 2025-2028 Zobacz Deklaracja dost\u0119pno\u015bci Zobacz<\/p>\n","protected":false},"author":2,"featured_media":0,"parent":0,"menu_order":0,"comment_status":"closed","ping_status":"closed","template":"elementor_header_footer","meta":{"_monsterinsights_skip_tracking":false,"_monsterinsights_sitenote_active":false,"_monsterinsights_sitenote_note":"","_monsterinsights_sitenote_category":0},"_links":{"self":[{"href":"https:\/\/up.lublin.pl\/bip\/wp-json\/wp\/v2\/pages\/82208"}],"collection":[{"href":"https:\/\/up.lublin.pl\/bip\/wp-json\/wp\/v2\/pages"}],"about":[{"href":"https:\/\/up.lublin.pl\/bip\/wp-json\/wp\/v2\/types\/page"}],"author":[{"embeddable":true,"href":"https:\/\/up.lublin.pl\/bip\/wp-json\/wp\/v2\/users\/2"}],"replies":[{"embeddable":true,"href":"https:\/\/up.lublin.pl\/bip\/wp-json\/wp\/v2\/comments?post=82208"}],"version-history":[{"count":11,"href":"https:\/\/up.lublin.pl\/bip\/wp-json\/wp\/v2\/pages\/82208\/revisions"}],"predecessor-version":[{"id":90234,"href":"https:\/\/up.lublin.pl\/bip\/wp-json\/wp\/v2\/pages\/82208\/revisions\/90234"}],"wp:attachment":[{"href":"https:\/\/up.lublin.pl\/bip\/wp-json\/wp\/v2\/media?parent=82208"}],"curies":[{"name":"wp","href":"https:\/\/api.w.org\/{rel}","templated":true}]}}