{"id":82176,"date":"2021-04-02T01:32:59","date_gmt":"2021-04-01T23:32:59","guid":{"rendered":"http:\/\/nowastrona.up.lublin.pl\/bip\/?page_id=82176"},"modified":"2026-02-25T14:41:05","modified_gmt":"2026-02-25T13:41:05","slug":"ogloszenia-male-kwoty","status":"publish","type":"page","link":"https:\/\/up.lublin.pl\/bip\/ogloszenia-male-kwoty\/","title":{"rendered":"Og\u0142oszenia kwot ma\u0142ych, o warto\u015bci mniejszej ni\u017c 170 tys. z\u0142"},"content":{"rendered":"\t\t<div data-elementor-type=\"wp-page\" data-elementor-id=\"82176\" class=\"elementor elementor-82176\" data-elementor-settings=\"[]\">\n\t\t\t\t\t\t<div class=\"elementor-inner\">\n\t\t\t\t\t\t\t<div class=\"elementor-section-wrap\">\n\t\t\t\t\t\t\t<section class=\"elementor-section elementor-top-section elementor-element elementor-element-96a950e elementor-section-boxed elementor-section-height-default elementor-section-height-default\" data-id=\"96a950e\" data-element_type=\"section\">\n\t\t\t\t\t\t<div class=\"elementor-container elementor-column-gap-default\">\n\t\t\t\t\t\t\t<div class=\"elementor-row\">\n\t\t\t\t\t<div class=\"elementor-column elementor-col-100 elementor-top-column elementor-element elementor-element-9478ac5\" data-id=\"9478ac5\" data-element_type=\"column\">\n\t\t\t<div class=\"elementor-column-wrap elementor-element-populated\">\n\t\t\t\t\t\t\t<div class=\"elementor-widget-wrap\">\n\t\t\t\t\t\t<div class=\"elementor-element elementor-element-a021d99 elementor-widget elementor-widget-m2d\" data-id=\"a021d99\" data-element_type=\"widget\" data-widget_type=\"m2d.default\">\n\t\t\t\t<div class=\"elementor-widget-container\">\n\t\t\t<section class=\"mn-m2-d mn-bg-green\">\r\n\t<div class=\"mn-grid\">\r\n\t\t<div class=\"mn-grid-12 mn-introtext\">\r\n\t\t\t\t\t\t\t<h3>\r\n\t\t\t\t\tOg\u0142oszenia kwot ma\u0142ych, o&nbsp;warto\u015bci mniejszej ni\u017c 170 tys. z\u0142 \t\t\t\t<\/h3>\r\n\t\t\t\t\t\t<\/div>\r\n\t\t\t        \r\n\r\n\t<\/div>\r\n\t<\/section>\r\n\t\t<\/div>\n\t\t\t\t<\/div>\n\t\t\t\t<div class=\"elementor-element elementor-element-8eaa7b1 elementor-widget elementor-widget-m8d2\" data-id=\"8eaa7b1\" data-element_type=\"widget\" data-widget_type=\"m8d2.default\">\n\t\t\t\t<div class=\"elementor-widget-container\">\n\t\t\t<section class=\"mn-m8-f mn-bg-white\">\n\t<div class=\"mn-grid\">\n\t\t\t\t\t<div class=\"regulations-links mn-grid-12\">\n\t\t\t\t                    <div class=\"document-link regulation-link\">\n                        <a href=\"https:\/\/up.lublin.pl\/bip\/ogloszenia-male-kwoty-kategoria\/bpm\/\">\n                            <img src=\"https:\/\/up.lublin.pl\/bip\/wp-content\/themes\/up-lublin\/assets\/images\/folder-ico.svg\" alt=\"\" \/>\n                            <h5 class=\"link-name\">Biuro Projekt\u00f3w Mi\u0119dzynarodowych<\/h5>\n                            <span class=\"link-text\">Zobacz<\/span>\n                        <\/a>\n                    <\/div>\n\t\t\t\t\t                    <div class=\"document-link regulation-link\">\n                        <a href=\"https:\/\/up.lublin.pl\/bip\/ogloszenia-male-kwoty-kategoria\/biuro-zaopatrzenia\/\">\n                            <img src=\"https:\/\/up.lublin.pl\/bip\/wp-content\/themes\/up-lublin\/assets\/images\/folder-ico.svg\" alt=\"\" \/>\n                            <h5 class=\"link-name\">Biuro Zaopatrzenia<\/h5>\n                            <span class=\"link-text\">Zobacz<\/span>\n                        <\/a>\n                    <\/div>\n\t\t\t\t\t                    <div class=\"document-link regulation-link\">\n                        <a href=\"https:\/\/up.lublin.pl\/bip\/ogloszenia-male-kwoty-kategoria\/centralne-laboratorium-badawcze\/\">\n                            <img src=\"https:\/\/up.lublin.pl\/bip\/wp-content\/themes\/up-lublin\/assets\/images\/folder-ico.svg\" alt=\"\" \/>\n                            <h5 class=\"link-name\">Centralne Laboratorium Badawcze<\/h5>\n                            <span class=\"link-text\">Zobacz<\/span>\n                        <\/a>\n                    <\/div>\n\t\t\t\t\t                    <div class=\"document-link regulation-link\">\n                        <a href=\"https:\/\/up.lublin.pl\/bip\/ogloszenia-male-kwoty-kategoria\/dzial-organizacji-i-toku-studiow\/\">\n                            <img src=\"https:\/\/up.lublin.pl\/bip\/wp-content\/themes\/up-lublin\/assets\/images\/folder-ico.svg\" alt=\"\" \/>\n                            <h5 class=\"link-name\">Dzia\u0142 Organizacji i&nbsp;Toku Studi\u00f3w<\/h5>\n                            <span class=\"link-text\">Zobacz<\/span>\n                        <\/a>\n                    <\/div>\n\t\t\t\t\t                    <div class=\"document-link regulation-link\">\n                        <a href=\"https:\/\/up.lublin.pl\/bip\/ogloszenia-male-kwoty-kategoria\/centrum-informatyki\/\">\n                            <img src=\"https:\/\/up.lublin.pl\/bip\/wp-content\/themes\/up-lublin\/assets\/images\/folder-ico.svg\" alt=\"\" \/>\n                            <h5 class=\"link-name\">Centrum Informatyki<\/h5>\n                            <span class=\"link-text\">Zobacz<\/span>\n                        <\/a>\n                    <\/div>\n\t\t\t\t\t                    <div class=\"document-link regulation-link\">\n                        <a href=\"https:\/\/up.lublin.pl\/bip\/ogloszenia-male-kwoty-kategoria\/centrum-kultury-fizycznej-i-sportu\/\">\n                            <img src=\"https:\/\/up.lublin.pl\/bip\/wp-content\/themes\/up-lublin\/assets\/images\/folder-ico.svg\" alt=\"\" \/>\n                            <h5 class=\"link-name\">Centrum Kultury Fizycznej i&nbsp;Sportu<\/h5>\n                            <span class=\"link-text\">Zobacz<\/span>\n                        <\/a>\n                    <\/div>\n\t\t\t\t\t                    <div class=\"document-link regulation-link\">\n                        <a href=\"https:\/\/up.lublin.pl\/bip\/ogloszenia-male-kwoty-kategoria\/centrum-kultury-i-folkloru-wsi\/\">\n                            <img src=\"https:\/\/up.lublin.pl\/bip\/wp-content\/themes\/up-lublin\/assets\/images\/folder-ico.svg\" alt=\"\" \/>\n                            <h5 class=\"link-name\">Centrum Kultury i&nbsp;Folkloru Wsi<\/h5>\n                            <span class=\"link-text\">Zobacz<\/span>\n                        <\/a>\n                    <\/div>\n\t\t\t\t\t                    <div class=\"document-link regulation-link\">\n                        <a href=\"https:\/\/up.lublin.pl\/bip\/ogloszenia-male-kwoty-kategoria\/dzial-administracyjno-gospodarczy\/\">\n                            <img src=\"https:\/\/up.lublin.pl\/bip\/wp-content\/themes\/up-lublin\/assets\/images\/folder-ico.svg\" alt=\"\" \/>\n                            <h5 class=\"link-name\">Dzia\u0142 Administracyjno-Gospodarczy<\/h5>\n                            <span class=\"link-text\">Zobacz<\/span>\n                        <\/a>\n                    <\/div>\n\t\t\t\t\t                    <div class=\"document-link regulation-link\">\n                        <a href=\"https:\/\/up.lublin.pl\/bip\/ogloszenia-male-kwoty-kategoria\/bhp\/\">\n                            <img src=\"https:\/\/up.lublin.pl\/bip\/wp-content\/themes\/up-lublin\/assets\/images\/folder-ico.svg\" alt=\"\" \/>\n                            <h5 class=\"link-name\">Dzia\u0142 BHP i&nbsp;Ochrony PPO\u017b.<\/h5>\n                            <span class=\"link-text\">Zobacz<\/span>\n                        <\/a>\n                    <\/div>\n\t\t\t\t\t                    <div class=\"document-link regulation-link\">\n                        <a href=\"https:\/\/up.lublin.pl\/bip\/ogloszenia-male-kwoty-kategoria\/dzial-techniczny\/\">\n                            <img src=\"https:\/\/up.lublin.pl\/bip\/wp-content\/themes\/up-lublin\/assets\/images\/folder-ico.svg\" alt=\"\" \/>\n                            <h5 class=\"link-name\">Dzia\u0142 Infrastruktury Technicznej<\/h5>\n                            <span class=\"link-text\">Zobacz<\/span>\n                        <\/a>\n                    <\/div>\n\t\t\t\t\t                    <div class=\"document-link regulation-link\">\n                        <a href=\"https:\/\/up.lublin.pl\/bip\/ogloszenia-male-kwoty-kategoria\/dzial-kadr-i-plac\/\">\n                            <img src=\"https:\/\/up.lublin.pl\/bip\/wp-content\/themes\/up-lublin\/assets\/images\/folder-ico.svg\" alt=\"\" \/>\n                            <h5 class=\"link-name\">Dzia\u0142 Kadr i&nbsp;P\u0142ac<\/h5>\n                            <span class=\"link-text\">Zobacz<\/span>\n                        <\/a>\n                    <\/div>\n\t\t\t\t\t                    <div class=\"document-link regulation-link\">\n                        <a href=\"https:\/\/up.lublin.pl\/bip\/ogloszenia-male-kwoty-kategoria\/dzial-komunikacji-i-wymiany-akademickiej\/\">\n                            <img src=\"https:\/\/up.lublin.pl\/bip\/wp-content\/themes\/up-lublin\/assets\/images\/folder-ico.svg\" alt=\"\" \/>\n                            <h5 class=\"link-name\">Dzia\u0142 Komunikacji i&nbsp;Wymiany Akademickiej (archiwalne)<\/h5>\n                            <span class=\"link-text\">Zobacz<\/span>\n                        <\/a>\n                    <\/div>\n\t\t\t\t\t                    <div class=\"document-link regulation-link\">\n                        <a href=\"https:\/\/up.lublin.pl\/bip\/ogloszenia-male-kwoty-kategoria\/dzial-nauki\/\">\n                            <img src=\"https:\/\/up.lublin.pl\/bip\/wp-content\/themes\/up-lublin\/assets\/images\/folder-ico.svg\" alt=\"\" \/>\n                            <h5 class=\"link-name\">Dzia\u0142 Nauki<\/h5>\n                            <span class=\"link-text\">Zobacz<\/span>\n                        <\/a>\n                    <\/div>\n\t\t\t\t\t                    <div class=\"document-link regulation-link\">\n                        <a href=\"https:\/\/up.lublin.pl\/bip\/ogloszenia-male-kwoty-kategoria\/dzial-rekrutacji-i-promocji\/\">\n                            <img src=\"https:\/\/up.lublin.pl\/bip\/wp-content\/themes\/up-lublin\/assets\/images\/folder-ico.svg\" alt=\"\" \/>\n                            <h5 class=\"link-name\">Dzia\u0142 Rekrutacji i&nbsp;Promocji<\/h5>\n                            <span class=\"link-text\">Zobacz<\/span>\n                        <\/a>\n                    <\/div>\n\t\t\t\t\t                    <div class=\"document-link regulation-link\">\n                        <a href=\"https:\/\/up.lublin.pl\/bip\/ogloszenia-male-kwoty-kategoria\/dzial-technologii-multimedialnych\/\">\n                            <img src=\"https:\/\/up.lublin.pl\/bip\/wp-content\/themes\/up-lublin\/assets\/images\/folder-ico.svg\" alt=\"\" \/>\n                            <h5 class=\"link-name\">Dzia\u0142 Technologii Multimedialnych<\/h5>\n                            <span class=\"link-text\">Zobacz<\/span>\n                        <\/a>\n                    <\/div>\n\t\t\t\t\t                    <div class=\"document-link regulation-link\">\n                        <a href=\"https:\/\/up.lublin.pl\/bip\/ogloszenia-male-kwoty-kategoria\/sekcja-ds-technicznej-obslugi-domow-studenckich\/\">\n                            <img src=\"https:\/\/up.lublin.pl\/bip\/wp-content\/themes\/up-lublin\/assets\/images\/folder-ico.svg\" alt=\"\" \/>\n                            <h5 class=\"link-name\">Sekcja ds. Technicznej Obs\u0142ugi Dom\u00f3w Studenckich<\/h5>\n                            <span class=\"link-text\">Zobacz<\/span>\n                        <\/a>\n                    <\/div>\n\t\t\t\t\t                    <div class=\"document-link regulation-link\">\n                        <a href=\"https:\/\/up.lublin.pl\/bip\/ogloszenia-male-kwoty-kategoria\/wup\/\">\n                            <img src=\"https:\/\/up.lublin.pl\/bip\/wp-content\/themes\/up-lublin\/assets\/images\/folder-ico.svg\" alt=\"\" \/>\n                            <h5 class=\"link-name\">Wydawnictwo Uniwersytetu Przyrodniczego w&nbsp;Lublinie<\/h5>\n                            <span class=\"link-text\">Zobacz<\/span>\n                        <\/a>\n                    <\/div>\n\t\t\t\t\t\t\t\t<\/div>\n\t\t\t\t<\/div>\n<\/section>\n\t\t<\/div>\n\t\t\t\t<\/div>\n\t\t\t\t\t\t<\/div>\n\t\t\t\t\t<\/div>\n\t\t<\/div>\n\t\t\t\t\t\t\t\t<\/div>\n\t\t\t\t\t<\/div>\n\t\t<\/section>\n\t\t\t\t\t\t<\/div>\n\t\t\t\t\t\t<\/div>\n\t\t\t\t\t<\/div>\n\t\t","protected":false},"excerpt":{"rendered":"<p>Og\u0142oszenia kwot ma\u0142ych, o&nbsp;warto\u015bci mniejszej ni\u017c 170 tys. z\u0142 UP BIP &#8211; Uniwersytet Przyrodniczny w&nbsp;Lublinie Biuro Projekt\u00f3w Mi\u0119dzynarodowych Zobacz Biuro Zaopatrzenia Zobacz Centralne Laboratorium Badawcze Zobacz Dzia\u0142 Organizacji i&nbsp;Toku Studi\u00f3w Zobacz Centrum Informatyki Zobacz Centrum Kultury Fizycznej i&nbsp;Sportu Zobacz Centrum Kultury i&nbsp;Folkloru Wsi Zobacz Dzia\u0142 Administracyjno-Gospodarczy Zobacz Dzia\u0142 BHP i&nbsp;Ochrony PPO\u017b. Zobacz Dzia\u0142 Infrastruktury Technicznej [&hellip;]<\/p>\n","protected":false},"author":1,"featured_media":0,"parent":0,"menu_order":0,"comment_status":"closed","ping_status":"closed","template":"","meta":{"_monsterinsights_skip_tracking":false,"_monsterinsights_sitenote_active":false,"_monsterinsights_sitenote_note":"","_monsterinsights_sitenote_category":0},"_links":{"self":[{"href":"https:\/\/up.lublin.pl\/bip\/wp-json\/wp\/v2\/pages\/82176"}],"collection":[{"href":"https:\/\/up.lublin.pl\/bip\/wp-json\/wp\/v2\/pages"}],"about":[{"href":"https:\/\/up.lublin.pl\/bip\/wp-json\/wp\/v2\/types\/page"}],"author":[{"embeddable":true,"href":"https:\/\/up.lublin.pl\/bip\/wp-json\/wp\/v2\/users\/1"}],"replies":[{"embeddable":true,"href":"https:\/\/up.lublin.pl\/bip\/wp-json\/wp\/v2\/comments?post=82176"}],"version-history":[{"count":21,"href":"https:\/\/up.lublin.pl\/bip\/wp-json\/wp\/v2\/pages\/82176\/revisions"}],"predecessor-version":[{"id":92015,"href":"https:\/\/up.lublin.pl\/bip\/wp-json\/wp\/v2\/pages\/82176\/revisions\/92015"}],"wp:attachment":[{"href":"https:\/\/up.lublin.pl\/bip\/wp-json\/wp\/v2\/media?parent=82176"}],"curies":[{"name":"wp","href":"https:\/\/api.w.org\/{rel}","templated":true}]}}