{"id":77103,"date":"2020-10-21T01:37:01","date_gmt":"2020-10-20T23:37:01","guid":{"rendered":"http:\/\/nowastrona.up.lublin.pl\/bip\/?page_id=77103"},"modified":"2026-03-05T13:46:24","modified_gmt":"2026-03-05T12:46:24","slug":"pozostale-akty-prawne","status":"publish","type":"page","link":"https:\/\/up.lublin.pl\/bip\/pozostale-akty-prawne\/","title":{"rendered":"Pozosta\u0142e akty prawne"},"content":{"rendered":"\t\t<div data-elementor-type=\"wp-page\" data-elementor-id=\"77103\" class=\"elementor elementor-77103\" data-elementor-settings=\"[]\">\n\t\t\t\t\t\t<div class=\"elementor-inner\">\n\t\t\t\t\t\t\t<div class=\"elementor-section-wrap\">\n\t\t\t\t\t\t\t<section class=\"elementor-section elementor-top-section elementor-element elementor-element-1e42d42 elementor-section-boxed elementor-section-height-default elementor-section-height-default\" data-id=\"1e42d42\" data-element_type=\"section\">\n\t\t\t\t\t\t<div class=\"elementor-container elementor-column-gap-default\">\n\t\t\t\t\t\t\t<div class=\"elementor-row\">\n\t\t\t\t\t<div class=\"elementor-column elementor-col-100 elementor-top-column elementor-element elementor-element-b6545d1\" data-id=\"b6545d1\" data-element_type=\"column\">\n\t\t\t<div class=\"elementor-column-wrap elementor-element-populated\">\n\t\t\t\t\t\t\t<div class=\"elementor-widget-wrap\">\n\t\t\t\t\t\t<div class=\"elementor-element elementor-element-a64a1c1 elementor-widget elementor-widget-m5c\" data-id=\"a64a1c1\" data-element_type=\"widget\" data-widget_type=\"m5c.default\">\n\t\t\t\t<div class=\"elementor-widget-container\">\n\t\t\t<section class=\"mn-m5-c mn-m5-d2 mn-bg-white\">\n\t<div class=\"mn-grid\">\n\t\t\t\t<div class=\"mn-content mn-grid-9\">\n\t\t\t                <div class=\"mn-content-block active\">\n\t                                                        <div class=\"block-text\">\n\t                                        <h2 class=\"mn-title-2 mn-grid-12\">Pozosta\u0142e akty prawne<\/h2>\n                                        <\/div>\n\t\t\t\t\t\t                                                        <div class=\"mn-cards-list\">\n                                            <div class=\"mn-card-container\">\n                                                <div>\n                                                    <img src=\"https:\/\/up.lublin.pl\/bip\/wp-content\/themes\/up-lublin\/assets\/images\/doc-ico.svg\" alt=\"\" \/>\n                                                    <h5>Polityka Rachunkowo\u015bci i&nbsp;Uczelnianego Planu Kont UP w&nbsp;Lublinie<\/h5>\n                                                <\/div>\n                                                <a href=\"https:\/\/up.lublin.pl\/bip\/wp-content\/uploads\/sites\/9\/2020\/10\/nowa__polityka_2019-1.pdf\" class=\"mn-more\" target=\"_blank\">Zobacz<\/a>\n                                            <\/div>\n                                        <\/div>\n\t\t\t\t\t\t                                                        <div class=\"mn-cards-list\">\n                                            <div class=\"mn-card-container\">\n                                                <div>\n                                                    <img src=\"https:\/\/up.lublin.pl\/bip\/wp-content\/themes\/up-lublin\/assets\/images\/doc-ico.svg\" alt=\"\" \/>\n                                                    <h5>Zarz\u0105dzenie 149\/2020 z&nbsp;dnia 22.12.2020 zmieniaj\u0105ce Zarz\u0105dzenie nr 105 Rektora z&nbsp;dnia 31 grudnia 2019 r. w&nbsp;sprawie Zasad (polityki) rachunkowo\u015bci Uniwersytetu Przyrodniczego w&nbsp;Lublinie<\/h5>\n                                                <\/div>\n                                                <a href=\"https:\/\/up.lublin.pl\/files\/biurorektora\/2020\/149\/149.pdf\" class=\"mn-more\" target=\"_blank\">Zobacz<\/a>\n                                            <\/div>\n                                        <\/div>\n\t\t\t\t\t\t                                                        <div class=\"mn-cards-list\">\n                                            <div class=\"mn-card-container\">\n                                                <div>\n                                                    <img src=\"https:\/\/up.lublin.pl\/bip\/wp-content\/themes\/up-lublin\/assets\/images\/doc-ico.svg\" alt=\"\" \/>\n                                                    <h5>Zarz\u0105dzenie 136\/2023 z&nbsp;dnia 19.12.2023 w&nbsp;sprawie zmiany Zarz\u0105dzenia nr 105 Rektora z&nbsp;dnia 31 grudnia 2019 r. w&nbsp;sprawie Zasad (polityki) rachunkowo\u015bci Uniwersytetu Przyrodniczego w&nbsp;Lublinie<\/h5>\n                                                <\/div>\n                                                <a href=\"https:\/\/up.lublin.pl\/bip\/wp-content\/uploads\/sites\/9\/2024\/02\/z-136-2023-1.pdf\" class=\"mn-more\" target=\"_blank\">Zobacz<\/a>\n                                            <\/div>\n                                        <\/div>\n\t\t\t\t\t\t                                                        <div class=\"mn-cards-list\">\n                                            <div class=\"mn-card-container\">\n                                                <div>\n                                                    <img src=\"https:\/\/up.lublin.pl\/bip\/wp-content\/themes\/up-lublin\/assets\/images\/doc-ico.svg\" alt=\"\" \/>\n                                                    <h5>Zarz\u0105dzenie 131\/2024 z&nbsp;dnia 17.12.2024 zmieniaj\u0105ce Zarz\u0105dzenie nr 105 Rektora z&nbsp;dnia 31 grudnia 2019 r. w&nbsp;sprawie Zasad (polityki) rachunkowo\u015bci Uniwersytetu Przyrodniczego w&nbsp;Lublinie<\/h5>\n                                                <\/div>\n                                                <a href=\"https:\/\/up.lublin.pl\/bip\/wp-content\/uploads\/sites\/9\/2025\/01\/z-131-2024-1.pdf\" class=\"mn-more\" target=\"_blank\">Zobacz<\/a>\n                                            <\/div>\n                                        <\/div>\n\t\t\t\t\t\t                                                        <div class=\"mn-cards-list\">\n                                            <div class=\"mn-card-container\">\n                                                <div>\n                                                    <img src=\"https:\/\/up.lublin.pl\/bip\/wp-content\/themes\/up-lublin\/assets\/images\/doc-ico.svg\" alt=\"\" \/>\n                                                    <h5>Porozumienie o&nbsp;wsp\u00f3\u0142pracy w&nbsp;zakresie przeciwdzia\u0142ania narkomanii i&nbsp;zagro\u017ceniom terrorystycznym<\/h5>\n                                                <\/div>\n                                                <a href=\"https:\/\/up.lublin.pl\/bip\/wp-content\/uploads\/sites\/9\/2020\/10\/porozumienie.pdf\" class=\"mn-more\" target=\"_blank\">Zobacz<\/a>\n                                            <\/div>\n                                        <\/div>\n\t\t\t\t\t\t                                                        <div class=\"block-text\">\n\t                                        <h2 class=\"mn-title-2 mn-grid-12\">Akty prawne dotycz\u0105ce Archiwum Uczelni<\/h2>\n                                        <\/div>\n\t\t\t\t\t\t                                                        <div class=\"mn-cards-list\">\n                                            <div class=\"mn-card-container\">\n                                                <div>\n                                                    <img src=\"https:\/\/up.lublin.pl\/bip\/wp-content\/themes\/up-lublin\/assets\/images\/doc-ico.svg\" alt=\"\" \/>\n                                                    <h5>Zarz\u0105dzenie 133\/2022 z\u00a0dnia 02.12.2022 w\u00a0sprawie wprowadzenia Instrukcji Kancelaryjnej, jednolitego rzeczowego wykazu akt Uniwersytetu Przyrodniczego w\u00a0Lublinie oraz Instrukcji o\u00a0Organizacji i\u00a0Zakresie Dzia\u0142ania Archiwum Zak\u0142adowego Uniwersytetu Przyrodniczego w\u00a0Lublinie<\/h5>\n                                                <\/div>\n                                                <a href=\"https:\/\/up.lublin.pl\/bip\/wp-content\/uploads\/sites\/9\/2022\/12\/Zarzadzenienr-133.pdf\" class=\"mn-more\" target=\"_blank\">Zobacz<\/a>\n                                            <\/div>\n                                        <\/div>\n\t\t\t\t\t\t                                                        <div class=\"mn-cards-list\">\n                                            <div class=\"mn-card-container\">\n                                                <div>\n                                                    <img src=\"https:\/\/up.lublin.pl\/bip\/wp-content\/themes\/up-lublin\/assets\/images\/doc-ico.svg\" alt=\"\" \/>\n                                                    <h5>INSTRUKCJA KANCELARYJNA UNIWERSYTETU PRZYRODNICZEGO W&nbsp;LUBLINIE<\/h5>\n                                                <\/div>\n                                                <a href=\"https:\/\/up.lublin.pl\/bip\/wp-content\/uploads\/sites\/9\/2022\/12\/Zalacznik-nr-1-do-Zarzadzenia-nr-133.pdf\" class=\"mn-more\" target=\"_blank\">Zobacz<\/a>\n                                            <\/div>\n                                        <\/div>\n\t\t\t\t\t\t                                                        <div class=\"mn-cards-list\">\n                                            <div class=\"mn-card-container\">\n                                                <div>\n                                                    <img src=\"https:\/\/up.lublin.pl\/bip\/wp-content\/themes\/up-lublin\/assets\/images\/doc-ico.svg\" alt=\"\" \/>\n                                                    <h5>JEDNOLITY RZECZOWY WYKAZ AKT UNIWERSYTETU PRZYRODNICZEGO W&nbsp;LUBLINIE<\/h5>\n                                                <\/div>\n                                                <a href=\"https:\/\/up.lublin.pl\/bip\/wp-content\/uploads\/sites\/9\/2022\/12\/Zalacznik-nr-2-do-Zarzadzenia-nr-133-1.pdf\" class=\"mn-more\" target=\"_blank\">Zobacz<\/a>\n                                            <\/div>\n                                        <\/div>\n\t\t\t\t\t\t                                                        <div class=\"mn-cards-list\">\n                                            <div class=\"mn-card-container\">\n                                                <div>\n                                                    <img src=\"https:\/\/up.lublin.pl\/bip\/wp-content\/themes\/up-lublin\/assets\/images\/doc-ico.svg\" alt=\"\" \/>\n                                                    <h5>INSTRUKCJA O&nbsp;ORGANIZACJI I&nbsp;ZAKRESIE DZIA\u0141ANIA ARCHIWUM ZAK\u0141ADOWEGO UNIWERSYTETU PRZYRODNICZEGO W&nbsp;LUBLINIE<\/h5>\n                                                <\/div>\n                                                <a href=\"https:\/\/up.lublin.pl\/bip\/wp-content\/uploads\/sites\/9\/2022\/12\/Zalacznik-nr-3-do-Zarzadzenia-nr-133.pdf\" class=\"mn-more\" target=\"_blank\">Zobacz<\/a>\n                                            <\/div>\n                                        <\/div>\n\t\t\t\t\t\t                                <\/div>\n\t\t\t\t                <div class=\"mn-content-block\">\n\t                                <\/div>\n\t\t\t\t                <div class=\"mn-content-block\">\n\t                                <\/div>\n\t\t\t\t                <div class=\"mn-content-block\">\n\t                                <\/div>\n\t\t\t\t                <div class=\"mn-content-block\">\n\t                                <\/div>\n\t\t\t\t                <div class=\"mn-content-block\">\n\t                                <\/div>\n\t\t\t\t                <div class=\"mn-content-block\">\n\t                                <\/div>\n\t\t\t\t                <div class=\"mn-content-block\">\n\t                                <\/div>\n\t\t\t\t                <div class=\"mn-content-block\">\n\t                                <\/div>\n\t\t\t\t                <div class=\"mn-content-block\">\n\t                                <\/div>\n\t\t\t\t                <div class=\"mn-content-block\">\n\t                                <\/div>\n\t\t\t\t                <div class=\"mn-content-block\">\n\t                                <\/div>\n\t\t\t\t                <div class=\"mn-content-block\">\n\t                                <\/div>\n\t\t\t\t                <div class=\"mn-content-block\">\n\t                                <\/div>\n\t\t\t\t                <div class=\"mn-content-block\">\n\t                                <\/div>\n\t\t\t\t                <div class=\"mn-content-block\">\n\t                                <\/div>\n\t\t\t\t                <div class=\"mn-content-block\">\n\t                                <\/div>\n\t\t\t\t                <div class=\"mn-content-block\">\n\t                                <\/div>\n\t\t\t\t                <div class=\"mn-content-block\">\n\t                                <\/div>\n\t\t\t\t                <div class=\"mn-content-block\">\n\t                                <\/div>\n\t\t\t\t\t\t<\/div>\n\t<\/div>\n<\/section>\n\t\t<\/div>\n\t\t\t\t<\/div>\n\t\t\t\t\t\t<\/div>\n\t\t\t\t\t<\/div>\n\t\t<\/div>\n\t\t\t\t\t\t\t\t<\/div>\n\t\t\t\t\t<\/div>\n\t\t<\/section>\n\t\t\t\t\t\t<\/div>\n\t\t\t\t\t\t<\/div>\n\t\t\t\t\t<\/div>\n\t\t","protected":false},"excerpt":{"rendered":"<p>Pozosta\u0142e akty prawne Polityka Rachunkowo\u015bci i&nbsp;Uczelnianego Planu Kont UP w&nbsp;Lublinie Zobacz Zarz\u0105dzenie 149\/2020 z&nbsp;dnia 22.12.2020 zmieniaj\u0105ce Zarz\u0105dzenie nr 105 Rektora z&nbsp;dnia 31 grudnia 2019 r. w&nbsp;sprawie Zasad (polityki) rachunkowo\u015bci Uniwersytetu Przyrodniczego w&nbsp;Lublinie Zobacz Zarz\u0105dzenie 136\/2023 z&nbsp;dnia 19.12.2023 w&nbsp;sprawie zmiany Zarz\u0105dzenia nr 105 Rektora z&nbsp;dnia 31 grudnia 2019 r. w&nbsp;sprawie Zasad (polityki) rachunkowo\u015bci Uniwersytetu Przyrodniczego w&nbsp;Lublinie [&hellip;]<\/p>\n","protected":false},"author":1,"featured_media":0,"parent":0,"menu_order":0,"comment_status":"closed","ping_status":"closed","template":"","meta":{"_monsterinsights_skip_tracking":false,"_monsterinsights_sitenote_active":false,"_monsterinsights_sitenote_note":"","_monsterinsights_sitenote_category":0},"_links":{"self":[{"href":"https:\/\/up.lublin.pl\/bip\/wp-json\/wp\/v2\/pages\/77103"}],"collection":[{"href":"https:\/\/up.lublin.pl\/bip\/wp-json\/wp\/v2\/pages"}],"about":[{"href":"https:\/\/up.lublin.pl\/bip\/wp-json\/wp\/v2\/types\/page"}],"author":[{"embeddable":true,"href":"https:\/\/up.lublin.pl\/bip\/wp-json\/wp\/v2\/users\/1"}],"replies":[{"embeddable":true,"href":"https:\/\/up.lublin.pl\/bip\/wp-json\/wp\/v2\/comments?post=77103"}],"version-history":[{"count":47,"href":"https:\/\/up.lublin.pl\/bip\/wp-json\/wp\/v2\/pages\/77103\/revisions"}],"predecessor-version":[{"id":92151,"href":"https:\/\/up.lublin.pl\/bip\/wp-json\/wp\/v2\/pages\/77103\/revisions\/92151"}],"wp:attachment":[{"href":"https:\/\/up.lublin.pl\/bip\/wp-json\/wp\/v2\/media?parent=77103"}],"curies":[{"name":"wp","href":"https:\/\/api.w.org\/{rel}","templated":true}]}}