{"id":21,"date":"2020-09-01T10:58:47","date_gmt":"2020-09-01T08:58:47","guid":{"rendered":"http:\/\/10.33.33.182:8080\/bip\/?page_id=21"},"modified":"2025-11-26T07:57:49","modified_gmt":"2025-11-26T06:57:49","slug":"konkursy","status":"publish","type":"page","link":"https:\/\/up.lublin.pl\/bip\/konkursy\/","title":{"rendered":"Konkursy na stanowiska nauczycieli akademickich"},"content":{"rendered":"\t\t<div data-elementor-type=\"wp-page\" data-elementor-id=\"21\" class=\"elementor elementor-21\" data-elementor-settings=\"[]\">\n\t\t\t\t\t\t<div class=\"elementor-inner\">\n\t\t\t\t\t\t\t<div class=\"elementor-section-wrap\">\n\t\t\t\t\t\t\t<section class=\"elementor-section elementor-top-section elementor-element elementor-element-a4c35e7 elementor-section-boxed elementor-section-height-default elementor-section-height-default\" data-id=\"a4c35e7\" data-element_type=\"section\">\n\t\t\t\t\t\t<div class=\"elementor-container elementor-column-gap-default\">\n\t\t\t\t\t\t\t<div class=\"elementor-row\">\n\t\t\t\t\t<div class=\"elementor-column elementor-col-100 elementor-top-column elementor-element elementor-element-2927837\" data-id=\"2927837\" data-element_type=\"column\">\n\t\t\t<div class=\"elementor-column-wrap elementor-element-populated\">\n\t\t\t\t\t\t\t<div class=\"elementor-widget-wrap\">\n\t\t\t\t\t\t<div class=\"elementor-element elementor-element-e9736f9 elementor-widget elementor-widget-m5h\" data-id=\"e9736f9\" data-element_type=\"widget\" data-widget_type=\"m5h.default\">\n\t\t\t\t<div class=\"elementor-widget-container\">\n\t\t\t<section class=\"mn-m5-h mn-bg-green\">\r\n\t<div class=\"mn-grid\">\r\n\t\t<div class=\"mn-content mn-grid-12\">\r\n\t\t\t<div class=\"mn-lead\">\r\n\t\t\t\t<h1>Biuletyn Informacji Publicznej<\/h1>\n\t\t\t<\/div>\r\n\t\t<\/div>\r\n\t<\/div>\r\n<\/section>\r\n\t\t<\/div>\n\t\t\t\t<\/div>\n\t\t\t\t\t\t<\/div>\n\t\t\t\t\t<\/div>\n\t\t<\/div>\n\t\t\t\t\t\t\t\t<\/div>\n\t\t\t\t\t<\/div>\n\t\t<\/section>\n\t\t\t\t<section class=\"elementor-section elementor-top-section elementor-element elementor-element-2ab0f66 elementor-section-boxed elementor-section-height-default elementor-section-height-default\" data-id=\"2ab0f66\" data-element_type=\"section\">\n\t\t\t\t\t\t<div class=\"elementor-container elementor-column-gap-default\">\n\t\t\t\t\t\t\t<div class=\"elementor-row\">\n\t\t\t\t\t<div class=\"elementor-column elementor-col-100 elementor-top-column elementor-element elementor-element-ffe8e57\" data-id=\"ffe8e57\" data-element_type=\"column\">\n\t\t\t<div class=\"elementor-column-wrap elementor-element-populated\">\n\t\t\t\t\t\t\t<div class=\"elementor-widget-wrap\">\n\t\t\t\t\t\t<div class=\"elementor-element elementor-element-b76c587 elementor-widget elementor-widget-m3d\" data-id=\"b76c587\" data-element_type=\"widget\" data-widget_type=\"m3d.default\">\n\t\t\t\t<div class=\"elementor-widget-container\">\n\t\t\t<section class=\"mn-m3-d\">\n    <div class=\"mn-grid\">\n        <h2 class=\"mn-grid-9 mn-title\">Konkursy aktualne:<\/h2>\n        <a href=\"https:\/\/up.lublin.pl\/bip\/category\/oferty-pracy\/\" class=\"mn-more mn-grid-3\">Zobacz wszystkie<\/a>\n\t\t            <div class=\"mn-events-list mn-grid-12\">\n\t\t\t\t                    <div class=\"mn-event\">\n                                                <div class=\"mn-image-container\">\n                            <img src=\"https:\/\/up.lublin.pl\/bip\/wp-content\/uploads\/sites\/9\/2021\/09\/konkurs_bip.jpg\" alt=\"\" \/>\n                                                    <\/div>\n                                                <div class=\"mn-content\">\n                            <h5 class=\"mn-date\">26.03.2026<\/h5>\n                            <h3>Konkurs na stanowisko asystenta badawczo-dydaktycznego w Katedrze Prewencji Weterynaryjnej i Chor\u00f3b Ptak\u00f3w<\/h3>\n                            <p>Dziekan\r\nWydzia\u0142u Medycyny Weterynaryjnej\r\nUniwersytetu...<\/p>\n                        <\/div>\n                        <a href=\"https:\/\/up.lublin.pl\/bip\/konkurs-stanowisko-asystenta-badawczo-dydaktycznego-w-katedrze-prewencji-weterynaryjnej-i-chorob-ptakow\/\"\n                           class=\"mn-more\">Zobacz wi\u0119cej<\/a>\n                    <\/div>\n\t\t\t\t\t                    <div class=\"mn-event\">\n                                                <div class=\"mn-image-container\">\n                            <img src=\"https:\/\/up.lublin.pl\/bip\/wp-content\/uploads\/sites\/9\/2021\/09\/konkurs_bip.jpg\" alt=\"\" \/>\n                                                    <\/div>\n                                                <div class=\"mn-content\">\n                            <h5 class=\"mn-date\">03.03.2026<\/h5>\n                            <h3>Asystent badawczo-dydaktyczny w Katedrze Higieny \u017bywno\u015bci Zwierz\u0119cego Pochodzenia<\/h3>\n                            <p>Dziekan Wydzia\u0142u Medycyny Weterynaryjnej Uniwersytetu...<\/p>\n                        <\/div>\n                        <a href=\"https:\/\/up.lublin.pl\/bip\/asystent-badawczo-dydaktyczny-katedra-higieny-zywnosci-zwierzecego-pochodzenia\/\"\n                           class=\"mn-more\">Zobacz wi\u0119cej<\/a>\n                    <\/div>\n\t\t\t\t\t            <\/div>\n\t\t\t    <\/div>\n<\/section>\n\t\t<\/div>\n\t\t\t\t<\/div>\n\t\t\t\t<div class=\"elementor-element elementor-element-9b70b82 elementor-widget elementor-widget-m4a\" data-id=\"9b70b82\" data-element_type=\"widget\" data-widget_type=\"m4a.default\">\n\t\t\t\t<div class=\"elementor-widget-container\">\n\t\t\t\t<section class=\"mn-m4_b mn-bg-green\">\n\t\t\t\t<div class=\"mn-grid\">\n\t\t\t\t\t\t\t<div class=\"mn-grid-6 mn-kat-m4-container\">\n\t\t\t\t\t\t\t\t\t\t\t\t\t\t\t\t<h3>Druki do pobrania<\/h3>\n\t\t\t\t\t\t\t\t\t\t\t\t\t\t\t\t\t\t\t\t\t\t<a href=\"https:\/\/up.lublin.pl\/bip\/konkursy\/druki-do-pobrania\/\" class=\"mn-more\">Zobacz wi\u0119cej<\/a>\n\t\t\t\t\t\t\t\t\t\t<\/div>\n\t\t\t\t\t\t\t\t<div class=\"mn-grid-6 mn-kat-m4-container\">\n\t\t\t\t\t\t\t\t\t\t\t\t\t\t\t\t<h3>Konkursy archiwalne<\/h3>\n\t\t\t\t\t\t\t\t\t\t\t\t\t\t\t\t\t\t\t\t\t\t<a href=\"https:\/\/up.lublin.pl\/bip\/konkursy\/konkursy-archiwalne\/\" class=\"mn-more\">Zobacz wi\u0119cej<\/a>\n\t\t\t\t\t\t\t\t\t\t<\/div>\n\t\t\t\t\t\t\t\t<div class=\"mn-grid-12 mn-kat-m4-container\">\n\t\t\t\t\t\t\t\t\t\t\t\t\t\t\t\t<h3>Regulamin zg\u0142osze\u0144 wewn\u0119trznych, okre\u015blaj\u0105cy wewn\u0119trzn\u0105 procedur\u0119 zg\u0142aszania narusze\u0144 prawa i&nbsp;podejmowania dzia\u0142a\u0144 naprawczych w&nbsp;Uniwersytecie Przyrodniczym w&nbsp;Lublinie<\/h3>\n\t\t\t\t\t\t\t\t\t\t\t\t\t\t\t\t\t\t\t\t\t\t<a href=\"https:\/\/up.lublin.pl\/bip\/regulamin\/regulamin-zgloszen-wewnetrznych-okreslajacy-wewnetrzna-procedure-zglaszania-naruszen-prawa-i-podejmowania-dzialan-naprawczych-w-uniwersytecie-przyrodniczym-w-lublinie\/\" class=\"mn-more\">Zobacz wi\u0119cej<\/a>\n\t\t\t\t\t\t\t\t\t\t<\/div>\n\t\t\t\t\t\t<\/div>\n\t<\/section>\n\t\t\t<\/div>\n\t\t\t\t<\/div>\n\t\t\t\t\t\t<\/div>\n\t\t\t\t\t<\/div>\n\t\t<\/div>\n\t\t\t\t\t\t\t\t<\/div>\n\t\t\t\t\t<\/div>\n\t\t<\/section>\n\t\t\t\t\t\t<\/div>\n\t\t\t\t\t\t<\/div>\n\t\t\t\t\t<\/div>\n\t\t","protected":false},"excerpt":{"rendered":"<p>Biuletyn Informacji Publicznej Konkursy aktualne: Zobacz wszystkie 18.11.2025 Asystent w Katedrze Botaniki i Fizjologii Ro\u015blin Dziekan Wydzia\u0142u Biologii \u015arodowiskowejUniwersytetu&#8230; Zobacz wi\u0119cej 07.11.2025 Asystent w Katedrze Zastosowa\u0144 Matematyki i Informatyki Dziekan Wydzia\u0142u In\u017cynierii Produkcji Uniwersytetu&#8230; Zobacz wi\u0119cej Druki do pobrania Zobacz wi\u0119cej Konkursy archiwalne Zobacz wi\u0119cej Regulamin zg\u0142osze\u0144 wewn\u0119trznych, okre\u015blaj\u0105cy wewn\u0119trzn\u0105 procedur\u0119 zg\u0142aszania narusze\u0144 prawa i&nbsp;podejmowania [&hellip;]<\/p>\n","protected":false},"author":3,"featured_media":0,"parent":0,"menu_order":0,"comment_status":"closed","ping_status":"closed","template":"elementor_header_footer","meta":{"_monsterinsights_skip_tracking":false,"_monsterinsights_sitenote_active":false,"_monsterinsights_sitenote_note":"","_monsterinsights_sitenote_category":0},"_links":{"self":[{"href":"https:\/\/up.lublin.pl\/bip\/wp-json\/wp\/v2\/pages\/21"}],"collection":[{"href":"https:\/\/up.lublin.pl\/bip\/wp-json\/wp\/v2\/pages"}],"about":[{"href":"https:\/\/up.lublin.pl\/bip\/wp-json\/wp\/v2\/types\/page"}],"author":[{"embeddable":true,"href":"https:\/\/up.lublin.pl\/bip\/wp-json\/wp\/v2\/users\/3"}],"replies":[{"embeddable":true,"href":"https:\/\/up.lublin.pl\/bip\/wp-json\/wp\/v2\/comments?post=21"}],"version-history":[{"count":83,"href":"https:\/\/up.lublin.pl\/bip\/wp-json\/wp\/v2\/pages\/21\/revisions"}],"predecessor-version":[{"id":91665,"href":"https:\/\/up.lublin.pl\/bip\/wp-json\/wp\/v2\/pages\/21\/revisions\/91665"}],"wp:attachment":[{"href":"https:\/\/up.lublin.pl\/bip\/wp-json\/wp\/v2\/media?parent=21"}],"curies":[{"name":"wp","href":"https:\/\/api.w.org\/{rel}","templated":true}]}}