{"id":19,"date":"2020-09-01T10:58:26","date_gmt":"2020-09-01T08:58:26","guid":{"rendered":"http:\/\/10.33.33.182:8080\/bip\/?page_id=19"},"modified":"2026-03-24T11:04:45","modified_gmt":"2026-03-24T10:04:45","slug":"obsluga-biuletynu","status":"publish","type":"page","link":"https:\/\/up.lublin.pl\/bip\/obsluga-biuletynu\/","title":{"rendered":"Obs\u0142uga biuletynu"},"content":{"rendered":"\t\t<div data-elementor-type=\"wp-page\" data-elementor-id=\"19\" class=\"elementor elementor-19\" data-elementor-settings=\"[]\">\n\t\t\t\t\t\t<div class=\"elementor-inner\">\n\t\t\t\t\t\t\t<div class=\"elementor-section-wrap\">\n\t\t\t\t\t\t\t<section class=\"elementor-section elementor-top-section elementor-element elementor-element-5850a96 elementor-section-boxed elementor-section-height-default elementor-section-height-default\" data-id=\"5850a96\" data-element_type=\"section\">\n\t\t\t\t\t\t<div class=\"elementor-container elementor-column-gap-default\">\n\t\t\t\t\t\t\t<div class=\"elementor-row\">\n\t\t\t\t\t<div class=\"elementor-column elementor-col-100 elementor-top-column elementor-element elementor-element-00e2612\" data-id=\"00e2612\" data-element_type=\"column\">\n\t\t\t<div class=\"elementor-column-wrap elementor-element-populated\">\n\t\t\t\t\t\t\t<div class=\"elementor-widget-wrap\">\n\t\t\t\t\t\t<div class=\"elementor-element elementor-element-b39d1ac elementor-widget elementor-widget-m2k\" data-id=\"b39d1ac\" data-element_type=\"widget\" data-widget_type=\"m2k.default\">\n\t\t\t\t<div class=\"elementor-widget-container\">\n\t\t\t<section class=\"mn-m2-d mn-bg-green\">\n    <div class=\"mn-grid\">\n        <div class=\"mn-grid-12 mn-introtext\">\n                            <h3>\n                    Obs\u0142uga Biuletynu                <\/h3>\n                        <\/div>\n    <\/div>\n    <\/section>\n\t\t<\/div>\n\t\t\t\t<\/div>\n\t\t\t\t\t\t<\/div>\n\t\t\t\t\t<\/div>\n\t\t<\/div>\n\t\t\t\t\t\t\t\t<\/div>\n\t\t\t\t\t<\/div>\n\t\t<\/section>\n\t\t\t\t<section class=\"elementor-section elementor-top-section elementor-element elementor-element-91ea47d elementor-section-boxed elementor-section-height-default elementor-section-height-default\" data-id=\"91ea47d\" data-element_type=\"section\">\n\t\t\t\t\t\t<div class=\"elementor-container elementor-column-gap-default\">\n\t\t\t\t\t\t\t<div class=\"elementor-row\">\n\t\t\t\t\t<div class=\"elementor-column elementor-col-100 elementor-top-column elementor-element elementor-element-2d1bb77\" data-id=\"2d1bb77\" data-element_type=\"column\">\n\t\t\t<div class=\"elementor-column-wrap elementor-element-populated\">\n\t\t\t\t\t\t\t<div class=\"elementor-widget-wrap\">\n\t\t\t\t\t\t<div class=\"elementor-element elementor-element-8d7e3c7 elementor-widget elementor-widget-m5c\" data-id=\"8d7e3c7\" data-element_type=\"widget\" data-widget_type=\"m5c.default\">\n\t\t\t\t<div class=\"elementor-widget-container\">\n\t\t\t<section class=\"mn-m5-c mn-bg-white\">\n\t<div class=\"mn-grid\">\n\t\t            <div class=\"mn-menu-container mn-grid-3\">\n                <ul class=\"mn-bg-yellow\">\n\t                                        <li>\n                            <a href=\"#\" class=\"active\" data-hash=\"#instrukcja\">\n                                Instrukcja obs\u0142ugi                            <\/a>\n                        <\/li>\n                                                <li>\n                            <a href=\"#\" class=\"\" data-hash=\"#informacja_publiczna\">\n                                Wniosek o&nbsp;udost\u0119pnienie informacji publicznej                            <\/a>\n                        <\/li>\n                                                <li>\n                            <a href=\"#\" class=\"\" data-hash=\"#redakcja\">\n                                Redakcja biuletynu                            <\/a>\n                        <\/li>\n                                        <\/ul>\n            <\/div>\n\t        \t\t<div class=\"mn-content mn-grid-8\">\n\t\t\t                <div class=\"mn-content-block active\">\n\t                                                        <div class=\"block-text\">\n\t                                        <h2 style=\"margin-bottom: 8px;\"><strong><span style=\"font-size: 20px; color: #003300;\">O BIULETYNIE UP w&nbsp;LUBLINIE<\/span><\/strong><\/h2>\n<p>Biuletyn Informacji Publicznej Uniwersytetu Przyrodniczego w&nbsp;Lublinie (w skr\u00f3cie BIP) to serwis informacyjny s\u0142u\u017c\u0105cy powszechnemu udost\u0119pnianiu informacji publicznej dotycz\u0105cych Uczelni, sk\u0142adaj\u0105cy si\u0119 z&nbsp;ujednoliconego systemu stron w&nbsp;sieci informatycznej &#8211; stron internetowych.<\/p>\n<h2 style=\"margin-bottom: 8px;\"><span style=\"color: #003300; font-size: 20px;\"><strong>ZAWARTO\u015a\u0106 I&nbsp;STRUKTURA BIP UP W&nbsp;LUBLINIE<\/strong><\/span><\/h2>\n<p>Na stronie g\u0142\u00f3wnej Biuletynu znajduj\u0105 si\u0119 kafle nawigacyjne stanowi\u0105ce menu przedmiotowe, czyli wykaz kategorii tematycznych, w&nbsp;kt\u00f3re s\u0105 zestawione informacje publiczne udost\u0119pniane w&nbsp;BIP. Wyt\u0142uszczon\u0105 czcionk\u0105 (w ramkach) znajduj\u0105 si\u0119 nag\u0142\u00f3wki poszczeg\u00f3lnych dzia\u0142\u00f3w Biuletynu &#8211; kategorii tematycznych. Wyb\u00f3r danego elementu dzia\u0142u, spowoduje wy\u015bwietlenie zawarto\u015bci strony tego dzia\u0142u.<\/p>\n<h2 style=\"margin-bottom: 8px;\"><strong><span style=\"font-size: 20px; color: #003300;\">ZA\u0141\u0104CZNIKI<\/span><\/strong><\/h2>\n<p>Cz\u0119\u015b\u0107 informacji publicznych udost\u0119pnionych w&nbsp;Biuletynie Uniwersytetu Przyrodniczego w&nbsp;Lublinie (np. Statut Uczelni, Regulamin studi\u00f3w) posiada format za\u0142\u0105cznika w&nbsp;postaci pliku z&nbsp;rozszerzeniem: pdf lub doc. Na ko\u0144cu nazwy za\u0142\u0105cznika znajduje si\u0119 podana w&nbsp;nawiasie wielko\u015b\u0107 pliku. W&nbsp;celu otwarcia danego pliku lub zapisania go na dysku swojego komputera, nale\u017cy klikn\u0105\u0107 na nazw\u0119 pliku lub ikonk\u0119 symbolizuj\u0105c\u0105 rodzaj dokumentu.<\/p>\n<h2 style=\"margin-bottom: 8px;\"><span style=\"color: #003300;\"><strong><span style=\"font-size: 20px;\">INFORMACJE NIEJAWNE<\/span><\/strong><\/span><\/h2>\n<p>W przypadku wy\u0142\u0105czenia jawno\u015bci informacji publicznej, w&nbsp;Biuletynie Informacji Publicznej podany zostaje zakres wy\u0142\u0105czenia, podstaw\u0119 prawn\u0105 wy\u0142\u0105czenia jawno\u015bci oraz organ lub osob\u0119, kt\u00f3re dokona\u0142y wy\u0142\u0105czenia, a&nbsp;w przypadku je\u017celi ograniczenie nast\u0105pi\u0142o ze wzgl\u0119du na prywatno\u015b\u0107 osoby fizycznej lub tajemnic\u0119 przedsi\u0119biorcy &#8211; podmiot w&nbsp;interesie, kt\u00f3rego dokonano wy\u0142\u0105czenia jawno\u015bci. Wi\u0119cej informacji na ten temat w&nbsp;dziale &#8220;Wniosek o&nbsp;udost\u0119pnienie informacji publicznej&#8221;<\/p>\n                                        <\/div>\n\t\t\t\t\t\t                                <\/div>\n\t\t\t\t                <div class=\"mn-content-block\">\n\t                                                        <div class=\"block-text\">\n\t                                        <p>Uniwersytet Przyrodniczy w&nbsp;Lublinie zastrzega sobie prawo pobrania op\u0142aty od informacji udost\u0119pnionych zgodnie z&nbsp;art. 15 ustawy o&nbsp;dost\u0119pie do informacji publicznej. Prawo do informacji publicznej podlega ograniczeniu na zasadach okre\u015blonych w&nbsp;art. 5 ustawy.<\/p>\n<p>Udost\u0119pnianie informacji na wniosek nast\u0119puje bez zb\u0119dnej zw\u0142oki, nie p\u00f3\u017aniej ni\u017c w&nbsp;terminie 14 dni od dnia z\u0142o\u017cenia wniosku. Je\u017celi nie jest mo\u017cliwe udost\u0119pnienie informacji w&nbsp;ww. terminie, wnioskodawca zostanie powiadomiony o&nbsp;powodach op\u00f3\u017anienia w&nbsp;przekazaniu informacji oraz o&nbsp;nowym terminie, nie d\u0142u\u017cszym jednak ni\u017c 2 miesi\u0105ce od dnia z\u0142o\u017cenia wniosku.<\/p>\n<h4>Wnioski prosimy kierowa\u0107:<\/h4>\n<ul>\n<li>w formie pisemnej &#8211; poczt\u0105 przesy\u0142aj\u0105c na adres: Uniwersytet Przyrodniczy w&nbsp;Lublinie, ul. Akademicka 13, 20-950 Lublin; przesy\u0142aj\u0105c faksem na numer 81-533-37-52<\/li>\n<li>poczt\u0105 elektroniczn\u0105 przesy\u0142aj\u0105c na adres e-mail: sekretariat.uczelni@up.edu.pl<\/li>\n<li>w formie dokumentu elektronicznego przesy\u0142aj\u0105c na Elektroniczn\u0105 Skrzynk\u0119 Podawcz\u0105:\u00a0 \/UP-Lublin\/SkrytkaESP<\/li>\n<\/ul>\n                                        <\/div>\n\t\t\t\t\t\t                                                        <div class=\"mn-cards-list\">\n                                            <div class=\"mn-card-container\">\n                                                <div>\n                                                    <img src=\"https:\/\/up.lublin.pl\/bip\/wp-content\/themes\/up-lublin\/assets\/images\/doc-ico.svg\" alt=\"\" \/>\n                                                    <h5>Wniosek o&nbsp;udost\u0119pnienie informacji publicznej<\/h5>\n                                                <\/div>\n                                                <a href=\"https:\/\/up.lublin.pl\/bip\/wp-content\/uploads\/sites\/9\/2022\/02\/wniosek-o-udzielenie-informacji-publicznej_UPL.pdf\" class=\"mn-more\" target=\"_blank\">Zobacz<\/a>\n                                            <\/div>\n                                        <\/div>\n\t\t\t\t\t\t                                                        <div class=\"block-text\">\n\t                                        <h5>Podstawa prawna: <em>USTAWA z&nbsp;dnia 6 wrze\u015bnia 2001 r. o&nbsp;dost\u0119pie do informacji publicznej (Dz. U. z&nbsp;dnia 8 pa\u017adziernika 2001 r. nr 112 poz. 1198 z&nbsp;p\u00f3\u017an. zm.)<\/em><\/h5>\n                                        <\/div>\n\t\t\t\t\t\t                                <\/div>\n\t\t\t\t                <div class=\"mn-content-block\">\n\t                                                        <div class=\"block-text\">\n\t                                        <p><strong>Akty prawne (Zarz\u0105dzenia Rektora, Uchwa\u0142y Senatu, Uchwa\u0142y Rady Uczelni)<\/strong><\/p>\n<p>Danuta Sawa<br \/>e-mail: <a href=\"mailto:danuta.sawa@up.edu.pl\">danuta.sawa@up.edu.pl<\/a><br \/>tel. 81 445 60 66<\/p>\n<p>Barbara Bujanowicz-Hara\u015b<br \/>e-mail: <a href=\"mailto:barbara.bujanowicz-haras@up.edu.pl\">barbara.bujanowicz-haras@up.edu.pl<\/a><br \/>81 445 67 90<\/p>\n<p>Szymon Pa\u0142ka<br \/>e-mail: <a href=\"mailto:szymon.palka@up.edu.pl\">szymon.palka@up.edu.pl<\/a><br \/>tel. 81 445 60 78<\/p>\n<p><strong>Uchwa\u0142y Rad Dyscyplin<\/strong><\/p>\n<p>Urszula Polak<br \/>e-mail: <a href=\"mailto:urszula.polak@up.edu.pl\">urszula.polak@up.edu.pl<\/a><br \/>tel: 81 445 65 97<\/p>\n<p>Anna Gryta\u00a0<br \/>e-mail: <a href=\"mailto:anna.gryta@up.edu.pl\">anna.gryta@up.edu.pl<\/a><br \/>tel: 81 445 62 41<\/p>\n<p>Anna Szczepanowska<br \/>e-mail: <a href=\"mailto:anna.szczepanowska@up.edu.pl\">anna.szczepanowska@up.edu.pl<\/a><br \/>tel: 81 445 62 35<\/p>\n<p>Agnieszka Glibowska<br \/>e-mail: <a href=\"mailto:agnieszka.globowska@up.edu.pl\">agnieszka.globowska@up.edu.pl<\/a><br \/>tel: 81 445 60 31<\/p>\n<p>Urszula Bojarska-W\u00f3jciszko<br \/>e-mail: <a href=\"mailto:urszula.bojarska@up.edu.pl\">urszula.bojarska@up.edu.pl<\/a><br \/>tel: 81 445 61 35<\/p>\n<p><strong>Zam\u00f3wienia publiczne \u2013 na platformie zakupowej<\/strong><\/p>\n<p>Biuro Zam\u00f3wie\u0144 Publicznych<br \/>e-mail: <a href=\"mailto:zamowienia@up.edu.pl\">zamowienia@up.edu.pl<\/a><br \/>tel: 81 445 66 03, 81 445 62 53<\/p>\n<p><strong>Zam\u00f3wienia publiczne \u2013 bez platformy zakupowej, sekcja Biuro Zaopatrzenia<\/strong><\/p>\n<p>\u0141ukasz Jurkiewicz<br \/>e-mail: <a href=\"mailto:lukasz.jurkiewicz@up.edu.pl\">lukasz.jurkiewicz@up.edu.pl<\/a><br \/>tel: 81 445 66 84<\/p>\n<p><strong>Pozosta\u0142e sekcje, administracja BIP<\/strong><\/p>\n<p>Karolina Kwapisz<br \/>e-mail: <a href=\"mailto:karolina.kwapisz@up.edu.pl\">karolina.kwapisz@up.edu.pl<\/a><br \/>tel: 81 445 65 12<\/p>\n                                        <\/div>\n\t\t\t\t\t\t                                <\/div>\n\t\t\t\t\t\t<\/div>\n\t<\/div>\n<\/section>\n\t\t<\/div>\n\t\t\t\t<\/div>\n\t\t\t\t\t\t<\/div>\n\t\t\t\t\t<\/div>\n\t\t<\/div>\n\t\t\t\t\t\t\t\t<\/div>\n\t\t\t\t\t<\/div>\n\t\t<\/section>\n\t\t\t\t\t\t<\/div>\n\t\t\t\t\t\t<\/div>\n\t\t\t\t\t<\/div>\n\t\t","protected":false},"excerpt":{"rendered":"<p>Obs\u0142uga Biuletynu UP BIP &#8211; Uniwersytet Przyrodniczny w&nbsp;Lublinie Instrukcja obs\u0142ugi Wniosek o&nbsp;udost\u0119pnienie informacji publicznej Redakcja biuletynu O BIULETYNIE UP w&nbsp;LUBLINIE Biuletyn Informacji Publicznej Uniwersytetu Przyrodniczego w&nbsp;Lublinie (w skr\u00f3cie BIP) to serwis informacyjny s\u0142u\u017c\u0105cy powszechnemu udost\u0119pnianiu informacji publicznej dotycz\u0105cych Uczelni, sk\u0142adaj\u0105cy si\u0119 z&nbsp;ujednoliconego systemu stron w&nbsp;sieci informatycznej &#8211; stron internetowych. ZAWARTO\u015a\u0106 I&nbsp;STRUKTURA BIP UP W&nbsp;LUBLINIE Na [&hellip;]<\/p>\n","protected":false},"author":3,"featured_media":0,"parent":0,"menu_order":0,"comment_status":"closed","ping_status":"closed","template":"","meta":{"_monsterinsights_skip_tracking":false,"_monsterinsights_sitenote_active":false,"_monsterinsights_sitenote_note":"","_monsterinsights_sitenote_category":0},"_links":{"self":[{"href":"https:\/\/up.lublin.pl\/bip\/wp-json\/wp\/v2\/pages\/19"}],"collection":[{"href":"https:\/\/up.lublin.pl\/bip\/wp-json\/wp\/v2\/pages"}],"about":[{"href":"https:\/\/up.lublin.pl\/bip\/wp-json\/wp\/v2\/types\/page"}],"author":[{"embeddable":true,"href":"https:\/\/up.lublin.pl\/bip\/wp-json\/wp\/v2\/users\/3"}],"replies":[{"embeddable":true,"href":"https:\/\/up.lublin.pl\/bip\/wp-json\/wp\/v2\/comments?post=19"}],"version-history":[{"count":38,"href":"https:\/\/up.lublin.pl\/bip\/wp-json\/wp\/v2\/pages\/19\/revisions"}],"predecessor-version":[{"id":92338,"href":"https:\/\/up.lublin.pl\/bip\/wp-json\/wp\/v2\/pages\/19\/revisions\/92338"}],"wp:attachment":[{"href":"https:\/\/up.lublin.pl\/bip\/wp-json\/wp\/v2\/media?parent=19"}],"curies":[{"name":"wp","href":"https:\/\/api.w.org\/{rel}","templated":true}]}}