{"id":10,"date":"2020-09-01T10:41:28","date_gmt":"2020-09-01T08:41:28","guid":{"rendered":"http:\/\/10.33.33.182:8080\/bip\/?page_id=10"},"modified":"2026-02-23T07:42:19","modified_gmt":"2026-02-23T06:42:19","slug":"informacje","status":"publish","type":"page","link":"https:\/\/up.lublin.pl\/bip\/informacje\/","title":{"rendered":"Informacje"},"content":{"rendered":"\t\t<div data-elementor-type=\"wp-page\" data-elementor-id=\"10\" class=\"elementor elementor-10\" data-elementor-settings=\"[]\">\n\t\t\t\t\t\t<div class=\"elementor-inner\">\n\t\t\t\t\t\t\t<div class=\"elementor-section-wrap\">\n\t\t\t\t\t\t\t<section class=\"elementor-section elementor-top-section elementor-element elementor-element-b62ef00 elementor-section-boxed elementor-section-height-default elementor-section-height-default\" data-id=\"b62ef00\" data-element_type=\"section\">\n\t\t\t\t\t\t<div class=\"elementor-container elementor-column-gap-default\">\n\t\t\t\t\t\t\t<div class=\"elementor-row\">\n\t\t\t\t\t<div class=\"elementor-column elementor-col-100 elementor-top-column elementor-element elementor-element-d9d3615\" data-id=\"d9d3615\" data-element_type=\"column\">\n\t\t\t<div class=\"elementor-column-wrap elementor-element-populated\">\n\t\t\t\t\t\t\t<div class=\"elementor-widget-wrap\">\n\t\t\t\t\t\t<div class=\"elementor-element elementor-element-21c4558 elementor-widget elementor-widget-m2d\" data-id=\"21c4558\" data-element_type=\"widget\" data-widget_type=\"m2d.default\">\n\t\t\t\t<div class=\"elementor-widget-container\">\n\t\t\t<section class=\"mn-m2-d mn-bg-green\">\r\n\t<div class=\"mn-grid\">\r\n\t\t<div class=\"mn-grid-12 mn-introtext\">\r\n\t\t\t\t\t\t\t<h3>\r\n\t\t\t\t\tInformacje\t\t\t\t<\/h3>\r\n\t\t\t\t\t\t<\/div>\r\n\t\t\t        \r\n\r\n\t<\/div>\r\n\t<\/section>\r\n\t\t<\/div>\n\t\t\t\t<\/div>\n\t\t\t\t\t\t<\/div>\n\t\t\t\t\t<\/div>\n\t\t<\/div>\n\t\t\t\t\t\t\t\t<\/div>\n\t\t\t\t\t<\/div>\n\t\t<\/section>\n\t\t\t\t<section class=\"elementor-section elementor-top-section elementor-element elementor-element-7a52b17 elementor-section-boxed elementor-section-height-default elementor-section-height-default\" data-id=\"7a52b17\" data-element_type=\"section\">\n\t\t\t\t\t\t<div class=\"elementor-container elementor-column-gap-default\">\n\t\t\t\t\t\t\t<div class=\"elementor-row\">\n\t\t\t\t\t<div class=\"elementor-column elementor-col-100 elementor-top-column elementor-element elementor-element-9615e94\" data-id=\"9615e94\" data-element_type=\"column\">\n\t\t\t<div class=\"elementor-column-wrap elementor-element-populated\">\n\t\t\t\t\t\t\t<div class=\"elementor-widget-wrap\">\n\t\t\t\t\t\t<div class=\"elementor-element elementor-element-5d1dec2 elementor-widget elementor-widget-m5c\" data-id=\"5d1dec2\" data-element_type=\"widget\" data-widget_type=\"m5c.default\">\n\t\t\t\t<div class=\"elementor-widget-container\">\n\t\t\t<section class=\"mn-m5-c mn-bg-white\">\n\t<div class=\"mn-grid\">\n\t\t            <div class=\"mn-menu-container mn-grid-3\">\n                <ul class=\"mn-bg-yellow\">\n\t                                        <li>\n                            <a href=\"#\" class=\"active\" data-hash=\"#uczelnia\">\n                                O Uczelni                            <\/a>\n                        <\/li>\n                                                <li>\n                            <a href=\"#\" class=\"\" data-hash=\"#informacje\">\n                                Informacje og\u00f3lne                            <\/a>\n                        <\/li>\n                                                <li>\n                            <a href=\"#\" class=\"\" data-hash=\"#strategia_rozwoju\">\n                                Strategia rozwoju                            <\/a>\n                        <\/li>\n                                        <\/ul>\n            <\/div>\n\t        \t\t<div class=\"mn-content mn-grid-8\">\n\t\t\t                <div class=\"mn-content-block active\">\n\t                                                        <div class=\"block-text\">\n\t                                        <h4>Uniwersytet Przyrodniczy w&nbsp;Lublinie<br \/>ul. Akademicka 13<br \/>20-950 Lublin<\/h4>\n<h4>\u00a0<\/h4>\n<p><strong>NIP 712-010-37-75<\/strong><br \/><strong>REGON 000001896<\/strong><br \/><strong>e-mail\u00a0 <a href=\"mailto:poczta@up.edu.pl\">poczta@up.edu.pl<\/a> <\/strong><br \/><strong>WWW <a href=\"https:\/\/up.lublin.pl\">https:\/\/up.lublin.pl<\/a><br \/>e-Dor\u0119czenia: AE:PL-92700-40162-VCRBJ-25<\/strong><br \/><strong>ePUAP: \/UP-Lublin\/SkrytkaESP<\/strong><\/p>\n                                        <\/div>\n\t\t\t\t\t\t                                                        <div class=\"block-text\">\n\t                                        <p>ADRES DO KORESPONDENCJI<br \/>Uniwersytet Przyrodniczy w&nbsp;Lublinie<br \/>ul. Akademicka 13<br \/>20-950 Lublin<\/p>\n<p><strong>SEKRETARIAT UCZELNI<\/strong><br \/>tel. 81 445 66 22 <br \/>fax: 81 533 37 52<br \/>e-mail: <a href=\"mailto:sekretariat.uczelni@up.edu.pl\">sekretariat.uczelni@up.edu.pl<\/a><\/p>\n<p><strong>BIURO REKTORA<\/strong><br \/>tel. 81 445 60 66<br \/>81 445 68 68 <br \/>81 445 66 77<br \/>81 445 69 99<br \/>81445 67 90<br \/>email: <a href=\"mailto:biuro.rektora@up.edu.pl\">biuro.rektora@up.edu.pl<\/a><\/p>\n<p><strong>RZECZNIK PRASOWY<\/strong><br \/>tel. 81 445 68 05<br \/>kom. 510 110 259<\/p>\n<p><strong>DZIA\u0141 ORGANIZACJI I&nbsp;TOKU STUDI\u00d3W<\/strong><br \/>tel.: 81 445 68 85<\/p>\n<p><strong>CENTRUM INFORMATYKI<\/strong><br \/>tel. 81 445 65 34<br \/>e-mail: <a href=\"mailto:centrum.informatyki@up.edu.pl\">centrum.informatyki@up.edu.pl<\/a><\/p>\n                                        <\/div>\n\t\t\t\t\t\t                                <\/div>\n\t\t\t\t                <div class=\"mn-content-block\">\n\t                                                        <div class=\"block-text\">\n\t                                        <table style=\"border-collapse: collapse; width: 100%; height: 92px;\">\n<tbody>\n<tr style=\"height: 23px;\">\n<td style=\"width: 50.5703%; height: 23px;\">STATUS PRAWNY<\/td>\n<td style=\"width: 49.4297%; height: 23px;\">pa\u0144stwowa szko\u0142a wy\u017csza<\/td>\n<\/tr>\n<tr style=\"height: 23px;\">\n<td style=\"width: 50.5703%; height: 23px;\">Rok za\u0142o\u017cenia<\/td>\n<td style=\"width: 49.4297%; height: 23px;\">1955<\/td>\n<\/tr>\n<tr style=\"height: 23px;\">\n<td style=\"width: 50.5703%; height: 23px;\">Liczba wydzia\u0142\u00f3w<\/td>\n<td style=\"width: 49.4297%; height: 23px;\">7<\/td>\n<\/tr>\n<tr style=\"height: 23px;\">\n<td style=\"width: 50.5703%; height: 23px;\">Liczba kierunk\u00f3w studi\u00f3w<br \/>(stan na dzie\u0144 31.12.2025 r.)<\/td>\n<td style=\"width: 49.4297%; height: 23px;\">44<\/td>\n<\/tr>\n<\/tbody>\n<\/table>\n                                        <\/div>\n\t\t\t\t\t\t                                                        <div class=\"block-text\">\n\t                                        <table style=\"border-collapse: collapse; width: 100%;\">\n<tbody>\n<tr>\n<th style=\"width: 50%; text-align: center;\" colspan=\"2\">LICZBA STUDENT\u00d3W (stan na dzie\u0144 31.12.2025 r.)<\/th>\n<\/tr>\n<tr>\n<td style=\"width: 50%;\">Og\u00f3\u0142em<\/td>\n<td style=\"width: 50%;\">6 259 os\u00f3b<\/td>\n<\/tr>\n<tr>\n<td style=\"width: 50%;\">Studia stacjonarne<\/td>\n<td style=\"width: 50%;\">4 671 os\u00f3b<\/td>\n<\/tr>\n<tr>\n<td style=\"width: 50%;\">Studia niestacjonarne<\/td>\n<td style=\"width: 50%;\">1 588 os\u00f3b<\/td>\n<\/tr>\n<\/tbody>\n<\/table>\n                                        <\/div>\n\t\t\t\t\t\t                                                        <div class=\"block-text\">\n\t                                        <table style=\"border-collapse: collapse; width: 100%; height: 184px;\">\n<tbody>\n<tr style=\"height: 23px;\">\n<th style=\"width: 100%; height: 23px; text-align: center;\" colspan=\"2\">LICZBA PRACOWNIK\u00d3W (stan na dzie\u0144 31.12.2025 r.)<\/th>\n<\/tr>\n<tr style=\"height: 23px;\">\n<td style=\"width: 50%; height: 23px;\">Og\u00f3\u0142em<\/td>\n<td style=\"width: 50%; height: 23px;\">1 490 os\u00f3b<\/td>\n<\/tr>\n<tr style=\"height: 23px;\">\n<td style=\"width: 50%; height: 23px;\">Nauczyciele akademiccy<\/td>\n<td style=\"width: 50%; height: 23px;\">696 os\u00f3b<\/td>\n<\/tr>\n<tr style=\"height: 23px;\">\n<td style=\"width: 50%; height: 23px;\">Pracownicy in\u017cynieryjno-techniczni<\/td>\n<td style=\"width: 50%; height: 23px;\">198 os\u00f3b<\/td>\n<\/tr>\n<tr style=\"height: 46px;\">\n<td style=\"width: 50%; height: 46px;\">Bibliotekarze<br \/>i pracownicy wydawnictwa<\/td>\n<td style=\"width: 50%; height: 46px;\">45 os\u00f3b<\/td>\n<\/tr>\n<tr style=\"height: 23px;\">\n<td style=\"width: 50%; height: 23px;\">Pracownicy administracji<\/td>\n<td style=\"width: 50%; height: 23px;\">267 os\u00f3b<\/td>\n<\/tr>\n<tr style=\"height: 23px;\">\n<td style=\"width: 50%; height: 23px;\">Pracownicy obs\u0142ugi<\/td>\n<td style=\"width: 50%; height: 23px;\">284 os\u00f3b<\/td>\n<\/tr>\n<\/tbody>\n<\/table>\n                                        <\/div>\n\t\t\t\t\t\t                                <\/div>\n\t\t\t\t                <div class=\"mn-content-block\">\n\t                                                        <div class=\"block-text\">\n\t                                        <p>Strategia Uniwersytetu Przyrodniczego w&nbsp;Lublinie na lata 2019-2030 wprowadzona zosta\u0142a uchwa\u0142\u0105 Senatu Uniwersytetu Przyrodniczego w&nbsp;Lublinie nr 66\/2018-2019 z&nbsp;dnia 24 maja 2019 r.<\/p>\n                                        <\/div>\n\t\t\t\t\t\t                                                        <div class=\"mn-cards-list\">\n                                            <div class=\"mn-card-container\">\n                                                <div>\n                                                    <img src=\"https:\/\/up.lublin.pl\/bip\/wp-content\/themes\/up-lublin\/assets\/images\/doc-ico.svg\" alt=\"\" \/>\n                                                    <h5>  Strategia rozwoju Uniwersytetu Przyrodniczego w&nbsp;Lublinie na lata 2019-2030<\/h5>\n                                                <\/div>\n                                                <a href=\"https:\/\/up.lublin.pl\/bip\/wp-content\/uploads\/sites\/9\/2021\/02\/strategia_rozwoju_uniwersytetu_przyrodniczego_w_lublinie_na_lata_2019-2030.pdf\" class=\"mn-more\" target=\"_blank\">Zobacz<\/a>\n                                            <\/div>\n                                        <\/div>\n\t\t\t\t\t\t                                <\/div>\n\t\t\t\t\t\t<\/div>\n\t<\/div>\n<\/section>\n\t\t<\/div>\n\t\t\t\t<\/div>\n\t\t\t\t\t\t<\/div>\n\t\t\t\t\t<\/div>\n\t\t<\/div>\n\t\t\t\t\t\t\t\t<\/div>\n\t\t\t\t\t<\/div>\n\t\t<\/section>\n\t\t\t\t\t\t<\/div>\n\t\t\t\t\t\t<\/div>\n\t\t\t\t\t<\/div>\n\t\t","protected":false},"excerpt":{"rendered":"<p>Informacje UP BIP &#8211; Uniwersytet Przyrodniczny w&nbsp;Lublinie O Uczelni Informacje og\u00f3lne Strategia rozwoju Uniwersytet Przyrodniczy w&nbsp;Lublinieul. Akademicka 1320-950 Lublin \u00a0 NIP 712-010-37-75REGON 000001896e-mail\u00a0 poczta@up.edu.pl WWW https:\/\/up.lublin.ple-Dor\u0119czenia: AE:PL-92700-40162-VCRBJ-25ePUAP: \/UP-Lublin\/SkrytkaESP ADRES DO KORESPONDENCJIUniwersytet Przyrodniczy w&nbsp;Lublinieul. Akademicka 1320-950 Lublin SEKRETARIAT UCZELNItel. 81 445 66 22 fax: 81 533 37 52e-mail: sekretariat.uczelni@up.edu.pl BIURO REKTORAtel. 81 445 60 6681 445 [&hellip;]<\/p>\n","protected":false},"author":3,"featured_media":0,"parent":0,"menu_order":0,"comment_status":"closed","ping_status":"closed","template":"","meta":{"_monsterinsights_skip_tracking":false,"_monsterinsights_sitenote_active":false,"_monsterinsights_sitenote_note":"","_monsterinsights_sitenote_category":0},"_links":{"self":[{"href":"https:\/\/up.lublin.pl\/bip\/wp-json\/wp\/v2\/pages\/10"}],"collection":[{"href":"https:\/\/up.lublin.pl\/bip\/wp-json\/wp\/v2\/pages"}],"about":[{"href":"https:\/\/up.lublin.pl\/bip\/wp-json\/wp\/v2\/types\/page"}],"author":[{"embeddable":true,"href":"https:\/\/up.lublin.pl\/bip\/wp-json\/wp\/v2\/users\/3"}],"replies":[{"embeddable":true,"href":"https:\/\/up.lublin.pl\/bip\/wp-json\/wp\/v2\/comments?post=10"}],"version-history":[{"count":146,"href":"https:\/\/up.lublin.pl\/bip\/wp-json\/wp\/v2\/pages\/10\/revisions"}],"predecessor-version":[{"id":91983,"href":"https:\/\/up.lublin.pl\/bip\/wp-json\/wp\/v2\/pages\/10\/revisions\/91983"}],"wp:attachment":[{"href":"https:\/\/up.lublin.pl\/bip\/wp-json\/wp\/v2\/media?parent=10"}],"curies":[{"name":"wp","href":"https:\/\/api.w.org\/{rel}","templated":true}]}}