{"id":360,"date":"2020-11-24T10:08:33","date_gmt":"2020-11-24T09:08:33","guid":{"rendered":"http:\/\/nowastrona.up.lublin.pl\/biologia\/?page_id=360"},"modified":"2023-06-29T10:56:04","modified_gmt":"2023-06-29T08:56:04","slug":"projekty-badawcze","status":"publish","type":"page","link":"https:\/\/up.lublin.pl\/biologia\/projekty-badawcze\/","title":{"rendered":"Projekty badawcze"},"content":{"rendered":"\t\t<div data-elementor-type=\"wp-page\" data-elementor-id=\"360\" class=\"elementor elementor-360\" data-elementor-settings=\"[]\">\n\t\t\t\t\t\t<div class=\"elementor-inner\">\n\t\t\t\t\t\t\t<div class=\"elementor-section-wrap\">\n\t\t\t\t\t\t\t<section class=\"elementor-section elementor-top-section elementor-element elementor-element-6ab4eaf elementor-section-boxed elementor-section-height-default elementor-section-height-default\" data-id=\"6ab4eaf\" data-element_type=\"section\">\n\t\t\t\t\t\t<div class=\"elementor-container elementor-column-gap-default\">\n\t\t\t\t\t\t\t<div class=\"elementor-row\">\n\t\t\t\t\t<div class=\"elementor-column elementor-col-100 elementor-top-column elementor-element elementor-element-6c10db0\" data-id=\"6c10db0\" data-element_type=\"column\">\n\t\t\t<div class=\"elementor-column-wrap elementor-element-populated\">\n\t\t\t\t\t\t\t<div class=\"elementor-widget-wrap\">\n\t\t\t\t\t\t<div class=\"elementor-element elementor-element-8155b48 elementor-widget elementor-widget-m2e\" data-id=\"8155b48\" data-element_type=\"widget\" data-widget_type=\"m2e.default\">\n\t\t\t\t<div class=\"elementor-widget-container\">\n\t\t\t<section class=\"mn-m2-e mn-bg-green\">\n\t<div class=\"mn-grid\">\n\t\t<div class=\"mn-grid-3 mn-introtext\">\n\t\t\t\t\t\t\t<p class=\"mn-header\">Wydzia\u0142 Nauk o&nbsp;Zwierz\u0119tach i&nbsp;Biogospodarki<\/p>\n\t\t\t\t\t\t\t\t\t\t\t<h3>\n\t\t\t\t\tProjekty badawcze\t\t\t\t<\/h3>\n\t\t\t\t\t\t\t\t\t\t\t\t<\/div>\n\t\t<div class=\"mn-grid-9 mn-image-container\">\n\t\t\t\t\t<\/div>\n\t<\/div>\n\t<\/section>\n\t\t<\/div>\n\t\t\t\t<\/div>\n\t\t\t\t\t\t<\/div>\n\t\t\t\t\t<\/div>\n\t\t<\/div>\n\t\t\t\t\t\t\t\t<\/div>\n\t\t\t\t\t<\/div>\n\t\t<\/section>\n\t\t\t\t<section class=\"elementor-section elementor-top-section elementor-element elementor-element-cb10f78 elementor-section-boxed elementor-section-height-default elementor-section-height-default\" data-id=\"cb10f78\" data-element_type=\"section\">\n\t\t\t\t\t\t<div class=\"elementor-container elementor-column-gap-default\">\n\t\t\t\t\t\t\t<div class=\"elementor-row\">\n\t\t\t\t\t<div class=\"elementor-column elementor-col-100 elementor-top-column elementor-element elementor-element-09fe5e3\" data-id=\"09fe5e3\" data-element_type=\"column\">\n\t\t\t<div class=\"elementor-column-wrap elementor-element-populated\">\n\t\t\t\t\t\t\t<div class=\"elementor-widget-wrap\">\n\t\t\t\t\t\t<div class=\"elementor-element elementor-element-740dfc1 elementor-widget elementor-widget-m5c\" data-id=\"740dfc1\" data-element_type=\"widget\" data-widget_type=\"m5c.default\">\n\t\t\t\t<div class=\"elementor-widget-container\">\n\t\t\t<section class=\"mn-m5-c mn-m5-d2 mn-bg-white\">\n\t<div class=\"mn-grid\">\n\t\t\t\t<div class=\"mn-content mn-grid-9\">\n\t\t\t                <div class=\"mn-content-block active\">\n\t                                                        <div class=\"mn-cards-list\">\n                                            <div class=\"mn-card-container\">\n                                                <div>\n                                                    <img src=\"https:\/\/up.lublin.pl\/biologia\/wp-content\/themes\/up-lublin\/assets\/images\/doc-ico.svg\" alt=\"\" \/>\n                                                    <h5>\u201eSzcz\u0119\u015bliwy kurczak premium w&nbsp;zio\u0142owym standardzie\u201d<\/h5>\n                                                <\/div>\n                                                <a href=\"https:\/\/up.lublin.pl\/biologia\/szczesliwy-kurczak-premium-w-ziolowym-standardzie\/\" class=\"mn-more\" target=\"_blank\">Zobacz<\/a>\n                                            <\/div>\n                                        <\/div>\n\t\t\t\t\t\t                                                        <div class=\"mn-cards-list\">\n                                            <div class=\"mn-card-container\">\n                                                <div>\n                                                    <img src=\"https:\/\/up.lublin.pl\/biologia\/wp-content\/themes\/up-lublin\/assets\/images\/doc-ico.svg\" alt=\"\" \/>\n                                                    <h5>Opracowanie w&nbsp;wyniku prac badawczo-rozwojowych innowacyjnych preparat\u00f3w dla drobiu<\/h5>\n                                                <\/div>\n                                                <a href=\"https:\/\/up.lublin.pl\/biologia\/opracowanie-w-wyniku-prac-badawczo-rozwojowych-innowacyjnych-preparatow-dla-drobiu\/\" class=\"mn-more\" target=\"_blank\">Zobacz<\/a>\n                                            <\/div>\n                                        <\/div>\n\t\t\t\t\t\t                                                        <div class=\"mn-cards-list\">\n                                            <div class=\"mn-card-container\">\n                                                <div>\n                                                    <img src=\"https:\/\/up.lublin.pl\/biologia\/wp-content\/themes\/up-lublin\/assets\/images\/doc-ico.svg\" alt=\"\" \/>\n                                                    <h5>Dobowa aktywno\u015b\u0107 komponent\u00f3w autonomicznego uk\u0142adu nerwowego koni<\/h5>\n                                                <\/div>\n                                                <a href=\"https:\/\/up.lublin.pl\/biologia\/dobowa-aktywnosc-komponentow-autonomicznego-ukladu-nerwowego-koni\/\" class=\"mn-more\" target=\"_blank\">Zobacz<\/a>\n                                            <\/div>\n                                        <\/div>\n\t\t\t\t\t\t                                                        <div class=\"mn-cards-list\">\n                                            <div class=\"mn-card-container\">\n                                                <div>\n                                                    <img src=\"https:\/\/up.lublin.pl\/biologia\/wp-content\/themes\/up-lublin\/assets\/images\/doc-ico.svg\" alt=\"\" \/>\n                                                    <h5>Zastosowanie analizy stripingowej do oznaczania amin biogennych<\/h5>\n                                                <\/div>\n                                                <a href=\"https:\/\/up.lublin.pl\/biologia\/zastosowanie-analizy-stripingowej-do-oznaczania-amin-biogennych\/\" class=\"mn-more\" target=\"_blank\">Zobacz<\/a>\n                                            <\/div>\n                                        <\/div>\n\t\t\t\t\t\t                                                        <div class=\"mn-cards-list\">\n                                            <div class=\"mn-card-container\">\n                                                <div>\n                                                    <img src=\"https:\/\/up.lublin.pl\/biologia\/wp-content\/themes\/up-lublin\/assets\/images\/doc-ico.svg\" alt=\"\" \/>\n                                                    <h5>Antyoksydacyjne i&nbsp;immunostymuluj\u0105ce oddzia\u0142ywanie zr\u00f3\u017cnicowanych poziom\u00f3w i&nbsp;wzajemnego stosunku lizyny,argininy i&nbsp;metioniny w&nbsp;mieszankach dla indyk\u00f3w rze\u017anych<\/h5>\n                                                <\/div>\n                                                <a href=\"https:\/\/up.lublin.pl\/biologia\/antyoksydacyjne-i-immunostymulujace-oddzialywanie-zroznicowanych-poziomow-i-wzajemnego-stosunku-lizynyargininy-i-metioniny-w-mieszankach-dla-indykow-rzeznych\/\" class=\"mn-more\" target=\"_blank\">Zobacz<\/a>\n                                            <\/div>\n                                        <\/div>\n\t\t\t\t\t\t                                                        <div class=\"mn-cards-list\">\n                                            <div class=\"mn-card-container\">\n                                                <div>\n                                                    <img src=\"https:\/\/up.lublin.pl\/biologia\/wp-content\/themes\/up-lublin\/assets\/images\/doc-ico.svg\" alt=\"\" \/>\n                                                    <h5>Wyja\u015bnienie fenomenu naddominowania behawioralnego rodzin pszczelich utrzymywanych na dw\u00f3ch rodzajach plastr\u00f3w, o&nbsp;standardowym i&nbsp;o ma\u0142ym rozmiarze kom\u00f3rek<\/h5>\n                                                <\/div>\n                                                <a href=\"https:\/\/up.lublin.pl\/biologia\/wyjasnienie-fenomenu-naddominowania-behawioralnego-rodzin-pszczelich-utrzymywanych-na-dwoch-rodzajach-plastrow-o-standardowym-i-o-malym-rozmiarze-komorek\/\" class=\"mn-more\" target=\"_blank\">Zobacz<\/a>\n                                            <\/div>\n                                        <\/div>\n\t\t\t\t\t\t                                                        <div class=\"mn-cards-list\">\n                                            <div class=\"mn-card-container\">\n                                                <div>\n                                                    <img src=\"https:\/\/up.lublin.pl\/biologia\/wp-content\/themes\/up-lublin\/assets\/images\/doc-ico.svg\" alt=\"\" \/>\n                                                    <h5>Polimorfizm gen\u00f3w koduj\u0105cych wybrane bia\u0142ka cz\u0119\u015bci bia\u0142kowej jaja kurzego a&nbsp;ich w\u0142a\u015bciwo\u015bci alergizuj\u0105ce i&nbsp;przeciwbakteryjne<\/h5>\n                                                <\/div>\n                                                <a href=\"https:\/\/up.lublin.pl\/biologia\/polimorfizm-genow-kodujacych-wybrane-bialka-czesci-bialkowej-jaja-kurzego-a-ich-wlasciwosci-alergizujace-i-przeciwbakteryjne\/\" class=\"mn-more\" target=\"_blank\">Zobacz<\/a>\n                                            <\/div>\n                                        <\/div>\n\t\t\t\t\t\t                                                        <div class=\"mn-cards-list\">\n                                            <div class=\"mn-card-container\">\n                                                <div>\n                                                    <img src=\"https:\/\/up.lublin.pl\/biologia\/wp-content\/themes\/up-lublin\/assets\/images\/doc-ico.svg\" alt=\"\" \/>\n                                                    <h5>Utworzenie \u015bcie\u017cki edukacyjnej dla dzieci i&nbsp;m\u0142odzie\u017cy szkolnej \u201eWsp\u00f3\u0142czesny ko\u0144 w&nbsp;kszta\u0142towaniu \u015brodowiska miejskiego\u201d<\/h5>\n                                                <\/div>\n                                                <a href=\"https:\/\/up.lublin.pl\/biologia\/utworzenie-sciezki-edukacyjnej-dla-dzieci-i-mlodziezy-szkolnej-wspolczesny-kon-w-ksztaltowaniu-srodowiska-miejskiego\/\" class=\"mn-more\" target=\"_blank\">Zobacz<\/a>\n                                            <\/div>\n                                        <\/div>\n\t\t\t\t\t\t                                                        <div class=\"mn-cards-list\">\n                                            <div class=\"mn-card-container\">\n                                                <div>\n                                                    <img src=\"https:\/\/up.lublin.pl\/biologia\/wp-content\/themes\/up-lublin\/assets\/images\/doc-ico.svg\" alt=\"\" \/>\n                                                    <h5>Stypendium MNiSW dla wybitnego m\u0142odego naukowca \u2013 Piotr Domaradzki<\/h5>\n                                                <\/div>\n                                                <a href=\"https:\/\/up.lublin.pl\/biologia\/stypendium-mnisw-dla-wybitnego-mlodego-naukowca-piotr-domaradzki\/\" class=\"mn-more\" target=\"_blank\">Zobacz<\/a>\n                                            <\/div>\n                                        <\/div>\n\t\t\t\t\t\t                                                        <div class=\"mn-cards-list\">\n                                            <div class=\"mn-card-container\">\n                                                <div>\n                                                    <img src=\"https:\/\/up.lublin.pl\/biologia\/wp-content\/themes\/up-lublin\/assets\/images\/doc-ico.svg\" alt=\"\" \/>\n                                                    <h5>Identyfikacja i&nbsp;funkcjonalna charakterystyka mutacji mtDNA w&nbsp;nowotworach z\u0142o\u015bliwych gruczo\u0142u mlekowego u&nbsp;ps\u00f3w na podstawie bada\u0144 genomicznych, epigenomicznych i&nbsp;proteomicznych <\/h5>\n                                                <\/div>\n                                                <a href=\"https:\/\/up.lublin.pl\/biologia\/identyfikacja-i-funkcjonalna-charakterystyka-mutacji-mtdna-w-nowotworach-zlosliwych-gruczolu-mlekowego-u-psow-na-podstawie-badan-genomicznych-epigenomicznych-i-proteomicznych-2\/\" class=\"mn-more\" target=\"_blank\">Zobacz<\/a>\n                                            <\/div>\n                                        <\/div>\n\t\t\t\t\t\t                                                        <div class=\"mn-cards-list\">\n                                            <div class=\"mn-card-container\">\n                                                <div>\n                                                    <img src=\"https:\/\/up.lublin.pl\/biologia\/wp-content\/themes\/up-lublin\/assets\/images\/doc-ico.svg\" alt=\"\" \/>\n                                                    <h5>Ocena zanieczyszczenia wody studziennej na terenie cmentarzy Lubelszczyzny<\/h5>\n                                                <\/div>\n                                                <a href=\"https:\/\/up.lublin.pl\/biologia\/ocena-zanieczyszczenia-wody-studziennej-na-terenie-cmentarzy-lubelszczyzny\/\" class=\"mn-more\" target=\"_blank\">Zobacz<\/a>\n                                            <\/div>\n                                        <\/div>\n\t\t\t\t\t\t                                                        <div class=\"mn-cards-list\">\n                                            <div class=\"mn-card-container\">\n                                                <div>\n                                                    <img src=\"https:\/\/up.lublin.pl\/biologia\/wp-content\/themes\/up-lublin\/assets\/images\/doc-ico.svg\" alt=\"\" \/>\n                                                    <h5>Ograniczenie emisji gaz\u00f3w cieplarnianych z&nbsp;ferm byd\u0142a mlecznego<\/h5>\n                                                <\/div>\n                                                <a href=\"https:\/\/up.lublin.pl\/biologia\/ograniczenie-emisji-gazow-cieplarnianych-z-ferm-bydla-mlecznego\/\" class=\"mn-more\" target=\"_blank\">Zobacz<\/a>\n                                            <\/div>\n                                        <\/div>\n\t\t\t\t\t\t                                                        <div class=\"mn-cards-list\">\n                                            <div class=\"mn-card-container\">\n                                                <div>\n                                                    <img src=\"https:\/\/up.lublin.pl\/biologia\/wp-content\/themes\/up-lublin\/assets\/images\/doc-ico.svg\" alt=\"\" \/>\n                                                    <h5>Pokazowe mini gospodarstwo ekologiczne jako wzorzec warto\u015bci zdrowego \u017cycia dla dzieci i&nbsp;m\u0142odzie\u017cy szkolnej<\/h5>\n                                                <\/div>\n                                                <a href=\"https:\/\/up.lublin.pl\/biologia\/pokazowe-mini-gospodarstwo-ekologiczne-jako-wzorzec-wartosci-zdrowego-zycia-dla-dzieci-i-mlodziezy-szkolnej-2\/\" class=\"mn-more\" target=\"_blank\">Zobacz<\/a>\n                                            <\/div>\n                                        <\/div>\n\t\t\t\t\t\t                                                        <div class=\"mn-cards-list\">\n                                            <div class=\"mn-card-container\">\n                                                <div>\n                                                    <img src=\"https:\/\/up.lublin.pl\/biologia\/wp-content\/themes\/up-lublin\/assets\/images\/doc-ico.svg\" alt=\"\" \/>\n                                                    <h5>\u0141agodzenie niekorzystnych efekt\u00f3w zwi\u0105zanych ze spo\u017cywaniem diety wysokot\u0142uszczowej poprzez zmian\u0119 sposobu \u017cywienia i\/lub suplementacj\u0119 r\u00f3\u017cnymi formami chromu<\/h5>\n                                                <\/div>\n                                                <a href=\"https:\/\/up.lublin.pl\/biologia\/lagodzenie-niekorzystnych-efektow-zwiazanych-ze-spozywaniem-diety-wysokotluszczowej-poprzez-zmiane-sposobu-zywienia-i-lub-suplementacje-roznymi-formami-chromu\/\" class=\"mn-more\" target=\"_blank\">Zobacz<\/a>\n                                            <\/div>\n                                        <\/div>\n\t\t\t\t\t\t                                                        <div class=\"mn-cards-list\">\n                                            <div class=\"mn-card-container\">\n                                                <div>\n                                                    <img src=\"https:\/\/up.lublin.pl\/biologia\/wp-content\/themes\/up-lublin\/assets\/images\/doc-ico.svg\" alt=\"\" \/>\n                                                    <h5>Odpowied\u017a uk\u0142adu immunologicznego i&nbsp;systemu oksydoredukcyjnego indyk\u00f3w \u017cywionych dietami z&nbsp;lub bez dodatku kocydiostatyku na wczesne podanie antybiotyk\u00f3w<\/h5>\n                                                <\/div>\n                                                <a href=\"https:\/\/up.lublin.pl\/biologia\/odpowiedz-ukladu-immunologicznego-i-systemu-oksydoredukcyjnego-indykow-zywionych-dietami-z-lub-bez-dodatku-kocydiostatyku-na-wczesne-podanie-antybiotykow\/\" class=\"mn-more\" target=\"_blank\">Zobacz<\/a>\n                                            <\/div>\n                                        <\/div>\n\t\t\t\t\t\t                                                        <div class=\"mn-cards-list\">\n                                            <div class=\"mn-card-container\">\n                                                <div>\n                                                    <img src=\"https:\/\/up.lublin.pl\/biologia\/wp-content\/themes\/up-lublin\/assets\/images\/doc-ico.svg\" alt=\"\" \/>\n                                                    <h5>Spektrometr ruchliwo\u015bci jon\u00f3w z&nbsp;wysokoci\u015bnieniowym chromatografem cieczowym (UPLC\/QQQ-IMS-IT)<\/h5>\n                                                <\/div>\n                                                <a href=\"https:\/\/up.lublin.pl\/biologia\/spektrometr-ruchliwosci-jonow-z-wysokocisnieniowym-chromatografem-cieczowym-uplc-qqq-ims-it\/\" class=\"mn-more\" target=\"_blank\">Zobacz<\/a>\n                                            <\/div>\n                                        <\/div>\n\t\t\t\t\t\t                                                        <div class=\"mn-cards-list\">\n                                            <div class=\"mn-card-container\">\n                                                <div>\n                                                    <img src=\"https:\/\/up.lublin.pl\/biologia\/wp-content\/themes\/up-lublin\/assets\/images\/doc-ico.svg\" alt=\"\" \/>\n                                                    <h5>Nowe praktyki chowu zwierz\u0105t inwentarskich we wsp\u00f3\u0142pracy z&nbsp;Uniwersytetem Przyrodniczym z&nbsp;Lublina<\/h5>\n                                                <\/div>\n                                                <a href=\"https:\/\/up.lublin.pl\/biologia\/nowe-praktyki-chowu-zwierzat-inwentarskich-we-wspolpracy-z-uniwersytetem-przyrodniczym-z-lublina\/\" class=\"mn-more\" target=\"_blank\">Zobacz<\/a>\n                                            <\/div>\n                                        <\/div>\n\t\t\t\t\t\t                                                        <div class=\"mn-cards-list\">\n                                            <div class=\"mn-card-container\">\n                                                <div>\n                                                    <img src=\"https:\/\/up.lublin.pl\/biologia\/wp-content\/themes\/up-lublin\/assets\/images\/doc-ico.svg\" alt=\"\" \/>\n                                                    <h5>Czy efekt metaboliczny nanocz\u0105stek miedzi jest uzale\u017cniony od zr\u00f3\u017cnicowanych funkcji fizjologicznych b\u0142onnika pokarmowego?<\/h5>\n                                                <\/div>\n                                                <a href=\"https:\/\/up.lublin.pl\/biologia\/czy-efekt-metaboliczny-nanoczastek-miedzi-jest-uzalezniony-od-zroznicowanych-funkcji-fizjologicznych-blonnika-pokarmowego\/\" class=\"mn-more\" target=\"_blank\">Zobacz<\/a>\n                                            <\/div>\n                                        <\/div>\n\t\t\t\t\t\t                                                        <div class=\"mn-cards-list\">\n                                            <div class=\"mn-card-container\">\n                                                <div>\n                                                    <img src=\"https:\/\/up.lublin.pl\/biologia\/wp-content\/themes\/up-lublin\/assets\/images\/doc-ico.svg\" alt=\"\" \/>\n                                                    <h5>Zmiany w&nbsp;mitochondrialnym DNA w&nbsp;nowotworach z\u0142o\u015bliwych \u015bledziony u&nbsp;ps\u00f3w \u2013 ocena ich roli i&nbsp;warto\u015bci diagnostycznej<\/h5>\n                                                <\/div>\n                                                <a href=\"https:\/\/up.lublin.pl\/biologia\/zmiany-w-mitochondrialnym-dna-w-nowotworach-zlosliwych-sledziony-u-psow-ocena-ich-roli-i-wartosci-diagnostycznej\/\" class=\"mn-more\" target=\"_blank\">Zobacz<\/a>\n                                            <\/div>\n                                        <\/div>\n\t\t\t\t\t\t                                <\/div>\n\t\t\t\t                <div class=\"mn-content-block\">\n\t                                <\/div>\n\t\t\t\t                <div class=\"mn-content-block\">\n\t                                <\/div>\n\t\t\t\t                <div class=\"mn-content-block\">\n\t                                <\/div>\n\t\t\t\t                <div class=\"mn-content-block\">\n\t                                <\/div>\n\t\t\t\t                <div class=\"mn-content-block\">\n\t                                <\/div>\n\t\t\t\t                <div class=\"mn-content-block\">\n\t                                <\/div>\n\t\t\t\t                <div class=\"mn-content-block\">\n\t                                <\/div>\n\t\t\t\t                <div class=\"mn-content-block\">\n\t                                <\/div>\n\t\t\t\t                <div class=\"mn-content-block\">\n\t                                <\/div>\n\t\t\t\t                <div class=\"mn-content-block\">\n\t                                <\/div>\n\t\t\t\t                <div class=\"mn-content-block\">\n\t                                <\/div>\n\t\t\t\t                <div class=\"mn-content-block\">\n\t                                <\/div>\n\t\t\t\t                <div class=\"mn-content-block\">\n\t                                <\/div>\n\t\t\t\t                <div class=\"mn-content-block\">\n\t                                <\/div>\n\t\t\t\t                <div class=\"mn-content-block\">\n\t                                <\/div>\n\t\t\t\t                <div class=\"mn-content-block\">\n\t                                <\/div>\n\t\t\t\t                <div class=\"mn-content-block\">\n\t                                <\/div>\n\t\t\t\t                <div class=\"mn-content-block\">\n\t                                <\/div>\n\t\t\t\t                <div class=\"mn-content-block\">\n\t                                <\/div>\n\t\t\t\t\t\t<\/div>\n\t<\/div>\n<\/section>\n\t\t<\/div>\n\t\t\t\t<\/div>\n\t\t\t\t\t\t<\/div>\n\t\t\t\t\t<\/div>\n\t\t<\/div>\n\t\t\t\t\t\t\t\t<\/div>\n\t\t\t\t\t<\/div>\n\t\t<\/section>\n\t\t\t\t\t\t<\/div>\n\t\t\t\t\t\t<\/div>\n\t\t\t\t\t<\/div>\n\t\t","protected":false},"excerpt":{"rendered":"<p>Wydzia\u0142 Nauk o&nbsp;Zwierz\u0119tach i&nbsp;Biogospodarki Projekty badawcze UP Wydzia\u0142 Nauk o&nbsp;Zwierz\u0119tach i&nbsp;Biogospodarki \u201eSzcz\u0119\u015bliwy kurczak premium w&nbsp;zio\u0142owym standardzie\u201d Zobacz Opracowanie w&nbsp;wyniku prac badawczo-rozwojowych innowacyjnych preparat\u00f3w dla drobiu Zobacz Dobowa aktywno\u015b\u0107 komponent\u00f3w autonomicznego uk\u0142adu nerwowego koni Zobacz Zastosowanie analizy stripingowej do oznaczania amin biogennych Zobacz Antyoksydacyjne i&nbsp;immunostymuluj\u0105ce oddzia\u0142ywanie zr\u00f3\u017cnicowanych poziom\u00f3w i&nbsp;wzajemnego stosunku lizyny,argininy i&nbsp;metioniny w&nbsp;mieszankach dla indyk\u00f3w rze\u017anych [&hellip;]<\/p>\n","protected":false},"author":2,"featured_media":0,"parent":0,"menu_order":0,"comment_status":"closed","ping_status":"closed","template":"elementor_header_footer","meta":{"_monsterinsights_skip_tracking":false,"_monsterinsights_sitenote_active":false,"_monsterinsights_sitenote_note":"","_monsterinsights_sitenote_category":0},"_links":{"self":[{"href":"https:\/\/up.lublin.pl\/biologia\/wp-json\/wp\/v2\/pages\/360"}],"collection":[{"href":"https:\/\/up.lublin.pl\/biologia\/wp-json\/wp\/v2\/pages"}],"about":[{"href":"https:\/\/up.lublin.pl\/biologia\/wp-json\/wp\/v2\/types\/page"}],"author":[{"embeddable":true,"href":"https:\/\/up.lublin.pl\/biologia\/wp-json\/wp\/v2\/users\/2"}],"replies":[{"embeddable":true,"href":"https:\/\/up.lublin.pl\/biologia\/wp-json\/wp\/v2\/comments?post=360"}],"version-history":[{"count":69,"href":"https:\/\/up.lublin.pl\/biologia\/wp-json\/wp\/v2\/pages\/360\/revisions"}],"predecessor-version":[{"id":156969,"href":"https:\/\/up.lublin.pl\/biologia\/wp-json\/wp\/v2\/pages\/360\/revisions\/156969"}],"wp:attachment":[{"href":"https:\/\/up.lublin.pl\/biologia\/wp-json\/wp\/v2\/media?parent=360"}],"curies":[{"name":"wp","href":"https:\/\/api.w.org\/{rel}","templated":true}]}}