{"id":295,"date":"2020-11-23T10:17:43","date_gmt":"2020-11-23T09:17:43","guid":{"rendered":"http:\/\/nowastrona.up.lublin.pl\/biologia\/?page_id=295"},"modified":"2023-03-06T14:00:49","modified_gmt":"2023-03-06T13:00:49","slug":"jublieusze","status":"publish","type":"page","link":"https:\/\/up.lublin.pl\/biologia\/wydzial\/jublieusze\/","title":{"rendered":"Jublieusze"},"content":{"rendered":"\t\t<div data-elementor-type=\"wp-page\" data-elementor-id=\"295\" class=\"elementor elementor-295\" data-elementor-settings=\"[]\">\n\t\t\t\t\t\t<div class=\"elementor-inner\">\n\t\t\t\t\t\t\t<div class=\"elementor-section-wrap\">\n\t\t\t\t\t\t\t<section class=\"elementor-section elementor-top-section elementor-element elementor-element-f021110 elementor-section-boxed elementor-section-height-default elementor-section-height-default\" data-id=\"f021110\" data-element_type=\"section\">\n\t\t\t\t\t\t<div class=\"elementor-container elementor-column-gap-default\">\n\t\t\t\t\t\t\t<div class=\"elementor-row\">\n\t\t\t\t\t<div class=\"elementor-column elementor-col-100 elementor-top-column elementor-element elementor-element-74257fa\" data-id=\"74257fa\" data-element_type=\"column\">\n\t\t\t<div class=\"elementor-column-wrap elementor-element-populated\">\n\t\t\t\t\t\t\t<div class=\"elementor-widget-wrap\">\n\t\t\t\t\t\t<div class=\"elementor-element elementor-element-06b8267 elementor-widget elementor-widget-m2e\" data-id=\"06b8267\" data-element_type=\"widget\" data-widget_type=\"m2e.default\">\n\t\t\t\t<div class=\"elementor-widget-container\">\n\t\t\t<section class=\"mn-m2-e mn-bg-green\">\n\t<div class=\"mn-grid\">\n\t\t<div class=\"mn-grid-3 mn-introtext\">\n\t\t\t\t\t\t\t<p class=\"mn-header\">Wydzia\u0142 Nauk o&nbsp;Zwierz\u0119tach i&nbsp;Biogospodarki<\/p>\n\t\t\t\t\t\t\t\t\t\t\t<h3>\n\t\t\t\t\tJubileusze\t\t\t\t<\/h3>\n\t\t\t\t\t\t\t\t\t\t\t\t<\/div>\n\t\t<div class=\"mn-grid-9 mn-image-container\">\n\t\t\t\t\t<\/div>\n\t<\/div>\n\t<\/section>\n\t\t<\/div>\n\t\t\t\t<\/div>\n\t\t\t\t\t\t<\/div>\n\t\t\t\t\t<\/div>\n\t\t<\/div>\n\t\t\t\t\t\t\t\t<\/div>\n\t\t\t\t\t<\/div>\n\t\t<\/section>\n\t\t\t\t<section class=\"elementor-section elementor-top-section elementor-element elementor-element-64d67c8 elementor-section-boxed elementor-section-height-default elementor-section-height-default\" data-id=\"64d67c8\" data-element_type=\"section\">\n\t\t\t\t\t\t<div class=\"elementor-container elementor-column-gap-default\">\n\t\t\t\t\t\t\t<div class=\"elementor-row\">\n\t\t\t\t\t<div class=\"elementor-column elementor-col-100 elementor-top-column elementor-element elementor-element-ea29b87\" data-id=\"ea29b87\" data-element_type=\"column\">\n\t\t\t<div class=\"elementor-column-wrap elementor-element-populated\">\n\t\t\t\t\t\t\t<div class=\"elementor-widget-wrap\">\n\t\t\t\t\t\t<div class=\"elementor-element elementor-element-ef49583 elementor-widget elementor-widget-m4a\" data-id=\"ef49583\" data-element_type=\"widget\" data-widget_type=\"m4a.default\">\n\t\t\t\t<div class=\"elementor-widget-container\">\n\t\t\t\t<section class=\"mn-m4_b mn-bg-green\">\n\t\t\t\t<div class=\"mn-grid\">\n\t\t\t\t\t\t\t<div class=\"mn-grid-6 mn-kat-m4-container\">\n\t\t\t\t\t\t\t\t\t\t\t\t\t\t\t\t<h3>Jubileusz 65-lecia<\/h3>\n\t\t\t\t\t\t\t\t\t\t\t\t\t\t\t\t\t\t\t\t\t\t<a href=\"https:\/\/up.lublin.pl\/biologia\/wydzial\/jublieusze\/jubileusz-65-lecia\/\" class=\"mn-more\">Zobacz wi\u0119cej<\/a>\n\t\t\t\t\t\t\t\t\t\t<\/div>\n\t\t\t\t\t\t\t\t<div class=\"mn-grid-6 mn-kat-m4-container\">\n\t\t\t\t\t\t\t\t\t\t\t\t\t\t\t\t<h3>Jubileusz 70-lecia<\/h3>\n\t\t\t\t\t\t\t\t\t\t\t\t\t\t\t\t\t\t\t\t\t\t<a href=\"https:\/\/up.lublin.pl\/70lat-wnozib\/\" class=\"mn-more\">Zobacz wi\u0119cej<\/a>\n\t\t\t\t\t\t\t\t\t\t<\/div>\n\t\t\t\t\t\t<\/div>\n\t<\/section>\n\t\t\t<\/div>\n\t\t\t\t<\/div>\n\t\t\t\t\t\t<\/div>\n\t\t\t\t\t<\/div>\n\t\t<\/div>\n\t\t\t\t\t\t\t\t<\/div>\n\t\t\t\t\t<\/div>\n\t\t<\/section>\n\t\t\t\t\t\t<\/div>\n\t\t\t\t\t\t<\/div>\n\t\t\t\t\t<\/div>\n\t\t","protected":false},"excerpt":{"rendered":"<p>Wydzia\u0142 Nauk o&nbsp;Zwierz\u0119tach i&nbsp;Biogospodarki Jubileusze UP Wydzia\u0142 Nauk o&nbsp;Zwierz\u0119tach i&nbsp;Biogospodarki Jubileusz 65-lecia Zobacz wi\u0119cej Jubileusz 70-lecia Zobacz wi\u0119cej<\/p>\n","protected":false},"author":2,"featured_media":0,"parent":264,"menu_order":0,"comment_status":"closed","ping_status":"closed","template":"elementor_header_footer","meta":{"_monsterinsights_skip_tracking":false,"_monsterinsights_sitenote_active":false,"_monsterinsights_sitenote_note":"","_monsterinsights_sitenote_category":0},"_links":{"self":[{"href":"https:\/\/up.lublin.pl\/biologia\/wp-json\/wp\/v2\/pages\/295"}],"collection":[{"href":"https:\/\/up.lublin.pl\/biologia\/wp-json\/wp\/v2\/pages"}],"about":[{"href":"https:\/\/up.lublin.pl\/biologia\/wp-json\/wp\/v2\/types\/page"}],"author":[{"embeddable":true,"href":"https:\/\/up.lublin.pl\/biologia\/wp-json\/wp\/v2\/users\/2"}],"replies":[{"embeddable":true,"href":"https:\/\/up.lublin.pl\/biologia\/wp-json\/wp\/v2\/comments?post=295"}],"version-history":[{"count":9,"href":"https:\/\/up.lublin.pl\/biologia\/wp-json\/wp\/v2\/pages\/295\/revisions"}],"predecessor-version":[{"id":155133,"href":"https:\/\/up.lublin.pl\/biologia\/wp-json\/wp\/v2\/pages\/295\/revisions\/155133"}],"up":[{"embeddable":true,"href":"https:\/\/up.lublin.pl\/biologia\/wp-json\/wp\/v2\/pages\/264"}],"wp:attachment":[{"href":"https:\/\/up.lublin.pl\/biologia\/wp-json\/wp\/v2\/media?parent=295"}],"curies":[{"name":"wp","href":"https:\/\/api.w.org\/{rel}","templated":true}]}}