{"id":289,"date":"2020-11-23T10:16:55","date_gmt":"2020-11-23T09:16:55","guid":{"rendered":"http:\/\/nowastrona.up.lublin.pl\/biologia\/?page_id=289"},"modified":"2025-01-17T10:25:07","modified_gmt":"2025-01-17T09:25:07","slug":"zespol-ds-dobrostanu","status":"publish","type":"page","link":"https:\/\/up.lublin.pl\/biologia\/wydzial\/zespol-ds-dobrostanu\/","title":{"rendered":"Zesp\u00f3\u0142 ds. dobrostanu"},"content":{"rendered":"\t\t<div data-elementor-type=\"wp-page\" data-elementor-id=\"289\" class=\"elementor elementor-289\" data-elementor-settings=\"[]\">\n\t\t\t\t\t\t<div class=\"elementor-inner\">\n\t\t\t\t\t\t\t<div class=\"elementor-section-wrap\">\n\t\t\t\t\t\t\t<section class=\"elementor-section elementor-top-section elementor-element elementor-element-413c0a6 elementor-section-boxed elementor-section-height-default elementor-section-height-default\" data-id=\"413c0a6\" data-element_type=\"section\">\n\t\t\t\t\t\t<div class=\"elementor-container elementor-column-gap-default\">\n\t\t\t\t\t\t\t<div class=\"elementor-row\">\n\t\t\t\t\t<div class=\"elementor-column elementor-col-100 elementor-top-column elementor-element elementor-element-6829b82\" data-id=\"6829b82\" data-element_type=\"column\">\n\t\t\t<div class=\"elementor-column-wrap elementor-element-populated\">\n\t\t\t\t\t\t\t<div class=\"elementor-widget-wrap\">\n\t\t\t\t\t\t<div class=\"elementor-element elementor-element-332e538 elementor-widget elementor-widget-m5h\" data-id=\"332e538\" data-element_type=\"widget\" data-widget_type=\"m5h.default\">\n\t\t\t\t<div class=\"elementor-widget-container\">\n\t\t\t<section class=\"mn-m5-h mn-bg-green\">\r\n\t<div class=\"mn-grid\">\r\n\t\t<div class=\"mn-content mn-grid-12\">\r\n\t\t\t<div class=\"mn-lead\">\r\n\t\t\t\t<h2><span style=\"color: #ffffff\">Zesp\u00f3\u0142 ds. Dobrostanu Zwierz\u0105t<\/span><\/h2>\n\t\t\t<\/div>\r\n\t\t<\/div>\r\n\t<\/div>\r\n<\/section>\r\n\t\t<\/div>\n\t\t\t\t<\/div>\n\t\t\t\t\t\t<\/div>\n\t\t\t\t\t<\/div>\n\t\t<\/div>\n\t\t\t\t\t\t\t\t<\/div>\n\t\t\t\t\t<\/div>\n\t\t<\/section>\n\t\t\t\t<section class=\"elementor-section elementor-top-section elementor-element elementor-element-6963f0d elementor-section-boxed elementor-section-height-default elementor-section-height-default\" data-id=\"6963f0d\" data-element_type=\"section\">\n\t\t\t\t\t\t<div class=\"elementor-container elementor-column-gap-default\">\n\t\t\t\t\t\t\t<div class=\"elementor-row\">\n\t\t\t\t\t<div class=\"elementor-column elementor-col-100 elementor-top-column elementor-element elementor-element-c4342d9\" data-id=\"c4342d9\" data-element_type=\"column\">\n\t\t\t<div class=\"elementor-column-wrap elementor-element-populated\">\n\t\t\t\t\t\t\t<div class=\"elementor-widget-wrap\">\n\t\t\t\t\t\t<div class=\"elementor-element elementor-element-f591faf elementor-widget elementor-widget-m5c\" data-id=\"f591faf\" data-element_type=\"widget\" data-widget_type=\"m5c.default\">\n\t\t\t\t<div class=\"elementor-widget-container\">\n\t\t\t<section class=\"mn-m5-c mn-m5-d2 mn-bg-white\">\n\t<div class=\"mn-grid\">\n\t\t\t\t<div class=\"mn-content mn-grid-9\">\n\t\t\t                <div class=\"mn-content-block active\">\n\t                                                        <ul class=\"mn-accordion\">\n                                            <li>\n                                                <h4 class=\"mn-accordion-title\">Sk\u0142ad osobowy Zespo\u0142u ds. Dobrostanu Zwierz\u0105t<\/h4>\n                                                <div>\n\t\t\t\t\t\t\t\t\t                <p>Zesp\u00f3\u0142 ds. Dobrostanu Zwierz\u0105t<\/p>\n<ul>\n<li><strong>Prof. dr hab. Ma\u0142gorzata Kwiecie\u0144 \u2013 Przewodnicz\u0105ca<\/strong><\/li>\n<li>Prof. dr hab. Hanna Bis-Wencel<\/li>\n<li>Prof. dr hab. Andrzej Jakubczak<\/li>\n<li>Dr hab. Wioletta Samoli\u0144ska prof. uczelni<\/li>\n<li>Dr hab. Katarzyna Strzelec prof. uczelni<\/li>\n<li>Dr hab. Monika Budzy\u0144ska<\/li>\n<li>Dr hab. Monika Gregu\u0142a-Kania<\/li>\n<li>Dr hab. Kornel Kasperek<\/li>\n<\/ul>\n                                                <\/div>\n                                            <\/li>\n                                        <\/ul>\n\t\t\t\t\t\t                                                        <ul class=\"mn-accordion\">\n                                            <li>\n                                                <h4 class=\"mn-accordion-title\">Zadania Zespo\u0142u ds. Dobrostanu Zwierz\u0105t:<\/h4>\n                                                <div>\n\t\t\t\t\t\t\t\t\t                <p>Zgodnie z&nbsp;art. 25 Ustawy z&nbsp;dnia 17 listopada 2021r. o&nbsp;zmianie ustawy o&nbsp;ochronie zwierz\u0105t wykorzystywanych do cel\u00f3w naukowych lub edukacyjnych (Dz.U. 2021r. poz. 2338) wydzia\u0142owy zesp\u00f3\u0142 ds. dobrostanu zwierz\u0105t realizuje nast\u0119puj\u0105ce zadania:<br \/>1) udzielanie porad:<br \/>a) w&nbsp;sprawach:<br \/>\u2013 zwi\u0105zanych z&nbsp;zapewnieniem dobrostanu zwierz\u0105t,<br \/>\u2013 znalezienia nowego opiekuna dla zwierz\u0105t, w&nbsp;tym ich w\u0142a\u015bciwej socjalizacji,<br \/>\u2013 prowadzenia rehabilitacji zwierz\u0105t dzikich przed przywr\u00f3ceniem ich do siedliska przyrodniczego,<br \/>\u2013 zwi\u0105zanych z&nbsp;organizowanymi szkoleniami,<br \/>b) dotycz\u0105cych stosowania zasad zast\u0105pienia, ograniczenia i&nbsp;udoskonalenia, a&nbsp;tak\u017ce przekazywanie na bie\u017c\u0105co informacji o&nbsp;osi\u0105gni\u0119ciach technicznych i&nbsp;naukowych zwi\u0105zanych ze stosowaniem tych zasad;<br \/>2) opracowywanie i&nbsp;dokonywanie przegl\u0105du wewn\u0119trznych zasad post\u0119powania ze zwierz\u0119tami utrzymywanymi w&nbsp;o\u015brodku;<br \/>3) monitorowanie przypadk\u00f3w u\u015bmiercania zwierz\u0105t w&nbsp;celu pozyskania narz\u0105d\u00f3w lub tkanek oraz u\u0142atwianie wzajemnego udost\u0119pniania pozyskanych narz\u0105d\u00f3w lub tkanek mi\u0119dzy hodowcami, dostawcami i&nbsp;u\u017cytkownikami;<br \/>4) monitorowanie dobrostanu zwierz\u0105t utrzymywanych w&nbsp;o\u015brodku lub wykorzystywanych do cel\u00f3w naukowych lub edukacyjnych;<br \/>5) zg\u0142aszanie hodowcy, dostawcy lub u\u017cytkownikowi przypadk\u00f3w naruszenia dobrostanu zwierz\u0105t i&nbsp;okre\u015blanie czynno\u015bci, kt\u00f3re nale\u017cy podj\u0105\u0107 w&nbsp;celu przywr\u00f3cenia tego dobrostanu;<br \/>6) kontrola przeprowadzania do\u015bwiadcze\u0144 i&nbsp;ich wynik\u00f3w, z&nbsp;uwzgl\u0119dnieniem wp\u0142ywu tych do\u015bwiadcze\u0144 na wykorzystywane w&nbsp;nich zwierz\u0119ta, oraz ocena zgodno\u015bci przeprowadzanych do\u015bwiadcze\u0144 z&nbsp;tre\u015bci\u0105 uchwa\u0142y o&nbsp;udzieleniu zgody na przeprowadzenie do\u015bwiadczenia oraz z&nbsp;zasadami zast\u0105pienia, ograniczenia i&nbsp;udoskonalenia;<br \/>7) opiniowanie lub zatwierdzanie wniosk\u00f3w o&nbsp;wyra\u017cenie zgody na przeprowadzenie do\u015bwiadczenia przed ich z\u0142o\u017ceniem do lokalnej komisji etycznej do spraw do\u015bwiadcze\u0144 na zwierz\u0119tach.<\/p>\n                                                <\/div>\n                                            <\/li>\n                                        <\/ul>\n\t\t\t\t\t\t                                                        <ul class=\"mn-accordion\">\n                                            <li>\n                                                <h4 class=\"mn-accordion-title\">Terminy spotka\u0144 Zespo\u0142u ds. Dobrostanu Zwierz\u0105t<\/h4>\n                                                <div>\n\t\t\t\t\t\t\t\t\t                <table style=\"width: 69.2614%;height: 230px\">\n<tbody>\n<tr style=\"height: 46px\">\n<td style=\"width: 49.1525%;text-align: center;height: 46px\" width=\"201\"><strong>Termin posiedzenia ZdsDZ<\/strong><\/td>\n<td style=\"width: 53.6499%;text-align: center;height: 46px\" width=\"201\"><strong>Termin z\u0142o\u017cenia wniosku<\/strong><\/td>\n<td style=\"width: 14.1999%;height: 46px\">\u00a0<\/td>\n<\/tr>\n<tr style=\"height: 23px\">\n<td style=\"width: 49.1525%;text-align: center;height: 23px\" width=\"201\">29.02.2024<\/td>\n<td style=\"width: 53.6499%;text-align: center;height: 23px\" width=\"201\">19.02.2024<\/td>\n<td style=\"width: 14.1999%;height: 23px\">\u00a0<\/td>\n<\/tr>\n<tr style=\"height: 23px\">\n<td style=\"width: 49.1525%;text-align: center;height: 23px\" width=\"201\">09.03.2024<\/td>\n<td style=\"width: 53.6499%;text-align: center;height: 23px\" width=\"201\">26.02.2024<\/td>\n<td style=\"width: 14.1999%;height: 23px\">\u00a0<\/td>\n<\/tr>\n<tr style=\"height: 23px\">\n<td style=\"width: 49.1525%;text-align: center;height: 23px\" width=\"201\">18.04.2024<\/td>\n<td style=\"width: 53.6499%;text-align: center;height: 23px\" width=\"201\">01.04.2024<\/td>\n<td style=\"width: 14.1999%;height: 23px\">\u00a0<\/td>\n<\/tr>\n<tr style=\"height: 23px\">\n<td style=\"width: 49.1525%;text-align: center;height: 23px\" width=\"201\">09.05.2024<\/td>\n<td style=\"width: 53.6499%;text-align: center;height: 23px\" width=\"201\">22.04.2024<\/td>\n<td style=\"width: 14.1999%;height: 23px\">\u00a0<\/td>\n<\/tr>\n<tr>\n<td style=\"width: 49.1525%;text-align: center\" width=\"201\">20.06.2024<\/td>\n<td style=\"width: 53.6499%;text-align: center\" width=\"201\">03.06.2024<\/td>\n<td style=\"width: 14.1999%;height: 23px\" width=\"201\">\u00a0<\/td>\n<\/tr>\n<tr>\n<td style=\"width: 49.1525%;text-align: center\" width=\"201\">04.07.2024<\/td>\n<td style=\"width: 53.6499%;text-align: center\" width=\"201\">24.06.2024<\/td>\n<td style=\"width: 14.1999%;height: 23px\">\u00a0<\/td>\n<\/tr>\n<tr style=\"height: 23px\">\n<td style=\"width: 49.1525%;text-align: center;height: 23px\" width=\"201\">\u00a0<\/td>\n<td style=\"width: 53.6499%;text-align: center;height: 23px\" width=\"201\">\u00a0<\/td>\n<td style=\"width: 14.1999%;height: 23px\">\u00a0<\/td>\n<\/tr>\n<tr style=\"height: 23px\">\n<td style=\"width: 49.1525%;text-align: center;height: 23px\" width=\"201\">\u00a0<\/td>\n<td style=\"width: 53.6499%;text-align: center;height: 23px\" width=\"201\">\u00a0<\/td>\n<td style=\"width: 14.1999%;height: 23px\">\u00a0<\/td>\n<\/tr>\n<\/tbody>\n<\/table>\n<table>\n<tbody>\n<tr>\n<td width=\"201\"><strong>Termin posiedz. LKE<\/strong><\/td>\n<td width=\"201\"><strong>Termin z\u0142o\u017cenia wniosku<\/strong><\/td>\n<td width=\"201\"><strong>Termin posiedzenia ZdsDZ<\/strong><\/td>\n<\/tr>\n<tr>\n<td width=\"201\">20.03.2023<\/td>\n<td width=\"201\">10.03.2023<\/td>\n<td width=\"201\">13.03.2023<\/td>\n<\/tr>\n<tr>\n<td width=\"201\">3.04.2023<\/td>\n<td width=\"201\">24.03.2023<\/td>\n<td width=\"201\"><strong>27.03.2023<\/strong><\/td>\n<\/tr>\n<tr>\n<td width=\"201\">24.04.2023<\/td>\n<td width=\"201\">14.04.2023<\/td>\n<td width=\"201\"><strong>17.04.2023<\/strong><\/td>\n<\/tr>\n<tr>\n<td width=\"201\">15.05.2023<\/td>\n<td width=\"201\">5.05.2023<\/td>\n<td width=\"201\"><strong>8.05.2023 <\/strong><\/td>\n<\/tr>\n<tr>\n<td width=\"201\">5.06.2023<\/td>\n<td width=\"201\">26.05.2023<\/td>\n<td width=\"201\"><strong>29.05.2023<\/strong><\/td>\n<\/tr>\n<tr>\n<td width=\"201\">26.06.2023<\/td>\n<td width=\"201\">6.06.2023<\/td>\n<td width=\"201\"><strong>19.06.2023<\/strong><\/td>\n<\/tr>\n<tr>\n<td width=\"201\">24.07.2023<\/td>\n<td width=\"201\">14.07.2023<\/td>\n<td width=\"201\"><strong>10.07.2023<\/strong><\/td>\n<\/tr>\n<tr>\n<td width=\"201\">4.09.2023<\/td>\n<td width=\"201\">25.08.2023<\/td>\n<td width=\"201\"><strong>28.08.2023<\/strong><\/td>\n<\/tr>\n<\/tbody>\n<\/table>\n<hr \/>\n                                                <\/div>\n                                            <\/li>\n                                        <\/ul>\n\t\t\t\t\t\t                                                        <ul class=\"mn-accordion\">\n                                            <li>\n                                                <h4 class=\"mn-accordion-title\">Najwa\u017cniejsze akty prawne dotycz\u0105ce wykorzystania zwierz\u0105t do cel\u00f3w naukowych lub edukacyjnych<\/h4>\n                                                <div>\n\t\t\t\t\t\t\t\t\t                <ul>\n<li>Ustawa z\u00a0dnia\u00a017 listopada 2021 r. o&nbsp;zmianie ustawy o&nbsp;ochronie zwierz\u0105t wykorzystywanych do cel\u00f3w naukowych lub edukacyjnych\u00a0 (<a href=\"https:\/\/dziennikustaw.gov.pl\/DU\/2021\/2338\">https:\/\/dziennikustaw.gov.pl\/DU\/2021\/2338<\/a>)<\/li>\n<li>Ustawa z&nbsp;dnia 15 stycznia 2015 r. w&nbsp;sprawie wykorzystywania zwierz\u0105t do cel\u00f3w naukowych i&nbsp;edukacyjnych (http:\/\/dziennikustaw.gov.pl\/DU\/2015\/266\/1)<\/li>\n<li>Rozporz\u0105dzenie Ministra Nauki i&nbsp;Szkolnictwa Wy\u017cszego z&nbsp;dnia 5 maja 2015 r. w&nbsp;sprawie szkole\u0144, praktyk i&nbsp;sta\u017cy dla os\u00f3b wykonuj\u0105cych czynno\u015bci zwi\u0105zane z&nbsp;wykorzystywaniem zwierz\u0105t do cel\u00f3w naukowych lub edukacyjnych (http:\/\/dziennikustaw.gov.pl\/DU\/2015\/628\/1).<\/li>\n<li>Rozporz\u0105dzenie Ministra Rolnictwa i&nbsp;Rozwoju Wsi z&nbsp;dnia 12 pa\u017adziernika 2015 r. w&nbsp;sprawie znakowania ps\u00f3w, kot\u00f3w i&nbsp;zwierz\u0105t z&nbsp;rz\u0119du naczelnych (http:\/\/dziennikustaw.gov.pl\/du\/2015\/1714)<\/li>\n<li>Rozporz\u0105dzenie Ministra Nauki i&nbsp;Szkolnictwa Wy\u017cszego z&nbsp;dnia 4 listopada 2015 r. w&nbsp;sprawie informacji dotycz\u0105cych zwierz\u0105t wykorzystywanych w&nbsp;procedurach oraz trybu przekazywania tych informacji (http:\/\/www.dziennikustaw.gov.pl\/du\/2015\/1934\/1)<\/li>\n<li>Dyrektywa Parlamentu Europejskiego i&nbsp;Rady 2010\/63\/UE z&nbsp;dnia 22 wrze\u015bnia 2010 r. w&nbsp;sprawie ochrony zwierz\u0105t wykorzystywanych do cel\u00f3w naukowych<\/li>\n<li>Rozporz\u0105dzenie Ministra Rolnictwa i&nbsp;Rozwoju Wsi z&nbsp;dnia 14 grudnia 2016 r. w&nbsp;sprawie minimalnych wymaga\u0144, jakie powinien spe\u0142nia\u0107 o\u015brodek, oraz minimalnych wymaga\u0144 w&nbsp;zakresie opieki nad zwierz\u0119tami utrzymywanymi w&nbsp;o\u015brodku (Dz.U. 2016 poz. 2139)<\/li>\n<li>Obwieszczenie Ministra Rolnictwa i&nbsp;Rozwoju Wsi z&nbsp;dnia 15 grudnia 2016 r. w&nbsp;sprawie og\u0142oszenia jednolitego tekstu rozporz\u0105dzenia Ministra Rolnictwa i&nbsp;Rozwoju Wsi w&nbsp;sprawie minimalnych warunk\u00f3w utrzymywania gatunk\u00f3w zwierz\u0105t gospodarskich innych ni\u017c te, dla kt\u00f3rych normy ochrony zosta\u0142y okre\u015blone w&nbsp;przepisach Unii Europejskiej (Dz.U. 2017 nr 0 poz. 127)<\/li>\n<li>Rozporz\u0105dzenie Ministra Rolnictwa i&nbsp;Rozwoju Wsi z&nbsp;dnia 15 lutego 2010 r. w&nbsp;sprawie wymaga\u0144 i&nbsp;sposobu post\u0119powania przy utrzymywaniu gatunk\u00f3w zwierz\u0105t gospodarskich, dla kt\u00f3rych normy ochrony zosta\u0142y okre\u015blone w&nbsp;przepisach Unii Europejskiej (Dz.U. 2010 nr 56 poz. 344)<\/li>\n<li>Rozporz\u0105dzenie Ministra Rolnictwa i&nbsp;Rozwoju Wsi z&nbsp;dnia 15 grudnia 2011 r. zmieniaj\u0105ce rozporz\u0105dzenie w&nbsp;sprawie wymaga\u0144 i&nbsp;sposobu post\u0119powania przy utrzymywaniu gatunk\u00f3w zwierz\u0105t gospodarskich, dla kt\u00f3rych normy ochrony zosta\u0142y okre\u015blone w&nbsp;przepisach Unii Europejskiej (Dz.U. 2011 nr 282 poz. 1652)<\/li>\n<li><a href=\"https:\/\/up.lublin.pl\/biologia\/wp-content\/uploads\/sites\/4\/2023\/03\/zgloszenie_komisja-dobrostanu_szablon-2022.docx\">Zg\u0142oszenie do\u015bwiadczenia do komisji dobrostanu szablon 2022<\/a><\/li>\n<\/ul>\n<p>Zestawienie wzor\u00f3w dokument\u00f3w wymaganych do ubiegania si\u0119 o&nbsp;udzielenie zgody na wykorzystanie zwierz\u0105t do cel\u00f3w naukowych lub edukacyjnych (strona BIP MNiSW) oraz inne wzory dokument\u00f3w na stronach MNiSW oraz LKE w&nbsp;Lublinie:<br \/>\nhttp:\/\/www.bip.nauka.gov.pl\/dokumenty-wymagane-do-ubiegania-sie-o-zgode-na-przeprowadzenie-doswiadczenia\/<\/p>\n                                                <\/div>\n                                            <\/li>\n                                        <\/ul>\n\t\t\t\t\t\t                                                        <ul class=\"mn-accordion\">\n                                            <li>\n                                                <h4 class=\"mn-accordion-title\">Adres Lokalnej Komisji Etycznej<\/h4>\n                                                <div>\n\t\t\t\t\t\t\t\t\t                <p>Lokalna Komisja Etyczna ds. Do\u015bwiadcze\u0144 na Zwierz\u0119tach przy Uniwersytecie Przyrodniczym w&nbsp;Lublinie<\/p>\n<p>ul. Akademicka 13<\/p>\n<p>20-950 Lublin<\/p>\n                                                <\/div>\n                                            <\/li>\n                                        <\/ul>\n\t\t\t\t\t\t                                                        <ul class=\"mn-accordion\">\n                                            <li>\n                                                <h4 class=\"mn-accordion-title\">Regulamin Zespo\u0142u ds. Dobrostanu Zwierz\u0105t <\/h4>\n                                                <div>\n\t\t\t\t\t\t\t\t\t                <p style=\"text-align: center\"><strong>REGULAMIN<\/strong><\/p>\n<p style=\"text-align: center\"><strong>ZESPO\u0141U ds. DOBROSTANU ZWIERZ\u0104T <\/strong><\/p>\n<p style=\"text-align: center\"><strong>na Wydziale Nauk o&nbsp;Zwierz\u0119tach i&nbsp;Biogospodarki<\/strong><\/p>\n<p><strong>\u00a0<\/strong><\/p>\n<ol>\n<li>Zesp\u00f3\u0142 do Spraw Dobrostanu Zwierz\u0119tach na Wydziale Nauk o&nbsp;Zwierz\u0119tach i&nbsp;Biogospodarki Uniwersytetu Przyrodniczego w&nbsp;Lublinie zosta\u0142 powo\u0142any na podstawie art. 25 ust. 1 Ustawy z&nbsp;dnia 15 stycznia 2015 r. o&nbsp;ochronie zwierz\u0105t wykorzystywanych do cel\u00f3w naukowych lub edukacyjnych (tekst jednolity Dz.U. 2021 r. poz. 1331, 2338).<\/li>\n<li>Zadania zespo\u0142u:<\/li>\n<\/ol>\n<ul>\n<li>opracowywanie i&nbsp;dokonywanie przegl\u0105du wewn\u0119trznych zasad post\u0119powania ze zwierz\u0119tami utrzymywanymi w&nbsp;o\u015brodku;<\/li>\n<li>monitorowanie przypadk\u00f3w u\u015bmiercania zwierz\u0105t w&nbsp;celu pozyskania narz\u0105d\u00f3w lub tkanek oraz u\u0142atwianie wzajemnego udost\u0119pniania pozyskanych narz\u0105d\u00f3w lub tkanek mi\u0119dzy hodowcami, dostawcami i&nbsp;u\u017cytkownikami (art. 2, ust. 1.pkt 6);<\/li>\n<li>monitorowanie dobrostanu zwierz\u0105t utrzymywanych w&nbsp;o\u015brodku lub wykorzystywanych do cel\u00f3w naukowych lub edukacyjnych (art. 3a);<\/li>\n<li>opiniowanie wniosk\u00f3w o&nbsp;wyra\u017cenie zgody na przeprowadzenie do\u015bwiadcze\u0144 z&nbsp;wykorzystaniem zwierz\u0105t przed ich z\u0142o\u017ceniem do Lokalnej Komisji Etycznej<\/li>\n<li>kontrola przeprowadzania do\u015bwiadcze\u0144 i&nbsp;ich wynik\u00f3w, z&nbsp;uwzgl\u0119dnieniem wp\u0142ywu tych do\u015bwiadcze\u0144 na wykorzystywane w&nbsp;nich zwierz\u0119ta, oraz ocena zgodno\u015bci przeprowadzanych do\u015bwiadcze\u0144 z&nbsp;tre\u015bci\u0105 uchwa\u0142y o&nbsp;udzieleniu zgody na przeprowadzenie do\u015bwiadczenia oraz z&nbsp;zasadami 3R (zast\u0105pienia, ograniczenia i&nbsp;udoskonalenia).<\/li>\n<\/ul>\n<ol start=\"3\">\n<li>Zesp\u00f3\u0142 ds. Dobrostanu Zwierz\u0105t sporz\u0105dza dokumentacj\u0119 z&nbsp;realizacji zada\u0144, o&nbsp;kt\u00f3rych mowa w&nbsp;pkt 2.<\/li>\n<li>W sk\u0142ad zespo\u0142u wchodz\u0105:<\/li>\n<\/ol>\n<ul>\n<li>Przewodnicz\u0105cy zespo\u0142u;<\/li>\n<li>Cz\u0142onkowie.<\/li>\n<\/ul>\n<ol start=\"5\">\n<li>Zesp\u00f3\u0142 dzia\u0142a na zasadach kolegialnego podejmowania decyzji.<\/li>\n<li>Przewodnicz\u0105cy zespo\u0142u kieruje pracami zespo\u0142u, a&nbsp;w szczeg\u00f3lno\u015bci zapewnia prawid\u0142owe jego dzia\u0142anie oraz terminow\u0105 realizacj\u0119 zada\u0144, a&nbsp;ka\u017cdy z&nbsp;cz\u0142onk\u00f3w zespo\u0142u jest wsp\u00f3\u0142odpowiedzialny za ich sprawn\u0105 realizacj\u0119.<\/li>\n<li>Do zada\u0144 Przewodnicz\u0105cego Zespo\u0142u nale\u017cy kierowanie pracami Zespo\u0142u a&nbsp;w szczeg\u00f3lno\u015bci:<\/li>\n<\/ol>\n<ul>\n<li>wyznaczanie termin\u00f3w posiedze\u0144;<\/li>\n<li>zwo\u0142ywanie posiedze\u0144;<\/li>\n<li>wyznaczanie sk\u0142adu zespo\u0142\u00f3w przygotowuj\u0105cych opini\u0119 wniosk\u00f3w;<\/li>\n<li>koordynowanie prac poszczeg\u00f3lnych zespo\u0142\u00f3w;<\/li>\n<li>przewodniczenie obradom;<\/li>\n<li>przeprowadzanie g\u0142osowa\u0144;<\/li>\n<li>podpisywanie opinii wniosku w&nbsp;imieniu ca\u0142ego Zespo\u0142u;<\/li>\n<li>zapewnienie prawid\u0142owego dzia\u0142ania zespo\u0142u oraz prawid\u0142owej i&nbsp;terminowej realizacji zada\u0144.<\/li>\n<\/ul>\n<ol start=\"8\">\n<li>Zesp\u00f3\u0142 opiniuje wnioski o&nbsp;wyra\u017cenie zgody na przeprowadzenie do\u015bwiadcze\u0144 z&nbsp;wykorzystaniem zwierz\u0105t przed ich z\u0142o\u017ceniem do Lokalnej Komisji Etycznej. W&nbsp;przypadku, gdy wniosek nie spe\u0142nia przepis\u00f3w okre\u015blonych prawem zesp\u00f3\u0142 wzywa wnioskodawc\u0119 do ich usuni\u0119cia z&nbsp;pouczeniem, \u017ce nieusuni\u0119cie tych brak\u00f3w w&nbsp;wyznaczonym terminie spowoduje pozostawienie wniosku bez rozpatrzenia.<\/li>\n<li>Cz\u0142onkowie zespo\u0142u maj\u0105 obowi\u0105zek zapoznania si\u0119 z&nbsp;ka\u017cdym wnioskiem. Przewodnicz\u0105cy zespo\u0142u zapewnia udost\u0119pnienie wniosk\u00f3w ka\u017cdemu z&nbsp;cz\u0142onk\u00f3w zespo\u0142u na co najmniej 10 dni przed z\u0142o\u017ceniem ich do Lokalnej Komisji Etycznej.<\/li>\n<li>Wszystkie wnioski i&nbsp;inne materia\u0142y otrzymane do oceny maj\u0105 charakter poufny.<\/li>\n<li>Opinie Zespo\u0142u wyra\u017cone wi\u0119kszo\u015bci\u0105 g\u0142os\u00f3w, w&nbsp;obecno\u015bci co najmniej po\u0142owy liczby cz\u0142onk\u00f3w, w&nbsp;g\u0142osowaniu jawnym.<\/li>\n<li>Z podj\u0119tych ustale\u0144, rozstrzygni\u0119\u0107, wynik\u00f3w g\u0142osowa\u0144 oraz informacji o&nbsp;zg\u0142oszonych przez cz\u0142onk\u00f3w Zespo\u0142u stanowiskach sporz\u0105dzony zostaje protok\u00f3\u0142, do kt\u00f3rego do\u0142\u0105cza si\u0119 list\u0119 zawieraj\u0105c\u0105 imiona i&nbsp;nazwiska oraz podpisy cz\u0142onk\u00f3w Zespo\u0142u obecnych na posiedzeniu.<\/li>\n<li>Wnioski o&nbsp;wyra\u017cenie zgody na przeprowadzenie do\u015bwiadczenia na zwierz\u0119tach kierowane przez pracownik\u00f3w Wydzia\u0142u Nauk o&nbsp;Zwierz\u0119tach i&nbsp;Biogospodarki do Lokalnej Komisji Etycznej zaopiniowanie przez Zesp\u00f3\u0142 ds. Dobrostanu Zwierz\u0105t, b\u0119d\u0105 podpisywane w&nbsp;imieniu Zespo\u0142u przez Przewodnicz\u0105cego Zespo\u0142u na mocy pisma do przewodnicz\u0105cego Lokalnej Komisji Etycznej do Spraw Do\u015bwiadcze\u0144 na Zwierz\u0119tach w&nbsp;Lublinie z&nbsp;dn. 17.01.2022r.<\/li>\n<li>Wnioskodawc\u0119, po uzyskaniu akceptacji Lokalnej Komisji Etycznej, zobowi\u0105zuje si\u0119 do poinformowania Zespo\u0142u ds. Dobrostanu Zwierz\u0105t o&nbsp;rozpocz\u0119ciu do\u015bwiadczenia i&nbsp;realizacji dalszych etap\u00f3w do\u015bwiadczenia.<\/li>\n<li>Wnioski w&nbsp;formie elektronicznej (plik word) nale\u017cy wysy\u0142a\u0107 na adres przewodnicz\u0105cej Zespo\u0142u ds. Dobrostanu Zwierz\u0105t (malgorzata.kwiecien@up.lublin.pl), a&nbsp;po zaopiniowaniu nale\u017cy z\u0142o\u017cy\u0107 form\u0119 papierow\u0105 w&nbsp;Dziekanacie Wydzia\u0142u Nauk o&nbsp;Zwierz\u0119tach i&nbsp;Biogospodarki Uniwersytetu Przyrodniczego w&nbsp;Lublinie, przy ul. Akademickiej 13 do Pani mgr Agaty Niemiec, budynek Rektoratu, pok. 352 (II pi\u0119tro).<\/li>\n<\/ol>\n                                                <\/div>\n                                            <\/li>\n                                        <\/ul>\n\t\t\t\t\t\t                                <\/div>\n\t\t\t\t                <div class=\"mn-content-block\">\n\t                                <\/div>\n\t\t\t\t                <div class=\"mn-content-block\">\n\t                                <\/div>\n\t\t\t\t                <div class=\"mn-content-block\">\n\t                                <\/div>\n\t\t\t\t                <div class=\"mn-content-block\">\n\t                                <\/div>\n\t\t\t\t                <div class=\"mn-content-block\">\n\t                                <\/div>\n\t\t\t\t                <div class=\"mn-content-block\">\n\t                                <\/div>\n\t\t\t\t                <div class=\"mn-content-block\">\n\t                                <\/div>\n\t\t\t\t                <div class=\"mn-content-block\">\n\t                                <\/div>\n\t\t\t\t                <div class=\"mn-content-block\">\n\t                                <\/div>\n\t\t\t\t                <div class=\"mn-content-block\">\n\t                                <\/div>\n\t\t\t\t                <div class=\"mn-content-block\">\n\t                                <\/div>\n\t\t\t\t                <div class=\"mn-content-block\">\n\t                                <\/div>\n\t\t\t\t                <div class=\"mn-content-block\">\n\t                                <\/div>\n\t\t\t\t                <div class=\"mn-content-block\">\n\t                                <\/div>\n\t\t\t\t                <div class=\"mn-content-block\">\n\t                                <\/div>\n\t\t\t\t                <div class=\"mn-content-block\">\n\t                                <\/div>\n\t\t\t\t                <div class=\"mn-content-block\">\n\t                                <\/div>\n\t\t\t\t                <div class=\"mn-content-block\">\n\t                                <\/div>\n\t\t\t\t                <div class=\"mn-content-block\">\n\t                                <\/div>\n\t\t\t\t\t\t<\/div>\n\t<\/div>\n<\/section>\n\t\t<\/div>\n\t\t\t\t<\/div>\n\t\t\t\t\t\t<\/div>\n\t\t\t\t\t<\/div>\n\t\t<\/div>\n\t\t\t\t\t\t\t\t<\/div>\n\t\t\t\t\t<\/div>\n\t\t<\/section>\n\t\t\t\t\t\t<\/div>\n\t\t\t\t\t\t<\/div>\n\t\t\t\t\t<\/div>\n\t\t","protected":false},"excerpt":{"rendered":"<p>Zesp\u00f3\u0142 ds. Dobrostanu Zwierz\u0105t Sk\u0142ad osobowy Zespo\u0142u ds. Dobrostanu Zwierz\u0105t Zesp\u00f3\u0142 ds. Dobrostanu Zwierz\u0105t Prof. dr hab. Ma\u0142gorzata Kwiecie\u0144 \u2013 Przewodnicz\u0105ca Prof. dr hab. Hanna Bis-Wencel Prof. dr hab. Andrzej Jakubczak Dr hab. Wioletta Samoli\u0144ska prof. uczelni Dr hab. Katarzyna Strzelec prof. uczelni Dr hab. Monika Budzy\u0144ska Dr hab. Monika Gregu\u0142a-Kania Dr hab. Kornel Kasperek [&hellip;]<\/p>\n","protected":false},"author":2,"featured_media":0,"parent":264,"menu_order":0,"comment_status":"closed","ping_status":"closed","template":"elementor_header_footer","meta":{"_monsterinsights_skip_tracking":false,"_monsterinsights_sitenote_active":false,"_monsterinsights_sitenote_note":"","_monsterinsights_sitenote_category":0},"_links":{"self":[{"href":"https:\/\/up.lublin.pl\/biologia\/wp-json\/wp\/v2\/pages\/289"}],"collection":[{"href":"https:\/\/up.lublin.pl\/biologia\/wp-json\/wp\/v2\/pages"}],"about":[{"href":"https:\/\/up.lublin.pl\/biologia\/wp-json\/wp\/v2\/types\/page"}],"author":[{"embeddable":true,"href":"https:\/\/up.lublin.pl\/biologia\/wp-json\/wp\/v2\/users\/2"}],"replies":[{"embeddable":true,"href":"https:\/\/up.lublin.pl\/biologia\/wp-json\/wp\/v2\/comments?post=289"}],"version-history":[{"count":85,"href":"https:\/\/up.lublin.pl\/biologia\/wp-json\/wp\/v2\/pages\/289\/revisions"}],"predecessor-version":[{"id":174380,"href":"https:\/\/up.lublin.pl\/biologia\/wp-json\/wp\/v2\/pages\/289\/revisions\/174380"}],"up":[{"embeddable":true,"href":"https:\/\/up.lublin.pl\/biologia\/wp-json\/wp\/v2\/pages\/264"}],"wp:attachment":[{"href":"https:\/\/up.lublin.pl\/biologia\/wp-json\/wp\/v2\/media?parent=289"}],"curies":[{"name":"wp","href":"https:\/\/api.w.org\/{rel}","templated":true}]}}