{"id":282,"date":"2020-11-23T10:13:58","date_gmt":"2020-11-23T09:13:58","guid":{"rendered":"http:\/\/nowastrona.up.lublin.pl\/biologia\/?page_id=282"},"modified":"2025-11-27T14:15:15","modified_gmt":"2025-11-27T13:15:15","slug":"wladze","status":"publish","type":"page","link":"https:\/\/up.lublin.pl\/biologia\/wydzial\/wladze\/","title":{"rendered":"W\u0142adze"},"content":{"rendered":"\t\t<div data-elementor-type=\"wp-page\" data-elementor-id=\"282\" class=\"elementor elementor-282\" data-elementor-settings=\"[]\">\n\t\t\t\t\t\t<div class=\"elementor-inner\">\n\t\t\t\t\t\t\t<div class=\"elementor-section-wrap\">\n\t\t\t\t\t\t\t<section class=\"elementor-section elementor-top-section elementor-element elementor-element-1c24a01 elementor-section-boxed elementor-section-height-default elementor-section-height-default\" data-id=\"1c24a01\" data-element_type=\"section\">\n\t\t\t\t\t\t<div class=\"elementor-container elementor-column-gap-default\">\n\t\t\t\t\t\t\t<div class=\"elementor-row\">\n\t\t\t\t\t<div class=\"elementor-column elementor-col-100 elementor-top-column elementor-element elementor-element-af9107b\" data-id=\"af9107b\" data-element_type=\"column\">\n\t\t\t<div class=\"elementor-column-wrap elementor-element-populated\">\n\t\t\t\t\t\t\t<div class=\"elementor-widget-wrap\">\n\t\t\t\t\t\t<div class=\"elementor-element elementor-element-a61fa7c elementor-widget elementor-widget-m2e\" data-id=\"a61fa7c\" data-element_type=\"widget\" data-widget_type=\"m2e.default\">\n\t\t\t\t<div class=\"elementor-widget-container\">\n\t\t\t<section class=\"mn-m2-e mn-bg-green\">\n\t<div class=\"mn-grid\">\n\t\t<div class=\"mn-grid-3 mn-introtext\">\n\t\t\t\t\t\t\t<p class=\"mn-header\">Wydzia\u0142 Nauk o&nbsp;Zwierz\u0119tach i&nbsp;Biogospodarki<\/p>\n\t\t\t\t\t\t\t\t\t\t\t<h3>\n\t\t\t\t\tW\u0142adze\t\t\t\t<\/h3>\n\t\t\t\t\t\t\t\t\t\t\t\t<\/div>\n\t\t<div class=\"mn-grid-9 mn-image-container\">\n\t\t\t\t\t<\/div>\n\t<\/div>\n\t<\/section>\n\t\t<\/div>\n\t\t\t\t<\/div>\n\t\t\t\t\t\t<\/div>\n\t\t\t\t\t<\/div>\n\t\t<\/div>\n\t\t\t\t\t\t\t\t<\/div>\n\t\t\t\t\t<\/div>\n\t\t<\/section>\n\t\t\t\t<section class=\"elementor-section elementor-top-section elementor-element elementor-element-e703205 elementor-section-boxed elementor-section-height-default elementor-section-height-default\" data-id=\"e703205\" data-element_type=\"section\">\n\t\t\t\t\t\t<div class=\"elementor-container elementor-column-gap-default\">\n\t\t\t\t\t\t\t<div class=\"elementor-row\">\n\t\t\t\t\t<div class=\"elementor-column elementor-col-100 elementor-top-column elementor-element elementor-element-8134f04\" data-id=\"8134f04\" data-element_type=\"column\">\n\t\t\t<div class=\"elementor-column-wrap elementor-element-populated\">\n\t\t\t\t\t\t\t<div class=\"elementor-widget-wrap\">\n\t\t\t\t\t\t<div class=\"elementor-element elementor-element-d278af5 elementor-widget elementor-widget-m5e\" data-id=\"d278af5\" data-element_type=\"widget\" data-widget_type=\"m5e.default\">\n\t\t\t\t<div class=\"elementor-widget-container\">\n\t\t\t<section class=\"mn-m5-e mn-bg-white\">\r\n\t<div class=\"mn-grid\">\r\n\t\t\t\t\t<div class=\"mn-img mn-grid-6\">\r\n\t\t\t\t\t\t\t\t\t<img src=\"https:\/\/up.lublin.pl\/biologia\/wp-content\/uploads\/sites\/4\/2025\/02\/prof_Slaska.png\" alt=\"\">\r\n\t\t\t\t\t\t\t\t<\/div>\r\n\t\t\t\t\t<div class=\"mn-content mn-grid-6\">\r\n\t\t\t<h1>\u00a0<\/h1>\n<h1>\u00a0<\/h1>\n<h1>\u00a0<\/h1>\n<h1>\u00a0<\/h1>\n<h1>Dziekan<\/h1>\n<h1>prof. dr hab. Brygida \u015alaska<\/h1>\n<p>tel: +48 81 445 66 11<\/p>\n<p><strong>Dy\u017cur:<\/strong><br \/>poniedzia\u0142ek 10:00-11:00,<br \/>czwartek 10:00-11:00<\/p>\n\t\t<\/div>\r\n\t\t\t<\/div>\r\n<\/section>\r\n\t\t<\/div>\n\t\t\t\t<\/div>\n\t\t\t\t\t\t<\/div>\n\t\t\t\t\t<\/div>\n\t\t<\/div>\n\t\t\t\t\t\t\t\t<\/div>\n\t\t\t\t\t<\/div>\n\t\t<\/section>\n\t\t\t\t<section class=\"elementor-section elementor-top-section elementor-element elementor-element-cef0def elementor-section-boxed elementor-section-height-default elementor-section-height-default\" data-id=\"cef0def\" data-element_type=\"section\">\n\t\t\t\t\t\t<div class=\"elementor-container elementor-column-gap-default\">\n\t\t\t\t\t\t\t<div class=\"elementor-row\">\n\t\t\t\t\t<div class=\"elementor-column elementor-col-100 elementor-top-column elementor-element elementor-element-5ed43e1\" data-id=\"5ed43e1\" data-element_type=\"column\">\n\t\t\t<div class=\"elementor-column-wrap elementor-element-populated\">\n\t\t\t\t\t\t\t<div class=\"elementor-widget-wrap\">\n\t\t\t\t\t\t<div class=\"elementor-element elementor-element-08b6cae elementor-widget elementor-widget-m5e\" data-id=\"08b6cae\" data-element_type=\"widget\" data-widget_type=\"m5e.default\">\n\t\t\t\t<div class=\"elementor-widget-container\">\n\t\t\t<section class=\"mn-m5-e mn-bg-white\">\r\n\t<div class=\"mn-grid\">\r\n\t\t\t\t<div class=\"mn-content mn-grid-6\">\r\n\t\t\t<h1>\u00a0<\/h1>\n<h1>\u00a0<\/h1>\n<h1>\u00a0<\/h1>\n<h1>\u00a0<\/h1>\n<h1>Prodziekan<\/h1>\n<h1>Prof. dr hab. Andrzej Junkuszew<\/h1>\n<p>e-mail: <a href=\"mailto:andrzej.junkuszew@up.edu.pl\">andrzej.junkuszew@up.edu.pl<\/a><\/p>\n<p style=\"margin: 0cm; margin-bottom: .0001pt;\">ds. studenckich kierunku Zootechnika<\/p>\n<p style=\"margin: 0cm; margin-bottom: .0001pt;\">ds. studenckich kierunku Bezpiecze\u0144stwo i&nbsp;Certyfikacja \u017bywno\u015bci<\/p>\n<p style=\"margin: 0cm; margin-bottom: .0001pt;\">ds. studenckich kierunku Doradztwo w&nbsp;Obszarach Wiejskich<\/p>\n<p style=\"margin: 0cm; margin-bottom: .0001pt;\">ds. studenckich kierunku Behawiorystyka Zwierz\u0105t<br \/>ds. studenckich kierunku Bioinformatyka w&nbsp;biogospodarce<\/p>\n<p style=\"margin: 0cm; margin-bottom: .0001pt;\">ds. Organizacji i&nbsp;Promocji Wydzia\u0142u<\/p>\n\t\t<\/div>\r\n\t\t\t\t\t<div class=\"mn-img mn-grid-6\">\r\n\t\t\t\t\t\t\t\t\t<img src=\"https:\/\/up.lublin.pl\/biologia\/wp-content\/uploads\/sites\/4\/2025\/02\/prof_Junkuszew.png\" alt=\"\">\r\n\t\t\t\t\t\t\t\t<\/div>\r\n\t\t\t\t<\/div>\r\n<\/section>\r\n\t\t<\/div>\n\t\t\t\t<\/div>\n\t\t\t\t\t\t<\/div>\n\t\t\t\t\t<\/div>\n\t\t<\/div>\n\t\t\t\t\t\t\t\t<\/div>\n\t\t\t\t\t<\/div>\n\t\t<\/section>\n\t\t\t\t<section class=\"elementor-section elementor-top-section elementor-element elementor-element-e537139 elementor-section-boxed elementor-section-height-default elementor-section-height-default\" data-id=\"e537139\" data-element_type=\"section\">\n\t\t\t\t\t\t<div class=\"elementor-container elementor-column-gap-default\">\n\t\t\t\t\t\t\t<div class=\"elementor-row\">\n\t\t\t\t\t<div class=\"elementor-column elementor-col-100 elementor-top-column elementor-element elementor-element-5003ce6\" data-id=\"5003ce6\" data-element_type=\"column\">\n\t\t\t<div class=\"elementor-column-wrap elementor-element-populated\">\n\t\t\t\t\t\t\t<div class=\"elementor-widget-wrap\">\n\t\t\t\t\t\t<div class=\"elementor-element elementor-element-b939fb8 elementor-widget elementor-widget-m5e\" data-id=\"b939fb8\" data-element_type=\"widget\" data-widget_type=\"m5e.default\">\n\t\t\t\t<div class=\"elementor-widget-container\">\n\t\t\t<section class=\"mn-m5-e mn-bg-white\">\r\n\t<div class=\"mn-grid\">\r\n\t\t\t\t\t<div class=\"mn-img mn-grid-6\">\r\n\t\t\t\t\t\t\t\t\t<img src=\"https:\/\/up.lublin.pl\/biologia\/wp-content\/uploads\/sites\/4\/2025\/02\/prof_Kiczorowska.png\" alt=\"\">\r\n\t\t\t\t\t\t\t\t<\/div>\r\n\t\t\t\t\t<div class=\"mn-content mn-grid-6\">\r\n\t\t\t<h1>\u00a0<\/h1>\n<h1>\u00a0<\/h1>\n<h1>\u00a0<\/h1>\n<h1>Prodziekan<\/h1>\n<h1>Prof. dr hab. Bo\u017cena Kiczorowska<\/h1>\n<p>e-mail: <a href=\"mailto:bozena.kiczorowska@up.edu.pl\">bozena.kiczorowska@up.edu.pl<\/a><\/p>\n<p style=\"margin: 0cm; margin-bottom: .0001pt;\">ds. studenckich kierunku Hipologia i&nbsp;Je\u017adziectwo<\/p>\n<p style=\"margin: 0cm; margin-bottom: .0001pt;\">ds. studenckich kierunku Piel\u0119gnacja Zwierz\u0105t i&nbsp;Animaloterapia<\/p>\n<p style=\"margin: 0cm; margin-bottom: .0001pt;\">ds. studenckich kierunku Bezpiecze\u0144stwo i&nbsp;Higiena Pracy<\/p>\n<p style=\"margin: 0cm; margin-bottom: .0001pt;\">ds. studenckich kierunku Aktywno\u015b\u0107 Fizyczna i&nbsp;Agroturystyka Kwalifikowana<br \/>ds. studenckich kierunku Animaloterapia<\/p>\n<p style=\"margin: 0cm; margin-bottom: .0001pt;\">ds. studenckich kierunku Kryminalistyka w&nbsp;biogospodarce<br \/>ds. studenckich kierunku Animal Welfare Management<\/p>\n<p style=\"margin: 0cm; margin-bottom: .0001pt;\">ds. Jako\u015bci Kszta\u0142cenia<\/p>\n\t\t<\/div>\r\n\t\t\t<\/div>\r\n<\/section>\r\n\t\t<\/div>\n\t\t\t\t<\/div>\n\t\t\t\t\t\t<\/div>\n\t\t\t\t\t<\/div>\n\t\t<\/div>\n\t\t\t\t\t\t\t\t<\/div>\n\t\t\t\t\t<\/div>\n\t\t<\/section>\n\t\t\t\t\t\t<\/div>\n\t\t\t\t\t\t<\/div>\n\t\t\t\t\t<\/div>\n\t\t","protected":false},"excerpt":{"rendered":"<p>Wydzia\u0142 Nauk o&nbsp;Zwierz\u0119tach i&nbsp;Biogospodarki W\u0142adze UP Wydzia\u0142 Nauk o&nbsp;Zwierz\u0119tach i&nbsp;Biogospodarki \u00a0 \u00a0 \u00a0 \u00a0 Dziekan prof. dr hab. Brygida \u015alaska tel: +48 81 445 66 11 Dy\u017cur:poniedzia\u0142ek 10:00-11:00,czwartek 10:00-11:00 \u00a0 \u00a0 \u00a0 \u00a0 Prodziekan Prof. dr hab. Andrzej Junkuszew e-mail: andrzej.junkuszew@up.edu.pl ds. studenckich kierunku Zootechnika ds. studenckich kierunku Bezpiecze\u0144stwo i&nbsp;Certyfikacja \u017bywno\u015bci ds. studenckich kierunku Doradztwo [&hellip;]<\/p>\n","protected":false},"author":2,"featured_media":0,"parent":264,"menu_order":0,"comment_status":"closed","ping_status":"closed","template":"elementor_header_footer","meta":{"_monsterinsights_skip_tracking":false,"_monsterinsights_sitenote_active":false,"_monsterinsights_sitenote_note":"","_monsterinsights_sitenote_category":0},"_links":{"self":[{"href":"https:\/\/up.lublin.pl\/biologia\/wp-json\/wp\/v2\/pages\/282"}],"collection":[{"href":"https:\/\/up.lublin.pl\/biologia\/wp-json\/wp\/v2\/pages"}],"about":[{"href":"https:\/\/up.lublin.pl\/biologia\/wp-json\/wp\/v2\/types\/page"}],"author":[{"embeddable":true,"href":"https:\/\/up.lublin.pl\/biologia\/wp-json\/wp\/v2\/users\/2"}],"replies":[{"embeddable":true,"href":"https:\/\/up.lublin.pl\/biologia\/wp-json\/wp\/v2\/comments?post=282"}],"version-history":[{"count":84,"href":"https:\/\/up.lublin.pl\/biologia\/wp-json\/wp\/v2\/pages\/282\/revisions"}],"predecessor-version":[{"id":184309,"href":"https:\/\/up.lublin.pl\/biologia\/wp-json\/wp\/v2\/pages\/282\/revisions\/184309"}],"up":[{"embeddable":true,"href":"https:\/\/up.lublin.pl\/biologia\/wp-json\/wp\/v2\/pages\/264"}],"wp:attachment":[{"href":"https:\/\/up.lublin.pl\/biologia\/wp-json\/wp\/v2\/media?parent=282"}],"curies":[{"name":"wp","href":"https:\/\/api.w.org\/{rel}","templated":true}]}}