{"id":270,"date":"2020-11-23T10:07:21","date_gmt":"2020-11-23T09:07:21","guid":{"rendered":"http:\/\/nowastrona.up.lublin.pl\/biologia\/?page_id=270"},"modified":"2025-10-02T09:37:46","modified_gmt":"2025-10-02T07:37:46","slug":"dziekanat","status":"publish","type":"page","link":"https:\/\/up.lublin.pl\/biologia\/dziekanat\/","title":{"rendered":"Dziekanat Wydzia\u0142u Nauk o Zwierz\u0119tach i Biogospodarki"},"content":{"rendered":"\t\t<div data-elementor-type=\"wp-page\" data-elementor-id=\"270\" class=\"elementor elementor-270\" data-elementor-settings=\"[]\">\n\t\t\t\t\t\t<div class=\"elementor-inner\">\n\t\t\t\t\t\t\t<div class=\"elementor-section-wrap\">\n\t\t\t\t\t\t\t<section class=\"elementor-section elementor-top-section elementor-element elementor-element-b619b6a elementor-section-boxed elementor-section-height-default elementor-section-height-default\" data-id=\"b619b6a\" data-element_type=\"section\">\n\t\t\t\t\t\t<div class=\"elementor-container elementor-column-gap-default\">\n\t\t\t\t\t\t\t<div class=\"elementor-row\">\n\t\t\t\t\t<div class=\"elementor-column elementor-col-100 elementor-top-column elementor-element elementor-element-e2ac384\" data-id=\"e2ac384\" data-element_type=\"column\">\n\t\t\t<div class=\"elementor-column-wrap elementor-element-populated\">\n\t\t\t\t\t\t\t<div class=\"elementor-widget-wrap\">\n\t\t\t\t\t\t<div class=\"elementor-element elementor-element-c25720a elementor-widget elementor-widget-m2d\" data-id=\"c25720a\" data-element_type=\"widget\" data-widget_type=\"m2d.default\">\n\t\t\t\t<div class=\"elementor-widget-container\">\n\t\t\t<section class=\"mn-m2-d mn-bg-green\">\r\n\t<div class=\"mn-grid\">\r\n\t\t<div class=\"mn-grid-12 mn-introtext\">\r\n\t\t\t\t\t\t\t<h3>\r\n\t\t\t\t\tDziekanat\t\t\t\t<\/h3>\r\n\t\t\t\t\t\t<\/div>\r\n\t\t\t                            <div class=\"mn-grid-3 mn-m2d-baner-btn\">\r\n                        <a href=\"https:\/\/wd.up.lublin.pl\/\" class=\"mn-slider-btn\" style=\"margin-left: 5px;\">\r\n                            Wirtualny dziekanat                        <\/a>\r\n                    <\/div>\r\n                \r\n\r\n\t<\/div>\r\n\t<\/section>\r\n\t\t<\/div>\n\t\t\t\t<\/div>\n\t\t\t\t\t\t<\/div>\n\t\t\t\t\t<\/div>\n\t\t<\/div>\n\t\t\t\t\t\t\t\t<\/div>\n\t\t\t\t\t<\/div>\n\t\t<\/section>\n\t\t\t\t<section class=\"elementor-section elementor-top-section elementor-element elementor-element-0972a21 elementor-section-boxed elementor-section-height-default elementor-section-height-default\" data-id=\"0972a21\" data-element_type=\"section\">\n\t\t\t\t\t\t<div class=\"elementor-container elementor-column-gap-default\">\n\t\t\t\t\t\t\t<div class=\"elementor-row\">\n\t\t\t\t\t<div class=\"elementor-column elementor-col-100 elementor-top-column elementor-element elementor-element-4cda01a\" data-id=\"4cda01a\" data-element_type=\"column\">\n\t\t\t<div class=\"elementor-column-wrap elementor-element-populated\">\n\t\t\t\t\t\t\t<div class=\"elementor-widget-wrap\">\n\t\t\t\t\t\t<div class=\"elementor-element elementor-element-5a96073 elementor-widget elementor-widget-m5c\" data-id=\"5a96073\" data-element_type=\"widget\" data-widget_type=\"m5c.default\">\n\t\t\t\t<div class=\"elementor-widget-container\">\n\t\t\t<section class=\"mn-m5-c mn-bg-white\">\n\t<div class=\"mn-grid\">\n\t\t            <div class=\"mn-menu-container mn-grid-3\">\n                <ul class=\"mn-bg-yellow\">\n\t                                        <li>\n                            <a href=\"#\" class=\"active\" data-hash=\"#informacje\">\n                                Informacje o&nbsp;dziekanacie                            <\/a>\n                        <\/li>\n                                                <li>\n                            <a href=\"#\" class=\"\" data-hash=\"#pracownicy\">\n                                Pracownicy dziekanatu                            <\/a>\n                        <\/li>\n                                                <li>\n                            <a href=\"#\" class=\"\" data-hash=\"#obsluga\">\n                                Obs\u0142uga toku kierunk\u00f3w                            <\/a>\n                        <\/li>\n                                        <\/ul>\n            <\/div>\n\t        \t\t<div class=\"mn-content mn-grid-8\">\n\t\t\t                <div class=\"mn-content-block active\">\n\t                                                        <div class=\"block-text\">\n\t                                        <table style=\"border-collapse: collapse;width: 100%\">\n<tbody>\n<tr>\n<td style=\"width: 23.7395%;text-align: left;border-style: hidden\"><img loading=\"lazy\" class=\"alignleft wp-image-1645 size-full\" src=\"https:\/\/up.lublin.pl\/biologia\/wp-content\/uploads\/sites\/4\/2021\/03\/dla-pracownikow-wd.jpg\" alt=\"\" width=\"66\" height=\"113\" \/><\/td>\n<td style=\"width: 76.2605%;border-style: hidden\">20-950 LUBLIN<br \/>ul. Akademicka 13<br \/>e-mail: <a href=\"mailto:dziekanat.bhz@up.lublin.pl\">dziekanat.bhz@up.lublin.pl<\/a><\/td>\n<\/tr>\n<\/tbody>\n<\/table>\n<p>Dziekanat czynny jest od poniedzia\u0142ku do pi\u0105tku w&nbsp;godzinach od 7.00 &#8211; 15.00.<br \/>W sprawach studenckich nale\u017cy kontaktowa\u0107 si\u0119 z&nbsp;pracownikami odpowiedzialnymi za obs\u0142ug\u0119 poszczeg\u00f3lnych kierunk\u00f3w studi\u00f3w.<\/p>\n<p>Dziekanat czynny dla student\u00f3w:<br \/>poniedzia\u0142ek, wtorek, czwartek, pi\u0105tek w&nbsp;godz.: 11.00-14.00<br \/>sobota dla student\u00f3w studi\u00f3w niestacjonarnych podczas zjazd\u00f3w i&nbsp;sesji egzaminacyjnej w&nbsp;godz.: 9.00-13.00<br \/><strong>\u015broda \u2013 Dziekanat nieczynny dla student\u00f3w<\/strong><\/p>\n<p><strong>Uwaga! <\/strong><\/p>\n<p><strong>Wiadomo\u015bci w\u00a0 sprawach dotycz\u0105cych toku studi\u00f3w prosimy kierowa\u0107 bezpo\u015brednio do Pracownik\u00f3w odpowiedzialnych za dokumentacj\u0119 toku studi\u00f3w na poszczeg\u00f3lnych kierunkach.<\/strong><\/p>\n                                        <\/div>\n\t\t\t\t\t\t                                <\/div>\n\t\t\t\t                <div class=\"mn-content-block\">\n\t                                                        <div class=\"block-text\">\n\t                                        <table style=\"border-collapse: collapse; width: 100%;\">\n<tbody>\n<tr>\n<td style=\"width: 42%; text-align: left; vertical-align: middle; border-style: hidden;\">\n<p style=\"margin: 0cm; margin-bottom: .0001pt;\">mgr in\u017c. <strong>Monika Ciastek <\/strong><br \/>starszy specjalista<br \/>tel. 81-445-66-11<\/p>\n<p style=\"margin: 0cm; margin-bottom: .0001pt;\">monika.ciastek@up.lublin.pl<\/p>\n<\/td>\n<td style=\"width: 52%; text-align: right; vertical-align: middle; border-style: hidden;\"><strong>\u00a0<img loading=\"lazy\" class=\"wp-image-1602 alignright\" src=\"https:\/\/up.lublin.pl\/biologia\/wp-content\/uploads\/sites\/4\/2021\/03\/Monika_Ciastek.png\" alt=\"\" width=\"283\" height=\"283\" \/><\/strong><\/td>\n<\/tr>\n<\/tbody>\n<\/table>\n<table style=\"border-collapse: collapse; width: 100%;\">\n<tbody>\n<tr>\n<td style=\"width: 52.7768%; border-style: hidden; text-align: left; vertical-align: middle;\"><img loading=\"lazy\" class=\" wp-image-1613 alignnone\" src=\"https:\/\/up.lublin.pl\/biologia\/wp-content\/uploads\/sites\/4\/2021\/03\/Katarzyna_G\u0142az-Kami\u0144ska.png\" alt=\"\" width=\"282\" height=\"282\" \/><\/td>\n<td style=\"width: 47.2232%; vertical-align: middle; border-style: hidden;\">mgr in\u017c. <strong>Katarzyna G\u0142az-Kami\u0144ska<\/strong><br \/>starszy specjalista<br \/>tel. 81-445-60-94<br \/>e-mail:\u00a0<a href=\"mailto:kasia.glaz-kaminska@up.lublin.pl\">kasia.glaz-kaminska@up.lublin.pl<\/a><\/td>\n<\/tr>\n<\/tbody>\n<\/table>\n<table style=\"border-collapse: collapse; width: 100%;\">\n<tbody>\n<tr>\n<td style=\"width: 42%; text-align: left; vertical-align: middle; border-style: hidden;\">mgr <strong>Ma\u0142gorzata Polak<\/strong><br \/>starszy specjalista<br \/>tel. 81-445-65-81<br \/>e-mail: <a href=\"mailto:malgorzata.polak@up.lublin.pl\">malgorzata.polak@up.lublin.pl<\/a><\/td>\n<td style=\"width: 58%; text-align: right; vertical-align: middle; border-style: hidden;\"><img loading=\"lazy\" class=\"wp-image-1629 alignright\" src=\"https:\/\/up.lublin.pl\/biologia\/wp-content\/uploads\/sites\/4\/2021\/03\/Ma\u0142gorzata-Polak.png\" alt=\"\" width=\"283\" height=\"283\" \/><\/td>\n<\/tr>\n<\/tbody>\n<tbody>\n<tr style=\"border-style: hidden;\">\n<td style=\"width: 42%;\">\u00a0<\/td>\n<td style=\"width: 58%;\">mgr <strong>Katarzyna G\u0142uchowska<\/strong><br \/>specjalista<br \/>tel. 81-445-69-91<br \/>e-mail: <a href=\"mailto:katarzyna.gluchowska@up.lublin.pl\">katarzyna.gluchowska@up.lublin.pl<\/a><\/td>\n<\/tr>\n<\/tbody>\n<\/table>\n                                        <\/div>\n\t\t\t\t\t\t                                <\/div>\n\t\t\t\t                <div class=\"mn-content-block\">\n\t                                                        <div class=\"block-text\">\n\t                                        <p><strong>OBS\u0141UGA TOKU STUDI\u00d3W KIERUNK\u00d3W:<\/strong><\/p>\n<p><span style=\"color: #003300; font-size: 16px;\"><strong>Mgr in\u017c. Monika Ciastek tel. 81\u00a0445 66 11 pok. 352<\/strong><\/span><\/p>\n<p><strong>studia stacjonarne pierwszego stopnia<\/strong><\/p>\n<p>Bezpiecze\u0144stwo i&nbsp;higiena pracy<\/p>\n<p><strong>studia stacjonarne drugiego stopnia<\/strong><\/p>\n<p>Bezpiecze\u0144stwo i&nbsp;higiena pracy<br \/>Doradztwo w&nbsp;obszarach wiejskich \u2013 2 rok<\/p>\n<p><strong>studia niestacjonarne pierwszego stopnia<\/strong><\/p>\n<p>Bezpiecze\u0144stwo i&nbsp;higiena pracy<\/p>\n<p><strong>studia niestacjonarne drugiego stopnia<\/strong><\/p>\n<p>Zootechnika<\/p>\n<p><span style=\"color: #003300; font-size: 16px;\"><strong>Mgr in\u017c. Katarzyna G\u0142az-Kami\u0144ska tel. 81\u00a0445 60 94 pok. 354<\/strong><\/span><\/p>\n<p><strong>studia stacjonarne pierwszego stopnia<\/strong><\/p>\n<p>Behawiorystyka zwierz\u0105t<br \/>Bioinformatyka w&nbsp;biogospodarce<\/p>\n<p><strong>studia stacjonarne drugiego stopnia<\/strong><\/p>\n<p>Behawiorystyka zwierz\u0105t<br \/>Kryminalistyka w&nbsp;biogospodarce<\/p>\n<p><span style=\"color: #003300; font-size: 16px;\"><strong>Mgr Katarzyna G\u0142uchowska \u00a0tel. 81\u00a0445 69 91 pok. 354<\/strong><\/span><\/p>\n<p><strong>studia stacjonarne pierwszego stopnia <\/strong><\/p>\n<p>Zootechnika<br \/>Bezpiecze\u0144stwo i&nbsp;certyfikacja \u017cywno\u015bci<br \/>Kryminalistyka w&nbsp;biogospodarce<\/p>\n<p><strong>Studia stacjonarne drugiego stopnia <\/strong><\/p>\n<p>Zootechnika<br \/>Bezpiecze\u0144stwo i&nbsp;certyfikacja \u017cywno\u015bci<\/p>\n<p><strong>Studia niestacjonarne pierwszego stopnia <\/strong><\/p>\n<p>Behawiorystyka zwierz\u0105t<\/p>\n<p><span style=\"color: #003300; font-size: 16px;\"><strong>Mgr Ma\u0142gorzata Polak tel. 81\u00a0445 65 81 pok. 356<\/strong><\/span><\/p>\n<p><strong>studia stacjonarne pierwszego stopnia<\/strong><\/p>\n<p>Hipologia i&nbsp;je\u017adziectwo<br \/>Piel\u0119gnacja zwierz\u0105t i&nbsp;animaloterapia<\/p>\n<p><strong>studia stacjonarne drugiego stopnia <\/strong><\/p>\n<p>Hipologia i&nbsp;je\u017adziectwo<br \/>Animaloterapia \u2013 2 rok<\/p>\n<p>\u00a0<strong>studia niestacjonarne pierwszego stopnia<\/strong><\/p>\n<p>Piel\u0119gnacja zwierz\u0105t i&nbsp;animaloterapia<\/p>\n                                        <\/div>\n\t\t\t\t\t\t                                <\/div>\n\t\t\t\t\t\t<\/div>\n\t<\/div>\n<\/section>\n\t\t<\/div>\n\t\t\t\t<\/div>\n\t\t\t\t\t\t<\/div>\n\t\t\t\t\t<\/div>\n\t\t<\/div>\n\t\t\t\t\t\t\t\t<\/div>\n\t\t\t\t\t<\/div>\n\t\t<\/section>\n\t\t\t\t\t\t<\/div>\n\t\t\t\t\t\t<\/div>\n\t\t\t\t\t<\/div>\n\t\t","protected":false},"excerpt":{"rendered":"<p>Dziekanat Wirtualny dziekanat UP Wydzia\u0142 Nauk o&nbsp;Zwierz\u0119tach i&nbsp;Biogospodarki Informacje o&nbsp;dziekanacie Pracownicy dziekanatu Obs\u0142uga toku kierunk\u00f3w 20-950 LUBLINul. Akademicka 13e-mail: dziekanat.bhz@up.lublin.pl Dziekanat czynny jest od poniedzia\u0142ku do pi\u0105tku w&nbsp;godzinach od 7.00 &#8211; 15.00.W sprawach studenckich nale\u017cy kontaktowa\u0107 si\u0119 z&nbsp;pracownikami odpowiedzialnymi za obs\u0142ug\u0119 poszczeg\u00f3lnych kierunk\u00f3w studi\u00f3w. Dziekanat czynny dla student\u00f3w:poniedzia\u0142ek, wtorek, czwartek, pi\u0105tek w&nbsp;godz.: 11.00-14.00sobota dla student\u00f3w [&hellip;]<\/p>\n","protected":false},"author":2,"featured_media":0,"parent":0,"menu_order":0,"comment_status":"closed","ping_status":"closed","template":"elementor_header_footer","meta":{"_monsterinsights_skip_tracking":false,"_monsterinsights_sitenote_active":false,"_monsterinsights_sitenote_note":"","_monsterinsights_sitenote_category":0},"_links":{"self":[{"href":"https:\/\/up.lublin.pl\/biologia\/wp-json\/wp\/v2\/pages\/270"}],"collection":[{"href":"https:\/\/up.lublin.pl\/biologia\/wp-json\/wp\/v2\/pages"}],"about":[{"href":"https:\/\/up.lublin.pl\/biologia\/wp-json\/wp\/v2\/types\/page"}],"author":[{"embeddable":true,"href":"https:\/\/up.lublin.pl\/biologia\/wp-json\/wp\/v2\/users\/2"}],"replies":[{"embeddable":true,"href":"https:\/\/up.lublin.pl\/biologia\/wp-json\/wp\/v2\/comments?post=270"}],"version-history":[{"count":149,"href":"https:\/\/up.lublin.pl\/biologia\/wp-json\/wp\/v2\/pages\/270\/revisions"}],"predecessor-version":[{"id":182964,"href":"https:\/\/up.lublin.pl\/biologia\/wp-json\/wp\/v2\/pages\/270\/revisions\/182964"}],"wp:attachment":[{"href":"https:\/\/up.lublin.pl\/biologia\/wp-json\/wp\/v2\/media?parent=270"}],"curies":[{"name":"wp","href":"https:\/\/api.w.org\/{rel}","templated":true}]}}