{"id":183693,"date":"2025-11-09T12:20:14","date_gmt":"2025-11-09T11:20:14","guid":{"rendered":"https:\/\/up.lublin.pl\/biologia\/?page_id=183693"},"modified":"2025-11-09T12:28:10","modified_gmt":"2025-11-09T11:28:10","slug":"studenckie-kolo-naukowe-bioinformatyki","status":"publish","type":"page","link":"https:\/\/up.lublin.pl\/biologia\/ksztalcenie\/studenckie-kolo-naukowe-bioinformatyki\/","title":{"rendered":"Studenckie Ko\u0142o Naukowe Bioinformatyki"},"content":{"rendered":"\t\t<div data-elementor-type=\"wp-page\" data-elementor-id=\"183693\" class=\"elementor elementor-183693\" data-elementor-settings=\"[]\">\n\t\t\t\t\t\t<div class=\"elementor-inner\">\n\t\t\t\t\t\t\t<div class=\"elementor-section-wrap\">\n\t\t\t\t\t\t\t<section class=\"elementor-section elementor-top-section elementor-element elementor-element-69877d8 elementor-section-boxed elementor-section-height-default elementor-section-height-default\" data-id=\"69877d8\" data-element_type=\"section\">\n\t\t\t\t\t\t<div class=\"elementor-container elementor-column-gap-default\">\n\t\t\t\t\t\t\t<div class=\"elementor-row\">\n\t\t\t\t\t<div class=\"elementor-column elementor-col-100 elementor-top-column elementor-element elementor-element-733a1b4\" data-id=\"733a1b4\" data-element_type=\"column\">\n\t\t\t<div class=\"elementor-column-wrap elementor-element-populated\">\n\t\t\t\t\t\t\t<div class=\"elementor-widget-wrap\">\n\t\t\t\t\t\t<div class=\"elementor-element elementor-element-4cf5eaa elementor-widget elementor-widget-m5e\" data-id=\"4cf5eaa\" data-element_type=\"widget\" data-widget_type=\"m5e.default\">\n\t\t\t\t<div class=\"elementor-widget-container\">\n\t\t\t<section class=\"mn-m5-e mn-bg-white\">\r\n\t<div class=\"mn-grid\">\r\n\t\t\t\t\t<div class=\"mn-img mn-grid-6\">\r\n\t\t\t\t\t\t\t<\/div>\r\n\t\t\t\t\t<div class=\"mn-content mn-grid-6\">\r\n\t\t\t<p><strong>Studenckie Ko\u0142o Naukowe Bioinformatyki<\/strong> swoj\u0105 prac\u0119 rozpocz\u0119\u0142o 1 pa\u017adziernika \u00a02025 r. na Wydziale Nauk o&nbsp;Zwierz\u0119tach i&nbsp;Biogospodarki. Ko\u0142o dzia\u0142a przy Zak\u0142adzie Genetyki Og\u00f3lnej i\u00a0Molekularnej w&nbsp;Instytucie Biologicznych Podstaw Produkcji Zwierz\u0119cej, a&nbsp;jego opiekunem jest dr Krzysztof Kowal.<\/p>\n<p>Cz\u0142onkami Ko\u0142a s\u0105 studenci r\u00f3\u017cnych kierunk\u00f3w, m.in. bioinformatyki w&nbsp;biogospodarce, biotechnologii, behawiorystyki zwierz\u0105t, biologii, bioin\u017cynierii i&nbsp;kryminalistyki w&nbsp;biogospodarce, kt\u00f3rych \u0142\u0105czy ch\u0119\u0107 pog\u0142\u0119biania wiedzy z&nbsp;obszar\u00f3w genetyki, biologii molekularnej czy informatyki oraz nabywania umiej\u0119tno\u015bci zwi\u0105zanych z&nbsp;szerok\u0105 dziedzin\u0105 naukow\u0105, jak\u0105 jest bioinformatyka.<\/p>\n<p><strong>Cele dzia\u0142alno\u015bci student\u00f3w w&nbsp;SKN Bioinformatyki to:<\/strong><\/p>\n<ul>\n<li>realizacja projekt\u00f3w bioinformatycznych \u2013 m.in. analizy sekwencji DNA i&nbsp;RNA, modelowanie struktur, projektowanie do\u015bwiadcze\u0144 <em>in silico,<\/em><\/li>\n<li>prowadzenie bada\u0144 w&nbsp;laboratorium oraz analiza uzyskanych danych,<\/li>\n<li>nauka programowania i&nbsp;in\u017cynierii danych,<\/li>\n<li>organizowanie spotka\u0144 z&nbsp;naukowcami z&nbsp;bran\u017cy,<\/li>\n<li>aktywny udzia\u0142 w&nbsp;wydarzeniach ze \u015bwiata naukowego.<\/li>\n<\/ul>\n<p>\u00a0<\/p>\n<p>Warto do\u0142\u0105czy\u0107 do SKN Bioinformatyki, poniewa\u017c dzia\u0142alno\u015b\u0107 w&nbsp;kole umo\u017cliwia poznanie rozmaitych metod bada\u0144 sekwencji DNA i&nbsp;interpretacji uzyskanych wynik\u00f3w, a&nbsp;tak\u017ce nabycie nowych umiej\u0119tno\u015bci, przydatnych w&nbsp;p\u00f3\u017aniejszej pracy naukowej lub komercyjnej.<\/p>\n<p>\u00a0<\/p>\n<p><strong>Kontakt do opiekuna SKN Bioinformatyki: <\/strong><\/p>\n<p>dr Krzysztof Kowal<\/p>\n<p><em>Collegium Zootechnicum,<\/em> I&nbsp;pi\u0119tro, pok. 214<\/p>\n<p><a href=\"mailto:krzysztof.kowal@up.edu.pl\">krzysztof.kowal@up.edu.pl<\/a><\/p>\n<p><u>\u00a0<\/u><\/p>\n\t\t<\/div>\r\n\t\t\t<\/div>\r\n<\/section>\r\n\t\t<\/div>\n\t\t\t\t<\/div>\n\t\t\t\t\t\t<\/div>\n\t\t\t\t\t<\/div>\n\t\t<\/div>\n\t\t\t\t\t\t\t\t<\/div>\n\t\t\t\t\t<\/div>\n\t\t<\/section>\n\t\t\t\t\t\t<\/div>\n\t\t\t\t\t\t<\/div>\n\t\t\t\t\t<\/div>\n\t\t","protected":false},"excerpt":{"rendered":"<p>Studenckie Ko\u0142o Naukowe Bioinformatyki swoj\u0105 prac\u0119 rozpocz\u0119\u0142o 1 pa\u017adziernika &nbsp;2025 r. na Wydziale Nauk o&nbsp;Zwierz\u0119tach i&nbsp;Biogospodarki. Ko\u0142o dzia\u0142a przy Zak\u0142adzie Genetyki Og\u00f3lnej i&nbsp;Molekularnej w&nbsp;Instytucie Biologicznych Podstaw Produkcji Zwierz\u0119cej, a&nbsp;jego opiekunem jest dr Krzysztof Kowal. Cz\u0142onkami Ko\u0142a s\u0105 studenci r\u00f3\u017cnych kierunk\u00f3w, m.in. bioinformatyki w&nbsp;biogospodarce, biotechnologii, behawiorystyki zwierz\u0105t, biologii, bioin\u017cynierii i&nbsp;kryminalistyki w&nbsp;biogospodarce, kt\u00f3rych \u0142\u0105czy ch\u0119\u0107 pog\u0142\u0119biania wiedzy [&hellip;]<\/p>\n","protected":false},"author":204,"featured_media":0,"parent":182532,"menu_order":0,"comment_status":"closed","ping_status":"closed","template":"elementor_header_footer","meta":{"_monsterinsights_skip_tracking":false,"_monsterinsights_sitenote_active":false,"_monsterinsights_sitenote_note":"","_monsterinsights_sitenote_category":0},"_links":{"self":[{"href":"https:\/\/up.lublin.pl\/biologia\/wp-json\/wp\/v2\/pages\/183693"}],"collection":[{"href":"https:\/\/up.lublin.pl\/biologia\/wp-json\/wp\/v2\/pages"}],"about":[{"href":"https:\/\/up.lublin.pl\/biologia\/wp-json\/wp\/v2\/types\/page"}],"author":[{"embeddable":true,"href":"https:\/\/up.lublin.pl\/biologia\/wp-json\/wp\/v2\/users\/204"}],"replies":[{"embeddable":true,"href":"https:\/\/up.lublin.pl\/biologia\/wp-json\/wp\/v2\/comments?post=183693"}],"version-history":[{"count":5,"href":"https:\/\/up.lublin.pl\/biologia\/wp-json\/wp\/v2\/pages\/183693\/revisions"}],"predecessor-version":[{"id":183699,"href":"https:\/\/up.lublin.pl\/biologia\/wp-json\/wp\/v2\/pages\/183693\/revisions\/183699"}],"up":[{"embeddable":true,"href":"https:\/\/up.lublin.pl\/biologia\/wp-json\/wp\/v2\/pages\/182532"}],"wp:attachment":[{"href":"https:\/\/up.lublin.pl\/biologia\/wp-json\/wp\/v2\/media?parent=183693"}],"curies":[{"name":"wp","href":"https:\/\/api.w.org\/{rel}","templated":true}]}}