{"id":1827,"date":"2021-04-13T11:07:13","date_gmt":"2021-04-13T09:07:13","guid":{"rendered":"http:\/\/nowastrona.up.lublin.pl\/biologia\/?page_id=1827"},"modified":"2025-09-22T11:22:24","modified_gmt":"2025-09-22T09:22:24","slug":"studenckie-kolo-naukowe-nauk-o-zwierzetach-i-biogospodarki","status":"publish","type":"page","link":"https:\/\/up.lublin.pl\/biologia\/ksztalcenie\/studenckie-kolo-naukowe-nauk-o-zwierzetach-i-biogospodarki\/","title":{"rendered":"Studenckie Ko\u0142o Naukowe &#8220;Nauk o Zwierz\u0119tach i Biogospodarki&#8221;"},"content":{"rendered":"\t\t<div data-elementor-type=\"wp-page\" data-elementor-id=\"1827\" class=\"elementor elementor-1827\" data-elementor-settings=\"[]\">\n\t\t\t\t\t\t<div class=\"elementor-inner\">\n\t\t\t\t\t\t\t<div class=\"elementor-section-wrap\">\n\t\t\t\t\t\t\t<section class=\"elementor-section elementor-top-section elementor-element elementor-element-1e39d3f elementor-section-boxed elementor-section-height-default elementor-section-height-default\" data-id=\"1e39d3f\" data-element_type=\"section\">\n\t\t\t\t\t\t<div class=\"elementor-container elementor-column-gap-default\">\n\t\t\t\t\t\t\t<div class=\"elementor-row\">\n\t\t\t\t\t<div class=\"elementor-column elementor-col-100 elementor-top-column elementor-element elementor-element-b5420c8\" data-id=\"b5420c8\" data-element_type=\"column\">\n\t\t\t<div class=\"elementor-column-wrap elementor-element-populated\">\n\t\t\t\t\t\t\t<div class=\"elementor-widget-wrap\">\n\t\t\t\t\t\t<div class=\"elementor-element elementor-element-b45cd4d elementor-widget elementor-widget-m2k\" data-id=\"b45cd4d\" data-element_type=\"widget\" data-widget_type=\"m2k.default\">\n\t\t\t\t<div class=\"elementor-widget-container\">\n\t\t\t<section class=\"mn-m2-d mn-bg-green\">\n    <div class=\"mn-grid\">\n        <div class=\"mn-grid-12 mn-introtext\">\n                            <h3>\n                    Studenckie Ko\u0142o Naukowe \u201eNauk o\u00a0Zwierz\u0119tach i\u00a0Biogospodarki\u201d                <\/h3>\n                        <\/div>\n    <\/div>\n    <\/section>\n\t\t<\/div>\n\t\t\t\t<\/div>\n\t\t\t\t\t\t<\/div>\n\t\t\t\t\t<\/div>\n\t\t<\/div>\n\t\t\t\t\t\t\t\t<\/div>\n\t\t\t\t\t<\/div>\n\t\t<\/section>\n\t\t\t\t<section class=\"elementor-section elementor-top-section elementor-element elementor-element-a45126c elementor-section-boxed elementor-section-height-default elementor-section-height-default\" data-id=\"a45126c\" data-element_type=\"section\">\n\t\t\t\t\t\t<div class=\"elementor-container elementor-column-gap-default\">\n\t\t\t\t\t\t\t<div class=\"elementor-row\">\n\t\t\t\t\t<div class=\"elementor-column elementor-col-100 elementor-top-column elementor-element elementor-element-b5f9ddd\" data-id=\"b5f9ddd\" data-element_type=\"column\">\n\t\t\t<div class=\"elementor-column-wrap elementor-element-populated\">\n\t\t\t\t\t\t\t<div class=\"elementor-widget-wrap\">\n\t\t\t\t\t\t<div class=\"elementor-element elementor-element-38b6dcf elementor-widget elementor-widget-m5c\" data-id=\"38b6dcf\" data-element_type=\"widget\" data-widget_type=\"m5c.default\">\n\t\t\t\t<div class=\"elementor-widget-container\">\n\t\t\t<section class=\"mn-m5-c mn-m5-d2 mn-bg-white\">\n\t<div class=\"mn-grid\">\n\t\t\t\t<div class=\"mn-content mn-grid-9\">\n\t\t\t                <div class=\"mn-content-block active\">\n\t                                                        <div class=\"block-text\">\n\t                                        <h3 style=\"text-align: center;\">HISTORIA I&nbsp;TERA\u0179NIEJSZO\u015a\u0106<\/h3>\n<p>Pocz\u0105tki Studenckiego Ko\u0142a Naukowego Biolog\u00f3w i&nbsp;Hodowc\u00f3w Zwierz\u0105t Uniwersytetu Przyrodniczego w&nbsp;Lublinie (poprzednio Studenckie Ko\u0142o Naukowe Zootechnik\u00f3w) datuj\u0105 si\u0119 od 1953 roku, a&nbsp;wi\u0119c od czasu powstania Wydzia\u0142u Zootechnicznego na Uniwersytecie Marii Curie-Sk\u0142odowskiej w&nbsp;Lublinie.<\/p>\n<p>W latach 1953-54 funkcj\u0119 Przewodnicz\u0105cego Ko\u0142a pe\u0142ni\u0142 Jan Burnatowski, a&nbsp;opiekunem z&nbsp;ramienia Wydzia\u0142u by\u0142 mgr J\u00f3zef Zi\u0119ba, p\u00f3\u017aniejszy wieloletni Dziekan. Do 1965 roku dzia\u0142alno\u015b\u0107 Ko\u0142a mia\u0142a charakter uzupe\u0142niaj\u0105cy program nauczania i&nbsp;by\u0142a realizowana w&nbsp;ramach 3 sekcji funkcjonuj\u0105cych przy \u00f3wcze\u015bnie istniej\u0105cych Katedrach: \u017bywienia Zwierz\u0105t, Og\u00f3lnej Hodowli Zwierz\u0105t i&nbsp;Szczeg\u00f3\u0142owej Hodowli Zwierz\u0105t.<\/p>\n<p>W 1961 roku student Maksymilian Bomba w&nbsp;Og\u00f3lnopolskim Konkursie na prace zootechniczne organizowanym przez Instytut Zootechniki w&nbsp;Krakowie otrzyma\u0142 II nagrod\u0119 za prac\u0119 nt. \u201dMonografia polskiego byd\u0142a czerwonego w&nbsp;POZH Tarnawatka\u201d.<br \/>Inicjatywa zorganizowania Studenckiego Ko\u0142a Naukowego Zootechnik\u00f3w Wy\u017cszej Szko\u0142y Rolniczej w&nbsp;Lublinie powsta\u0142a wiosn\u0105 1966 roku i&nbsp;znalaz\u0142a gor\u0105ce poparcie \u00f3wczesnych w\u0142adz Wydzia\u0142u Zootechnicznego, a&nbsp;zw\u0142aszcza Pana Dziekana doc. dr hab. Ewalda Sasimowskiego. Z&nbsp;dniem 31 maja 1966 roku powo\u0142ano 10 sekcji, w&nbsp;kt\u00f3rych rozpocz\u0119\u0142o prac\u0119 ponad 90 student\u00f3w. Opiekunem Ko\u0142a z&nbsp;ramienia Wydzia\u0142u zosta\u0142 dr in\u017c. Marian Budzy\u0144ski, a&nbsp;Prezesem Zdzis\u0142aw Szostak.<\/p>\n<p>Od pocz\u0105tku istnienia jedn\u0105 z&nbsp;podstawowych form dzia\u0142ania studenckiego ruchu naukowego by\u0142o organizowanie zebra\u0144 referatowo-dyskusyjnych i&nbsp;uczestnictwo w&nbsp;zjazdach, konferencjach, sejmikach b\u0105d\u017a sympozjach krajowych oraz mi\u0119dzynarodowych.<\/p>\n<p>W 1967 roku Ko\u0142o uczestniczy\u0142o w&nbsp;VII Og\u00f3lnopolskim Zje\u017adzie Studenckich K\u00f3\u0142 Naukowych Wy\u017cszych Szk\u00f3\u0142 Rolniczych, kt\u00f3ry odby\u0142 si\u0119 w&nbsp;Lublinie w&nbsp;dniach 3-6 maja. Zg\u0142oszono 3 prace, kt\u00f3re uzyska\u0142y I&nbsp;i II miejsce oraz wyr\u00f3\u017cnienie. Podczas VIII Og\u00f3lnopolskiego Zjazdu SKN WSR w&nbsp;Poznaniu w&nbsp;1969 roku cz\u0142onkowie Ko\u0142a przedstawili 6 prac, a&nbsp;Jury Zjazdu bior\u0105c pod uwag\u0119 ich jako\u015b\u0107 wyr\u00f3\u017cni\u0142o KNZ z&nbsp;WSR Lublin przyznaj\u0105c mu I&nbsp;miejsce spo\u015br\u00f3d wszystkich K\u00f3\u0142 Naukowych bior\u0105cych udzia\u0142 w&nbsp;Zje\u017adzie. Od 1971 roku now\u0105 form\u0105 dzia\u0142alno\u015bci KNZ sta\u0142y si\u0119 popularne w\u015br\u00f3d student\u00f3w obozy naukowe.<\/p>\n<p>W ramach obchod\u00f3w XX-lecia Wydzia\u0142u Zootechnicznego Akademii Rolniczej w&nbsp;Lublinie, Ko\u0142o zorganizowa\u0142o w&nbsp;dniach 2-3 maja 1974 roku Og\u00f3lnopolsk\u0105 Sesj\u0119 K\u00f3\u0142 Naukowych dzia\u0142aj\u0105cych na Wydzia\u0142ach Zootechnicznych. Na Sesji tej cz\u0142onkowie Ko\u0142a przedstawili 4 prace, przy czym wszystkie zosta\u0142y bardzo wysoko ocenione przez Jury Zjazdu (przyznano 2 x&nbsp;I miejsce i&nbsp;2 x&nbsp;II miejsce). Praca wykonana w&nbsp;Sekcji Hodowli Byd\u0142a przez Z. Gajd\u0119 i&nbsp;J. Grabo\u015b nt. \u201ePrzydatno\u015b\u0107 byd\u0142a rasy nizinnej czarno-bia\u0142ej do wsp\u00f3\u0142czesnych wymog\u00f3w selekcji na mleczno\u015b\u0107\u201d by\u0142a referowana podczas Mi\u0119dzynarodowej Sesji K\u00f3\u0142 Naukowych w&nbsp;Nitrze (Czechos\u0142owacja) w&nbsp;1975 roku.<br \/>Z okazji 100-rocznicy urodzin prof. Romana Prawoche\u0144skiego zorganizowano w&nbsp;Lublinie w&nbsp;1977 roku Sejmik Studenckich K\u00f3\u0142 Naukowych Wydzia\u0142\u00f3w Zootechnicznych AR, na kt\u00f3rym zaprezentowano 26 opracowa\u0144 naukowych, w&nbsp;tym 15 z&nbsp;KNZ w&nbsp;Lublinie (zdobyto pierwsze 3 miejsca).<\/p>\n<p>W dniach 12-14 maja 1978 roku odby\u0142o si\u0119 w&nbsp;Lublinie Og\u00f3lnopolskie Sympozjum K\u00f3\u0142 Naukowych zorganizowane z&nbsp;okazji XXV-lecia Wydzia\u0142u Zootechnicznego AR Lublin. Og\u00f3\u0142em wyg\u0142oszono 29 doniesie\u0144, w&nbsp;tym 11 z&nbsp;o\u015brodka lubelskiego (zaj\u0119\u0142y one pierwsze miejsca w&nbsp;obu sekcjach tematycznych).<\/p>\n<p>Za ca\u0142okszta\u0142t swojej dzia\u0142alno\u015bci w&nbsp;latach 1978-81 KNZ zdoby\u0142o trzykrotnie I&nbsp;miejsce w&nbsp;konkursie na najlepiej dzia\u0142aj\u0105ce Studenckie Ko\u0142o Naukowe przy AR w&nbsp;Lublinie. Na Mi\u0119dzynarodowych Sympozjach K\u00f3\u0142 Naukowych w&nbsp;Nitrze i&nbsp;Brnie w&nbsp;latach 1979-80 przedstawiono 5 prac.<br \/>Z okazji XXX-lecia Wydzia\u0142u Zootechnicznego AR w&nbsp;Lublinie w&nbsp;dniach 25-26 listopada 1983 roku zorganizowano Og\u00f3lnopolskie Sympozjum Studenckich K\u00f3\u0142 Naukowych i&nbsp;przedstawiono 9 prac.<br \/>W kolejnych latach z&nbsp;inicjatywy student\u00f3w utworzono w&nbsp;ramach Ko\u0142a nast\u0119pne Sekcje specjalistyczne: Kynologiczn\u0105 i&nbsp;Ochrony \u015arodowiska.<\/p>\n<p>Cyklicznie organizowano co 2 lata Sejmiki KNZ, na kt\u00f3rych prezentowano wyniki interesuj\u0105cych prac o&nbsp;charakterze naukowo-badawczym z&nbsp;materia\u0142\u00f3w powierzonych przez opiekun\u00f3w poszczeg\u00f3lnych sekcji lub zebranych pod ich kierunkiem przez student\u00f3w w&nbsp;czasie oboz\u00f3w naukowych.<\/p>\n<p>Cz\u0142onkowie Ko\u0142a rokrocznie uczestniczyli tak\u017ce w&nbsp;Studenckich Konferencjach Naukowych w&nbsp;kraju i&nbsp;zagranic\u0105. Tematyka realizowanych prac dotyczy\u0142a nie tylko problem\u00f3w hodowli i&nbsp;produkcji poszczeg\u00f3lnych gatunk\u00f3w zwierz\u0105t, ale stopniowo tak\u017ce innych zagadnie\u0144 og\u00f3lnobiologicznych.<\/p>\n<p>W roku 1993 zorganizowano Sejmik KNZ u\u015bwietniaj\u0105cy obchody 40-lecia Wydzia\u0142u Zootechnicznego AR w&nbsp;Lublinie, a&nbsp;w 1996 roku z&nbsp;okazji XXX-lecia KNZ.<\/p>\n<p>W roku akademickim 1997\/98 cz\u0142onkowie KNZ w&nbsp;ramach Jubileuszu 45-lecia Wydzia\u0142u Zootechnicznego i&nbsp;5-lecia Oddzia\u0142u Ochrony \u015arodowiska zorganizowali cykl odczyt\u00f3w pod wsp\u00f3lnym tytu\u0142em \u201eZas\u0142u\u017ceni Profesorowie Wydzia\u0142u Zootechnicznego\u201d. W&nbsp;cyklu zaprezentowane zosta\u0142y sylwetki i&nbsp;dorobek naukowy profesor\u00f3w: Laury Kaufman, Romana Prawoche\u0144skiego i&nbsp;Adama Doma\u0144skiego.<\/p>\n<p>W latach 1998-2000 z&nbsp;inicjatywy student\u00f3w powsta\u0142y nowe Sekcje: Przyrodnicza, Biochemiczna, Etologii Zwierz\u0105t oraz Ekologii i&nbsp;ochrony w\u00f3d. Spowodowa\u0142o to znaczne rozszerzenie tematyki prac, kt\u00f3rymi zajmowa\u0142o si\u0119 Ko\u0142o i&nbsp;dotychczasowa jego nazwa sta\u0142a si\u0119 ma\u0142o adekwatna do poruszanej problematyki, zw\u0142aszcza w&nbsp;kontek\u015bcie zmiany nazwy Wydzia\u0142u Zootechnicznego oraz utworzenia nowego kierunku \u201eBiologia\u201d. Dlatego te\u017c na wniosek cz\u0142onk\u00f3w KNZ Rada Wydzia\u0142u Biologii i&nbsp;Hodowli Zwierz\u0105t AR w&nbsp;Lublinie na posiedzeniu w&nbsp;dniu 23 stycznia 2003 roku podj\u0119\u0142a Uchwa\u0142\u0119 w&nbsp;sprawie zmiany nazwy Ko\u0142a Naukowego Zootechnik\u00f3w.<\/p>\n<p>Aktualnie nazwa Ko\u0142a brzmi: Studenckie Ko\u0142o Naukowe \u201eNauk o&nbsp;Zwierz\u0119tach i&nbsp;Biogospodarki \u201d, a&nbsp;w jego ramach dzia\u0142a 10 sekcji specjalistycznych, kt\u00f3rych opiekunami naukowymi s\u0105 nauczyciele akademiccy Wydzia\u0142u Nauk o&nbsp;Zwierz\u0119tach i&nbsp;Biogospodarki:<\/p>\n                                        <\/div>\n\t\t\t\t\t\t                                                        <div class=\"block-text\">\n\t                                        <table style=\"border-collapse: collapse; width: 100%; height: 460px;\">\n<tbody>\n<tr style=\"height: 23px;\">\n<th style=\"width: 33.3333%; height: 23px;\">Sekcja<\/th>\n<th style=\"width: 33.3333%; height: 23px;\">Opiekun<\/th>\n<\/tr>\n<tr style=\"height: 23px;\">\n<td style=\"width: 33.3333%; height: 23px;\">Biochemiczna<\/td>\n<td style=\"width: 33.3333%; height: 23px;\">prof. dr hab. Katarzyna Ognik<\/td>\n<\/tr>\n<tr style=\"height: 23px;\">\n<td style=\"width: 33.3333%; height: 23px;\">Doradztwa rolniczego<\/td>\n<td style=\"width: 33.3333%; height: 23px;\">\n<p>dr hab. in\u017c. Monika Gregu\u0142a-Kania<\/p>\n<p>mgr in\u017c. Szczepan Leszczy\u0144ski<\/p>\n<\/td>\n<\/tr>\n<tr style=\"height: 23px;\">\n<td style=\"width: 33.3333%; height: 23px;\">Ekologicznej produkcji \u017cywno\u015bci<\/td>\n<td style=\"width: 33.3333%; height: 23px;\">dr hab. Aneta Brodziak, prof. uczelni<br \/>dr in\u017c. Piotr Stanek<\/td>\n<\/tr>\n<tr style=\"height: 23px;\">\n<td style=\"width: 33.3333%; height: 23px;\">Hipologiczna<\/td>\n<td style=\"width: 33.3333%; height: 23px;\">dr in\u017c. El\u017cbieta Wnuk-Pawlak<\/td>\n<\/tr>\n<tr style=\"height: 23px;\">\n<td style=\"width: 33.3333%; height: 23px;\">Hodowli byd\u0142a<\/td>\n<td style=\"width: 33.3333%; height: 23px;\">dr in\u017c. Wioletta Sawicka-Zugaj<br \/>dr hab. Witold Chabuz prof. uczelni,<\/td>\n<\/tr>\n<tr style=\"height: 23px;\">\n<td style=\"width: 33.3333%; height: 23px;\">Hodowli owiec i&nbsp;k\u00f3z<\/td>\n<td style=\"width: 33.3333%; height: 23px;\">prof. dr hab. Andrzej Junkuszew<br \/>dr in\u017c. Paulina Nazar<\/td>\n<\/tr>\n<tr style=\"height: 23px;\">\n<td style=\"width: 33.3333%; height: 23px;\">Hodowli zwierz\u0105t \u0142ownych<\/td>\n<td style=\"width: 33.3333%; height: 23px;\">dr hab. Marian Flis prof. uczelni<\/td>\n<\/tr>\n<tr style=\"height: 23px;\">\n<td style=\"width: 33.3333%; height: 23px;\">Rybacka<\/td>\n<td style=\"width: 33.3333%; height: 23px;\">dr hab. Piotr Ska\u0142ecki, prof. uczelni<\/td>\n<\/tr>\n<tr style=\"height: 23px;\">\n<td style=\"width: 33.3333%; height: 23px;\">Oceny jako\u015bci i&nbsp;bezpiecze\u0144stwa \u017cywno\u015bci<\/td>\n<td style=\"width: 33.3333%; height: 23px;\">dr hab. Monika K\u0119dzierska-Matysek,<br \/>dr Anna Teter<\/td>\n<\/tr>\n<tr style=\"height: 23px;\">\n<td style=\"width: 33.3333%; height: 23px;\">Zwierz\u0105t futerkowych<\/td>\n<td style=\"width: 33.3333%; height: 23px;\">dr hab. Andrzej Jakubczak prof. uczelni<\/td>\n<\/tr>\n<\/tbody>\n<\/table>\n                                        <\/div>\n\t\t\t\t\t\t                                                        <div class=\"block-text\">\n\t                                        <p>\u00a0<\/p>\n<p>Opiekunami Ko\u0142a na przestrzeni jego dziej\u00f3w z&nbsp;ramienia Rady Wydzia\u0142u by\u0142y nast\u0119puj\u0105ce osoby:<br \/>1966 &#8211; 71 dr in\u017c. Marian Budzy\u0144ski<br \/>1971 &#8211; 73 doc. Tadeusz Efner, dr Barbara Jarzynowa<br \/>1973 &#8211; 76 doc. dr hab. Czes\u0142awa Kalinowska<br \/>1976 &#8211; 78 doc. dr hab. Tadeusz Majewski<br \/>1978 &#8211; 81 dr in\u017c. Marian Kapro\u0144<br \/>1981 &#8211; 84 doc. dr hab. Zygmunt Litwi\u0144czuk<br \/>1984 &#8211; 87 doc. dr hab. Tadeusz Majewski<br \/>1987 &#8211; 90 doc. dr hab. Czes\u0142aw Kowalczyk<br \/>1990 &#8211; 96 prof. dr hab. Eugeniusz Grela<br \/>1996 &#8211; 02 dr hab. prof. nadzw. Leszek Drozd<br \/>2002 &#8211; 16 prof. dr hab. S\u0142awomir Pietrzak<br \/>2016 &#8211; dr hab. Witold Chabuz prof UP<\/p>\n<p>W roku 2003 w&nbsp;ramach obchod\u00f3w 50-lecia Wydzia\u0142u Biologii i&nbsp;Hodowli Zwierz\u0105t zorganizowano pod patronatem Jego Magnificencji Rektora Akademii Rolniczej w&nbsp;Lublinie prof. dr hab. Zdzis\u0142awa Targo\u0144skiego i&nbsp;Dziekana Wydzia\u0142u Biologii i&nbsp;Hodowli Zwierz\u0105t prof. dr hab. Tomasza Gruszeckiego I&nbsp;Og\u00f3lnopolskie Seminarium Studenckich K\u00f3\u0142 Naukowych nt. &#8220;\u015arodowisko-Zwierz\u0119-Produkt&#8221;. Podczas Konferencji studenci z&nbsp;takich o\u015brodk\u00f3w akademickich jak: AR Wroc\u0142aw, AR Krak\u00f3w, UWM Olsztyn, AP Siedlce i&nbsp;AR Lublin zaprezentowali 21 doniesie\u0144 naukowych oraz 15 poster\u00f3w. Tematyka przedstawionych prac obejmowa\u0142a szeroki wachlarz zagadnie\u0144 dotycz\u0105cych problem\u00f3w ochrony \u015brodowiska przyrodniczego, biologii ssak\u00f3w, ptak\u00f3w i&nbsp;ryb, a&nbsp;tak\u017ce hodowli i&nbsp;produkcji byd\u0142a, koni, trzody chlewnej, owiec i&nbsp;k\u00f3z, ps\u00f3w czy te\u017c zwierz\u0105t \u0142ownych. Zdaniem Komisji oceniaj\u0105cej przedstawione referaty i&nbsp;postery, poziom prezentowanych prac by\u0142 bardzo wysoki. Warto podkre\u015bli\u0107, \u017ce spo\u015br\u00f3d 36 opracowa\u0144 po\u0142owa zosta\u0142a wykonana w&nbsp;KNBiHZ AR w&nbsp;Lublinie, a&nbsp;7 z&nbsp;nich nagrodzono. Wszystkie prace zosta\u0142y opublikowane w&nbsp;materia\u0142ach konferencyjnych, a&nbsp;zwyci\u0119zcy otrzymali plakiety okoliczno\u015bciowe oraz dyplomy uczestnictwa. Obszerne om\u00f3wienie prac prezentowanych podczas Seminarium zamieszczono na \u0142amach &#8220;Przegl\u0105du Hodowlanego&#8221; 3\/2004.<\/p>\n<p>W latach 2005-2008 organizowano Mi\u0119dzynarodowe Seminaria Studenckich K\u00f3\u0142 Naukowych nt. &#8220;\u015arodowisko-Zwierz\u0119-Produkt&#8221; pod patronatem Dziekana Wydzia\u0142u Biologii i&nbsp;Hodowli Zwierz\u0105t AR W&nbsp;Lublinie prof. dr hab. Tomasza Gruszeckiego. Cieszy\u0142y si\u0119 one dobr\u0105 frekwencj\u0105 i&nbsp;uznaniem uczestnik\u00f3w. W&nbsp;obradach uczestniczyli studenci i&nbsp;pracownicy naukowi z&nbsp;takich o\u015brodk\u00f3w akademickich jak: AR Krak\u00f3w, UWM Olsztyn, AR Pozna\u0144, AR Wroc\u0142aw i&nbsp;AR Lublin.<\/p>\n<p>Z inicjatywy student\u00f3w utworzono w&nbsp;okresie 2010-2013 kolejne sekcje specjalistyczne takie jak: terrarystyczna, doradztwa rolniczego, entomologiczna, chemii fizjologicznej i&nbsp;toksykologii, fizjologii zwierz\u0105t, ekologicznej produkcji \u017cywno\u015bci, je\u017adziectwa. W&nbsp;latach 2009-2013 zorganizowano pi\u0119\u0107 kolejnych Mi\u0119dzynarodowych Seminari\u00f3w Studenckich K\u00f3\u0142 Naukowych pod Patronatem Jego Magnificencji Rektora Uniwersytetu Przyrodniczego w&nbsp;Lublinie, prof. dr hab. Mariana Weso\u0142owskiego i&nbsp;Dziekana Wydzia\u0142u Biologii i&nbsp;Hodowli Zwierz\u0105t, prof. dr hab. Eugeniusza Greli. Cieszy\u0107 mo\u017ce fakt, \u017ce corocznie prezentowano nie tylko wi\u0119ksz\u0105 liczb\u0119 doniesie\u0144 naukowych i&nbsp;notowano uczestnictwo nowych o\u015brodk\u00f3w akademickich (ZUT Szczecin, UP Pozna\u0144, PWSZ Krosno), ale tak\u017ce obserwowano sta\u0142y wzrost poziomu naukowego prac i&nbsp;merytorycznej dyskusji. Om\u00f3wienie nagradzanych opracowa\u0144 corocznie prezentowano na \u0142amach czasopisma &#8220;Aktualno\u015bci Uniwersytetu Przyrodniczego w&nbsp;Lublinie&#8221;. W&nbsp;latach 2014-2017 zdecydowano zorganizowa\u0107 nie tylko kolejne XI &#8211; XIV MSSKN, ale tak\u017ce I&nbsp;\u2013 IV Konferencj\u0119 Doktorant\u00f3w, kt\u00f3re zosta\u0142y bardzo dobrze przyj\u0119te w&nbsp;\u015brodowisku. W&nbsp;2017 roku po raz pierwszy wydano dwutomow\u0105 monografie naukowa pod tytu\u0142em \u201e\u015arodowisko-Zwierz\u0119-Produkt, Tom I&nbsp;&#8211; JAKO\u015a\u0106 SUROWC\u00d3W POCHODZENIA ZWIERZ\u0118CEGO i&nbsp;tom II &#8211; MONITOROWANIE ZAGRO\u017bE\u0143.<\/p>\n<p>Wzorowa postawa student\u00f3w i&nbsp;wielkie zaanga\u017cowanie opiekun\u00f3w naukowych poszczeg\u00f3lnych sekcji specjalistycznych pozwoli\u0142y na sprawne zorganizowanie wymienionego seminarium, jak r\u00f3wnie\u017c \u015bwietnie rokuj\u0105 na przysz\u0142o\u015b\u0107 w&nbsp;aspekcie dalszej dzia\u0142alno\u015bci Ko\u0142a Naukowego Biolog\u00f3w i&nbsp;Hodowc\u00f3w Zwierz\u0105t Uniwersytetu Przyrodniczego w&nbsp;Lublinie.<\/p>\n<p>Aktywno\u015b\u0107 poszczeg\u00f3lnych sekcji specjalistycznych przejawia si\u0119 r\u00f3wnie\u017c poprzez organizacj\u0119 wielu zebra\u0144 referatowo-dyskusyjnych, czy te\u017c wyk\u0142ad\u00f3w prowadzonych przez wybitnych specjalist\u00f3w w&nbsp;okre\u015blonych dziedzinach wiedzy.<\/p>\n<p>Cz\u0142onkowie Ko\u0142a corocznie uczestnicz\u0105 tak\u017ce w&nbsp;mi\u0119dzynarodowych i&nbsp;krajowych seminariach studenckich k\u00f3\u0142 naukowych w&nbsp;r\u00f3\u017cnych o\u015brodkach akademickich (Olsztyn, Wroc\u0142aw, Krak\u00f3w i&nbsp;inne), zdobywaj\u0105c liczne nagrody i&nbsp;wyr\u00f3\u017cnienia.<\/p>\n<p>Studenci naszego Ko\u0142a uczestnicz\u0105 tak\u017ce czynnie w&nbsp;wielu projektach naukowych oraz we wdra\u017caniu wynik\u00f3w tych bada\u0144 do praktyki. Bior\u0105 czynny udzia\u0142 w&nbsp;promocji Uczelni i&nbsp;Wydzia\u0142u poprzez organizacj\u0119 dni otwartych drzwi Uczelni oraz spotka\u0144 z&nbsp;uczniami lice\u00f3w i&nbsp;technik\u00f3w na Lubelszczy\u017anie.<\/p>\n<p style=\"text-align: right\">Opiekun Ko\u0142a<br \/>dr hab. Witold Chabuz prof. UP<\/p>\n                                        <\/div>\n\t\t\t\t\t\t                                <\/div>\n\t\t\t\t                <div class=\"mn-content-block\">\n\t                                <\/div>\n\t\t\t\t                <div class=\"mn-content-block\">\n\t                                <\/div>\n\t\t\t\t                <div class=\"mn-content-block\">\n\t                                <\/div>\n\t\t\t\t                <div class=\"mn-content-block\">\n\t                                <\/div>\n\t\t\t\t                <div class=\"mn-content-block\">\n\t                                <\/div>\n\t\t\t\t                <div class=\"mn-content-block\">\n\t                                <\/div>\n\t\t\t\t                <div class=\"mn-content-block\">\n\t                                <\/div>\n\t\t\t\t                <div class=\"mn-content-block\">\n\t                                <\/div>\n\t\t\t\t                <div class=\"mn-content-block\">\n\t                                <\/div>\n\t\t\t\t                <div class=\"mn-content-block\">\n\t                                <\/div>\n\t\t\t\t                <div class=\"mn-content-block\">\n\t                                <\/div>\n\t\t\t\t                <div class=\"mn-content-block\">\n\t                                <\/div>\n\t\t\t\t                <div class=\"mn-content-block\">\n\t                                <\/div>\n\t\t\t\t                <div class=\"mn-content-block\">\n\t                                <\/div>\n\t\t\t\t                <div class=\"mn-content-block\">\n\t                                <\/div>\n\t\t\t\t                <div class=\"mn-content-block\">\n\t                                <\/div>\n\t\t\t\t                <div class=\"mn-content-block\">\n\t                                <\/div>\n\t\t\t\t                <div class=\"mn-content-block\">\n\t                                <\/div>\n\t\t\t\t                <div class=\"mn-content-block\">\n\t                                <\/div>\n\t\t\t\t\t\t<\/div>\n\t<\/div>\n<\/section>\n\t\t<\/div>\n\t\t\t\t<\/div>\n\t\t\t\t\t\t<\/div>\n\t\t\t\t\t<\/div>\n\t\t<\/div>\n\t\t\t\t\t\t\t\t<\/div>\n\t\t\t\t\t<\/div>\n\t\t<\/section>\n\t\t\t\t\t\t<\/div>\n\t\t\t\t\t\t<\/div>\n\t\t\t\t\t<\/div>\n\t\t","protected":false},"excerpt":{"rendered":"<p>Studenckie Ko\u0142o Naukowe \u201eNauk o\u00a0Zwierz\u0119tach i\u00a0Biogospodarki\u201d UP Wydzia\u0142 Nauk o&nbsp;Zwierz\u0119tach i&nbsp;Biogospodarki HISTORIA I&nbsp;TERA\u0179NIEJSZO\u015a\u0106 Pocz\u0105tki Studenckiego Ko\u0142a Naukowego Biolog\u00f3w i&nbsp;Hodowc\u00f3w Zwierz\u0105t Uniwersytetu Przyrodniczego w&nbsp;Lublinie (poprzednio Studenckie Ko\u0142o Naukowe Zootechnik\u00f3w) datuj\u0105 si\u0119 od 1953 roku, a&nbsp;wi\u0119c od czasu powstania Wydzia\u0142u Zootechnicznego na Uniwersytecie Marii Curie-Sk\u0142odowskiej w&nbsp;Lublinie. W latach 1953-54 funkcj\u0119 Przewodnicz\u0105cego Ko\u0142a pe\u0142ni\u0142 Jan Burnatowski, a&nbsp;opiekunem z&nbsp;ramienia [&hellip;]<\/p>\n","protected":false},"author":2,"featured_media":0,"parent":182532,"menu_order":0,"comment_status":"closed","ping_status":"closed","template":"elementor_header_footer","meta":{"_monsterinsights_skip_tracking":false,"_monsterinsights_sitenote_active":false,"_monsterinsights_sitenote_note":"","_monsterinsights_sitenote_category":0},"_links":{"self":[{"href":"https:\/\/up.lublin.pl\/biologia\/wp-json\/wp\/v2\/pages\/1827"}],"collection":[{"href":"https:\/\/up.lublin.pl\/biologia\/wp-json\/wp\/v2\/pages"}],"about":[{"href":"https:\/\/up.lublin.pl\/biologia\/wp-json\/wp\/v2\/types\/page"}],"author":[{"embeddable":true,"href":"https:\/\/up.lublin.pl\/biologia\/wp-json\/wp\/v2\/users\/2"}],"replies":[{"embeddable":true,"href":"https:\/\/up.lublin.pl\/biologia\/wp-json\/wp\/v2\/comments?post=1827"}],"version-history":[{"count":38,"href":"https:\/\/up.lublin.pl\/biologia\/wp-json\/wp\/v2\/pages\/1827\/revisions"}],"predecessor-version":[{"id":174282,"href":"https:\/\/up.lublin.pl\/biologia\/wp-json\/wp\/v2\/pages\/1827\/revisions\/174282"}],"up":[{"embeddable":true,"href":"https:\/\/up.lublin.pl\/biologia\/wp-json\/wp\/v2\/pages\/182532"}],"wp:attachment":[{"href":"https:\/\/up.lublin.pl\/biologia\/wp-json\/wp\/v2\/media?parent=1827"}],"curies":[{"name":"wp","href":"https:\/\/api.w.org\/{rel}","templated":true}]}}