{"id":179519,"date":"2025-05-27T10:29:21","date_gmt":"2025-05-27T08:29:21","guid":{"rendered":"https:\/\/up.lublin.pl\/biologia\/?page_id=179519"},"modified":"2025-05-27T10:45:52","modified_gmt":"2025-05-27T08:45:52","slug":"stacja-badawcza-efnera","status":"publish","type":"page","link":"https:\/\/up.lublin.pl\/biologia\/wydzial\/struktura-i-pracownicy\/hodowla-zwierzat-doradztwo-rolnicze\/stacja-badawcza-efnera\/","title":{"rendered":"Stacja Badawcza Ma\u0142ych Prze\u017cuwaczy im. prof. Tadeusza Efnera w Bezku"},"content":{"rendered":"\t\t<div data-elementor-type=\"wp-page\" data-elementor-id=\"179519\" class=\"elementor elementor-179519\" data-elementor-settings=\"[]\">\n\t\t\t\t\t\t<div class=\"elementor-inner\">\n\t\t\t\t\t\t\t<div class=\"elementor-section-wrap\">\n\t\t\t\t\t\t\t<section class=\"elementor-section elementor-top-section elementor-element elementor-element-28d94b4 elementor-section-boxed elementor-section-height-default elementor-section-height-default\" data-id=\"28d94b4\" data-element_type=\"section\">\n\t\t\t\t\t\t<div class=\"elementor-container elementor-column-gap-default\">\n\t\t\t\t\t\t\t<div class=\"elementor-row\">\n\t\t\t\t\t<div class=\"elementor-column elementor-col-100 elementor-top-column elementor-element elementor-element-69ce528\" data-id=\"69ce528\" data-element_type=\"column\">\n\t\t\t<div class=\"elementor-column-wrap elementor-element-populated\">\n\t\t\t\t\t\t\t<div class=\"elementor-widget-wrap\">\n\t\t\t\t\t\t<div class=\"elementor-element elementor-element-0fd8366 elementor-widget elementor-widget-m2k\" data-id=\"0fd8366\" data-element_type=\"widget\" data-widget_type=\"m2k.default\">\n\t\t\t\t<div class=\"elementor-widget-container\">\n\t\t\t<section class=\"mn-m2-d mn-bg-green\">\n    <div class=\"mn-grid\">\n        <div class=\"mn-grid-12 mn-introtext\">\n                            <h3>\n                    Stacja Badawcza Ma\u0142ych Prze\u017cuwaczy im. prof. Tadeusza Efnera w&nbsp;Bezku                 <\/h3>\n                        <\/div>\n    <\/div>\n    <\/section>\n\t\t<\/div>\n\t\t\t\t<\/div>\n\t\t\t\t\t\t<\/div>\n\t\t\t\t\t<\/div>\n\t\t<\/div>\n\t\t\t\t\t\t\t\t<\/div>\n\t\t\t\t\t<\/div>\n\t\t<\/section>\n\t\t\t\t<section class=\"elementor-section elementor-top-section elementor-element elementor-element-5110f79 elementor-section-boxed elementor-section-height-default elementor-section-height-default\" data-id=\"5110f79\" data-element_type=\"section\">\n\t\t\t\t\t\t<div class=\"elementor-container elementor-column-gap-default\">\n\t\t\t\t\t\t\t<div class=\"elementor-row\">\n\t\t\t\t\t<div class=\"elementor-column elementor-col-100 elementor-top-column elementor-element elementor-element-6c8e21b\" data-id=\"6c8e21b\" data-element_type=\"column\">\n\t\t\t<div class=\"elementor-column-wrap elementor-element-populated\">\n\t\t\t\t\t\t\t<div class=\"elementor-widget-wrap\">\n\t\t\t\t\t\t<div class=\"elementor-element elementor-element-37febf0 elementor-widget elementor-widget-m5c\" data-id=\"37febf0\" data-element_type=\"widget\" data-widget_type=\"m5c.default\">\n\t\t\t\t<div class=\"elementor-widget-container\">\n\t\t\t<section class=\"mn-m5-c mn-m5-d2 mn-bg-white\">\n\t<div class=\"mn-grid\">\n\t\t\t\t<div class=\"mn-content mn-grid-9\">\n\t\t\t                <div class=\"mn-content-block active\">\n\t                                                        <div class=\"block-text\">\n\t                                        <h2 style=\"text-align: center;\"><strong>Kontakt<\/strong><\/h2>\n<p><strong>Kierownik Stacji:\u00a0 <\/strong><\/p>\n<p><strong>mgr in\u017c. Miros\u0142aw Frydrych<br \/>tel. (082) 569-16-27<br \/><\/strong><strong>Kom. 504\u00a0756\u00a0974<br \/><\/strong><strong>Adres: Stacja Badawcza Ma\u0142ych Prze\u017cuwaczy im. prof. Tadeusza Efnera w\u00a0Bezku, 22-124 Siedliszcze<\/strong><\/p>\n<h2 style=\"text-align: center;\"><strong>O Stacji badawczej<\/strong><\/h2>\n<p>Integraln\u0105 cz\u0119\u015bci\u0105 Katedry Hodowli Zwierz\u0105t i&nbsp;Doradztwa Rolniczego Uniwersytetu Przyrodniczego w&nbsp;Lublinie w\u00a0Lublinie jest Stacja Badawcza Ma\u0142ych Prze\u017cuwaczy zlokalizowana w\u00a0miejscowo\u015bci Bezek, wojew\u00f3dztwo lubelskie, powiat che\u0142mski. Obiekt utworzony zosta\u0142 w\u00a01993 roku z\u00a0zasob\u00f3w Rolniczego Zak\u0142adu Do\u015bwiadczalnego nale\u017c\u0105cego do AR w\u00a0Lublinie. W&nbsp;chwili obecnej Stacja posiada cztery budynki owczarni wraz z\u00a0obiektami towarzysz\u0105cymi oraz oko\u0142o 70 ha grunt\u00f3w i&nbsp;u\u017cytk\u00f3w. Utrzymywane w\u00a0Stacji stado podstawowe owiec liczy oko\u0142o 450 sztuk matek. S\u0105 to: polskie owce nizinne odmiany uhruskiej jako rezerwa genetyczna, bcp oraz owce rasy \u015bwiniarka.<\/p>\n<p><a href=\"https:\/\/up.lublin.pl\/biologia\/wp-content\/uploads\/sites\/4\/2025\/05\/stacja_bezek1.jpg\"><img loading=\"lazy\" class=\"aligncenter size-full wp-image-179543\" src=\"https:\/\/up.lublin.pl\/biologia\/wp-content\/uploads\/sites\/4\/2025\/05\/stacja_bezek1.jpg\" alt=\"widok na stacj\u0119 badawcz\u0105 z&nbsp;drona: w\u015br\u00f3d p\u00f3l stoi kilka budynk\u00f3w rolniczych\" width=\"1500\" height=\"844\" \/><\/a><a href=\"https:\/\/up.lublin.pl\/biologia\/wp-content\/uploads\/sites\/4\/2025\/05\/Obraz-009.jpg\"><img loading=\"lazy\" class=\"aligncenter size-full wp-image-179562\" src=\"https:\/\/up.lublin.pl\/biologia\/wp-content\/uploads\/sites\/4\/2025\/05\/Obraz-009.jpg\" alt=\"\" width=\"1500\" height=\"1000\" \/><\/a> <a href=\"https:\/\/up.lublin.pl\/biologia\/wp-content\/uploads\/sites\/4\/2025\/05\/Obraz-187.jpg\"><img loading=\"lazy\" class=\"aligncenter size-full wp-image-179570\" src=\"https:\/\/up.lublin.pl\/biologia\/wp-content\/uploads\/sites\/4\/2025\/05\/Obraz-187.jpg\" alt=\"\" width=\"1500\" height=\"1000\" \/><\/a> <a href=\"https:\/\/up.lublin.pl\/biologia\/wp-content\/uploads\/sites\/4\/2025\/05\/Obraz-201.jpg\"><img loading=\"lazy\" class=\"aligncenter size-full wp-image-179574\" src=\"https:\/\/up.lublin.pl\/biologia\/wp-content\/uploads\/sites\/4\/2025\/05\/Obraz-201.jpg\" alt=\"stado owiec w&nbsp;trakcie wypasu\" width=\"1500\" height=\"1000\" \/><\/a><\/p>\n<p>Stacja spe\u0142nia funkcj\u0119 obiektu dydaktycznego, badawczego, hodowlanego oraz produkcyjnego. Funkcj\u0105 dydaktyczn\u0105 Stacji jest realizacja zaj\u0119\u0107 praktycznych ze studentami. Istniej\u0105ca baza socjalna pozwala r\u00f3wnie\u017c na prowadzenie kr\u00f3tko i\u00a0d\u0142ugoterminowych praktyk studenckich.<\/p>\n<p>Ponadto w\u00a0Stacji prowadzone s\u0105 kursy doskonalenia zawodowego dla hodowc\u00f3w i\u00a0producent\u00f3w owiec i\u00a0k\u00f3z. Utrzymywane zwierz\u0119ta stanowi\u0105 bardzo dobry materia\u0142 do bada\u0144, kt\u00f3re realizowane s\u0105 g\u0142\u00f3wnie przez pracownik\u00f3w naukowych Uniwersytetu Przyrodniczego w&nbsp;Lublinie. Ponadto prowadzone s\u0105 eksperymenty naukowe we wsp\u00f3\u0142pracy z\u00a0pracownikami naukowymi innych uczelni oraz\u00a0instytut\u00f3w naukowo-badawczych z&nbsp;kraju i&nbsp;z zagranicy.<\/p>\n<p><a href=\"https:\/\/up.lublin.pl\/biologia\/wp-content\/uploads\/sites\/4\/2025\/05\/Obraz-328.jpg\"><img loading=\"lazy\" class=\"aligncenter size-full wp-image-179578\" src=\"https:\/\/up.lublin.pl\/biologia\/wp-content\/uploads\/sites\/4\/2025\/05\/Obraz-328.jpg\" alt=\"\" width=\"1500\" height=\"1000\" \/><\/a> <a href=\"https:\/\/up.lublin.pl\/biologia\/wp-content\/uploads\/sites\/4\/2025\/05\/Obraz-009.jpg\"><img loading=\"lazy\" class=\"aligncenter size-full wp-image-179562\" src=\"https:\/\/up.lublin.pl\/biologia\/wp-content\/uploads\/sites\/4\/2025\/05\/Obraz-009.jpg\" alt=\"\" width=\"1500\" height=\"1000\" \/><\/a> <a href=\"https:\/\/up.lublin.pl\/biologia\/wp-content\/uploads\/sites\/4\/2025\/05\/Obraz-363.jpg\"><img loading=\"lazy\" class=\"aligncenter size-full wp-image-179582\" src=\"https:\/\/up.lublin.pl\/biologia\/wp-content\/uploads\/sites\/4\/2025\/05\/Obraz-363.jpg\" alt=\"\" width=\"1500\" height=\"1000\" \/><\/a><\/p>\n<p>Mo\u017cliwo\u015bci badawcze zwi\u0119ksza funkcjonuj\u0105ce w\u00a0obr\u0119bie Stacji terenowe laboratorium analiz mi\u0119sa, mleka i\u00a0we\u0142ny. Wyposa\u017cenie wspomnianego laboratorium umo\u017cliwia stosowanie nowoczesnych technik badawczych np. ultrasonografii, laparoskopii i\u00a0innych. W\u00a0oparciu o\u00a0zwierz\u0119ta stada zarodowego owiec i\u00a0k\u00f3z produkowany jest m\u0119ski i\u00a0\u017ce\u0144ski materia\u0142 hodowlany. Stacja produkuje tak\u017ce zwierz\u0119ta rze\u017ane, kt\u00f3re s\u0105 sprzedawane na rynek krajowy oraz ca\u0142ej Unii Europejskiej, produktem pozyskiwanym jest tak\u017ce we\u0142na owcza.<\/p>\n<p><a href=\"https:\/\/up.lublin.pl\/biologia\/wp-content\/uploads\/sites\/4\/2025\/05\/Obraz-379.jpg\"><img loading=\"lazy\" class=\"aligncenter size-full wp-image-179586\" src=\"https:\/\/up.lublin.pl\/biologia\/wp-content\/uploads\/sites\/4\/2025\/05\/Obraz-379.jpg\" alt=\"\" width=\"1500\" height=\"1000\" \/><\/a><\/p>\n<p>O jako\u015bci produkowanego surowca \u015bwiadcz\u0105 liczne nagrody zdobywane przez kooperuj\u0105ce z&nbsp;Katedr\u0105 restauracje serwuj\u0105ce produkty regionalne.<\/p>\n<p><a href=\"https:\/\/up.lublin.pl\/biologia\/wp-content\/uploads\/sites\/4\/2025\/05\/stacja_bezek2.jpg\"><img loading=\"lazy\" class=\"aligncenter size-full wp-image-179547\" src=\"https:\/\/up.lublin.pl\/biologia\/wp-content\/uploads\/sites\/4\/2025\/05\/stacja_bezek2.jpg\" alt=\"doros\u0142a i&nbsp;ma\u0142a koza w&nbsp;trakcie wypasu; ma\u0142a k\u00f3zka patrzy w&nbsp;stron\u0119 aparatu\" width=\"1500\" height=\"843\" \/><\/a><\/p>\n<p>Bie\u017c\u0105ce informacje dotycz\u0105ce dzia\u0142alno\u015bci Katedry Hodowli Zwierz\u0105t i&nbsp;Doradztwa Rolniczego w&nbsp;tym Stacji Badawczej Ma\u0142ych Prze\u017cuwaczy znajdziesz <a href=\"https:\/\/www.facebook.com\/profile.php?id=61559664502702\">na naszym Facebooku<\/a>.<\/p>\n                                        <\/div>\n\t\t\t\t\t\t                                <\/div>\n\t\t\t\t                <div class=\"mn-content-block\">\n\t                                <\/div>\n\t\t\t\t                <div class=\"mn-content-block\">\n\t                                <\/div>\n\t\t\t\t                <div class=\"mn-content-block\">\n\t                                <\/div>\n\t\t\t\t                <div class=\"mn-content-block\">\n\t                                <\/div>\n\t\t\t\t                <div class=\"mn-content-block\">\n\t                                <\/div>\n\t\t\t\t                <div class=\"mn-content-block\">\n\t                                <\/div>\n\t\t\t\t                <div class=\"mn-content-block\">\n\t                                <\/div>\n\t\t\t\t                <div class=\"mn-content-block\">\n\t                                <\/div>\n\t\t\t\t                <div class=\"mn-content-block\">\n\t                                <\/div>\n\t\t\t\t                <div class=\"mn-content-block\">\n\t                                <\/div>\n\t\t\t\t                <div class=\"mn-content-block\">\n\t                                <\/div>\n\t\t\t\t                <div class=\"mn-content-block\">\n\t                                <\/div>\n\t\t\t\t                <div class=\"mn-content-block\">\n\t                                <\/div>\n\t\t\t\t                <div class=\"mn-content-block\">\n\t                                <\/div>\n\t\t\t\t                <div class=\"mn-content-block\">\n\t                                <\/div>\n\t\t\t\t                <div class=\"mn-content-block\">\n\t                                <\/div>\n\t\t\t\t                <div class=\"mn-content-block\">\n\t                                <\/div>\n\t\t\t\t                <div class=\"mn-content-block\">\n\t                                <\/div>\n\t\t\t\t                <div class=\"mn-content-block\">\n\t                                <\/div>\n\t\t\t\t\t\t<\/div>\n\t<\/div>\n<\/section>\n\t\t<\/div>\n\t\t\t\t<\/div>\n\t\t\t\t\t\t<\/div>\n\t\t\t\t\t<\/div>\n\t\t<\/div>\n\t\t\t\t\t\t\t\t<\/div>\n\t\t\t\t\t<\/div>\n\t\t<\/section>\n\t\t\t\t\t\t<\/div>\n\t\t\t\t\t\t<\/div>\n\t\t\t\t\t<\/div>\n\t\t","protected":false},"excerpt":{"rendered":"<p>Stacja Badawcza Ma\u0142ych Prze\u017cuwaczy im. prof. Tadeusza Efnera w&nbsp;Bezku UP Wydzia\u0142 Nauk o&nbsp;Zwierz\u0119tach i&nbsp;Biogospodarki Kontakt Kierownik Stacji:\u00a0 mgr in\u017c. Miros\u0142aw Frydrychtel. (082) 569-16-27Kom. 504\u00a0756\u00a0974Adres: Stacja Badawcza Ma\u0142ych Prze\u017cuwaczy im. prof. Tadeusza Efnera w\u00a0Bezku, 22-124 Siedliszcze O Stacji badawczej Integraln\u0105 cz\u0119\u015bci\u0105 Katedry Hodowli Zwierz\u0105t i&nbsp;Doradztwa Rolniczego Uniwersytetu Przyrodniczego w&nbsp;Lublinie w\u00a0Lublinie jest Stacja Badawcza Ma\u0142ych Prze\u017cuwaczy zlokalizowana [&hellip;]<\/p>\n","protected":false},"author":2,"featured_media":0,"parent":142731,"menu_order":0,"comment_status":"closed","ping_status":"closed","template":"elementor_header_footer","meta":{"_monsterinsights_skip_tracking":false,"_monsterinsights_sitenote_active":false,"_monsterinsights_sitenote_note":"","_monsterinsights_sitenote_category":0},"_links":{"self":[{"href":"https:\/\/up.lublin.pl\/biologia\/wp-json\/wp\/v2\/pages\/179519"}],"collection":[{"href":"https:\/\/up.lublin.pl\/biologia\/wp-json\/wp\/v2\/pages"}],"about":[{"href":"https:\/\/up.lublin.pl\/biologia\/wp-json\/wp\/v2\/types\/page"}],"author":[{"embeddable":true,"href":"https:\/\/up.lublin.pl\/biologia\/wp-json\/wp\/v2\/users\/2"}],"replies":[{"embeddable":true,"href":"https:\/\/up.lublin.pl\/biologia\/wp-json\/wp\/v2\/comments?post=179519"}],"version-history":[{"count":16,"href":"https:\/\/up.lublin.pl\/biologia\/wp-json\/wp\/v2\/pages\/179519\/revisions"}],"predecessor-version":[{"id":179613,"href":"https:\/\/up.lublin.pl\/biologia\/wp-json\/wp\/v2\/pages\/179519\/revisions\/179613"}],"up":[{"embeddable":true,"href":"https:\/\/up.lublin.pl\/biologia\/wp-json\/wp\/v2\/pages\/142731"}],"wp:attachment":[{"href":"https:\/\/up.lublin.pl\/biologia\/wp-json\/wp\/v2\/media?parent=179519"}],"curies":[{"name":"wp","href":"https:\/\/api.w.org\/{rel}","templated":true}]}}